{"id":2606,"date":"2021-06-09T16:24:38","date_gmt":"2021-06-09T14:24:38","guid":{"rendered":"http:\/\/ultrasoundtech.localhost\/costi-di-spedizione\/"},"modified":"2021-07-28T10:10:38","modified_gmt":"2021-07-28T08:10:38","slug":"gastos-de-envio","status":"publish","type":"page","link":"https:\/\/ultrasoundtech.it\/es\/gastos-de-envio\/","title":{"rendered":"Gastos de env\u00edo"},"content":{"rendered":"<div class=\"gb-container gb-container-b7f67390\"><div class=\"gb-inside-container\">\n\n<h1 class=\"gb-headline gb-headline-30aab4e1 gb-headline-text ultrasound_title h2\">Gastos de env\u00edo<\/h1>\n\n\n\n<div style=\"height:10px\" aria-hidden=\"true\" class=\"wp-block-spacer\"><\/div>\n\n\n\n<p><strong>GASTOS Y PLAZOS DE ENV\u00cdO &#8211; ENTREGA DE PRODUCTOS<\/strong><br>Los plazos de env\u00edo son, por t\u00e9rmino medio, de 7 a 10 d\u00edas laborables a partir de la fecha de celebraci\u00f3n del CONTRATO y se dan a t\u00edtulo indicativo. En cualquier caso, en cumplimiento de la ley, el env\u00edo se realizar\u00e1 en un plazo de 30 d\u00edas desde la fecha de celebraci\u00f3n del CONTRATO.<br>El tiempo de env\u00edo, para destinos en el territorio italiano -excepto para destinos en Calabria, Sicilia, Cerde\u00f1a, Laguna de Venecia y localidades particulares en condiciones dif\u00edciles seg\u00fan la definici\u00f3n del Servicio Postal Italiano- el tiempo medio de env\u00edo al USUARIO, salvo casos excepcionales y periodos de temporada alta, es de unas 72 horas desde la fecha de celebraci\u00f3n del CONTRATO para los PRODUCTOS que no requieran personalizaci\u00f3n; cabe esperar tiempos m\u00e1s largos para los restantes PRODUCTOS. Para los destinos fuera del territorio italiano, el plazo medio de entrega de los PRODUCTOS se comunicar\u00e1 peri\u00f3dicamente. En cualquier caso, dichos plazos no son vinculantes para SAVIFIN porque est\u00e1n fuera de su control y deben entenderse \u00fanicamente como una estimaci\u00f3n aproximada.<br>El env\u00edo tendr\u00e1 lugar tras la conclusi\u00f3n del CONTRATO, tal y como se define en la cl\u00e1usula 2.6 anterior.<br>Ninguna responsabilidad, por cualquier motivo, podr\u00e1 ser imputada por el USUARIO a SAVIFIN, en caso de retraso en la ejecuci\u00f3n del PEDIDO y\/o en el env\u00edo\/entrega de los PRODUCTOS objeto del CONTRATO.<br>El env\u00edo de los PRODUCTOS ser\u00e1 por cuenta y riesgo de SAVIFIN. El riesgo se transferir\u00e1 al USUARIO en el momento de la entrega de los PRODUCTOS en el domicilio del destinatario.<br>Por cada CONTRATO celebrado a trav\u00e9s del SITIO WEB, SAVIFIN emitir\u00e1 un albar\u00e1n de entrega o, para aquellos USUARIOS que hayan introducido su NIF al realizar el PEDIDO, la correspondiente factura exigida por la ley relativo a los PRODUCTOS adquiridos y los GASTOS. Estos documentos, ser\u00e1n enviados, a elecci\u00f3n de SAVIFIN por el correo electr\u00f3nico indicado por el USUARIO en el momento de realizar el PEDIDO o junto a los PRODUCTOS con el env\u00edo. No ser\u00e1 posible modificar la factura una vez emitida, ni tampoco ser\u00e1 posible emitirla si el USUARIO, que no haya indicado su NIF en el formulario de entrada de datos, la solicita posteriormente, incluso antes del env\u00edo de los PRODUCTOS.<br>Para que SAVIFIN pueda entregar correctamente los PRODUCTOS, se requiere siempre la presencia del USUARIO o de su representante. Si el destinatario no est\u00e1 disponible en el momento y lugar de entrega indicado en el PEDIDO o acordado posteriormente, los PRODUCTOS ser\u00e1n almacenados temporalmente en el almac\u00e9n del agente de entrega. El USUARIO ser\u00e1 entonces contactado por el Servicio de Atenci\u00f3n al Cliente de SAVIFIN y podr\u00e1 decidir si solicita un nuevo env\u00edo, pagando por adelantado el coste correspondiente, o si solicita la devoluci\u00f3n del PEDIDO en las condiciones y limitaciones referidas en el apartado 6. Si la segunda entrega tampoco tiene \u00e9xito, SAVIFIN proceder\u00e1 a la devoluci\u00f3n del PEDIDO, en las condiciones y con las limitaciones establecidas en el punto 6.<br>Una vez que SAVIFIN haya procedido al reembolso al USUARIO, el CONTRATO quedar\u00e1 autom\u00e1tica y definitivamente resuelto, salvo el derecho de SAVIFIN a una indemnizaci\u00f3n mayor.<br>5.9. El procedimiento referido en el punto anterior es el vigente actualmente, reserv\u00e1ndose SAVIFIN el derecho a modificarlo a su sola discreci\u00f3n, con el fin de mejorar el servicio ofrecido al USUARIO, sin previo aviso y sin obligaci\u00f3n de notificarlo.<br>En caso de fuerza mayor, indisponibilidad de medios de transporte o acontecimientos imprevisibles, SAVIFIN se reserva el derecho de rescindir el CONTRATO o de fraccionar, aplazar o anular, total o parcialmente, la entrega prevista, si dichos acontecimientos provocan un retraso en las entregas o las hacen dif\u00edciles o imposibles y\/o provocan un aumento significativo de su coste para SAVIFIN. En estos casos, ser\u00e1 obligaci\u00f3n de SAVIFIN notificar oportunamente sus decisiones a la direcci\u00f3n de correo electr\u00f3nico proporcionada por el USUARIO. En tal caso, este tendr\u00e1 derecho a obtener la devoluci\u00f3n del PRECIO, excluyendo cualquier otra reclamaci\u00f3n o indemnizaci\u00f3n, por cualquier motivo, contra SAVIFIN.<\/p>\n\n<\/div><\/div>","protected":false},"excerpt":{"rendered":"<p>Gastos de env\u00edo GASTOS Y PLAZOS DE ENV\u00cdO &#8211; ENTREGA DE PRODUCTOSLos plazos de env\u00edo son, por t\u00e9rmino medio, de 7 a 10 d\u00edas laborables a partir de la fecha de celebraci\u00f3n del CONTRATO y se dan a t\u00edtulo indicativo. En cualquier caso, en cumplimiento de la ley, el env\u00edo se realizar\u00e1 en un plazo &#8230; <a title=\"Gastos de env\u00edo\" class=\"read-more\" href=\"https:\/\/ultrasoundtech.it\/es\/gastos-de-envio\/\" aria-label=\"Leer m\u00e1s sobre Gastos de env\u00edo\">Lee mas<\/a><\/p>\n","protected":false},"author":10,"featured_media":0,"parent":0,"menu_order":0,"comment_status":"closed","ping_status":"closed","template":"","meta":{"_acf_changed":false,"footnotes":""},"class_list":["post-2606","page","type-page","status-publish"],"acf":[],"yoast_head":"<!-- This site is optimized with the Yoast SEO plugin v27.4 - https:\/\/yoast.com\/product\/yoast-seo-wordpress\/ -->\n<title>Gastos de env\u00edo - ULTRASOUNDtech\u2122<\/title>\n<meta name=\"robots\" content=\"index, follow, max-snippet:-1, max-image-preview:large, max-video-preview:-1\" \/>\n<link rel=\"canonical\" href=\"https:\/\/ultrasoundtech.it\/es\/gastos-de-envio\/\" \/>\n<meta property=\"og:locale\" content=\"es_ES\" \/>\n<meta property=\"og:type\" content=\"article\" \/>\n<meta property=\"og:title\" content=\"Gastos de env\u00edo - ULTRASOUNDtech\u2122\" \/>\n<meta property=\"og:description\" content=\"Gastos de env\u00edo GASTOS Y PLAZOS DE ENV\u00cdO &#8211; ENTREGA DE PRODUCTOSLos plazos de env\u00edo son, por t\u00e9rmino medio, de 7 a 10 d\u00edas laborables a partir de la fecha de celebraci\u00f3n del CONTRATO y se dan a t\u00edtulo indicativo. En cualquier caso, en cumplimiento de la ley, el env\u00edo se realizar\u00e1 en un plazo ... Lee mas\" \/>\n<meta property=\"og:url\" content=\"https:\/\/ultrasoundtech.it\/es\/gastos-de-envio\/\" \/>\n<meta property=\"og:site_name\" content=\"ULTRASOUNDtech\u2122\" \/>\n<meta property=\"article:publisher\" content=\"https:\/\/www.facebook.com\/ultrasoundtechacarzero\/\" \/>\n<meta property=\"article:modified_time\" content=\"2021-07-28T08:10:38+00:00\" \/>\n<meta property=\"og:image\" content=\"https:\/\/ultrasoundtech.it\/wp-content\/uploads\/2021\/04\/antizanare_new.jpeg\" \/>\n\t<meta property=\"og:image:width\" content=\"1083\" \/>\n\t<meta property=\"og:image:height\" content=\"1380\" \/>\n\t<meta property=\"og:image:type\" content=\"image\/jpeg\" \/>\n<meta name=\"twitter:card\" content=\"summary_large_image\" \/>\n<meta name=\"twitter:label1\" content=\"Tiempo de lectura\" \/>\n\t<meta name=\"twitter:data1\" content=\"3 minutos\" \/>\n<script type=\"application\/ld+json\" class=\"yoast-schema-graph\">{\"@context\":\"https:\\\/\\\/schema.org\",\"@graph\":[{\"@type\":\"WebPage\",\"@id\":\"https:\\\/\\\/ultrasoundtech.it\\\/es\\\/gastos-de-envio\\\/\",\"url\":\"https:\\\/\\\/ultrasoundtech.it\\\/es\\\/gastos-de-envio\\\/\",\"name\":\"Gastos de env\u00edo - ULTRASOUNDtech\u2122\",\"isPartOf\":{\"@id\":\"https:\\\/\\\/ultrasoundtech.it\\\/#website\"},\"datePublished\":\"2021-06-09T14:24:38+00:00\",\"dateModified\":\"2021-07-28T08:10:38+00:00\",\"breadcrumb\":{\"@id\":\"https:\\\/\\\/ultrasoundtech.it\\\/es\\\/gastos-de-envio\\\/#breadcrumb\"},\"inLanguage\":\"es\",\"potentialAction\":[{\"@type\":\"ReadAction\",\"target\":[\"https:\\\/\\\/ultrasoundtech.it\\\/es\\\/gastos-de-envio\\\/\"]}]},{\"@type\":\"BreadcrumbList\",\"@id\":\"https:\\\/\\\/ultrasoundtech.it\\\/es\\\/gastos-de-envio\\\/#breadcrumb\",\"itemListElement\":[{\"@type\":\"ListItem\",\"position\":1,\"name\":\"Home\",\"item\":\"https:\\\/\\\/ultrasoundtech.it\\\/es\\\/\"},{\"@type\":\"ListItem\",\"position\":2,\"name\":\"Gastos de env\u00edo\"}]},{\"@type\":\"WebSite\",\"@id\":\"https:\\\/\\\/ultrasoundtech.it\\\/#website\",\"url\":\"https:\\\/\\\/ultrasoundtech.it\\\/\",\"name\":\"ULTRASOUNDtech\u2122\",\"description\":\"\",\"publisher\":{\"@id\":\"https:\\\/\\\/ultrasoundtech.it\\\/#organization\"},\"potentialAction\":[{\"@type\":\"SearchAction\",\"target\":{\"@type\":\"EntryPoint\",\"urlTemplate\":\"https:\\\/\\\/ultrasoundtech.it\\\/?s={search_term_string}\"},\"query-input\":{\"@type\":\"PropertyValueSpecification\",\"valueRequired\":true,\"valueName\":\"search_term_string\"}}],\"inLanguage\":\"es\"},{\"@type\":\"Organization\",\"@id\":\"https:\\\/\\\/ultrasoundtech.it\\\/#organization\",\"name\":\"ULTRASOUNDtech\u2122\",\"url\":\"https:\\\/\\\/ultrasoundtech.it\\\/\",\"logo\":{\"@type\":\"ImageObject\",\"inLanguage\":\"es\",\"@id\":\"https:\\\/\\\/ultrasoundtech.it\\\/#\\\/schema\\\/logo\\\/image\\\/\",\"url\":\"https:\\\/\\\/ultrasoundtech.it\\\/wp-content\\\/uploads\\\/2021\\\/04\\\/logo@3x.png\",\"contentUrl\":\"https:\\\/\\\/ultrasoundtech.it\\\/wp-content\\\/uploads\\\/2021\\\/04\\\/logo@3x.png\",\"width\":504,\"height\":99,\"caption\":\"ULTRASOUNDtech\u2122\"},\"image\":{\"@id\":\"https:\\\/\\\/ultrasoundtech.it\\\/#\\\/schema\\\/logo\\\/image\\\/\"},\"sameAs\":[\"https:\\\/\\\/www.facebook.com\\\/ultrasoundtechacarzero\\\/\",\"https:\\\/\\\/www.instagram.com\\\/ultrasound__tech\\\/\"]}]}<\/script>\n<!-- \/ Yoast SEO plugin. -->","yoast_head_json":{"title":"Gastos de env\u00edo - ULTRASOUNDtech\u2122","robots":{"index":"index","follow":"follow","max-snippet":"max-snippet:-1","max-image-preview":"max-image-preview:large","max-video-preview":"max-video-preview:-1"},"canonical":"https:\/\/ultrasoundtech.it\/es\/gastos-de-envio\/","og_locale":"es_ES","og_type":"article","og_title":"Gastos de env\u00edo - ULTRASOUNDtech\u2122","og_description":"Gastos de env\u00edo GASTOS Y PLAZOS DE ENV\u00cdO &#8211; ENTREGA DE PRODUCTOSLos plazos de env\u00edo son, por t\u00e9rmino medio, de 7 a 10 d\u00edas laborables a partir de la fecha de celebraci\u00f3n del CONTRATO y se dan a t\u00edtulo indicativo. En cualquier caso, en cumplimiento de la ley, el env\u00edo se realizar\u00e1 en un plazo ... Lee mas","og_url":"https:\/\/ultrasoundtech.it\/es\/gastos-de-envio\/","og_site_name":"ULTRASOUNDtech\u2122","article_publisher":"https:\/\/www.facebook.com\/ultrasoundtechacarzero\/","article_modified_time":"2021-07-28T08:10:38+00:00","og_image":[{"width":1083,"height":1380,"url":"https:\/\/ultrasoundtech.it\/wp-content\/uploads\/2021\/04\/antizanare_new.jpeg","type":"image\/jpeg"}],"twitter_card":"summary_large_image","twitter_misc":{"Tiempo de lectura":"3 minutos"},"schema":{"@context":"https:\/\/schema.org","@graph":[{"@type":"WebPage","@id":"https:\/\/ultrasoundtech.it\/es\/gastos-de-envio\/","url":"https:\/\/ultrasoundtech.it\/es\/gastos-de-envio\/","name":"Gastos de env\u00edo - ULTRASOUNDtech\u2122","isPartOf":{"@id":"https:\/\/ultrasoundtech.it\/#website"},"datePublished":"2021-06-09T14:24:38+00:00","dateModified":"2021-07-28T08:10:38+00:00","breadcrumb":{"@id":"https:\/\/ultrasoundtech.it\/es\/gastos-de-envio\/#breadcrumb"},"inLanguage":"es","potentialAction":[{"@type":"ReadAction","target":["https:\/\/ultrasoundtech.it\/es\/gastos-de-envio\/"]}]},{"@type":"BreadcrumbList","@id":"https:\/\/ultrasoundtech.it\/es\/gastos-de-envio\/#breadcrumb","itemListElement":[{"@type":"ListItem","position":1,"name":"Home","item":"https:\/\/ultrasoundtech.it\/es\/"},{"@type":"ListItem","position":2,"name":"Gastos de env\u00edo"}]},{"@type":"WebSite","@id":"https:\/\/ultrasoundtech.it\/#website","url":"https:\/\/ultrasoundtech.it\/","name":"ULTRASOUNDtech\u2122","description":"","publisher":{"@id":"https:\/\/ultrasoundtech.it\/#organization"},"potentialAction":[{"@type":"SearchAction","target":{"@type":"EntryPoint","urlTemplate":"https:\/\/ultrasoundtech.it\/?s={search_term_string}"},"query-input":{"@type":"PropertyValueSpecification","valueRequired":true,"valueName":"search_term_string"}}],"inLanguage":"es"},{"@type":"Organization","@id":"https:\/\/ultrasoundtech.it\/#organization","name":"ULTRASOUNDtech\u2122","url":"https:\/\/ultrasoundtech.it\/","logo":{"@type":"ImageObject","inLanguage":"es","@id":"https:\/\/ultrasoundtech.it\/#\/schema\/logo\/image\/","url":"https:\/\/ultrasoundtech.it\/wp-content\/uploads\/2021\/04\/logo@3x.png","contentUrl":"https:\/\/ultrasoundtech.it\/wp-content\/uploads\/2021\/04\/logo@3x.png","width":504,"height":99,"caption":"ULTRASOUNDtech\u2122"},"image":{"@id":"https:\/\/ultrasoundtech.it\/#\/schema\/logo\/image\/"},"sameAs":["https:\/\/www.facebook.com\/ultrasoundtechacarzero\/","https:\/\/www.instagram.com\/ultrasound__tech\/"]}]}},"jetpack_sharing_enabled":true,"_links":{"self":[{"href":"https:\/\/ultrasoundtech.it\/es\/wp-json\/wp\/v2\/pages\/2606","targetHints":{"allow":["GET"]}}],"collection":[{"href":"https:\/\/ultrasoundtech.it\/es\/wp-json\/wp\/v2\/pages"}],"about":[{"href":"https:\/\/ultrasoundtech.it\/es\/wp-json\/wp\/v2\/types\/page"}],"author":[{"embeddable":true,"href":"https:\/\/ultrasoundtech.it\/es\/wp-json\/wp\/v2\/users\/10"}],"replies":[{"embeddable":true,"href":"https:\/\/ultrasoundtech.it\/es\/wp-json\/wp\/v2\/comments?post=2606"}],"version-history":[{"count":2,"href":"https:\/\/ultrasoundtech.it\/es\/wp-json\/wp\/v2\/pages\/2606\/revisions"}],"predecessor-version":[{"id":2610,"href":"https:\/\/ultrasoundtech.it\/es\/wp-json\/wp\/v2\/pages\/2606\/revisions\/2610"}],"wp:attachment":[{"href":"https:\/\/ultrasoundtech.it\/es\/wp-json\/wp\/v2\/media?parent=2606"}],"curies":[{"name":"wp","href":"https:\/\/api.w.org\/{rel}","templated":true}]}}