{"id":2622,"date":"2021-07-28T11:34:06","date_gmt":"2021-07-28T09:34:06","guid":{"rendered":"http:\/\/ultrasoundtech.localhost\/pf\/"},"modified":"2021-07-28T21:57:28","modified_gmt":"2021-07-28T19:57:28","slug":"pf","status":"publish","type":"page","link":"https:\/\/ultrasoundtech.it\/es\/pf\/","title":{"rendered":"PF"},"content":{"rendered":"<div class=\"gb-container gb-container-b7f67390\"><div class=\"gb-inside-container\">\n<h1 class=\"gb-headline gb-headline-1b10615a gb-headline-text ultrasound_title h2\">PF<\/h1>\r\n\n<\/div><\/div><div class=\"gb-container gb-container-730fa43a\"><div class=\"gb-inside-container\">\n \n<div id=\"accordion-block_60632a230bc15\" class=\"accordion  accordion_faq\" style=\"min-height: 100px;\">\n    <div class=\" block_60632a230bc15\" id=\"block_60632a230bc15\">\n            <div class=\"faq-card\">\n            <div class=\"faq-card-header\" id=\"heading-1\">\n                <h4 class=\"mb-0\">\n                    <a href=\"javascript:void(0)\" class=\"accordion-toggle d-flex\" type=\"button\" data-toggle=\"collapse\" data-target=\"#collapse-1\" aria-expanded=\"false\" aria-controls=\"collapse-1\">\n                    <span>\u00bfC\u00f3mo act\u00faa la tecnolog\u00eda ultras\u00f3nica contra las plagas y las malas hierbas?<\/span>\n                    <i class=\"accordion_icon fas fa-plus\"><\/i>\n                    <\/a>\n                <\/h4>\n            <\/div>\n\n            <div id=\"collapse-1\" class=\"collapse\" aria-labelledby=\"heading-1\" data-parent=\"#block_60632a230bc15\">\n                <div class=\"card-body\">\n                    <p>Los dispositivos ULTRASOUNDtech\u2122 emiten ondas sonoras mec\u00e1nicas de alta frecuencia conocidas com\u00fanmente como ultrasonidos. Estos tienen la capacidad de saturar los ambientes extendi\u00e9ndose en todas las direcciones, ocupando hasta los rincones m\u00e1s rec\u00f3nditos de la casa con un volumen de cobertura que var\u00eda en funci\u00f3n del dispositivo utilizado.<\/p>\n<p>Este tipo <a href=\"https:\/\/ultrasoundtech.it\/es\/tech\/\">de ondas sonoras son capaces de crear un efecto altamente perturbador en las plagas y las malas hierbas<\/a>, provocando una reducci\u00f3n del apareamiento y del apetito o, en otros casos, simplemente alej\u00e1ndolas de los entornos y las personas.<\/p>\n<p>Sin embargo, la acci\u00f3n de los ultrasonidos no es molesta para las personas y los animales dom\u00e9sticos: las ondas emitidas por los dispositivos ULTRASOUNDtech\u2122 se mueven en un rango de frecuencias inaudible (alrededor de 40.000 Hz).<\/p>\n                <\/div>\n            <\/div>\n        <\/div>\n                <div class=\"faq-card\">\n            <div class=\"faq-card-header\" id=\"heading-2\">\n                <h4 class=\"mb-0\">\n                    <a href=\"javascript:void(0)\" class=\"accordion-toggle d-flex\" type=\"button\" data-toggle=\"collapse\" data-target=\"#collapse-2\" aria-expanded=\"false\" aria-controls=\"collapse-2\">\n                    <span>\u00bfSon realmente eficaces los dispositivos ultras\u00f3nicos contra mosquitos, \u00e1caros, pulgas, garrapatas y ratones?<\/span>\n                    <i class=\"accordion_icon fas fa-plus\"><\/i>\n                    <\/a>\n                <\/h4>\n            <\/div>\n\n            <div id=\"collapse-2\" class=\"collapse\" aria-labelledby=\"heading-2\" data-parent=\"#block_60632a230bc15\">\n                <div class=\"card-body\">\n                    <p>S\u00ed, <a href=\"https:\/\/ultrasoundtech.it\/es\/tech\/\">el Laboratorio de Microbiolog\u00eda M\u00e9dica y Enfermedades Infecciosas de la Universidad de Camerino en Macerata y el Departamento de Ciencias Biom\u00e9dicas, Quir\u00fargicas y Odontol\u00f3gicas de la Universidad de Mil\u00e1n<\/a> han probado y confirmado la eficacia de los dispositivos ULTRASOUNDtech\u2122 como elementos disuasorios tanto cuando se utilizan en entornos con presencia comprobada de plagas e infestantes como cuando se instalan en entornos sanos s\u00f3lo con fines de prevenci\u00f3n.<\/p>\n<p>Los productos ULTRASOUNDtech\u2122 son eficaces contra una gran variedad de plagas, como mosquitos, garrapatas, pulgas, roedores y \u00e1caros, ya que est\u00e1n dise\u00f1ados para evitar que se habit\u00faen al sonido.<\/p>\n                <\/div>\n            <\/div>\n        <\/div>\n                <div class=\"faq-card\">\n            <div class=\"faq-card-header\" id=\"heading-3\">\n                <h4 class=\"mb-0\">\n                    <a href=\"javascript:void(0)\" class=\"accordion-toggle d-flex\" type=\"button\" data-toggle=\"collapse\" data-target=\"#collapse-3\" aria-expanded=\"false\" aria-controls=\"collapse-3\">\n                    <span>\u00bfSon peligrosos los dispositivos ultras\u00f3nicos para las personas o los animales dom\u00e9sticos?<\/span>\n                    <i class=\"accordion_icon fas fa-plus\"><\/i>\n                    <\/a>\n                <\/h4>\n            <\/div>\n\n            <div id=\"collapse-3\" class=\"collapse\" aria-labelledby=\"heading-3\" data-parent=\"#block_60632a230bc15\">\n                <div class=\"card-body\">\n                    <p>No, i dispositivi ULTRASOUNDtech\u2122 No, los dispositivos ULTRASOUNDtech\u2122 son totalmente seguros tanto para las mascotas como para las personas, incluidas las que llevan marcapasos u otros dispositivos vitales, tal y como certifican los <a href=\"https:\/\/ultrasoundtech.it\/es\/tech\/\">estudios realizados por los laboratorios de las universidades de Camerino y Mil\u00e1n.<\/p>\n<p>Los ultrasonidos emitidos -que no deben confundirse con las radiaciones electromagn\u00e9ticas de los tel\u00e9fonos m\u00f3viles- no son perceptibles ni por el o\u00eddo humano ni por el de los animales, aunque pueden producir un efecto perturbador en par\u00e1sitos y plagas, considerados vectores de enfermedades o causantes de enfermedades al\u00e9rgicas.<\/a>.<\/p>\n<p>Los ultrasonidos emitidos -que no deben confundirse con las radiaciones electromagn\u00e9ticas de los tel\u00e9fonos m\u00f3viles- no son perceptibles ni por el o\u00eddo humano ni por el de los animales, aunque pueden producir un efecto perturbador en par\u00e1sitos y plagas, considerados vectores de enfermedades o causantes de enfermedades al\u00e9rgicas.<\/p>\n<p>Por \u00faltimo, todos los dispositivos son sometidos a pruebas de compatibilidad electromagn\u00e9tica y emisi\u00f3n de ultrasonidos por un organismo certificado.<\/p>\n                <\/div>\n            <\/div>\n        <\/div>\n                <div class=\"faq-card\">\n            <div class=\"faq-card-header\" id=\"heading-4\">\n                <h4 class=\"mb-0\">\n                    <a href=\"javascript:void(0)\" class=\"accordion-toggle d-flex\" type=\"button\" data-toggle=\"collapse\" data-target=\"#collapse-4\" aria-expanded=\"false\" aria-controls=\"collapse-4\">\n                    <span>\u00bfPueden considerarse los aparatos de ultrasonidos respetuosos con el medio ambiente?<\/span>\n                    <i class=\"accordion_icon fas fa-plus\"><\/i>\n                    <\/a>\n                <\/h4>\n            <\/div>\n\n            <div id=\"collapse-4\" class=\"collapse\" aria-labelledby=\"heading-4\" data-parent=\"#block_60632a230bc15\">\n                <div class=\"card-body\">\n                    <p>S\u00ed. Los dispositivos ULTRASOUNDtech\u2122 utilizan la <a href=\"https:\/\/ultrasoundtech.it\/es\/tech\/\">ecnolog\u00eda de ultrasonidos<\/a> para combatir las plagas y las malas hierbas y tienen un <a href=\"https:\/\/ultrasoundtech.it\/es\/mision\/\">impacto nulo sobre el medio ambiente.<\/a> No utilizan pesticidas, biocidas u otros productos qu\u00edmicos potencialmente da\u00f1inos, y se consideran no t\u00f3xicos y respetuosos con el medio ambiente, ayudando a mejorar la calidad de vida y a mantener un entorno m\u00e1s saludable.<\/p>\n                <\/div>\n            <\/div>\n        <\/div>\n                <div class=\"faq-card\">\n            <div class=\"faq-card-header\" id=\"heading-5\">\n                <h4 class=\"mb-0\">\n                    <a href=\"javascript:void(0)\" class=\"accordion-toggle d-flex\" type=\"button\" data-toggle=\"collapse\" data-target=\"#collapse-5\" aria-expanded=\"false\" aria-controls=\"collapse-5\">\n                    <span>Despu\u00e9s de la compra, \u00bfpor qu\u00e9 se recomienda registrar los dispositivos en l\u00ednea?<\/span>\n                    <i class=\"accordion_icon fas fa-plus\"><\/i>\n                    <\/a>\n                <\/h4>\n            <\/div>\n\n            <div id=\"collapse-5\" class=\"collapse\" aria-labelledby=\"heading-5\" data-parent=\"#block_60632a230bc15\">\n                <div class=\"card-body\">\n                    <p>El <a href=\"https:\/\/registra.ultrasoundtech.it\/index.php\/it\/\">registro de los productos ULTRASOUNDtech\u2122<\/a> le permite recibir recordatorios del estado de la bater\u00eda, as\u00ed como acceder a ofertas exclusivas para nuestra comunidad de usuarios.<\/p>\n<p>Con el registro tambi\u00e9n podremos sugerirle y asistirle de la mejor manera en caso de que tenga alg\u00fan tipo de problema con nuestros dispositivos, obteniendo de su perfil todos los datos relacionados con la fecha de compra y el tipo de producto.<\/p>\n<p>Esto nos ayuda a resolver cualquier problema de manera m\u00e1s oportuna y a apoyar a nuestros usuarios de manera r\u00e1pida y eficaz. Al igual que nuestros dispositivos.<\/p>\n                <\/div>\n            <\/div>\n        <\/div>\n            <\/div><!-- .block -->\n<\/div><!-- .blocks -->  \n<script>\n    \/\/ check the url hash when we first load the page\n    jQuery( document ).ready(function($) {\n        if (window.location.hash != \"\") {\n            $(window.location.hash).collapse(\"show\");\n            $(window.location.hash).siblings().find(\".accordion_icon\").removeClass('fa-plus').addClass('fa-minus');\n        }\n        $('body').on(\"hide.bs.collapse show.bs.collapse\", \"#accordion-block_60632a230bc15\", (function(t) {\n        if ($(t.target).prev().find(\".accordion_icon\").toggleClass(\"fa-plus fa-minus\"),\n        \"show\" === t.type) {\n            var e = $(t.target).closest(\".faq-card\");\n        }\n      }\n    ));\n    });\n<\/script>\n<\/div><\/div>\n<h3 class=\"has-text-align-center wp-block-heading\"><strong>Consulte otras preguntas frecuentes sobre los productos ULTRASOUNDtech\u2122<\/strong><\/h3>\n\n<div style=\"height:25px\" aria-hidden=\"true\" class=\"wp-block-spacer\"><\/div>\n<div class=\"gb-grid-wrapper gb-grid-wrapper-d4302119\">\n<div class=\"gb-grid-column gb-grid-column-881294f6\"><div class=\"gb-container gb-container-881294f6\"><div class=\"gb-inside-container\">\n\n<figure class=\"wp-block-image size-large\"><a href=\"https:\/\/ultrasoundtech.it\/faq\/faq-anti-acari\/\"><img loading=\"lazy\" decoding=\"async\" width=\"802\" height=\"1024\" src=\"https:\/\/ultrasoundtech.it\/wp-content\/uploads\/2021\/04\/anti_acaro-802x1024.jpg\" alt=\"ULTRASOUNDtech&#x2122; - Tecnologia ad ultrasuoni per combattere insetti e parassiti infestanti\" class=\"wp-image-857\" srcset=\"https:\/\/ultrasoundtech.it\/wp-content\/uploads\/2021\/04\/anti_acaro-802x1024.jpg 802w, https:\/\/ultrasoundtech.it\/wp-content\/uploads\/2021\/04\/anti_acaro-235x300.jpg 235w, https:\/\/ultrasoundtech.it\/wp-content\/uploads\/2021\/04\/anti_acaro-768x980.jpg 768w, https:\/\/ultrasoundtech.it\/wp-content\/uploads\/2021\/04\/anti_acaro-600x766.jpg 600w, https:\/\/ultrasoundtech.it\/wp-content\/uploads\/2021\/04\/anti_acaro.jpg 1081w\" sizes=\"auto, (max-width: 802px) 100vw, 802px\" \/><\/a><\/figure>\n\n\n\n<div style=\"height:20px\" aria-hidden=\"true\" class=\"wp-block-spacer\"><\/div>\n\n\n<h4 class=\"gb-headline gb-headline-fd84ad09 gb-headline-text\"><strong><a href=\"https:\/\/ultrasoundtech.it\/es\/pf\/pf-antiacaros\/\">Anti\u00e1caros<\/a><\/strong><\/h4>\r\n\n<\/div><\/div><\/div>\n\n<div class=\"gb-grid-column gb-grid-column-93a94f34\"><div class=\"gb-container gb-container-93a94f34\"><div class=\"gb-inside-container\">\n\n<figure class=\"wp-block-image size-large\"><a href=\"https:\/\/ultrasoundtech.it\/faq\/faq-anti-zanzare\/\"><img loading=\"lazy\" decoding=\"async\" width=\"804\" height=\"1024\" src=\"https:\/\/ultrasoundtech.it\/wp-content\/uploads\/2021\/04\/antizanare_new-804x1024.jpeg\" alt=\"ZeroZzz&#x2122; - Dispositivo antizanzare ad ultrasuoni\" class=\"wp-image-927\" srcset=\"https:\/\/ultrasoundtech.it\/wp-content\/uploads\/2021\/04\/antizanare_new-804x1024.jpeg 804w, https:\/\/ultrasoundtech.it\/wp-content\/uploads\/2021\/04\/antizanare_new-235x300.jpeg 235w, https:\/\/ultrasoundtech.it\/wp-content\/uploads\/2021\/04\/antizanare_new-768x979.jpeg 768w, https:\/\/ultrasoundtech.it\/wp-content\/uploads\/2021\/04\/antizanare_new-600x765.jpeg 600w, https:\/\/ultrasoundtech.it\/wp-content\/uploads\/2021\/04\/antizanare_new.jpeg 1083w\" sizes=\"auto, (max-width: 804px) 100vw, 804px\" \/><\/a><\/figure>\n\n\n\n<div style=\"height:20px\" aria-hidden=\"true\" class=\"wp-block-spacer\"><\/div>\n\n\n<h4 class=\"gb-headline gb-headline-2793bcc4 gb-headline-text\"><strong><a href=\"https:\/\/ultrasoundtech.it\/es\/pf\/pf-anti-mosquitos\/\">Anti Mosquitos<\/a><\/strong><\/h4>\r\n\n<\/div><\/div><\/div>\n\n<div class=\"gb-grid-column gb-grid-column-79e2af7a\"><div class=\"gb-container gb-container-79e2af7a\"><div class=\"gb-inside-container\">\n\n<figure class=\"wp-block-image size-large\"><a href=\"https:\/\/ultrasoundtech.it\/faq\/faq-anti-zecche-e-pulci\/\"><img loading=\"lazy\" decoding=\"async\" width=\"802\" height=\"1024\" src=\"https:\/\/ultrasoundtech.it\/wp-content\/uploads\/2021\/04\/anti_pulci-802x1024.jpg\" alt=\"ULTRASOUNDtech&#x2122; - Tecnologia ad ultrasuoni per combattere insetti e parassiti infestanti\" class=\"wp-image-871\" srcset=\"https:\/\/ultrasoundtech.it\/wp-content\/uploads\/2021\/04\/anti_pulci-802x1024.jpg 802w, https:\/\/ultrasoundtech.it\/wp-content\/uploads\/2021\/04\/anti_pulci-235x300.jpg 235w, https:\/\/ultrasoundtech.it\/wp-content\/uploads\/2021\/04\/anti_pulci-768x980.jpg 768w, https:\/\/ultrasoundtech.it\/wp-content\/uploads\/2021\/04\/anti_pulci-600x766.jpg 600w, https:\/\/ultrasoundtech.it\/wp-content\/uploads\/2021\/04\/anti_pulci.jpg 1081w\" sizes=\"auto, (max-width: 802px) 100vw, 802px\" \/><\/a><\/figure>\n\n\n\n<div style=\"height:20px\" aria-hidden=\"true\" class=\"wp-block-spacer\"><\/div>\n\n\n<h4 class=\"gb-headline gb-headline-783f777b gb-headline-text\"><strong><a href=\"https:\/\/ultrasoundtech.it\/es\/pf\/pf-anti-garrapatas-y-pulgas\/\">Anti garrapatas y pulgas<\/a><\/strong><\/h4>\r\n\n<\/div><\/div><\/div>\n\n<div class=\"gb-grid-column gb-grid-column-d93492ce\"><div class=\"gb-container gb-container-d93492ce\"><div class=\"gb-inside-container\">\n\n<figure class=\"wp-block-image size-large\"><a href=\"https:\/\/ultrasoundtech.it\/faq\/faq-anti-topi\/\"><img loading=\"lazy\" decoding=\"async\" width=\"802\" height=\"1024\" src=\"https:\/\/ultrasoundtech.it\/wp-content\/uploads\/2021\/04\/topi-802x1024.jpg\" alt=\"ZeroBugs MOUSE repellente anti topi ad ultrasuoni\" class=\"wp-image-862\" srcset=\"https:\/\/ultrasoundtech.it\/wp-content\/uploads\/2021\/04\/topi-802x1024.jpg 802w, https:\/\/ultrasoundtech.it\/wp-content\/uploads\/2021\/04\/topi-235x300.jpg 235w, https:\/\/ultrasoundtech.it\/wp-content\/uploads\/2021\/04\/topi-768x980.jpg 768w, https:\/\/ultrasoundtech.it\/wp-content\/uploads\/2021\/04\/topi-600x766.jpg 600w, https:\/\/ultrasoundtech.it\/wp-content\/uploads\/2021\/04\/topi.jpg 1081w\" sizes=\"auto, (max-width: 802px) 100vw, 802px\" \/><\/a><\/figure>\n\n\n\n<div style=\"height:20px\" aria-hidden=\"true\" class=\"wp-block-spacer\"><\/div>\n\n\n<h4 class=\"gb-headline gb-headline-421edeb9 gb-headline-text\"><strong><a href=\"https:\/\/ultrasoundtech.it\/es\/pf\/pf-anti-ratones\/\">Anti ratones<\/a><\/strong><\/h4>\r\n\n<\/div><\/div><\/div>\n<\/div>\n<p><\/p>\n","protected":false},"excerpt":{"rendered":"<p>PF Consulte otras preguntas frecuentes sobre los productos ULTRASOUNDtech\u2122<\/p>\n","protected":false},"author":125,"featured_media":0,"parent":0,"menu_order":0,"comment_status":"closed","ping_status":"closed","template":"","meta":{"_acf_changed":false,"footnotes":""},"class_list":["post-2622","page","type-page","status-publish"],"acf":[],"yoast_head":"<!-- This site is optimized with the Yoast SEO plugin v27.4 - https:\/\/yoast.com\/product\/yoast-seo-wordpress\/ -->\n<title>FAQ About our Devices and Technology - ULTRASOUNDtech\u2122<\/title>\n<meta name=\"description\" content=\"Is ultrasound technology really effective? Is it safe for health? We answer your most frequently asked questions. Consult our FAQ section!\" \/>\n<meta name=\"robots\" content=\"index, follow, max-snippet:-1, max-image-preview:large, max-video-preview:-1\" \/>\n<link rel=\"canonical\" href=\"https:\/\/ultrasoundtech.it\/es\/pf\/\" \/>\n<meta property=\"og:locale\" content=\"es_ES\" \/>\n<meta property=\"og:type\" content=\"article\" \/>\n<meta property=\"og:title\" content=\"FAQ About our Devices and Technology - ULTRASOUNDtech\u2122\" \/>\n<meta property=\"og:description\" content=\"Is ultrasound technology really effective? Is it safe for health? We answer your most frequently asked questions. Consult our FAQ section!\" \/>\n<meta property=\"og:url\" content=\"https:\/\/ultrasoundtech.it\/es\/pf\/\" \/>\n<meta property=\"og:site_name\" content=\"ULTRASOUNDtech\u2122\" \/>\n<meta property=\"article:publisher\" content=\"https:\/\/www.facebook.com\/ultrasoundtechacarzero\/\" \/>\n<meta property=\"article:modified_time\" content=\"2021-07-28T19:57:28+00:00\" \/>\n<meta property=\"og:image\" content=\"https:\/\/ultrasoundtech.it\/wp-content\/uploads\/2021\/04\/anti_acaro-802x1024.jpg\" \/>\n<meta name=\"twitter:card\" content=\"summary_large_image\" \/>\n<script type=\"application\/ld+json\" class=\"yoast-schema-graph\">{\"@context\":\"https:\\\/\\\/schema.org\",\"@graph\":[{\"@type\":\"WebPage\",\"@id\":\"https:\\\/\\\/ultrasoundtech.it\\\/es\\\/pf\\\/\",\"url\":\"https:\\\/\\\/ultrasoundtech.it\\\/es\\\/pf\\\/\",\"name\":\"FAQ About our Devices and Technology - ULTRASOUNDtech\u2122\",\"isPartOf\":{\"@id\":\"https:\\\/\\\/ultrasoundtech.it\\\/#website\"},\"primaryImageOfPage\":{\"@id\":\"https:\\\/\\\/ultrasoundtech.it\\\/es\\\/pf\\\/#primaryimage\"},\"image\":{\"@id\":\"https:\\\/\\\/ultrasoundtech.it\\\/es\\\/pf\\\/#primaryimage\"},\"thumbnailUrl\":\"https:\\\/\\\/ultrasoundtech.it\\\/wp-content\\\/uploads\\\/2021\\\/04\\\/anti_acaro-802x1024.jpg\",\"datePublished\":\"2021-07-28T09:34:06+00:00\",\"dateModified\":\"2021-07-28T19:57:28+00:00\",\"description\":\"Is ultrasound technology really effective? Is it safe for health? We answer your most frequently asked questions. Consult our FAQ section!\",\"breadcrumb\":{\"@id\":\"https:\\\/\\\/ultrasoundtech.it\\\/es\\\/pf\\\/#breadcrumb\"},\"inLanguage\":\"es\",\"potentialAction\":[{\"@type\":\"ReadAction\",\"target\":[\"https:\\\/\\\/ultrasoundtech.it\\\/es\\\/pf\\\/\"]}]},{\"@type\":\"ImageObject\",\"inLanguage\":\"es\",\"@id\":\"https:\\\/\\\/ultrasoundtech.it\\\/es\\\/pf\\\/#primaryimage\",\"url\":\"https:\\\/\\\/ultrasoundtech.it\\\/wp-content\\\/uploads\\\/2021\\\/04\\\/anti_acaro-802x1024.jpg\",\"contentUrl\":\"https:\\\/\\\/ultrasoundtech.it\\\/wp-content\\\/uploads\\\/2021\\\/04\\\/anti_acaro-802x1024.jpg\"},{\"@type\":\"BreadcrumbList\",\"@id\":\"https:\\\/\\\/ultrasoundtech.it\\\/es\\\/pf\\\/#breadcrumb\",\"itemListElement\":[{\"@type\":\"ListItem\",\"position\":1,\"name\":\"Home\",\"item\":\"https:\\\/\\\/ultrasoundtech.it\\\/es\\\/\"},{\"@type\":\"ListItem\",\"position\":2,\"name\":\"PF\"}]},{\"@type\":\"WebSite\",\"@id\":\"https:\\\/\\\/ultrasoundtech.it\\\/#website\",\"url\":\"https:\\\/\\\/ultrasoundtech.it\\\/\",\"name\":\"ULTRASOUNDtech\u2122\",\"description\":\"\",\"publisher\":{\"@id\":\"https:\\\/\\\/ultrasoundtech.it\\\/#organization\"},\"potentialAction\":[{\"@type\":\"SearchAction\",\"target\":{\"@type\":\"EntryPoint\",\"urlTemplate\":\"https:\\\/\\\/ultrasoundtech.it\\\/?s={search_term_string}\"},\"query-input\":{\"@type\":\"PropertyValueSpecification\",\"valueRequired\":true,\"valueName\":\"search_term_string\"}}],\"inLanguage\":\"es\"},{\"@type\":\"Organization\",\"@id\":\"https:\\\/\\\/ultrasoundtech.it\\\/#organization\",\"name\":\"ULTRASOUNDtech\u2122\",\"url\":\"https:\\\/\\\/ultrasoundtech.it\\\/\",\"logo\":{\"@type\":\"ImageObject\",\"inLanguage\":\"es\",\"@id\":\"https:\\\/\\\/ultrasoundtech.it\\\/#\\\/schema\\\/logo\\\/image\\\/\",\"url\":\"https:\\\/\\\/ultrasoundtech.it\\\/wp-content\\\/uploads\\\/2021\\\/04\\\/logo@3x.png\",\"contentUrl\":\"https:\\\/\\\/ultrasoundtech.it\\\/wp-content\\\/uploads\\\/2021\\\/04\\\/logo@3x.png\",\"width\":504,\"height\":99,\"caption\":\"ULTRASOUNDtech\u2122\"},\"image\":{\"@id\":\"https:\\\/\\\/ultrasoundtech.it\\\/#\\\/schema\\\/logo\\\/image\\\/\"},\"sameAs\":[\"https:\\\/\\\/www.facebook.com\\\/ultrasoundtechacarzero\\\/\",\"https:\\\/\\\/www.instagram.com\\\/ultrasound__tech\\\/\"]}]}<\/script>\n<!-- \/ Yoast SEO plugin. -->","yoast_head_json":{"title":"FAQ About our Devices and Technology - ULTRASOUNDtech\u2122","description":"Is ultrasound technology really effective? Is it safe for health? We answer your most frequently asked questions. Consult our FAQ section!","robots":{"index":"index","follow":"follow","max-snippet":"max-snippet:-1","max-image-preview":"max-image-preview:large","max-video-preview":"max-video-preview:-1"},"canonical":"https:\/\/ultrasoundtech.it\/es\/pf\/","og_locale":"es_ES","og_type":"article","og_title":"FAQ About our Devices and Technology - ULTRASOUNDtech\u2122","og_description":"Is ultrasound technology really effective? Is it safe for health? We answer your most frequently asked questions. Consult our FAQ section!","og_url":"https:\/\/ultrasoundtech.it\/es\/pf\/","og_site_name":"ULTRASOUNDtech\u2122","article_publisher":"https:\/\/www.facebook.com\/ultrasoundtechacarzero\/","article_modified_time":"2021-07-28T19:57:28+00:00","og_image":[{"url":"https:\/\/ultrasoundtech.it\/wp-content\/uploads\/2021\/04\/anti_acaro-802x1024.jpg","type":"","width":"","height":""}],"twitter_card":"summary_large_image","schema":{"@context":"https:\/\/schema.org","@graph":[{"@type":"WebPage","@id":"https:\/\/ultrasoundtech.it\/es\/pf\/","url":"https:\/\/ultrasoundtech.it\/es\/pf\/","name":"FAQ About our Devices and Technology - ULTRASOUNDtech\u2122","isPartOf":{"@id":"https:\/\/ultrasoundtech.it\/#website"},"primaryImageOfPage":{"@id":"https:\/\/ultrasoundtech.it\/es\/pf\/#primaryimage"},"image":{"@id":"https:\/\/ultrasoundtech.it\/es\/pf\/#primaryimage"},"thumbnailUrl":"https:\/\/ultrasoundtech.it\/wp-content\/uploads\/2021\/04\/anti_acaro-802x1024.jpg","datePublished":"2021-07-28T09:34:06+00:00","dateModified":"2021-07-28T19:57:28+00:00","description":"Is ultrasound technology really effective? Is it safe for health? We answer your most frequently asked questions. Consult our FAQ section!","breadcrumb":{"@id":"https:\/\/ultrasoundtech.it\/es\/pf\/#breadcrumb"},"inLanguage":"es","potentialAction":[{"@type":"ReadAction","target":["https:\/\/ultrasoundtech.it\/es\/pf\/"]}]},{"@type":"ImageObject","inLanguage":"es","@id":"https:\/\/ultrasoundtech.it\/es\/pf\/#primaryimage","url":"https:\/\/ultrasoundtech.it\/wp-content\/uploads\/2021\/04\/anti_acaro-802x1024.jpg","contentUrl":"https:\/\/ultrasoundtech.it\/wp-content\/uploads\/2021\/04\/anti_acaro-802x1024.jpg"},{"@type":"BreadcrumbList","@id":"https:\/\/ultrasoundtech.it\/es\/pf\/#breadcrumb","itemListElement":[{"@type":"ListItem","position":1,"name":"Home","item":"https:\/\/ultrasoundtech.it\/es\/"},{"@type":"ListItem","position":2,"name":"PF"}]},{"@type":"WebSite","@id":"https:\/\/ultrasoundtech.it\/#website","url":"https:\/\/ultrasoundtech.it\/","name":"ULTRASOUNDtech\u2122","description":"","publisher":{"@id":"https:\/\/ultrasoundtech.it\/#organization"},"potentialAction":[{"@type":"SearchAction","target":{"@type":"EntryPoint","urlTemplate":"https:\/\/ultrasoundtech.it\/?s={search_term_string}"},"query-input":{"@type":"PropertyValueSpecification","valueRequired":true,"valueName":"search_term_string"}}],"inLanguage":"es"},{"@type":"Organization","@id":"https:\/\/ultrasoundtech.it\/#organization","name":"ULTRASOUNDtech\u2122","url":"https:\/\/ultrasoundtech.it\/","logo":{"@type":"ImageObject","inLanguage":"es","@id":"https:\/\/ultrasoundtech.it\/#\/schema\/logo\/image\/","url":"https:\/\/ultrasoundtech.it\/wp-content\/uploads\/2021\/04\/logo@3x.png","contentUrl":"https:\/\/ultrasoundtech.it\/wp-content\/uploads\/2021\/04\/logo@3x.png","width":504,"height":99,"caption":"ULTRASOUNDtech\u2122"},"image":{"@id":"https:\/\/ultrasoundtech.it\/#\/schema\/logo\/image\/"},"sameAs":["https:\/\/www.facebook.com\/ultrasoundtechacarzero\/","https:\/\/www.instagram.com\/ultrasound__tech\/"]}]}},"jetpack_sharing_enabled":true,"_links":{"self":[{"href":"https:\/\/ultrasoundtech.it\/es\/wp-json\/wp\/v2\/pages\/2622","targetHints":{"allow":["GET"]}}],"collection":[{"href":"https:\/\/ultrasoundtech.it\/es\/wp-json\/wp\/v2\/pages"}],"about":[{"href":"https:\/\/ultrasoundtech.it\/es\/wp-json\/wp\/v2\/types\/page"}],"author":[{"embeddable":true,"href":"https:\/\/ultrasoundtech.it\/es\/wp-json\/wp\/v2\/users\/125"}],"replies":[{"embeddable":true,"href":"https:\/\/ultrasoundtech.it\/es\/wp-json\/wp\/v2\/comments?post=2622"}],"version-history":[{"count":3,"href":"https:\/\/ultrasoundtech.it\/es\/wp-json\/wp\/v2\/pages\/2622\/revisions"}],"predecessor-version":[{"id":2777,"href":"https:\/\/ultrasoundtech.it\/es\/wp-json\/wp\/v2\/pages\/2622\/revisions\/2777"}],"wp:attachment":[{"href":"https:\/\/ultrasoundtech.it\/es\/wp-json\/wp\/v2\/media?parent=2622"}],"curies":[{"name":"wp","href":"https:\/\/api.w.org\/{rel}","templated":true}]}}