{"id":2624,"date":"2021-07-28T11:46:19","date_gmt":"2021-07-28T09:46:19","guid":{"rendered":"http:\/\/ultrasoundtech.localhost\/pf\/pf-anti-ratones\/"},"modified":"2021-07-30T10:53:34","modified_gmt":"2021-07-30T08:53:34","slug":"pf-anti-ratones","status":"publish","type":"page","link":"https:\/\/ultrasoundtech.it\/es\/pf\/pf-anti-ratones\/","title":{"rendered":"PF &#8211; Anti Ratones"},"content":{"rendered":"<div class=\"gb-container gb-container-b7f67390\"><div class=\"gb-inside-container\">\n\n<h1 class=\"gb-headline gb-headline-1b10615a gb-headline-text ultrasound_title h2\">PF &#8211; <strong><strong>Anti Ratones<\/strong><\/strong><\/h1>\n\n<\/div><\/div><div class=\"gb-container gb-container-730fa43a\"><div class=\"gb-inside-container\">\n \n<div id=\"accordion-block_60ba032b9a276\" class=\"accordion  accordion_faq\" style=\"min-height: 100px;\">\n    <div class=\" block_60ba032b9a276\" id=\"block_60ba032b9a276\">\n            <div class=\"faq-card\">\n            <div class=\"faq-card-header\" id=\"heading-1\">\n                <h4 class=\"mb-0\">\n                    <a href=\"javascript:void(0)\" class=\"accordion-toggle d-flex\" type=\"button\" data-toggle=\"collapse\" data-target=\"#collapse-1\" aria-expanded=\"false\" aria-controls=\"collapse-1\">\n                    <span>\u00bfPara qu\u00e9 se utiliza ZeroBugs\u2122 MOUSE?<\/span>\n                    <i class=\"accordion_icon fas fa-plus\"><\/i>\n                    <\/a>\n                <\/h4>\n            <\/div>\n\n            <div id=\"collapse-1\" class=\"collapse\" aria-labelledby=\"heading-1\" data-parent=\"#block_60ba032b9a276\">\n                <div class=\"card-body\">\n                    <p>ZeroBugs\u2122 MOUSE es un <a title=\"dispositivo electr\u00f3nico con tecnolog\u00eda ultras\u00f3nica\" href=\"https:\/\/ultrasoundtech.it\/es\/prodotto\/zerobugs-mouse-dispositivo-de-control-de-ratones-por-ultrasonidos\/\">dispositivo electr\u00f3nico con tecnolog\u00eda ultras\u00f3nica, no t\u00f3xico y respetuoso con el medio ambiente, \u00fatil para combatir la presencia de ratones<\/a> lirones y peque\u00f1os roedores en el interior de paredes dom\u00e9sticas, garajes, \u00e1ticos y almacenes con un volumen de cobertura de unos 90 metros c\u00fabicos.<\/p>\n                <\/div>\n            <\/div>\n        <\/div>\n                <div class=\"faq-card\">\n            <div class=\"faq-card-header\" id=\"heading-2\">\n                <h4 class=\"mb-0\">\n                    <a href=\"javascript:void(0)\" class=\"accordion-toggle d-flex\" type=\"button\" data-toggle=\"collapse\" data-target=\"#collapse-2\" aria-expanded=\"false\" aria-controls=\"collapse-2\">\n                    <span>\u00bfC\u00f3mo funciona ZeroBugs\u2122 MOUSE y c\u00f3mo puedo maximizar su eficacia?<\/span>\n                    <i class=\"accordion_icon fas fa-plus\"><\/i>\n                    <\/a>\n                <\/h4>\n            <\/div>\n\n            <div id=\"collapse-2\" class=\"collapse\" aria-labelledby=\"heading-2\" data-parent=\"#block_60ba032b9a276\">\n                <div class=\"card-body\">\n                    <p><a href=\"https:\/\/ultrasoundtech.it\/es\/prodotto\/zerobugs-mouse-dispositivo-de-control-de-ratones-por-ultrasonidos\/\">ZeroBugs\u2122 MOUSE<\/a> funciona a trav\u00e9s de la tensi\u00f3n de red de 230 VCA \u2013 50 Hz, insertando el dispositivo en las tomas de corriente m\u00e1s cercanas al suelo, evitando la presencia de obst\u00e1culos frente a la fuente de emisi\u00f3n. La eficacia m\u00e1xima se alcanza aproximadamente dos semanas despu\u00e9s de la instalaci\u00f3n. Para maximizar su eficacia, se recomienda utilizarlo de forma continua: sin embargo, si se desconecta de la red el\u00e9ctrica, hay que esperar unos 10 segundos antes de volver a introducirlo, para que el aparato se reinicie.<\/p>\n                <\/div>\n            <\/div>\n        <\/div>\n                <div class=\"faq-card\">\n            <div class=\"faq-card-header\" id=\"heading-3\">\n                <h4 class=\"mb-0\">\n                    <a href=\"javascript:void(0)\" class=\"accordion-toggle d-flex\" type=\"button\" data-toggle=\"collapse\" data-target=\"#collapse-3\" aria-expanded=\"false\" aria-controls=\"collapse-3\">\n                    <span>Con mascotas en casa, \u00bfse pueden seguir utilizando dispositivos ultras\u00f3nicos como ZeroBugs\u2122 MOUSE?<\/span>\n                    <i class=\"accordion_icon fas fa-plus\"><\/i>\n                    <\/a>\n                <\/h4>\n            <\/div>\n\n            <div id=\"collapse-3\" class=\"collapse\" aria-labelledby=\"heading-3\" data-parent=\"#block_60ba032b9a276\">\n                <div class=\"card-body\">\n                    <p>S\u00ec. <a href=\"https:\/\/ultrasoundtech.it\/es\/tech\/\">Como han demostrado experimentos cient\u00edficos<\/a>, todos los dispositivos de ultrasonidos de ULTRASOUNDtech\u2122, incluido el ZeroBugs\u2122 MOUSE, son absolutamente inofensivos para perros, gatos y mascotas en general. Obviamente, no se recomienda su uso cerca de h\u00e1msteres, cobayas y otros roedores dom\u00e9sticos de este tipo.<\/p>\n                <\/div>\n            <\/div>\n        <\/div>\n                <div class=\"faq-card\">\n            <div class=\"faq-card-header\" id=\"heading-4\">\n                <h4 class=\"mb-0\">\n                    <a href=\"javascript:void(0)\" class=\"accordion-toggle d-flex\" type=\"button\" data-toggle=\"collapse\" data-target=\"#collapse-4\" aria-expanded=\"false\" aria-controls=\"collapse-4\">\n                    <span>\u00bfCon qu\u00e9 frecuencia debo sustituir mi dispositivo ZeroBugs\u2122 MOUSE?<\/span>\n                    <i class=\"accordion_icon fas fa-plus\"><\/i>\n                    <\/a>\n                <\/h4>\n            <\/div>\n\n            <div id=\"collapse-4\" class=\"collapse\" aria-labelledby=\"heading-4\" data-parent=\"#block_60ba032b9a276\">\n                <div class=\"card-body\">\n                    <p>Al estar alimentado por la red el\u00e9ctrica, <a href=\"https:\/\/ultrasoundtech.it\/es\/prodotto\/zerobugs-mouse-dispositivo-de-control-de-ratones-por-ultrasonidos\/\">ZeroBugs\u2122 MOUSE<\/a> no necesita ser reemplazado.<\/p>\n                <\/div>\n            <\/div>\n        <\/div>\n            <\/div><!-- .block -->\n<\/div><!-- .blocks -->  \n<script>\n    \/\/ check the url hash when we first load the page\n    jQuery( document ).ready(function($) {\n        if (window.location.hash != \"\") {\n            $(window.location.hash).collapse(\"show\");\n            $(window.location.hash).siblings().find(\".accordion_icon\").removeClass('fa-plus').addClass('fa-minus');\n        }\n        $('body').on(\"hide.bs.collapse show.bs.collapse\", \"#accordion-block_60ba032b9a276\", (function(t) {\n        if ($(t.target).prev().find(\".accordion_icon\").toggleClass(\"fa-plus fa-minus\"),\n        \"show\" === t.type) {\n            var e = $(t.target).closest(\".faq-card\");\n        }\n      }\n    ));\n    });\n<\/script>\n<\/div><\/div><div class=\"gb-grid-wrapper gb-grid-wrapper-d4302119\"><\/div>\n<p><\/p>\n","protected":false},"excerpt":{"rendered":"<p>PF &#8211; Anti Ratones<\/p>\n","protected":false},"author":125,"featured_media":0,"parent":2622,"menu_order":0,"comment_status":"closed","ping_status":"closed","template":"","meta":{"_acf_changed":false,"footnotes":""},"class_list":["post-2624","page","type-page","status-publish"],"acf":[],"yoast_head":"<!-- This site is optimized with the Yoast SEO plugin v27.4 - https:\/\/yoast.com\/product\/yoast-seo-wordpress\/ -->\n<title>Anti Mice Devices FAQ - ULTRASOUNDtech\u2122<\/title>\n<meta name=\"description\" content=\"Are ultrasonic anti-mice devices effective? Are they non-toxic and safe for the health of man and the planet? Check out our FAQ!\" \/>\n<meta name=\"robots\" content=\"index, follow, max-snippet:-1, max-image-preview:large, max-video-preview:-1\" \/>\n<link rel=\"canonical\" href=\"https:\/\/ultrasoundtech.it\/es\/pf\/pf-anti-ratones\/\" \/>\n<meta property=\"og:locale\" content=\"es_ES\" \/>\n<meta property=\"og:type\" content=\"article\" \/>\n<meta property=\"og:title\" content=\"Anti Mice Devices FAQ - ULTRASOUNDtech\u2122\" \/>\n<meta property=\"og:description\" content=\"Are ultrasonic anti-mice devices effective? Are they non-toxic and safe for the health of man and the planet? Check out our FAQ!\" \/>\n<meta property=\"og:url\" content=\"https:\/\/ultrasoundtech.it\/es\/pf\/pf-anti-ratones\/\" \/>\n<meta property=\"og:site_name\" content=\"ULTRASOUNDtech\u2122\" \/>\n<meta property=\"article:publisher\" content=\"https:\/\/www.facebook.com\/ultrasoundtechacarzero\/\" \/>\n<meta property=\"article:modified_time\" content=\"2021-07-30T08:53:34+00:00\" \/>\n<meta property=\"og:image\" content=\"https:\/\/ultrasoundtech.it\/wp-content\/uploads\/2021\/04\/antizanare_new.jpeg\" \/>\n\t<meta property=\"og:image:width\" content=\"1083\" \/>\n\t<meta property=\"og:image:height\" content=\"1380\" \/>\n\t<meta property=\"og:image:type\" content=\"image\/jpeg\" \/>\n<meta name=\"twitter:card\" content=\"summary_large_image\" \/>\n<script type=\"application\/ld+json\" class=\"yoast-schema-graph\">{\"@context\":\"https:\\\/\\\/schema.org\",\"@graph\":[{\"@type\":\"WebPage\",\"@id\":\"https:\\\/\\\/ultrasoundtech.it\\\/es\\\/pf\\\/pf-anti-ratones\\\/\",\"url\":\"https:\\\/\\\/ultrasoundtech.it\\\/es\\\/pf\\\/pf-anti-ratones\\\/\",\"name\":\"Anti Mice Devices FAQ - ULTRASOUNDtech\u2122\",\"isPartOf\":{\"@id\":\"https:\\\/\\\/ultrasoundtech.it\\\/#website\"},\"datePublished\":\"2021-07-28T09:46:19+00:00\",\"dateModified\":\"2021-07-30T08:53:34+00:00\",\"description\":\"Are ultrasonic anti-mice devices effective? Are they non-toxic and safe for the health of man and the planet? Check out our FAQ!\",\"breadcrumb\":{\"@id\":\"https:\\\/\\\/ultrasoundtech.it\\\/es\\\/pf\\\/pf-anti-ratones\\\/#breadcrumb\"},\"inLanguage\":\"es\",\"potentialAction\":[{\"@type\":\"ReadAction\",\"target\":[\"https:\\\/\\\/ultrasoundtech.it\\\/es\\\/pf\\\/pf-anti-ratones\\\/\"]}]},{\"@type\":\"BreadcrumbList\",\"@id\":\"https:\\\/\\\/ultrasoundtech.it\\\/es\\\/pf\\\/pf-anti-ratones\\\/#breadcrumb\",\"itemListElement\":[{\"@type\":\"ListItem\",\"position\":1,\"name\":\"Home\",\"item\":\"https:\\\/\\\/ultrasoundtech.it\\\/es\\\/\"},{\"@type\":\"ListItem\",\"position\":2,\"name\":\"PF\",\"item\":\"https:\\\/\\\/ultrasoundtech.it\\\/es\\\/pf\\\/\"},{\"@type\":\"ListItem\",\"position\":3,\"name\":\"PF &#8211; Anti Ratones\"}]},{\"@type\":\"WebSite\",\"@id\":\"https:\\\/\\\/ultrasoundtech.it\\\/#website\",\"url\":\"https:\\\/\\\/ultrasoundtech.it\\\/\",\"name\":\"ULTRASOUNDtech\u2122\",\"description\":\"\",\"publisher\":{\"@id\":\"https:\\\/\\\/ultrasoundtech.it\\\/#organization\"},\"potentialAction\":[{\"@type\":\"SearchAction\",\"target\":{\"@type\":\"EntryPoint\",\"urlTemplate\":\"https:\\\/\\\/ultrasoundtech.it\\\/?s={search_term_string}\"},\"query-input\":{\"@type\":\"PropertyValueSpecification\",\"valueRequired\":true,\"valueName\":\"search_term_string\"}}],\"inLanguage\":\"es\"},{\"@type\":\"Organization\",\"@id\":\"https:\\\/\\\/ultrasoundtech.it\\\/#organization\",\"name\":\"ULTRASOUNDtech\u2122\",\"url\":\"https:\\\/\\\/ultrasoundtech.it\\\/\",\"logo\":{\"@type\":\"ImageObject\",\"inLanguage\":\"es\",\"@id\":\"https:\\\/\\\/ultrasoundtech.it\\\/#\\\/schema\\\/logo\\\/image\\\/\",\"url\":\"https:\\\/\\\/ultrasoundtech.it\\\/wp-content\\\/uploads\\\/2021\\\/04\\\/logo@3x.png\",\"contentUrl\":\"https:\\\/\\\/ultrasoundtech.it\\\/wp-content\\\/uploads\\\/2021\\\/04\\\/logo@3x.png\",\"width\":504,\"height\":99,\"caption\":\"ULTRASOUNDtech\u2122\"},\"image\":{\"@id\":\"https:\\\/\\\/ultrasoundtech.it\\\/#\\\/schema\\\/logo\\\/image\\\/\"},\"sameAs\":[\"https:\\\/\\\/www.facebook.com\\\/ultrasoundtechacarzero\\\/\",\"https:\\\/\\\/www.instagram.com\\\/ultrasound__tech\\\/\"]}]}<\/script>\n<!-- \/ Yoast SEO plugin. -->","yoast_head_json":{"title":"Anti Mice Devices FAQ - ULTRASOUNDtech\u2122","description":"Are ultrasonic anti-mice devices effective? Are they non-toxic and safe for the health of man and the planet? Check out our FAQ!","robots":{"index":"index","follow":"follow","max-snippet":"max-snippet:-1","max-image-preview":"max-image-preview:large","max-video-preview":"max-video-preview:-1"},"canonical":"https:\/\/ultrasoundtech.it\/es\/pf\/pf-anti-ratones\/","og_locale":"es_ES","og_type":"article","og_title":"Anti Mice Devices FAQ - ULTRASOUNDtech\u2122","og_description":"Are ultrasonic anti-mice devices effective? Are they non-toxic and safe for the health of man and the planet? Check out our FAQ!","og_url":"https:\/\/ultrasoundtech.it\/es\/pf\/pf-anti-ratones\/","og_site_name":"ULTRASOUNDtech\u2122","article_publisher":"https:\/\/www.facebook.com\/ultrasoundtechacarzero\/","article_modified_time":"2021-07-30T08:53:34+00:00","og_image":[{"width":1083,"height":1380,"url":"https:\/\/ultrasoundtech.it\/wp-content\/uploads\/2021\/04\/antizanare_new.jpeg","type":"image\/jpeg"}],"twitter_card":"summary_large_image","schema":{"@context":"https:\/\/schema.org","@graph":[{"@type":"WebPage","@id":"https:\/\/ultrasoundtech.it\/es\/pf\/pf-anti-ratones\/","url":"https:\/\/ultrasoundtech.it\/es\/pf\/pf-anti-ratones\/","name":"Anti Mice Devices FAQ - ULTRASOUNDtech\u2122","isPartOf":{"@id":"https:\/\/ultrasoundtech.it\/#website"},"datePublished":"2021-07-28T09:46:19+00:00","dateModified":"2021-07-30T08:53:34+00:00","description":"Are ultrasonic anti-mice devices effective? Are they non-toxic and safe for the health of man and the planet? Check out our FAQ!","breadcrumb":{"@id":"https:\/\/ultrasoundtech.it\/es\/pf\/pf-anti-ratones\/#breadcrumb"},"inLanguage":"es","potentialAction":[{"@type":"ReadAction","target":["https:\/\/ultrasoundtech.it\/es\/pf\/pf-anti-ratones\/"]}]},{"@type":"BreadcrumbList","@id":"https:\/\/ultrasoundtech.it\/es\/pf\/pf-anti-ratones\/#breadcrumb","itemListElement":[{"@type":"ListItem","position":1,"name":"Home","item":"https:\/\/ultrasoundtech.it\/es\/"},{"@type":"ListItem","position":2,"name":"PF","item":"https:\/\/ultrasoundtech.it\/es\/pf\/"},{"@type":"ListItem","position":3,"name":"PF &#8211; Anti Ratones"}]},{"@type":"WebSite","@id":"https:\/\/ultrasoundtech.it\/#website","url":"https:\/\/ultrasoundtech.it\/","name":"ULTRASOUNDtech\u2122","description":"","publisher":{"@id":"https:\/\/ultrasoundtech.it\/#organization"},"potentialAction":[{"@type":"SearchAction","target":{"@type":"EntryPoint","urlTemplate":"https:\/\/ultrasoundtech.it\/?s={search_term_string}"},"query-input":{"@type":"PropertyValueSpecification","valueRequired":true,"valueName":"search_term_string"}}],"inLanguage":"es"},{"@type":"Organization","@id":"https:\/\/ultrasoundtech.it\/#organization","name":"ULTRASOUNDtech\u2122","url":"https:\/\/ultrasoundtech.it\/","logo":{"@type":"ImageObject","inLanguage":"es","@id":"https:\/\/ultrasoundtech.it\/#\/schema\/logo\/image\/","url":"https:\/\/ultrasoundtech.it\/wp-content\/uploads\/2021\/04\/logo@3x.png","contentUrl":"https:\/\/ultrasoundtech.it\/wp-content\/uploads\/2021\/04\/logo@3x.png","width":504,"height":99,"caption":"ULTRASOUNDtech\u2122"},"image":{"@id":"https:\/\/ultrasoundtech.it\/#\/schema\/logo\/image\/"},"sameAs":["https:\/\/www.facebook.com\/ultrasoundtechacarzero\/","https:\/\/www.instagram.com\/ultrasound__tech\/"]}]}},"jetpack_sharing_enabled":true,"_links":{"self":[{"href":"https:\/\/ultrasoundtech.it\/es\/wp-json\/wp\/v2\/pages\/2624","targetHints":{"allow":["GET"]}}],"collection":[{"href":"https:\/\/ultrasoundtech.it\/es\/wp-json\/wp\/v2\/pages"}],"about":[{"href":"https:\/\/ultrasoundtech.it\/es\/wp-json\/wp\/v2\/types\/page"}],"author":[{"embeddable":true,"href":"https:\/\/ultrasoundtech.it\/es\/wp-json\/wp\/v2\/users\/125"}],"replies":[{"embeddable":true,"href":"https:\/\/ultrasoundtech.it\/es\/wp-json\/wp\/v2\/comments?post=2624"}],"version-history":[{"count":3,"href":"https:\/\/ultrasoundtech.it\/es\/wp-json\/wp\/v2\/pages\/2624\/revisions"}],"predecessor-version":[{"id":2987,"href":"https:\/\/ultrasoundtech.it\/es\/wp-json\/wp\/v2\/pages\/2624\/revisions\/2987"}],"up":[{"embeddable":true,"href":"https:\/\/ultrasoundtech.it\/es\/wp-json\/wp\/v2\/pages\/2622"}],"wp:attachment":[{"href":"https:\/\/ultrasoundtech.it\/es\/wp-json\/wp\/v2\/media?parent=2624"}],"curies":[{"name":"wp","href":"https:\/\/api.w.org\/{rel}","templated":true}]}}