{"id":2626,"date":"2021-07-28T12:35:20","date_gmt":"2021-07-28T10:35:20","guid":{"rendered":"http:\/\/ultrasoundtech.localhost\/pf\/pf-anti-mosquitos\/"},"modified":"2021-07-30T10:52:02","modified_gmt":"2021-07-30T08:52:02","slug":"pf-anti-mosquitos","status":"publish","type":"page","link":"https:\/\/ultrasoundtech.it\/es\/pf\/pf-anti-mosquitos\/","title":{"rendered":"PF &#8211; Anti Mosquitos"},"content":{"rendered":"<div class=\"gb-container gb-container-b7f67390\"><div class=\"gb-inside-container\">\n\n<h1 class=\"gb-headline gb-headline-1b10615a gb-headline-text ultrasound_title h2\">PF &#8211; <strong>Anti Mosquitos<\/strong><\/h1>\r\n\n<\/div><\/div><div class=\"gb-container gb-container-730fa43a\"><div class=\"gb-inside-container\">\n \n<div id=\"accordion-block_60ba032b9a276\" class=\"accordion  accordion_faq\" style=\"min-height: 100px;\">\n    <div class=\" block_60ba032b9a276\" id=\"block_60ba032b9a276\">\n            <div class=\"faq-card\">\n            <div class=\"faq-card-header\" id=\"heading-1\">\n                <h4 class=\"mb-0\">\n                    <a href=\"javascript:void(0)\" class=\"accordion-toggle d-flex\" type=\"button\" data-toggle=\"collapse\" data-target=\"#collapse-1\" aria-expanded=\"false\" aria-controls=\"collapse-1\">\n                    <span>\u00bfPara qu\u00e9 se utiliza ZeroZzz\u2122 y c\u00f3mo funciona?<\/span>\n                    <i class=\"accordion_icon fas fa-plus\"><\/i>\n                    <\/a>\n                <\/h4>\n            <\/div>\n\n            <div id=\"collapse-1\" class=\"collapse\" aria-labelledby=\"heading-1\" data-parent=\"#block_60ba032b9a276\">\n                <div class=\"card-body\">\n                    <p>ZeroZzz\u2122 es un dispositivo antimosquitos certificado y probado que utiliza la tecnolog\u00eda de ondas s\u00f3nicas. No t\u00f3xico y sin impacto en el medio ambiente, es \u00fatil para <a title=\"prodotti antizanzare\" href=\"https:\/\/ultrasoundtech.it\/es\/prodotti\/antimosquitos\/\">combatir los mosquitos dentro y fuera del hogar<\/a>. Al emitir sonidos suaves de intensidad variable que simulan el batir de las alas del mosquito macho, ZeroZzz\u2122 aleja a los mosquitos hembra responsables de las picaduras.<\/p>\n                <\/div>\n            <\/div>\n        <\/div>\n                <div class=\"faq-card\">\n            <div class=\"faq-card-header\" id=\"heading-2\">\n                <h4 class=\"mb-0\">\n                    <a href=\"javascript:void(0)\" class=\"accordion-toggle d-flex\" type=\"button\" data-toggle=\"collapse\" data-target=\"#collapse-2\" aria-expanded=\"false\" aria-controls=\"collapse-2\">\n                    <span>Cu\u00e1les son las diferencias entre ZeroZzz\u2122 Ambient y ZeroZzz\u2122 Air?<\/span>\n                    <i class=\"accordion_icon fas fa-plus\"><\/i>\n                    <\/a>\n                <\/h4>\n            <\/div>\n\n            <div id=\"collapse-2\" class=\"collapse\" aria-labelledby=\"heading-2\" data-parent=\"#block_60ba032b9a276\">\n                <div class=\"card-body\">\n                    <p>Todos los dispositivos ZeroZzz\u2122 est\u00e1n dise\u00f1ados para mantener alejados a los mosquitos de forma eficaz y permanente. Las principales diferencias entre los modelos radican en las ocasiones de uso:<\/p>\n<ul>\n<li><a href=\"https:\/\/ultrasoundtech.it\/es\/prodotto\/zerozzzambient-dispositivo-repelente-de-mosquitos-por-ultrasonidos\/\">ZeroZzz\u2122 Ambient<\/a>, alimentado por tensi\u00f3n de red de 230 voltios, est\u00e1 indicado para su uso en entornos dom\u00e9sticos, con un volumen de cobertura de unos 60\/80 metros c\u00fabicos.<\/li>\n<li><a href=\"https:\/\/ultrasoundtech.it\/es\/prodotto\/zerozzzair-dispositivo-repelente-de-mosquitos-por-ultrasonidos\/\">ZeroZzz\u2122 Air<\/a> es un repelente electr\u00f3nico port\u00e1til, discreto y con un dise\u00f1o muy innovador, ideal para momentos al aire libre, gracias a un alcance m\u00e1ximo de 3 metros.<\/li>\n<\/ul>\n                <\/div>\n            <\/div>\n        <\/div>\n                <div class=\"faq-card\">\n            <div class=\"faq-card-header\" id=\"heading-3\">\n                <h4 class=\"mb-0\">\n                    <a href=\"javascript:void(0)\" class=\"accordion-toggle d-flex\" type=\"button\" data-toggle=\"collapse\" data-target=\"#collapse-3\" aria-expanded=\"false\" aria-controls=\"collapse-3\">\n                    <span>\u00bfEs ZeroZzz\u2122 tambi\u00e9n eficaz en entornos exteriores, como la terraza o el jard\u00edn?<\/span>\n                    <i class=\"accordion_icon fas fa-plus\"><\/i>\n                    <\/a>\n                <\/h4>\n            <\/div>\n\n            <div id=\"collapse-3\" class=\"collapse\" aria-labelledby=\"heading-3\" data-parent=\"#block_60ba032b9a276\">\n                <div class=\"card-body\">\n                    <p>S\u00ed, la eficacia tambi\u00e9n est\u00e1 garantizada en entornos exteriores. Para funcionar, <a href=\"https:\/\/ultrasoundtech.it\/es\/prodotto\/zerozzzambient-dispositivo-repelente-de-mosquitos-por-ultrasonidos\/\">ZeroZzz\u2122 Ambient<\/a> requiere una toma de corriente de 230 voltios: si est\u00e1 presente, el dispositivo tambi\u00e9n puede utilizarse f\u00e1cilmente en la terraza o en el jard\u00edn, con un volumen de cobertura que va de 60 a 80 metros c\u00fabicos. Sin embargo, en las noches de verano tambi\u00e9n se recomienda utilizar dispositivos port\u00e1tiles para mantener alejados a los mosquitos en el exterior: <a href=\"https:\/\/ultrasoundtech.it\/es\/prodotto\/zerozzzair-dispositivo-repelente-de-mosquitos-por-ultrasonidos\/\">ZeroZzz\u2122<\/a> protege hasta tres metros de distancia!<\/p>\n                <\/div>\n            <\/div>\n        <\/div>\n                <div class=\"faq-card\">\n            <div class=\"faq-card-header\" id=\"heading-4\">\n                <h4 class=\"mb-0\">\n                    <a href=\"javascript:void(0)\" class=\"accordion-toggle d-flex\" type=\"button\" data-toggle=\"collapse\" data-target=\"#collapse-4\" aria-expanded=\"false\" aria-controls=\"collapse-4\">\n                    <span>\u00bfC\u00f3mo ajustar la intensidad de las ondas emitidas por los dispositivos ZeroZzz\u2122?<\/span>\n                    <i class=\"accordion_icon fas fa-plus\"><\/i>\n                    <\/a>\n                <\/h4>\n            <\/div>\n\n            <div id=\"collapse-4\" class=\"collapse\" aria-labelledby=\"heading-4\" data-parent=\"#block_60ba032b9a276\">\n                <div class=\"card-body\">\n                    <p>Todos los <a href=\"https:\/\/ultrasoundtech.it\/es\/prodotti\/antimosquitos\/\">dispositivos ZeroZzz\u2122<\/a> est\u00e1n programados para emitir sonidos en tres intensidades diferentes: baja (un parpadeo), media (dos parpadeos) y alta (tres parpadeos). Para pasar de una intensidad a otra hay que pulsar el bot\u00f3n de encendido: una vez alcanzado el volumen m\u00e1ximo, al pulsarlo de nuevo se vuelve al volumen m\u00ednimo. En todos los casos, la acci\u00f3n de molestia se dirige \u00fanicamente a los mosquitos<\/p>\n                <\/div>\n            <\/div>\n        <\/div>\n                <div class=\"faq-card\">\n            <div class=\"faq-card-header\" id=\"heading-5\">\n                <h4 class=\"mb-0\">\n                    <a href=\"javascript:void(0)\" class=\"accordion-toggle d-flex\" type=\"button\" data-toggle=\"collapse\" data-target=\"#collapse-5\" aria-expanded=\"false\" aria-controls=\"collapse-5\">\n                    <span>\u00bfCon qu\u00e9 frecuencia debo sustituir mis dispositivos ZeroZzz\u2122?<\/span>\n                    <i class=\"accordion_icon fas fa-plus\"><\/i>\n                    <\/a>\n                <\/h4>\n            <\/div>\n\n            <div id=\"collapse-5\" class=\"collapse\" aria-labelledby=\"heading-5\" data-parent=\"#block_60ba032b9a276\">\n                <div class=\"card-body\">\n                    <p>El ZeroZzz\u2122 Ambient, al estar alimentado por la red el\u00e9ctrica, no necesita ser reemplazado. Los dispositivos port\u00e1tiles y\/o wearables ZeroZzz\u2122 funcionan en cambio gracias a una bater\u00eda de litio de larga duraci\u00f3n (unas 1000 horas) y siempre reemplazable (modelo cr2032).<br \/>\n<em><a href=\"https:\/\/registra.ultrasoundtech.it\/index.php\/it\/\" target=\"_blank\" rel=\"noopener\">Al registrar el producto que has comprado<\/a><\/em>, te recordaremos cuando la bater\u00eda est\u00e9 a punto de agotarse enviando un correo electr\u00f3nico a la direcci\u00f3n que nos hayas facilitado.<\/p>\n                <\/div>\n            <\/div>\n        <\/div>\n            <\/div><!-- .block -->\n<\/div><!-- .blocks -->  \n<script>\n    \/\/ check the url hash when we first load the page\n    jQuery( document ).ready(function($) {\n        if (window.location.hash != \"\") {\n            $(window.location.hash).collapse(\"show\");\n            $(window.location.hash).siblings().find(\".accordion_icon\").removeClass('fa-plus').addClass('fa-minus');\n        }\n        $('body').on(\"hide.bs.collapse show.bs.collapse\", \"#accordion-block_60ba032b9a276\", (function(t) {\n        if ($(t.target).prev().find(\".accordion_icon\").toggleClass(\"fa-plus fa-minus\"),\n        \"show\" === t.type) {\n            var e = $(t.target).closest(\".faq-card\");\n        }\n      }\n    ));\n    });\n<\/script>\n<\/div><\/div><div class=\"gb-grid-wrapper gb-grid-wrapper-d4302119\"><\/div>\n<p><\/p>\n","protected":false},"excerpt":{"rendered":"<p>PF &#8211; Anti Mosquitos<\/p>\n","protected":false},"author":125,"featured_media":0,"parent":2622,"menu_order":0,"comment_status":"closed","ping_status":"closed","template":"","meta":{"_acf_changed":false,"footnotes":""},"class_list":["post-2626","page","type-page","status-publish"],"acf":[],"yoast_head":"<!-- This site is optimized with the Yoast SEO plugin v27.4 - https:\/\/yoast.com\/product\/yoast-seo-wordpress\/ -->\n<title>Anti Mosquitoes Devices FAQ - ULTRASOUNDtech\u2122<\/title>\n<meta name=\"description\" content=\"Is ultrasound technology really effective against mosquitoes? Is it safe for health and the environment? Check out our FAQ section!\" \/>\n<meta name=\"robots\" content=\"index, follow, max-snippet:-1, max-image-preview:large, max-video-preview:-1\" \/>\n<link rel=\"canonical\" href=\"https:\/\/ultrasoundtech.it\/es\/pf\/pf-anti-mosquitos\/\" \/>\n<meta property=\"og:locale\" content=\"es_ES\" \/>\n<meta property=\"og:type\" content=\"article\" \/>\n<meta property=\"og:title\" content=\"Anti Mosquitoes Devices FAQ - ULTRASOUNDtech\u2122\" \/>\n<meta property=\"og:description\" content=\"Is ultrasound technology really effective against mosquitoes? Is it safe for health and the environment? Check out our FAQ section!\" \/>\n<meta property=\"og:url\" content=\"https:\/\/ultrasoundtech.it\/es\/pf\/pf-anti-mosquitos\/\" \/>\n<meta property=\"og:site_name\" content=\"ULTRASOUNDtech\u2122\" \/>\n<meta property=\"article:publisher\" content=\"https:\/\/www.facebook.com\/ultrasoundtechacarzero\/\" \/>\n<meta property=\"article:modified_time\" content=\"2021-07-30T08:52:02+00:00\" \/>\n<meta property=\"og:image\" content=\"https:\/\/ultrasoundtech.it\/wp-content\/uploads\/2021\/04\/antizanare_new.jpeg\" \/>\n\t<meta property=\"og:image:width\" content=\"1083\" \/>\n\t<meta property=\"og:image:height\" content=\"1380\" \/>\n\t<meta property=\"og:image:type\" content=\"image\/jpeg\" \/>\n<meta name=\"twitter:card\" content=\"summary_large_image\" \/>\n<script type=\"application\/ld+json\" class=\"yoast-schema-graph\">{\"@context\":\"https:\\\/\\\/schema.org\",\"@graph\":[{\"@type\":\"WebPage\",\"@id\":\"https:\\\/\\\/ultrasoundtech.it\\\/es\\\/pf\\\/pf-anti-mosquitos\\\/\",\"url\":\"https:\\\/\\\/ultrasoundtech.it\\\/es\\\/pf\\\/pf-anti-mosquitos\\\/\",\"name\":\"Anti Mosquitoes Devices FAQ - ULTRASOUNDtech\u2122\",\"isPartOf\":{\"@id\":\"https:\\\/\\\/ultrasoundtech.it\\\/#website\"},\"datePublished\":\"2021-07-28T10:35:20+00:00\",\"dateModified\":\"2021-07-30T08:52:02+00:00\",\"description\":\"Is ultrasound technology really effective against mosquitoes? Is it safe for health and the environment? Check out our FAQ section!\",\"breadcrumb\":{\"@id\":\"https:\\\/\\\/ultrasoundtech.it\\\/es\\\/pf\\\/pf-anti-mosquitos\\\/#breadcrumb\"},\"inLanguage\":\"es\",\"potentialAction\":[{\"@type\":\"ReadAction\",\"target\":[\"https:\\\/\\\/ultrasoundtech.it\\\/es\\\/pf\\\/pf-anti-mosquitos\\\/\"]}]},{\"@type\":\"BreadcrumbList\",\"@id\":\"https:\\\/\\\/ultrasoundtech.it\\\/es\\\/pf\\\/pf-anti-mosquitos\\\/#breadcrumb\",\"itemListElement\":[{\"@type\":\"ListItem\",\"position\":1,\"name\":\"Home\",\"item\":\"https:\\\/\\\/ultrasoundtech.it\\\/es\\\/\"},{\"@type\":\"ListItem\",\"position\":2,\"name\":\"PF\",\"item\":\"https:\\\/\\\/ultrasoundtech.it\\\/es\\\/pf\\\/\"},{\"@type\":\"ListItem\",\"position\":3,\"name\":\"PF &#8211; Anti Mosquitos\"}]},{\"@type\":\"WebSite\",\"@id\":\"https:\\\/\\\/ultrasoundtech.it\\\/#website\",\"url\":\"https:\\\/\\\/ultrasoundtech.it\\\/\",\"name\":\"ULTRASOUNDtech\u2122\",\"description\":\"\",\"publisher\":{\"@id\":\"https:\\\/\\\/ultrasoundtech.it\\\/#organization\"},\"potentialAction\":[{\"@type\":\"SearchAction\",\"target\":{\"@type\":\"EntryPoint\",\"urlTemplate\":\"https:\\\/\\\/ultrasoundtech.it\\\/?s={search_term_string}\"},\"query-input\":{\"@type\":\"PropertyValueSpecification\",\"valueRequired\":true,\"valueName\":\"search_term_string\"}}],\"inLanguage\":\"es\"},{\"@type\":\"Organization\",\"@id\":\"https:\\\/\\\/ultrasoundtech.it\\\/#organization\",\"name\":\"ULTRASOUNDtech\u2122\",\"url\":\"https:\\\/\\\/ultrasoundtech.it\\\/\",\"logo\":{\"@type\":\"ImageObject\",\"inLanguage\":\"es\",\"@id\":\"https:\\\/\\\/ultrasoundtech.it\\\/#\\\/schema\\\/logo\\\/image\\\/\",\"url\":\"https:\\\/\\\/ultrasoundtech.it\\\/wp-content\\\/uploads\\\/2021\\\/04\\\/logo@3x.png\",\"contentUrl\":\"https:\\\/\\\/ultrasoundtech.it\\\/wp-content\\\/uploads\\\/2021\\\/04\\\/logo@3x.png\",\"width\":504,\"height\":99,\"caption\":\"ULTRASOUNDtech\u2122\"},\"image\":{\"@id\":\"https:\\\/\\\/ultrasoundtech.it\\\/#\\\/schema\\\/logo\\\/image\\\/\"},\"sameAs\":[\"https:\\\/\\\/www.facebook.com\\\/ultrasoundtechacarzero\\\/\",\"https:\\\/\\\/www.instagram.com\\\/ultrasound__tech\\\/\"]}]}<\/script>\n<!-- \/ Yoast SEO plugin. -->","yoast_head_json":{"title":"Anti Mosquitoes Devices FAQ - ULTRASOUNDtech\u2122","description":"Is ultrasound technology really effective against mosquitoes? Is it safe for health and the environment? Check out our FAQ section!","robots":{"index":"index","follow":"follow","max-snippet":"max-snippet:-1","max-image-preview":"max-image-preview:large","max-video-preview":"max-video-preview:-1"},"canonical":"https:\/\/ultrasoundtech.it\/es\/pf\/pf-anti-mosquitos\/","og_locale":"es_ES","og_type":"article","og_title":"Anti Mosquitoes Devices FAQ - ULTRASOUNDtech\u2122","og_description":"Is ultrasound technology really effective against mosquitoes? Is it safe for health and the environment? Check out our FAQ section!","og_url":"https:\/\/ultrasoundtech.it\/es\/pf\/pf-anti-mosquitos\/","og_site_name":"ULTRASOUNDtech\u2122","article_publisher":"https:\/\/www.facebook.com\/ultrasoundtechacarzero\/","article_modified_time":"2021-07-30T08:52:02+00:00","og_image":[{"width":1083,"height":1380,"url":"https:\/\/ultrasoundtech.it\/wp-content\/uploads\/2021\/04\/antizanare_new.jpeg","type":"image\/jpeg"}],"twitter_card":"summary_large_image","schema":{"@context":"https:\/\/schema.org","@graph":[{"@type":"WebPage","@id":"https:\/\/ultrasoundtech.it\/es\/pf\/pf-anti-mosquitos\/","url":"https:\/\/ultrasoundtech.it\/es\/pf\/pf-anti-mosquitos\/","name":"Anti Mosquitoes Devices FAQ - ULTRASOUNDtech\u2122","isPartOf":{"@id":"https:\/\/ultrasoundtech.it\/#website"},"datePublished":"2021-07-28T10:35:20+00:00","dateModified":"2021-07-30T08:52:02+00:00","description":"Is ultrasound technology really effective against mosquitoes? Is it safe for health and the environment? Check out our FAQ section!","breadcrumb":{"@id":"https:\/\/ultrasoundtech.it\/es\/pf\/pf-anti-mosquitos\/#breadcrumb"},"inLanguage":"es","potentialAction":[{"@type":"ReadAction","target":["https:\/\/ultrasoundtech.it\/es\/pf\/pf-anti-mosquitos\/"]}]},{"@type":"BreadcrumbList","@id":"https:\/\/ultrasoundtech.it\/es\/pf\/pf-anti-mosquitos\/#breadcrumb","itemListElement":[{"@type":"ListItem","position":1,"name":"Home","item":"https:\/\/ultrasoundtech.it\/es\/"},{"@type":"ListItem","position":2,"name":"PF","item":"https:\/\/ultrasoundtech.it\/es\/pf\/"},{"@type":"ListItem","position":3,"name":"PF &#8211; Anti Mosquitos"}]},{"@type":"WebSite","@id":"https:\/\/ultrasoundtech.it\/#website","url":"https:\/\/ultrasoundtech.it\/","name":"ULTRASOUNDtech\u2122","description":"","publisher":{"@id":"https:\/\/ultrasoundtech.it\/#organization"},"potentialAction":[{"@type":"SearchAction","target":{"@type":"EntryPoint","urlTemplate":"https:\/\/ultrasoundtech.it\/?s={search_term_string}"},"query-input":{"@type":"PropertyValueSpecification","valueRequired":true,"valueName":"search_term_string"}}],"inLanguage":"es"},{"@type":"Organization","@id":"https:\/\/ultrasoundtech.it\/#organization","name":"ULTRASOUNDtech\u2122","url":"https:\/\/ultrasoundtech.it\/","logo":{"@type":"ImageObject","inLanguage":"es","@id":"https:\/\/ultrasoundtech.it\/#\/schema\/logo\/image\/","url":"https:\/\/ultrasoundtech.it\/wp-content\/uploads\/2021\/04\/logo@3x.png","contentUrl":"https:\/\/ultrasoundtech.it\/wp-content\/uploads\/2021\/04\/logo@3x.png","width":504,"height":99,"caption":"ULTRASOUNDtech\u2122"},"image":{"@id":"https:\/\/ultrasoundtech.it\/#\/schema\/logo\/image\/"},"sameAs":["https:\/\/www.facebook.com\/ultrasoundtechacarzero\/","https:\/\/www.instagram.com\/ultrasound__tech\/"]}]}},"jetpack_sharing_enabled":true,"_links":{"self":[{"href":"https:\/\/ultrasoundtech.it\/es\/wp-json\/wp\/v2\/pages\/2626","targetHints":{"allow":["GET"]}}],"collection":[{"href":"https:\/\/ultrasoundtech.it\/es\/wp-json\/wp\/v2\/pages"}],"about":[{"href":"https:\/\/ultrasoundtech.it\/es\/wp-json\/wp\/v2\/types\/page"}],"author":[{"embeddable":true,"href":"https:\/\/ultrasoundtech.it\/es\/wp-json\/wp\/v2\/users\/125"}],"replies":[{"embeddable":true,"href":"https:\/\/ultrasoundtech.it\/es\/wp-json\/wp\/v2\/comments?post=2626"}],"version-history":[{"count":11,"href":"https:\/\/ultrasoundtech.it\/es\/wp-json\/wp\/v2\/pages\/2626\/revisions"}],"predecessor-version":[{"id":2985,"href":"https:\/\/ultrasoundtech.it\/es\/wp-json\/wp\/v2\/pages\/2626\/revisions\/2985"}],"up":[{"embeddable":true,"href":"https:\/\/ultrasoundtech.it\/es\/wp-json\/wp\/v2\/pages\/2622"}],"wp:attachment":[{"href":"https:\/\/ultrasoundtech.it\/es\/wp-json\/wp\/v2\/media?parent=2626"}],"curies":[{"name":"wp","href":"https:\/\/api.w.org\/{rel}","templated":true}]}}