{"id":2630,"date":"2021-07-28T12:54:24","date_gmt":"2021-07-28T10:54:24","guid":{"rendered":"http:\/\/ultrasoundtech.localhost\/pf\/pf-anti-garrapatas-y-pulgas\/"},"modified":"2021-07-30T10:37:34","modified_gmt":"2021-07-30T08:37:34","slug":"pf-anti-garrapatas-y-pulgas","status":"publish","type":"page","link":"https:\/\/ultrasoundtech.it\/es\/pf\/pf-anti-garrapatas-y-pulgas\/","title":{"rendered":"PF &#8211; Anti Garrapatas y Pulgas"},"content":{"rendered":"<div class=\"gb-container gb-container-b7f67390\"><div class=\"gb-inside-container\">\n\n<h1 class=\"gb-headline gb-headline-1b10615a gb-headline-text ultrasound_title h2\">PF &#8211; <strong><strong>Anti Garrapatas y Pulgas<\/strong><\/strong><\/h1>\n\n<\/div><\/div><div class=\"gb-container gb-container-730fa43a\"><div class=\"gb-inside-container\">\n \n<div id=\"accordion-block_60ba032b9a276\" class=\"accordion  accordion_faq\" style=\"min-height: 100px;\">\n    <div class=\" block_60ba032b9a276\" id=\"block_60ba032b9a276\">\n            <div class=\"faq-card\">\n            <div class=\"faq-card-header\" id=\"heading-1\">\n                <h4 class=\"mb-0\">\n                    <a href=\"javascript:void(0)\" class=\"accordion-toggle d-flex\" type=\"button\" data-toggle=\"collapse\" data-target=\"#collapse-1\" aria-expanded=\"false\" aria-controls=\"collapse-1\">\n                    <span>\u00bfPara qu\u00e9 se utiliza ZeroBugs\u2122 Repelente de Pulgas y Garrapatas y c\u00f3mo funciona?<\/span>\n                    <i class=\"accordion_icon fas fa-plus\"><\/i>\n                    <\/a>\n                <\/h4>\n            <\/div>\n\n            <div id=\"collapse-1\" class=\"collapse\" aria-labelledby=\"heading-1\" data-parent=\"#block_60ba032b9a276\">\n                <div class=\"card-body\">\n                    <p>Los <a href=\"https:\/\/ultrasoundtech.it\/es\/prodotti\/antigarrapatas-y-antipulgas\/\">dispositivos ultras\u00f3nicos ZeroBugs\u2122<\/a> son eficaces para combatir las garrapatas y las pulgas, que son peligrosas tanto para las personas como para los animales, sin utilizar ning\u00fan tipo de producto qu\u00edmico. Dentro de la l\u00ednea ZeroBugs\u2122, existen dispositivos ultras\u00f3nicos espec\u00edficos contra garrapatas y pulgas, que se diferencian en su uso previsto (mascotas, personas y entornos). Sin embargo, todos los productos tienen algo en com\u00fan: <a href=\"https:\/\/ultrasoundtech.it\/es\/tech\/\">la eficacia, garantizada por estudios y experimentos cient\u00edficos.<\/a>.<\/p>\n                <\/div>\n            <\/div>\n        <\/div>\n                <div class=\"faq-card\">\n            <div class=\"faq-card-header\" id=\"heading-2\">\n                <h4 class=\"mb-0\">\n                    <a href=\"javascript:void(0)\" class=\"accordion-toggle d-flex\" type=\"button\" data-toggle=\"collapse\" data-target=\"#collapse-2\" aria-expanded=\"false\" aria-controls=\"collapse-2\">\n                    <span>\u00bfCu\u00e1les son los dispositivos ultras\u00f3nicos que pueden llevar las mascotas para ahuyentar las garrapatas y las pulgas?<\/span>\n                    <i class=\"accordion_icon fas fa-plus\"><\/i>\n                    <\/a>\n                <\/h4>\n            <\/div>\n\n            <div id=\"collapse-2\" class=\"collapse\" aria-labelledby=\"heading-2\" data-parent=\"#block_60ba032b9a276\">\n                <div class=\"card-body\">\n                    <p>ZeroBugs\u2122 PET es el dispositivo para usted. Si busca un <a href=\"https:\/\/ultrasoundtech.it\/es\/prodotto\/zerobugs-pet-repelente-ultrasonico-de-pulgas-y-garrapatas-para-mascotas\/\">dispositivo ultras\u00f3nico para mascotas<\/a> que reduzca el riesgo de colonizaci\u00f3n por garrapatas y pulgas, su elecci\u00f3n deber\u00eda ser el ZeroBugs\u2122 PET, con un alcance de aproximadamente 1,5 metros. En este caso, las ondas sonoras alejan a los par\u00e1sitos del animal y realizan una acci\u00f3n profil\u00e1ctica, manteniendo alejadas a las garrapatas y pulgas.<\/p>\n                <\/div>\n            <\/div>\n        <\/div>\n                <div class=\"faq-card\">\n            <div class=\"faq-card-header\" id=\"heading-3\">\n                <h4 class=\"mb-0\">\n                    <a href=\"javascript:void(0)\" class=\"accordion-toggle d-flex\" type=\"button\" data-toggle=\"collapse\" data-target=\"#collapse-3\" aria-expanded=\"false\" aria-controls=\"collapse-3\">\n                    <span>\u00bfSon los dispositivos ultras\u00f3nicos tan eficaces como los productos plaguicidas comerciales habituales?<\/span>\n                    <i class=\"accordion_icon fas fa-plus\"><\/i>\n                    <\/a>\n                <\/h4>\n            <\/div>\n\n            <div id=\"collapse-3\" class=\"collapse\" aria-labelledby=\"heading-3\" data-parent=\"#block_60ba032b9a276\">\n                <div class=\"card-body\">\n                    <p>S\u00ed. ZeroBugs\u2122 PET no es en absoluto t\u00f3xico y representa <a href=\"https:\/\/ultrasoundtech.it\/es\/prodotto\/zerobugs-pet-repelente-ultrasonico-de-pulgas-y-garrapatas-para-mascotas\/\">una alternativa eficaz y ecol\u00f3gica a los esprais comunes, los spot-ons y los collares antiparasitarios de liberaci\u00f3n lenta.<\/a>. Gracias a la tecnolog\u00eda ultras\u00f3nica, ZeroBugs\u2122 PET ofrece una protecci\u00f3n constante contra pulgas y garrapatas durante todo el periodo de funcionamiento del dispositivo (unos 10 meses). Al no utilizar productos qu\u00edmicos potencialmente nocivos, el repelente ultras\u00f3nico tambi\u00e9n puede utilizarse con seguridad en cachorros, personas mayores y, en general, en animales que entran en contacto con ni\u00f1os.<\/p>\n                <\/div>\n            <\/div>\n        <\/div>\n                <div class=\"faq-card\">\n            <div class=\"faq-card-header\" id=\"heading-4\">\n                <h4 class=\"mb-0\">\n                    <a href=\"javascript:void(0)\" class=\"accordion-toggle d-flex\" type=\"button\" data-toggle=\"collapse\" data-target=\"#collapse-4\" aria-expanded=\"false\" aria-controls=\"collapse-4\">\n                    <span>Para mantener las garrapatas y las pulgas alejadas de las personas, \u00bfqu\u00e9 dispositivo ultras\u00f3nico debo elegir?<\/span>\n                    <i class=\"accordion_icon fas fa-plus\"><\/i>\n                    <\/a>\n                <\/h4>\n            <\/div>\n\n            <div id=\"collapse-4\" class=\"collapse\" aria-labelledby=\"heading-4\" data-parent=\"#block_60ba032b9a276\">\n                <div class=\"card-body\">\n                    <p>El <a title=\"antizecche uomo\" href=\"https:\/\/ultrasoundtech.it\/es\/prodotto\/zerobugs-plus-repelente-ultrasonico-de-pulgas-y-garrapatas-para-personas\/\">dispositivo ultras\u00f3nico para personas contra garrapatas y pulgas es ZeroBugs\u2122 PLUS<\/a>, que debe llevarse durante todas las actividades en contacto directo con los animales y la naturaleza. Gracias a la presencia de emisores a gran distancia (3 metros) y a los lados derecho, izquierdo e inferior, ZeroBugs\u2122 PLUS funciona con una doble acci\u00f3n: los ultrasonidos son, de hecho, eficaces tanto para obligar a las garrapatas y pulgas a abandonar a la persona como para prevenir nuevas agresiones.<\/p>\n                <\/div>\n            <\/div>\n        <\/div>\n                <div class=\"faq-card\">\n            <div class=\"faq-card-header\" id=\"heading-5\">\n                <h4 class=\"mb-0\">\n                    <a href=\"javascript:void(0)\" class=\"accordion-toggle d-flex\" type=\"button\" data-toggle=\"collapse\" data-target=\"#collapse-5\" aria-expanded=\"false\" aria-controls=\"collapse-5\">\n                    <span>\u00bfCu\u00e1nto dura la bater\u00eda de los dispositivos de control de pulgas y garrapatas ZeroBugs\u2122?<\/span>\n                    <i class=\"accordion_icon fas fa-plus\"><\/i>\n                    <\/a>\n                <\/h4>\n            <\/div>\n\n            <div id=\"collapse-5\" class=\"collapse\" aria-labelledby=\"heading-5\" data-parent=\"#block_60ba032b9a276\">\n                <div class=\"card-body\">\n                    <p>La duraci\u00f3n de la bater\u00eda depende del producto que elijas. Espec\u00edficamente:<\/p>\n<ul>\n<li style=\"list-style-type: none;\">\n<ul>\n<li><a href=\"https:\/\/ultrasoundtech.it\/es\/prodotto\/zerobugs-plus-repelente-ultrasonico-de-pulgas-y-garrapatas-para-personas\/\">ZeroBugs\u2122 PLUS<\/a> &#8211; 5000 horas aproximadamente, con bater\u00eda no sustituible.<\/li>\n<li><a href=\"https:\/\/ultrasoundtech.it\/es\/prodotto\/zerobugs-pet-repelente-ultrasonico-de-pulgas-y-garrapatas-para-mascotas\/\">Zero Bugs PET<\/a> &#8211; unos diez meses, con bater\u00eda no sustituible.<\/li>\n<\/ul>\n<\/li>\n<\/ul>\n<p>Para comprobar que la bater\u00eda del dispositivo sigue funcionando hay que pulsar r\u00e1pidamente el bot\u00f3n de encendido y asegurarse de que el LED parpadea. Sin embargo, la duraci\u00f3n de la bater\u00eda puede verse comprometida debido a la comprobaci\u00f3n excesiva del estado de funcionamiento del dispositivo.<\/p>\n                <\/div>\n            <\/div>\n        <\/div>\n                <div class=\"faq-card\">\n            <div class=\"faq-card-header\" id=\"heading-6\">\n                <h4 class=\"mb-0\">\n                    <a href=\"javascript:void(0)\" class=\"accordion-toggle d-flex\" type=\"button\" data-toggle=\"collapse\" data-target=\"#collapse-6\" aria-expanded=\"false\" aria-controls=\"collapse-6\">\n                    <span>\u00bfResisten los dispositivos de control de pulgas y garrapatas ZeroBugs\u2122 a la humedad?<\/span>\n                    <i class=\"accordion_icon fas fa-plus\"><\/i>\n                    <\/a>\n                <\/h4>\n            <\/div>\n\n            <div id=\"collapse-6\" class=\"collapse\" aria-labelledby=\"heading-6\" data-parent=\"#block_60ba032b9a276\">\n                <div class=\"card-body\">\n                    <p>ZeroBugs\u2122 est\u00e1 dise\u00f1ado para <a href=\"https:\/\/ultrasoundtech.it\/es\/prodotti\/antigarrapatas-y-antipulgas\/\">proteger eficazmente a los animales y a las personas que viven en pleno contacto con la naturaleza<\/a>. As\u00ed que s\u00ed: todos los dispositivos wearables (ZeroBugs\u2122 PLUS y ZeroBugs\u2122 PET) est\u00e1n dise\u00f1ados para soportar la humedad y las salpicaduras de agua, gracias a su clasificaci\u00f3n IP41.<\/p>\n                <\/div>\n            <\/div>\n        <\/div>\n                <div class=\"faq-card\">\n            <div class=\"faq-card-header\" id=\"heading-7\">\n                <h4 class=\"mb-0\">\n                    <a href=\"javascript:void(0)\" class=\"accordion-toggle d-flex\" type=\"button\" data-toggle=\"collapse\" data-target=\"#collapse-7\" aria-expanded=\"false\" aria-controls=\"collapse-7\">\n                    <span>\u00bfSon los dispositivos ZeroBugs\u2122 PLUS y PET seguros para los seres humanos y las mascotas?<\/span>\n                    <i class=\"accordion_icon fas fa-plus\"><\/i>\n                    <\/a>\n                <\/h4>\n            <\/div>\n\n            <div id=\"collapse-7\" class=\"collapse\" aria-labelledby=\"heading-7\" data-parent=\"#block_60ba032b9a276\">\n                <div class=\"card-body\">\n                    <p>Absolutamente s\u00ed: no hay riesgos ni contraindicaciones para los ni\u00f1os, los ancianos, los usuarios de dispositivos m\u00e9dicos y ni siquiera para nuestros amigos de cuatro patas (como demuestran las <a href=\"https:\/\/ultrasoundtech.it\/es\/tech\/\"> pruebas realizadas a los dispositivos en los laboratorios de la Universidad de Mil\u00e1n y Camerino <\/a> y durante las fases de prueba de compatibilidad electromagn\u00e9tica). Los ultrasonidos emitidos por los dispositivos ZeroBugs\u2122, de hecho, producen un efecto de perturbaci\u00f3n localizada en los par\u00e1sitos, ya que no pueden ser percibidos por el o\u00eddo humano ni por el de los perros o gatos. Adem\u00e1s, al no utilizar productos qu\u00edmicos, los productos son totalmente inofensivos para cualquier persona que entre en contacto con ellos.<\/p>\n                <\/div>\n            <\/div>\n        <\/div>\n            <\/div><!-- .block -->\n<\/div><!-- .blocks -->  \n<script>\n    \/\/ check the url hash when we first load the page\n    jQuery( document ).ready(function($) {\n        if (window.location.hash != \"\") {\n            $(window.location.hash).collapse(\"show\");\n            $(window.location.hash).siblings().find(\".accordion_icon\").removeClass('fa-plus').addClass('fa-minus');\n        }\n        $('body').on(\"hide.bs.collapse show.bs.collapse\", \"#accordion-block_60ba032b9a276\", (function(t) {\n        if ($(t.target).prev().find(\".accordion_icon\").toggleClass(\"fa-plus fa-minus\"),\n        \"show\" === t.type) {\n            var e = $(t.target).closest(\".faq-card\");\n        }\n      }\n    ));\n    });\n<\/script>\n<\/div><\/div><div class=\"gb-grid-wrapper gb-grid-wrapper-d4302119\"><\/div>\n<p><\/p>\n","protected":false},"excerpt":{"rendered":"<p>PF &#8211; Anti Garrapatas y Pulgas<\/p>\n","protected":false},"author":125,"featured_media":0,"parent":2622,"menu_order":0,"comment_status":"closed","ping_status":"closed","template":"","meta":{"_acf_changed":false,"footnotes":""},"class_list":["post-2630","page","type-page","status-publish"],"acf":[],"yoast_head":"<!-- This site is optimized with the Yoast SEO plugin v27.4 - https:\/\/yoast.com\/product\/yoast-seo-wordpress\/ -->\n<title>Anti Ticks and Fleas Devices FAQ - ULTRASOUNDtech\u2122<\/title>\n<meta name=\"description\" content=\"Is ultrasound technology really effective and safe against a tick and flea infestation? Read our FAQ and buy our products!\" \/>\n<meta name=\"robots\" content=\"index, follow, max-snippet:-1, max-image-preview:large, max-video-preview:-1\" \/>\n<link rel=\"canonical\" href=\"https:\/\/ultrasoundtech.it\/es\/pf\/pf-anti-garrapatas-y-pulgas\/\" \/>\n<meta property=\"og:locale\" content=\"es_ES\" \/>\n<meta property=\"og:type\" content=\"article\" \/>\n<meta property=\"og:title\" content=\"Anti Ticks and Fleas Devices FAQ - ULTRASOUNDtech\u2122\" \/>\n<meta property=\"og:description\" content=\"Is ultrasound technology really effective and safe against a tick and flea infestation? Read our FAQ and buy our products!\" \/>\n<meta property=\"og:url\" content=\"https:\/\/ultrasoundtech.it\/es\/pf\/pf-anti-garrapatas-y-pulgas\/\" \/>\n<meta property=\"og:site_name\" content=\"ULTRASOUNDtech\u2122\" \/>\n<meta property=\"article:publisher\" content=\"https:\/\/www.facebook.com\/ultrasoundtechacarzero\/\" \/>\n<meta property=\"article:modified_time\" content=\"2021-07-30T08:37:34+00:00\" \/>\n<meta property=\"og:image\" content=\"https:\/\/ultrasoundtech.it\/wp-content\/uploads\/2021\/04\/antizanare_new.jpeg\" \/>\n\t<meta property=\"og:image:width\" content=\"1083\" \/>\n\t<meta property=\"og:image:height\" content=\"1380\" \/>\n\t<meta property=\"og:image:type\" content=\"image\/jpeg\" \/>\n<meta name=\"twitter:card\" content=\"summary_large_image\" \/>\n<script type=\"application\/ld+json\" class=\"yoast-schema-graph\">{\"@context\":\"https:\\\/\\\/schema.org\",\"@graph\":[{\"@type\":\"WebPage\",\"@id\":\"https:\\\/\\\/ultrasoundtech.it\\\/es\\\/pf\\\/pf-anti-garrapatas-y-pulgas\\\/\",\"url\":\"https:\\\/\\\/ultrasoundtech.it\\\/es\\\/pf\\\/pf-anti-garrapatas-y-pulgas\\\/\",\"name\":\"Anti Ticks and Fleas Devices FAQ - ULTRASOUNDtech\u2122\",\"isPartOf\":{\"@id\":\"https:\\\/\\\/ultrasoundtech.it\\\/#website\"},\"datePublished\":\"2021-07-28T10:54:24+00:00\",\"dateModified\":\"2021-07-30T08:37:34+00:00\",\"description\":\"Is ultrasound technology really effective and safe against a tick and flea infestation? Read our FAQ and buy our products!\",\"breadcrumb\":{\"@id\":\"https:\\\/\\\/ultrasoundtech.it\\\/es\\\/pf\\\/pf-anti-garrapatas-y-pulgas\\\/#breadcrumb\"},\"inLanguage\":\"es\",\"potentialAction\":[{\"@type\":\"ReadAction\",\"target\":[\"https:\\\/\\\/ultrasoundtech.it\\\/es\\\/pf\\\/pf-anti-garrapatas-y-pulgas\\\/\"]}]},{\"@type\":\"BreadcrumbList\",\"@id\":\"https:\\\/\\\/ultrasoundtech.it\\\/es\\\/pf\\\/pf-anti-garrapatas-y-pulgas\\\/#breadcrumb\",\"itemListElement\":[{\"@type\":\"ListItem\",\"position\":1,\"name\":\"Home\",\"item\":\"https:\\\/\\\/ultrasoundtech.it\\\/es\\\/\"},{\"@type\":\"ListItem\",\"position\":2,\"name\":\"PF\",\"item\":\"https:\\\/\\\/ultrasoundtech.it\\\/es\\\/pf\\\/\"},{\"@type\":\"ListItem\",\"position\":3,\"name\":\"PF &#8211; Anti Garrapatas y Pulgas\"}]},{\"@type\":\"WebSite\",\"@id\":\"https:\\\/\\\/ultrasoundtech.it\\\/#website\",\"url\":\"https:\\\/\\\/ultrasoundtech.it\\\/\",\"name\":\"ULTRASOUNDtech\u2122\",\"description\":\"\",\"publisher\":{\"@id\":\"https:\\\/\\\/ultrasoundtech.it\\\/#organization\"},\"potentialAction\":[{\"@type\":\"SearchAction\",\"target\":{\"@type\":\"EntryPoint\",\"urlTemplate\":\"https:\\\/\\\/ultrasoundtech.it\\\/?s={search_term_string}\"},\"query-input\":{\"@type\":\"PropertyValueSpecification\",\"valueRequired\":true,\"valueName\":\"search_term_string\"}}],\"inLanguage\":\"es\"},{\"@type\":\"Organization\",\"@id\":\"https:\\\/\\\/ultrasoundtech.it\\\/#organization\",\"name\":\"ULTRASOUNDtech\u2122\",\"url\":\"https:\\\/\\\/ultrasoundtech.it\\\/\",\"logo\":{\"@type\":\"ImageObject\",\"inLanguage\":\"es\",\"@id\":\"https:\\\/\\\/ultrasoundtech.it\\\/#\\\/schema\\\/logo\\\/image\\\/\",\"url\":\"https:\\\/\\\/ultrasoundtech.it\\\/wp-content\\\/uploads\\\/2021\\\/04\\\/logo@3x.png\",\"contentUrl\":\"https:\\\/\\\/ultrasoundtech.it\\\/wp-content\\\/uploads\\\/2021\\\/04\\\/logo@3x.png\",\"width\":504,\"height\":99,\"caption\":\"ULTRASOUNDtech\u2122\"},\"image\":{\"@id\":\"https:\\\/\\\/ultrasoundtech.it\\\/#\\\/schema\\\/logo\\\/image\\\/\"},\"sameAs\":[\"https:\\\/\\\/www.facebook.com\\\/ultrasoundtechacarzero\\\/\",\"https:\\\/\\\/www.instagram.com\\\/ultrasound__tech\\\/\"]}]}<\/script>\n<!-- \/ Yoast SEO plugin. -->","yoast_head_json":{"title":"Anti Ticks and Fleas Devices FAQ - ULTRASOUNDtech\u2122","description":"Is ultrasound technology really effective and safe against a tick and flea infestation? Read our FAQ and buy our products!","robots":{"index":"index","follow":"follow","max-snippet":"max-snippet:-1","max-image-preview":"max-image-preview:large","max-video-preview":"max-video-preview:-1"},"canonical":"https:\/\/ultrasoundtech.it\/es\/pf\/pf-anti-garrapatas-y-pulgas\/","og_locale":"es_ES","og_type":"article","og_title":"Anti Ticks and Fleas Devices FAQ - ULTRASOUNDtech\u2122","og_description":"Is ultrasound technology really effective and safe against a tick and flea infestation? Read our FAQ and buy our products!","og_url":"https:\/\/ultrasoundtech.it\/es\/pf\/pf-anti-garrapatas-y-pulgas\/","og_site_name":"ULTRASOUNDtech\u2122","article_publisher":"https:\/\/www.facebook.com\/ultrasoundtechacarzero\/","article_modified_time":"2021-07-30T08:37:34+00:00","og_image":[{"width":1083,"height":1380,"url":"https:\/\/ultrasoundtech.it\/wp-content\/uploads\/2021\/04\/antizanare_new.jpeg","type":"image\/jpeg"}],"twitter_card":"summary_large_image","schema":{"@context":"https:\/\/schema.org","@graph":[{"@type":"WebPage","@id":"https:\/\/ultrasoundtech.it\/es\/pf\/pf-anti-garrapatas-y-pulgas\/","url":"https:\/\/ultrasoundtech.it\/es\/pf\/pf-anti-garrapatas-y-pulgas\/","name":"Anti Ticks and Fleas Devices FAQ - ULTRASOUNDtech\u2122","isPartOf":{"@id":"https:\/\/ultrasoundtech.it\/#website"},"datePublished":"2021-07-28T10:54:24+00:00","dateModified":"2021-07-30T08:37:34+00:00","description":"Is ultrasound technology really effective and safe against a tick and flea infestation? Read our FAQ and buy our products!","breadcrumb":{"@id":"https:\/\/ultrasoundtech.it\/es\/pf\/pf-anti-garrapatas-y-pulgas\/#breadcrumb"},"inLanguage":"es","potentialAction":[{"@type":"ReadAction","target":["https:\/\/ultrasoundtech.it\/es\/pf\/pf-anti-garrapatas-y-pulgas\/"]}]},{"@type":"BreadcrumbList","@id":"https:\/\/ultrasoundtech.it\/es\/pf\/pf-anti-garrapatas-y-pulgas\/#breadcrumb","itemListElement":[{"@type":"ListItem","position":1,"name":"Home","item":"https:\/\/ultrasoundtech.it\/es\/"},{"@type":"ListItem","position":2,"name":"PF","item":"https:\/\/ultrasoundtech.it\/es\/pf\/"},{"@type":"ListItem","position":3,"name":"PF &#8211; Anti Garrapatas y Pulgas"}]},{"@type":"WebSite","@id":"https:\/\/ultrasoundtech.it\/#website","url":"https:\/\/ultrasoundtech.it\/","name":"ULTRASOUNDtech\u2122","description":"","publisher":{"@id":"https:\/\/ultrasoundtech.it\/#organization"},"potentialAction":[{"@type":"SearchAction","target":{"@type":"EntryPoint","urlTemplate":"https:\/\/ultrasoundtech.it\/?s={search_term_string}"},"query-input":{"@type":"PropertyValueSpecification","valueRequired":true,"valueName":"search_term_string"}}],"inLanguage":"es"},{"@type":"Organization","@id":"https:\/\/ultrasoundtech.it\/#organization","name":"ULTRASOUNDtech\u2122","url":"https:\/\/ultrasoundtech.it\/","logo":{"@type":"ImageObject","inLanguage":"es","@id":"https:\/\/ultrasoundtech.it\/#\/schema\/logo\/image\/","url":"https:\/\/ultrasoundtech.it\/wp-content\/uploads\/2021\/04\/logo@3x.png","contentUrl":"https:\/\/ultrasoundtech.it\/wp-content\/uploads\/2021\/04\/logo@3x.png","width":504,"height":99,"caption":"ULTRASOUNDtech\u2122"},"image":{"@id":"https:\/\/ultrasoundtech.it\/#\/schema\/logo\/image\/"},"sameAs":["https:\/\/www.facebook.com\/ultrasoundtechacarzero\/","https:\/\/www.instagram.com\/ultrasound__tech\/"]}]}},"jetpack_sharing_enabled":true,"_links":{"self":[{"href":"https:\/\/ultrasoundtech.it\/es\/wp-json\/wp\/v2\/pages\/2630","targetHints":{"allow":["GET"]}}],"collection":[{"href":"https:\/\/ultrasoundtech.it\/es\/wp-json\/wp\/v2\/pages"}],"about":[{"href":"https:\/\/ultrasoundtech.it\/es\/wp-json\/wp\/v2\/types\/page"}],"author":[{"embeddable":true,"href":"https:\/\/ultrasoundtech.it\/es\/wp-json\/wp\/v2\/users\/125"}],"replies":[{"embeddable":true,"href":"https:\/\/ultrasoundtech.it\/es\/wp-json\/wp\/v2\/comments?post=2630"}],"version-history":[{"count":5,"href":"https:\/\/ultrasoundtech.it\/es\/wp-json\/wp\/v2\/pages\/2630\/revisions"}],"predecessor-version":[{"id":2976,"href":"https:\/\/ultrasoundtech.it\/es\/wp-json\/wp\/v2\/pages\/2630\/revisions\/2976"}],"up":[{"embeddable":true,"href":"https:\/\/ultrasoundtech.it\/es\/wp-json\/wp\/v2\/pages\/2622"}],"wp:attachment":[{"href":"https:\/\/ultrasoundtech.it\/es\/wp-json\/wp\/v2\/media?parent=2630"}],"curies":[{"name":"wp","href":"https:\/\/api.w.org\/{rel}","templated":true}]}}