{"id":2632,"date":"2021-07-28T13:10:15","date_gmt":"2021-07-28T11:10:15","guid":{"rendered":"http:\/\/ultrasoundtech.localhost\/pf\/pf-antiacaros\/"},"modified":"2021-07-30T10:55:17","modified_gmt":"2021-07-30T08:55:17","slug":"pf-antiacaros","status":"publish","type":"page","link":"https:\/\/ultrasoundtech.it\/es\/pf\/pf-antiacaros\/","title":{"rendered":"PF &#8211; Anti\u00e1caros"},"content":{"rendered":"<div class=\"gb-container gb-container-b7f67390\"><div class=\"gb-inside-container\">\n\n<h1 class=\"gb-headline gb-headline-1b10615a gb-headline-text ultrasound_title h2\">PF &#8211; <strong>Anti\u00e1caros<\/strong><\/h1>\r\n\n<\/div><\/div><div class=\"gb-container gb-container-730fa43a\"><div class=\"gb-inside-container\">\n \n<div id=\"accordion-block_60ba032b9a276\" class=\"accordion  accordion_faq\" style=\"min-height: 100px;\">\n    <div class=\" block_60ba032b9a276\" id=\"block_60ba032b9a276\">\n            <div class=\"faq-card\">\n            <div class=\"faq-card-header\" id=\"heading-1\">\n                <h4 class=\"mb-0\">\n                    <a href=\"javascript:void(0)\" class=\"accordion-toggle d-flex\" type=\"button\" data-toggle=\"collapse\" data-target=\"#collapse-1\" aria-expanded=\"false\" aria-controls=\"collapse-1\">\n                    <span>\u00bfQu\u00e9 es AcarZero\u2122 y para qu\u00e9 se utiliza?<\/span>\n                    <i class=\"accordion_icon fas fa-plus\"><\/i>\n                    <\/a>\n                <\/h4>\n            <\/div>\n\n            <div id=\"collapse-1\" class=\"collapse\" aria-labelledby=\"heading-1\" data-parent=\"#block_60ba032b9a276\">\n                <div class=\"card-body\">\n                    <p>AcarZero\u2122 es un dispositivo electr\u00f3nico acaricida que utiliza la <a title=\"prodotti antiacaro\" href=\"https:\/\/ultrasoundtech.it\/es\/prodotti\/antiacaros\/\">ttecnolog\u00eda de los ultrasonidos para reducir la concentraci\u00f3n de \u00e1caros del polvo<\/a> ya colonizados o para prevenir su formaci\u00f3n en ambientes sanos, sin recurrir al uso de productos qu\u00edmicos potencialmente da\u00f1inos para el ser humano.<\/p>\n                <\/div>\n            <\/div>\n        <\/div>\n                <div class=\"faq-card\">\n            <div class=\"faq-card-header\" id=\"heading-2\">\n                <h4 class=\"mb-0\">\n                    <a href=\"javascript:void(0)\" class=\"accordion-toggle d-flex\" type=\"button\" data-toggle=\"collapse\" data-target=\"#collapse-2\" aria-expanded=\"false\" aria-controls=\"collapse-2\">\n                    <span>\u00bfCu\u00e1nto dura el dispositivo acaricida ultras\u00f3nico? \u00bfHay que tenerlo enchufado todo el tiempo?<\/span>\n                    <i class=\"accordion_icon fas fa-plus\"><\/i>\n                    <\/a>\n                <\/h4>\n            <\/div>\n\n            <div id=\"collapse-2\" class=\"collapse\" aria-labelledby=\"heading-2\" data-parent=\"#block_60ba032b9a276\">\n                <div class=\"card-body\">\n                    <p>El <a href=\"https:\/\/ultrasoundtech.it\/es\/prodotto\/acarzero-home-dispositivo-acaricida-ultrasonico\/\">dispositivo AcarZero\u2122 HOME<\/a>, eficaz para el medio ambiente, no necesita ser sustituido porque se alimenta de la red el\u00e9ctrica (220 V). En cualquier caso, para que sea realmente efectiva, debe mantenerse siempre activa sin ninguna interrupci\u00f3n desde el momento de la activaci\u00f3n.<\/p>\n                <\/div>\n            <\/div>\n        <\/div>\n                <div class=\"faq-card\">\n            <div class=\"faq-card-header\" id=\"heading-3\">\n                <h4 class=\"mb-0\">\n                    <a href=\"javascript:void(0)\" class=\"accordion-toggle d-flex\" type=\"button\" data-toggle=\"collapse\" data-target=\"#collapse-3\" aria-expanded=\"false\" aria-controls=\"collapse-3\">\n                    <span>\u00bfHay que instalar AcarZero\u2122 HOME en todas las habitaciones?<\/span>\n                    <i class=\"accordion_icon fas fa-plus\"><\/i>\n                    <\/a>\n                <\/h4>\n            <\/div>\n\n            <div id=\"collapse-3\" class=\"collapse\" aria-labelledby=\"heading-3\" data-parent=\"#block_60ba032b9a276\">\n                <div class=\"card-body\">\n                    <p>El dispositivo AcarZero\u2122 HOME es eficaz en entornos abiertos de hasta 90 pies c\u00fabicos de volumen. Al tratarse de simples ondas sonoras mec\u00e1nicas, son absolutamente incapaces de atravesar paredes o puertas cerradas. Desde el momento de la activaci\u00f3n, las ondas sonoras mec\u00e1nicas emitidas por el dispositivo se difunden lentamente por el entorno en el que est\u00e1 instalado. Al cabo de un tiempo desde su instalaci\u00f3n, el aparato satura el ambiente y los ultrasonidos se expanden all\u00ed donde hay flujo de aire. Sin embargo, para obtener la m\u00e1xima eficacia, es aconsejable <a href=\"https:\/\/ultrasoundtech.it\/es\/prodotto\/acarzero-home-dispositivo-acaricida-ultrasonico\/\">instalar un dispositivo AcarZero\u2122 HOME<\/a> en cada ambiente del hogar que se desee recuperar de los \u00e1caros o preservar de forma constante y eficaz de su colonizaci\u00f3n.<\/p>\n                <\/div>\n            <\/div>\n        <\/div>\n                <div class=\"faq-card\">\n            <div class=\"faq-card-header\" id=\"heading-4\">\n                <h4 class=\"mb-0\">\n                    <a href=\"javascript:void(0)\" class=\"accordion-toggle d-flex\" type=\"button\" data-toggle=\"collapse\" data-target=\"#collapse-4\" aria-expanded=\"false\" aria-controls=\"collapse-4\">\n                    <span>\u00bfEn cu\u00e1nto tiempo podr\u00e9 apreciar los beneficios del uso de AcarZero\u2122?<\/span>\n                    <i class=\"accordion_icon fas fa-plus\"><\/i>\n                    <\/a>\n                <\/h4>\n            <\/div>\n\n            <div id=\"collapse-4\" class=\"collapse\" aria-labelledby=\"heading-4\" data-parent=\"#block_60ba032b9a276\">\n                <div class=\"card-body\">\n                    <p>La m\u00e1xima eficacia en la reducci\u00f3n de las plagas en el medio ambiente se obtiene tras 90 d\u00edas de uso del producto. Los primeros efectos, en los que ya se puede ver una reducci\u00f3n significativa de la colonia de \u00e1caros, se producen despu\u00e9s de unos 40 d\u00edas desde la activaci\u00f3n del dispositivo. Para maximizar la eficacia hay que recordar que los <a href=\"https:\/\/ultrasoundtech.it\/es\/prodotti\/antiacaros\/\">dispositivos AcarZero\u2122<\/a> no sustituyen la profilaxis recomendada para los al\u00e9rgicos a los \u00e1caros del polvo, sino que se suman a las directrices de la Organizaci\u00f3n Mundial de la Salud, que deben seguirse siempre y para maximizar y no anular el efecto de los dispositivos AcarZero\u2122.<\/p>\n                <\/div>\n            <\/div>\n        <\/div>\n            <\/div><!-- .block -->\n<\/div><!-- .blocks -->  \n<script>\n    \/\/ check the url hash when we first load the page\n    jQuery( document ).ready(function($) {\n        if (window.location.hash != \"\") {\n            $(window.location.hash).collapse(\"show\");\n            $(window.location.hash).siblings().find(\".accordion_icon\").removeClass('fa-plus').addClass('fa-minus');\n        }\n        $('body').on(\"hide.bs.collapse show.bs.collapse\", \"#accordion-block_60ba032b9a276\", (function(t) {\n        if ($(t.target).prev().find(\".accordion_icon\").toggleClass(\"fa-plus fa-minus\"),\n        \"show\" === t.type) {\n            var e = $(t.target).closest(\".faq-card\");\n        }\n      }\n    ));\n    });\n<\/script>\n<\/div><\/div><div class=\"gb-grid-wrapper gb-grid-wrapper-d4302119\"><\/div>\n<p><\/p>\n","protected":false},"excerpt":{"rendered":"<p>PF &#8211; Anti\u00e1caros<\/p>\n","protected":false},"author":125,"featured_media":0,"parent":2622,"menu_order":0,"comment_status":"closed","ping_status":"closed","template":"","meta":{"_acf_changed":false,"footnotes":""},"class_list":["post-2632","page","type-page","status-publish"],"acf":[],"yoast_head":"<!-- This site is optimized with the Yoast SEO plugin v27.4 - https:\/\/yoast.com\/product\/yoast-seo-wordpress\/ -->\n<title>Anti Acarus Devices FAQ - ULTRASOUNDtech\u2122<\/title>\n<meta name=\"description\" content=\"Is ultrasound technology really effective and safe against dust mites? Consult the FAQ section of our website.\" \/>\n<meta name=\"robots\" content=\"index, follow, max-snippet:-1, max-image-preview:large, max-video-preview:-1\" \/>\n<link rel=\"canonical\" href=\"https:\/\/ultrasoundtech.it\/es\/pf\/pf-antiacaros\/\" \/>\n<meta property=\"og:locale\" content=\"es_ES\" \/>\n<meta property=\"og:type\" content=\"article\" \/>\n<meta property=\"og:title\" content=\"Anti Acarus Devices FAQ - ULTRASOUNDtech\u2122\" \/>\n<meta property=\"og:description\" content=\"Is ultrasound technology really effective and safe against dust mites? Consult the FAQ section of our website.\" \/>\n<meta property=\"og:url\" content=\"https:\/\/ultrasoundtech.it\/es\/pf\/pf-antiacaros\/\" \/>\n<meta property=\"og:site_name\" content=\"ULTRASOUNDtech\u2122\" \/>\n<meta property=\"article:publisher\" content=\"https:\/\/www.facebook.com\/ultrasoundtechacarzero\/\" \/>\n<meta property=\"article:modified_time\" content=\"2021-07-30T08:55:17+00:00\" \/>\n<meta property=\"og:image\" content=\"https:\/\/ultrasoundtech.it\/wp-content\/uploads\/2021\/04\/antizanare_new.jpeg\" \/>\n\t<meta property=\"og:image:width\" content=\"1083\" \/>\n\t<meta property=\"og:image:height\" content=\"1380\" \/>\n\t<meta property=\"og:image:type\" content=\"image\/jpeg\" \/>\n<meta name=\"twitter:card\" content=\"summary_large_image\" \/>\n<script type=\"application\/ld+json\" class=\"yoast-schema-graph\">{\"@context\":\"https:\\\/\\\/schema.org\",\"@graph\":[{\"@type\":\"WebPage\",\"@id\":\"https:\\\/\\\/ultrasoundtech.it\\\/es\\\/pf\\\/pf-antiacaros\\\/\",\"url\":\"https:\\\/\\\/ultrasoundtech.it\\\/es\\\/pf\\\/pf-antiacaros\\\/\",\"name\":\"Anti Acarus Devices FAQ - ULTRASOUNDtech\u2122\",\"isPartOf\":{\"@id\":\"https:\\\/\\\/ultrasoundtech.it\\\/#website\"},\"datePublished\":\"2021-07-28T11:10:15+00:00\",\"dateModified\":\"2021-07-30T08:55:17+00:00\",\"description\":\"Is ultrasound technology really effective and safe against dust mites? Consult the FAQ section of our website.\",\"breadcrumb\":{\"@id\":\"https:\\\/\\\/ultrasoundtech.it\\\/es\\\/pf\\\/pf-antiacaros\\\/#breadcrumb\"},\"inLanguage\":\"es\",\"potentialAction\":[{\"@type\":\"ReadAction\",\"target\":[\"https:\\\/\\\/ultrasoundtech.it\\\/es\\\/pf\\\/pf-antiacaros\\\/\"]}]},{\"@type\":\"BreadcrumbList\",\"@id\":\"https:\\\/\\\/ultrasoundtech.it\\\/es\\\/pf\\\/pf-antiacaros\\\/#breadcrumb\",\"itemListElement\":[{\"@type\":\"ListItem\",\"position\":1,\"name\":\"Home\",\"item\":\"https:\\\/\\\/ultrasoundtech.it\\\/es\\\/\"},{\"@type\":\"ListItem\",\"position\":2,\"name\":\"PF\",\"item\":\"https:\\\/\\\/ultrasoundtech.it\\\/es\\\/pf\\\/\"},{\"@type\":\"ListItem\",\"position\":3,\"name\":\"PF &#8211; Anti\u00e1caros\"}]},{\"@type\":\"WebSite\",\"@id\":\"https:\\\/\\\/ultrasoundtech.it\\\/#website\",\"url\":\"https:\\\/\\\/ultrasoundtech.it\\\/\",\"name\":\"ULTRASOUNDtech\u2122\",\"description\":\"\",\"publisher\":{\"@id\":\"https:\\\/\\\/ultrasoundtech.it\\\/#organization\"},\"potentialAction\":[{\"@type\":\"SearchAction\",\"target\":{\"@type\":\"EntryPoint\",\"urlTemplate\":\"https:\\\/\\\/ultrasoundtech.it\\\/?s={search_term_string}\"},\"query-input\":{\"@type\":\"PropertyValueSpecification\",\"valueRequired\":true,\"valueName\":\"search_term_string\"}}],\"inLanguage\":\"es\"},{\"@type\":\"Organization\",\"@id\":\"https:\\\/\\\/ultrasoundtech.it\\\/#organization\",\"name\":\"ULTRASOUNDtech\u2122\",\"url\":\"https:\\\/\\\/ultrasoundtech.it\\\/\",\"logo\":{\"@type\":\"ImageObject\",\"inLanguage\":\"es\",\"@id\":\"https:\\\/\\\/ultrasoundtech.it\\\/#\\\/schema\\\/logo\\\/image\\\/\",\"url\":\"https:\\\/\\\/ultrasoundtech.it\\\/wp-content\\\/uploads\\\/2021\\\/04\\\/logo@3x.png\",\"contentUrl\":\"https:\\\/\\\/ultrasoundtech.it\\\/wp-content\\\/uploads\\\/2021\\\/04\\\/logo@3x.png\",\"width\":504,\"height\":99,\"caption\":\"ULTRASOUNDtech\u2122\"},\"image\":{\"@id\":\"https:\\\/\\\/ultrasoundtech.it\\\/#\\\/schema\\\/logo\\\/image\\\/\"},\"sameAs\":[\"https:\\\/\\\/www.facebook.com\\\/ultrasoundtechacarzero\\\/\",\"https:\\\/\\\/www.instagram.com\\\/ultrasound__tech\\\/\"]}]}<\/script>\n<!-- \/ Yoast SEO plugin. -->","yoast_head_json":{"title":"Anti Acarus Devices FAQ - ULTRASOUNDtech\u2122","description":"Is ultrasound technology really effective and safe against dust mites? Consult the FAQ section of our website.","robots":{"index":"index","follow":"follow","max-snippet":"max-snippet:-1","max-image-preview":"max-image-preview:large","max-video-preview":"max-video-preview:-1"},"canonical":"https:\/\/ultrasoundtech.it\/es\/pf\/pf-antiacaros\/","og_locale":"es_ES","og_type":"article","og_title":"Anti Acarus Devices FAQ - ULTRASOUNDtech\u2122","og_description":"Is ultrasound technology really effective and safe against dust mites? Consult the FAQ section of our website.","og_url":"https:\/\/ultrasoundtech.it\/es\/pf\/pf-antiacaros\/","og_site_name":"ULTRASOUNDtech\u2122","article_publisher":"https:\/\/www.facebook.com\/ultrasoundtechacarzero\/","article_modified_time":"2021-07-30T08:55:17+00:00","og_image":[{"width":1083,"height":1380,"url":"https:\/\/ultrasoundtech.it\/wp-content\/uploads\/2021\/04\/antizanare_new.jpeg","type":"image\/jpeg"}],"twitter_card":"summary_large_image","schema":{"@context":"https:\/\/schema.org","@graph":[{"@type":"WebPage","@id":"https:\/\/ultrasoundtech.it\/es\/pf\/pf-antiacaros\/","url":"https:\/\/ultrasoundtech.it\/es\/pf\/pf-antiacaros\/","name":"Anti Acarus Devices FAQ - ULTRASOUNDtech\u2122","isPartOf":{"@id":"https:\/\/ultrasoundtech.it\/#website"},"datePublished":"2021-07-28T11:10:15+00:00","dateModified":"2021-07-30T08:55:17+00:00","description":"Is ultrasound technology really effective and safe against dust mites? Consult the FAQ section of our website.","breadcrumb":{"@id":"https:\/\/ultrasoundtech.it\/es\/pf\/pf-antiacaros\/#breadcrumb"},"inLanguage":"es","potentialAction":[{"@type":"ReadAction","target":["https:\/\/ultrasoundtech.it\/es\/pf\/pf-antiacaros\/"]}]},{"@type":"BreadcrumbList","@id":"https:\/\/ultrasoundtech.it\/es\/pf\/pf-antiacaros\/#breadcrumb","itemListElement":[{"@type":"ListItem","position":1,"name":"Home","item":"https:\/\/ultrasoundtech.it\/es\/"},{"@type":"ListItem","position":2,"name":"PF","item":"https:\/\/ultrasoundtech.it\/es\/pf\/"},{"@type":"ListItem","position":3,"name":"PF &#8211; Anti\u00e1caros"}]},{"@type":"WebSite","@id":"https:\/\/ultrasoundtech.it\/#website","url":"https:\/\/ultrasoundtech.it\/","name":"ULTRASOUNDtech\u2122","description":"","publisher":{"@id":"https:\/\/ultrasoundtech.it\/#organization"},"potentialAction":[{"@type":"SearchAction","target":{"@type":"EntryPoint","urlTemplate":"https:\/\/ultrasoundtech.it\/?s={search_term_string}"},"query-input":{"@type":"PropertyValueSpecification","valueRequired":true,"valueName":"search_term_string"}}],"inLanguage":"es"},{"@type":"Organization","@id":"https:\/\/ultrasoundtech.it\/#organization","name":"ULTRASOUNDtech\u2122","url":"https:\/\/ultrasoundtech.it\/","logo":{"@type":"ImageObject","inLanguage":"es","@id":"https:\/\/ultrasoundtech.it\/#\/schema\/logo\/image\/","url":"https:\/\/ultrasoundtech.it\/wp-content\/uploads\/2021\/04\/logo@3x.png","contentUrl":"https:\/\/ultrasoundtech.it\/wp-content\/uploads\/2021\/04\/logo@3x.png","width":504,"height":99,"caption":"ULTRASOUNDtech\u2122"},"image":{"@id":"https:\/\/ultrasoundtech.it\/#\/schema\/logo\/image\/"},"sameAs":["https:\/\/www.facebook.com\/ultrasoundtechacarzero\/","https:\/\/www.instagram.com\/ultrasound__tech\/"]}]}},"jetpack_sharing_enabled":true,"_links":{"self":[{"href":"https:\/\/ultrasoundtech.it\/es\/wp-json\/wp\/v2\/pages\/2632","targetHints":{"allow":["GET"]}}],"collection":[{"href":"https:\/\/ultrasoundtech.it\/es\/wp-json\/wp\/v2\/pages"}],"about":[{"href":"https:\/\/ultrasoundtech.it\/es\/wp-json\/wp\/v2\/types\/page"}],"author":[{"embeddable":true,"href":"https:\/\/ultrasoundtech.it\/es\/wp-json\/wp\/v2\/users\/125"}],"replies":[{"embeddable":true,"href":"https:\/\/ultrasoundtech.it\/es\/wp-json\/wp\/v2\/comments?post=2632"}],"version-history":[{"count":5,"href":"https:\/\/ultrasoundtech.it\/es\/wp-json\/wp\/v2\/pages\/2632\/revisions"}],"predecessor-version":[{"id":2991,"href":"https:\/\/ultrasoundtech.it\/es\/wp-json\/wp\/v2\/pages\/2632\/revisions\/2991"}],"up":[{"embeddable":true,"href":"https:\/\/ultrasoundtech.it\/es\/wp-json\/wp\/v2\/pages\/2622"}],"wp:attachment":[{"href":"https:\/\/ultrasoundtech.it\/es\/wp-json\/wp\/v2\/media?parent=2632"}],"curies":[{"name":"wp","href":"https:\/\/api.w.org\/{rel}","templated":true}]}}