{"id":2653,"date":"2021-06-09T14:31:35","date_gmt":"2021-06-09T12:31:35","guid":{"rendered":"http:\/\/ultrasoundtech.localhost\/informazioni-di-pagamento\/"},"modified":"2021-07-28T15:09:32","modified_gmt":"2021-07-28T13:09:32","slug":"metodo-de-pago","status":"publish","type":"page","link":"https:\/\/ultrasoundtech.it\/es\/metodo-de-pago\/","title":{"rendered":"m\u00e9todo de pago"},"content":{"rendered":"<div class=\"gb-container gb-container-b7f67390\"><div class=\"gb-inside-container\">\n\n<h1 class=\"gb-headline gb-headline-30aab4e1 gb-headline-text ultrasound_title h2\">M\u00c9TODO DE PAGO<\/h1>\n\n\n\n<p>El pago del PRECIO y de los GASTOS (\u00abPAGO\u00bb) en ejecuci\u00f3n del PEDIDO podr\u00e1 realizarse mediante PayPal o tarjetas de cr\u00e9dito, transferencia bancaria y\/o por cualquier otro medio que SAVIFIN decida en cada momento poner a disposici\u00f3n del USUARIO a trav\u00e9s del SITIO WEB y\/o directamente por otros medios.<br>El pago a trav\u00e9s de PayPal o tarjetas de cr\u00e9dito se realizar\u00e1 redirigiendo a sitios oficiales seguros, donde se completar\u00e1n los procedimientos de transferencia de las cantidades debidas a SAVIFIN. Los datos financieros del CLIENTE ser\u00e1n tratados directamente por los sitios oficiales seguros y no ser\u00e1n compartidos con SAVIFIN.<br>El importe total a pagar por cada PEDIDO se cargar\u00e1 al USUARIO en el momento de la confirmaci\u00f3n del pedido, seg\u00fan la forma de pago elegida.<\/p>\n\n<\/div><\/div>","protected":false},"excerpt":{"rendered":"<p>M\u00c9TODO DE PAGO El pago del PRECIO y de los GASTOS (\u00abPAGO\u00bb) en ejecuci\u00f3n del PEDIDO podr\u00e1 realizarse mediante PayPal o tarjetas de cr\u00e9dito, transferencia bancaria y\/o por cualquier otro medio que SAVIFIN decida en cada momento poner a disposici\u00f3n del USUARIO a trav\u00e9s del SITIO WEB y\/o directamente por otros medios.El pago a trav\u00e9s &#8230; <a title=\"m\u00e9todo de pago\" class=\"read-more\" href=\"https:\/\/ultrasoundtech.it\/es\/metodo-de-pago\/\" aria-label=\"Leer m\u00e1s sobre m\u00e9todo de pago\">Lee mas<\/a><\/p>\n","protected":false},"author":10,"featured_media":0,"parent":0,"menu_order":0,"comment_status":"closed","ping_status":"closed","template":"","meta":{"_acf_changed":false,"footnotes":""},"class_list":["post-2653","page","type-page","status-publish"],"acf":[],"yoast_head":"<!-- This site is optimized with the Yoast SEO plugin v27.4 - https:\/\/yoast.com\/product\/yoast-seo-wordpress\/ -->\n<title>m\u00e9todo de pago - ULTRASOUNDtech\u2122<\/title>\n<meta name=\"robots\" content=\"index, follow, max-snippet:-1, max-image-preview:large, max-video-preview:-1\" \/>\n<link rel=\"canonical\" href=\"https:\/\/ultrasoundtech.it\/es\/metodo-de-pago\/\" \/>\n<meta property=\"og:locale\" content=\"es_ES\" \/>\n<meta property=\"og:type\" content=\"article\" \/>\n<meta property=\"og:title\" content=\"m\u00e9todo de pago - ULTRASOUNDtech\u2122\" \/>\n<meta property=\"og:description\" content=\"M\u00c9TODO DE PAGO El pago del PRECIO y de los GASTOS (\u00abPAGO\u00bb) en ejecuci\u00f3n del PEDIDO podr\u00e1 realizarse mediante PayPal o tarjetas de cr\u00e9dito, transferencia bancaria y\/o por cualquier otro medio que SAVIFIN decida en cada momento poner a disposici\u00f3n del USUARIO a trav\u00e9s del SITIO WEB y\/o directamente por otros medios.El pago a trav\u00e9s ... Lee mas\" \/>\n<meta property=\"og:url\" content=\"https:\/\/ultrasoundtech.it\/es\/metodo-de-pago\/\" \/>\n<meta property=\"og:site_name\" content=\"ULTRASOUNDtech\u2122\" \/>\n<meta property=\"article:publisher\" content=\"https:\/\/www.facebook.com\/ultrasoundtechacarzero\/\" \/>\n<meta property=\"article:modified_time\" content=\"2021-07-28T13:09:32+00:00\" \/>\n<meta property=\"og:image\" content=\"https:\/\/ultrasoundtech.it\/wp-content\/uploads\/2021\/04\/antizanare_new.jpeg\" \/>\n\t<meta property=\"og:image:width\" content=\"1083\" \/>\n\t<meta property=\"og:image:height\" content=\"1380\" \/>\n\t<meta property=\"og:image:type\" content=\"image\/jpeg\" \/>\n<meta name=\"twitter:card\" content=\"summary_large_image\" \/>\n<meta name=\"twitter:label1\" content=\"Tiempo de lectura\" \/>\n\t<meta name=\"twitter:data1\" content=\"1 minuto\" \/>\n<script type=\"application\/ld+json\" class=\"yoast-schema-graph\">{\"@context\":\"https:\\\/\\\/schema.org\",\"@graph\":[{\"@type\":\"WebPage\",\"@id\":\"https:\\\/\\\/ultrasoundtech.it\\\/es\\\/metodo-de-pago\\\/\",\"url\":\"https:\\\/\\\/ultrasoundtech.it\\\/es\\\/metodo-de-pago\\\/\",\"name\":\"m\u00e9todo de pago - ULTRASOUNDtech\u2122\",\"isPartOf\":{\"@id\":\"https:\\\/\\\/ultrasoundtech.it\\\/#website\"},\"datePublished\":\"2021-06-09T12:31:35+00:00\",\"dateModified\":\"2021-07-28T13:09:32+00:00\",\"breadcrumb\":{\"@id\":\"https:\\\/\\\/ultrasoundtech.it\\\/es\\\/metodo-de-pago\\\/#breadcrumb\"},\"inLanguage\":\"es\",\"potentialAction\":[{\"@type\":\"ReadAction\",\"target\":[\"https:\\\/\\\/ultrasoundtech.it\\\/es\\\/metodo-de-pago\\\/\"]}]},{\"@type\":\"BreadcrumbList\",\"@id\":\"https:\\\/\\\/ultrasoundtech.it\\\/es\\\/metodo-de-pago\\\/#breadcrumb\",\"itemListElement\":[{\"@type\":\"ListItem\",\"position\":1,\"name\":\"Home\",\"item\":\"https:\\\/\\\/ultrasoundtech.it\\\/es\\\/\"},{\"@type\":\"ListItem\",\"position\":2,\"name\":\"m\u00e9todo de pago\"}]},{\"@type\":\"WebSite\",\"@id\":\"https:\\\/\\\/ultrasoundtech.it\\\/#website\",\"url\":\"https:\\\/\\\/ultrasoundtech.it\\\/\",\"name\":\"ULTRASOUNDtech\u2122\",\"description\":\"\",\"publisher\":{\"@id\":\"https:\\\/\\\/ultrasoundtech.it\\\/#organization\"},\"potentialAction\":[{\"@type\":\"SearchAction\",\"target\":{\"@type\":\"EntryPoint\",\"urlTemplate\":\"https:\\\/\\\/ultrasoundtech.it\\\/?s={search_term_string}\"},\"query-input\":{\"@type\":\"PropertyValueSpecification\",\"valueRequired\":true,\"valueName\":\"search_term_string\"}}],\"inLanguage\":\"es\"},{\"@type\":\"Organization\",\"@id\":\"https:\\\/\\\/ultrasoundtech.it\\\/#organization\",\"name\":\"ULTRASOUNDtech\u2122\",\"url\":\"https:\\\/\\\/ultrasoundtech.it\\\/\",\"logo\":{\"@type\":\"ImageObject\",\"inLanguage\":\"es\",\"@id\":\"https:\\\/\\\/ultrasoundtech.it\\\/#\\\/schema\\\/logo\\\/image\\\/\",\"url\":\"https:\\\/\\\/ultrasoundtech.it\\\/wp-content\\\/uploads\\\/2021\\\/04\\\/logo@3x.png\",\"contentUrl\":\"https:\\\/\\\/ultrasoundtech.it\\\/wp-content\\\/uploads\\\/2021\\\/04\\\/logo@3x.png\",\"width\":504,\"height\":99,\"caption\":\"ULTRASOUNDtech\u2122\"},\"image\":{\"@id\":\"https:\\\/\\\/ultrasoundtech.it\\\/#\\\/schema\\\/logo\\\/image\\\/\"},\"sameAs\":[\"https:\\\/\\\/www.facebook.com\\\/ultrasoundtechacarzero\\\/\",\"https:\\\/\\\/www.instagram.com\\\/ultrasound__tech\\\/\"]}]}<\/script>\n<!-- \/ Yoast SEO plugin. -->","yoast_head_json":{"title":"m\u00e9todo de pago - ULTRASOUNDtech\u2122","robots":{"index":"index","follow":"follow","max-snippet":"max-snippet:-1","max-image-preview":"max-image-preview:large","max-video-preview":"max-video-preview:-1"},"canonical":"https:\/\/ultrasoundtech.it\/es\/metodo-de-pago\/","og_locale":"es_ES","og_type":"article","og_title":"m\u00e9todo de pago - ULTRASOUNDtech\u2122","og_description":"M\u00c9TODO DE PAGO El pago del PRECIO y de los GASTOS (\u00abPAGO\u00bb) en ejecuci\u00f3n del PEDIDO podr\u00e1 realizarse mediante PayPal o tarjetas de cr\u00e9dito, transferencia bancaria y\/o por cualquier otro medio que SAVIFIN decida en cada momento poner a disposici\u00f3n del USUARIO a trav\u00e9s del SITIO WEB y\/o directamente por otros medios.El pago a trav\u00e9s ... Lee mas","og_url":"https:\/\/ultrasoundtech.it\/es\/metodo-de-pago\/","og_site_name":"ULTRASOUNDtech\u2122","article_publisher":"https:\/\/www.facebook.com\/ultrasoundtechacarzero\/","article_modified_time":"2021-07-28T13:09:32+00:00","og_image":[{"width":1083,"height":1380,"url":"https:\/\/ultrasoundtech.it\/wp-content\/uploads\/2021\/04\/antizanare_new.jpeg","type":"image\/jpeg"}],"twitter_card":"summary_large_image","twitter_misc":{"Tiempo de lectura":"1 minuto"},"schema":{"@context":"https:\/\/schema.org","@graph":[{"@type":"WebPage","@id":"https:\/\/ultrasoundtech.it\/es\/metodo-de-pago\/","url":"https:\/\/ultrasoundtech.it\/es\/metodo-de-pago\/","name":"m\u00e9todo de pago - ULTRASOUNDtech\u2122","isPartOf":{"@id":"https:\/\/ultrasoundtech.it\/#website"},"datePublished":"2021-06-09T12:31:35+00:00","dateModified":"2021-07-28T13:09:32+00:00","breadcrumb":{"@id":"https:\/\/ultrasoundtech.it\/es\/metodo-de-pago\/#breadcrumb"},"inLanguage":"es","potentialAction":[{"@type":"ReadAction","target":["https:\/\/ultrasoundtech.it\/es\/metodo-de-pago\/"]}]},{"@type":"BreadcrumbList","@id":"https:\/\/ultrasoundtech.it\/es\/metodo-de-pago\/#breadcrumb","itemListElement":[{"@type":"ListItem","position":1,"name":"Home","item":"https:\/\/ultrasoundtech.it\/es\/"},{"@type":"ListItem","position":2,"name":"m\u00e9todo de pago"}]},{"@type":"WebSite","@id":"https:\/\/ultrasoundtech.it\/#website","url":"https:\/\/ultrasoundtech.it\/","name":"ULTRASOUNDtech\u2122","description":"","publisher":{"@id":"https:\/\/ultrasoundtech.it\/#organization"},"potentialAction":[{"@type":"SearchAction","target":{"@type":"EntryPoint","urlTemplate":"https:\/\/ultrasoundtech.it\/?s={search_term_string}"},"query-input":{"@type":"PropertyValueSpecification","valueRequired":true,"valueName":"search_term_string"}}],"inLanguage":"es"},{"@type":"Organization","@id":"https:\/\/ultrasoundtech.it\/#organization","name":"ULTRASOUNDtech\u2122","url":"https:\/\/ultrasoundtech.it\/","logo":{"@type":"ImageObject","inLanguage":"es","@id":"https:\/\/ultrasoundtech.it\/#\/schema\/logo\/image\/","url":"https:\/\/ultrasoundtech.it\/wp-content\/uploads\/2021\/04\/logo@3x.png","contentUrl":"https:\/\/ultrasoundtech.it\/wp-content\/uploads\/2021\/04\/logo@3x.png","width":504,"height":99,"caption":"ULTRASOUNDtech\u2122"},"image":{"@id":"https:\/\/ultrasoundtech.it\/#\/schema\/logo\/image\/"},"sameAs":["https:\/\/www.facebook.com\/ultrasoundtechacarzero\/","https:\/\/www.instagram.com\/ultrasound__tech\/"]}]}},"jetpack_sharing_enabled":true,"_links":{"self":[{"href":"https:\/\/ultrasoundtech.it\/es\/wp-json\/wp\/v2\/pages\/2653","targetHints":{"allow":["GET"]}}],"collection":[{"href":"https:\/\/ultrasoundtech.it\/es\/wp-json\/wp\/v2\/pages"}],"about":[{"href":"https:\/\/ultrasoundtech.it\/es\/wp-json\/wp\/v2\/types\/page"}],"author":[{"embeddable":true,"href":"https:\/\/ultrasoundtech.it\/es\/wp-json\/wp\/v2\/users\/10"}],"replies":[{"embeddable":true,"href":"https:\/\/ultrasoundtech.it\/es\/wp-json\/wp\/v2\/comments?post=2653"}],"version-history":[{"count":1,"href":"https:\/\/ultrasoundtech.it\/es\/wp-json\/wp\/v2\/pages\/2653\/revisions"}],"predecessor-version":[{"id":2655,"href":"https:\/\/ultrasoundtech.it\/es\/wp-json\/wp\/v2\/pages\/2653\/revisions\/2655"}],"wp:attachment":[{"href":"https:\/\/ultrasoundtech.it\/es\/wp-json\/wp\/v2\/media?parent=2653"}],"curies":[{"name":"wp","href":"https:\/\/api.w.org\/{rel}","templated":true}]}}