{"id":2669,"date":"2021-07-28T15:31:14","date_gmt":"2021-07-28T13:31:14","guid":{"rendered":"http:\/\/ultrasoundtech.localhost\/mision\/"},"modified":"2021-07-29T22:43:35","modified_gmt":"2021-07-29T20:43:35","slug":"mision","status":"publish","type":"page","link":"https:\/\/ultrasoundtech.it\/es\/mision\/","title":{"rendered":"Misi\u00f3n"},"content":{"rendered":"<div class=\"gb-container gb-container-872fe076 mission_header\"><div class=\"gb-inside-container\">\n\n<h1 class=\"gb-headline gb-headline-fdf10d5d gb-headline-text ultrasound_title h2\">Misi\u00f3n<\/h1>\n\n\n\n<p class=\"max-width-410 font-weight-500 mfs-15 mobile-text-left has-medium-font-size\"><span class=\"has-inline-color has-white-color\">Llegados a este punto de nuestra historia, todos tenemos que elegir.<\/span><\/p>\n\n\n\n<div style=\"height:25px\" aria-hidden=\"true\" class=\"wp-block-spacer\"><\/div>\n\n\n<div class=\"gb-button-wrapper gb-button-wrapper-13a1b6e8\">\n\n<a class=\"gb-button gb-button-d5fdc98c\" href=\"#contenuto\"><span class=\"gb-button-text\">Descubra m\u00e1s cosas<\/span><\/a>\n\n<\/div>\n<\/div><\/div><div class=\"gb-container gb-container-5a026dcf\" id=\"contenuto\"><div class=\"gb-inside-container\">\n<div class=\"gb-grid-wrapper gb-grid-wrapper-177ed2f2\">\n<div class=\"gb-grid-column gb-grid-column-16aef477\"><div class=\"gb-container gb-container-16aef477\"><div class=\"gb-inside-container\">\n\n<p class=\"lh-30 mobile-text-left\">El planeta en el que vivimos necesita nuestra ayuda para sobrevivir y seguir acogi\u00e9ndonos como lo ha hecho durante los milenios en los que nos ha dado cobijo. <strong>El cambio es dif\u00edcil, doloroso y traum\u00e1tico, pero sobre todo es necesario;<\/strong> debemos garantizar el desarrollo y el progreso de la humanidad.<\/p>\n\n\n\n<p class=\"lh-30 mobile-text-left\">En ULTRASOUNDtech\u2122 creemos firmemente que el individuo debe comprometerse en todos los aspectos de su vida a <strong>salvaguardar y proteger la naturaleza que nos rodea<\/strong>, viviendo en equilibrio con el complejo ecosistema del que formamos parte, no como due\u00f1os sino como engranajes de un mecanismo perfecto.<\/p>\n\n<\/div><\/div><\/div>\n<\/div>\n<\/div><\/div><div class=\"gb-container gb-container-3d543284 mission-cane-bg\"><div class=\"gb-inside-container\">\n<div class=\"gb-grid-wrapper gb-grid-wrapper-588ade2f\">\n<div class=\"gb-grid-column gb-grid-column-770dbd0a\"><div class=\"gb-container gb-container-770dbd0a max-width-540 margin-left-auto\"><div class=\"gb-inside-container\">\n\n<p class=\"has-text-align-right text-right\">Nuestro compromiso y nuestra empresa nacieron de esta necesidad: encontrar una soluci\u00f3n alternativa a los pesticidas qu\u00edmicos tradicionales. Lo hemos conseguido.<\/p>\n\n\n\n<p class=\"has-text-align-right text-right\">Hemos desarrollado una tecnolog\u00eda que nos permite conseguir resultados \u00f3ptimos y eficaces sin liberar productos qu\u00edmicos nocivos para el medio ambiente.<\/p>\n\n<\/div><\/div><\/div>\n<\/div>\n<\/div><\/div><div class=\"gb-container gb-container-7c55c996\"><div class=\"gb-inside-container\">\n\n<p class=\"has-text-align-center lh-30 mobile-text-left\">Creemos que todas las generaciones le deben a las siguientes dejar el mundo y la sociedad mejor de lo que los encontraron, para desencadenar un ciclo virtuoso hacia un modelo social inclusivo, sostenible y sobre todo respetuoso con el capital humano que tenemos. Por eso, en ULTRASOUNDtech\u2122, ahora que podemos, nos comprometeremos trimestralmente a donar una parte de nuestros beneficios a organizaciones ben\u00e9ficas en consonancia con los Objetivos de Desarrollo Sostenible<\/p>\n\n\n\n<div style=\"height:40px\" aria-hidden=\"true\" class=\"wp-block-spacer hide_on_mobile\"><\/div>\n\n\n\n<div class=\"wp-block-image\"><figure class=\"aligncenter size-large is-resized\"><a href=\"https:\/\/ultrasoundtech.it\/sostenibilita\/\"><img loading=\"lazy\" decoding=\"async\" src=\"https:\/\/ultrasoundtech.it\/wp-content\/uploads\/2021\/04\/e-sdg-logo-470.jpg\" alt=\"\" class=\"wp-image-2675\" width=\"470\" height=\"86\" srcset=\"https:\/\/ultrasoundtech.it\/wp-content\/uploads\/2021\/04\/e-sdg-logo-470.jpg 470w, https:\/\/ultrasoundtech.it\/wp-content\/uploads\/2021\/04\/e-sdg-logo-470-300x55.jpg 300w\" sizes=\"auto, (max-width: 470px) 100vw, 470px\" \/><\/a><\/figure><\/div>\n\n\n\n<div style=\"height:35px\" aria-hidden=\"true\" class=\"wp-block-spacer hide_on_mobile\"><\/div>\n\n\n\n<h2 class=\"gb-headline gb-headline-9e6cf5f3 gb-headline-text ultrasound_title mobile-text-left\">elaborados por las Naciones Unidas\r\na los que estamos encantados de contribuir.<\/h2>\n\n\n\n<div style=\"height:40px\" aria-hidden=\"true\" class=\"wp-block-spacer hide_on_mobile\"><\/div>\n\n\n\n<p class=\"has-text-align-center max-width-560 m-auto\">De ellos seleccionamos a cinco, los que sentimos m\u00e1s cercanos, que ser\u00e1n nuestra gu\u00eda para devolver al planeta y a la comunidad lo que les corresponde.&#13;\n<\/p>\n\n\n\n<div style=\"height:60px\" aria-hidden=\"true\" class=\"wp-block-spacer hide_on_mobile\"><\/div>\n\n\n\n<div style=\"height:20px\" aria-hidden=\"true\" class=\"wp-block-spacer hide_on_desktop\"><\/div>\n\n\n\r\n<div id=\"custom_button-block_607ed19727557\" class=\" custom_button justify-content-center\">\r\n    <div class=\"ultrasound_button block_607ed19727557\">\r\n        <a class=\"d-flex\" href=\"\/es\/sustentabilidad\/\" target=\"_self\">\r\n            <i class=\"fas fa-long-arrow-alt-right\"><\/i><span class=\"button\" >Explora m\u00e1s<\/span>\r\n        <\/a>\r\n    <\/div>\r\n<\/div>\r\n\n<\/div><\/div><div class=\"gb-container gb-container-a8d305af mission-bg3\"><div class=\"gb-inside-container\">\n\n<h2 class=\"gb-headline gb-headline-1b138ce3 gb-headline-text max-width-545\">Lo que hemos hecho hasta ahora es s\u00f3lo una parte de lo que nos gustar\u00eda poder hacer.<\/h2>\n\n<\/div><\/div><div class=\"gb-container gb-container-82762053 mobile_no_padding_right\"><div class=\"gb-inside-container\">\n\n<h2 class=\"gb-headline gb-headline-0d919ebb gb-headline-text ultrasound_title\">Descubra los productos de ULTRASOUNDtech\u2122<\/h2>\n\n\n\n\n\n<div id=\"product_slider-block_604902a3b4da5\" class=\"container-fluid  product_slider\">\n\n    <div class=\"ultrasound_slider_product row block_604902a3b4da5\">\n\n\n\n    \n            <div class=\"col px-side-20\">\n\n                <div class=\"product_img_wrapper\">\n\n                    <div class=\"single_product_img\"><img loading=\"lazy\" decoding=\"async\" width=\"700\" height=\"700\" src=\"https:\/\/ultrasoundtech.it\/wp-content\/uploads\/2024\/07\/ultrasound-zerozzz-kit-travel-2.png\" class=\"attachment-full size-full wp-post-image\" alt=\"\" srcset=\"https:\/\/ultrasoundtech.it\/wp-content\/uploads\/2024\/07\/ultrasound-zerozzz-kit-travel-2.png 700w, https:\/\/ultrasoundtech.it\/wp-content\/uploads\/2024\/07\/ultrasound-zerozzz-kit-travel-2-300x300.png 300w, https:\/\/ultrasoundtech.it\/wp-content\/uploads\/2024\/07\/ultrasound-zerozzz-kit-travel-2-167x167.png 167w, https:\/\/ultrasoundtech.it\/wp-content\/uploads\/2024\/07\/ultrasound-zerozzz-kit-travel-2-60x60.png 60w, https:\/\/ultrasoundtech.it\/wp-content\/uploads\/2024\/07\/ultrasound-zerozzz-kit-travel-2-110x110.png 110w, https:\/\/ultrasoundtech.it\/wp-content\/uploads\/2024\/07\/ultrasound-zerozzz-kit-travel-2-100x100.png 100w\" sizes=\"auto, (max-width: 700px) 100vw, 700px\" \/><\/div>\n\n                    <div class=\"product-slider__body align-items-center d-flex\">\n\n                        <a href=\"https:\/\/ultrasoundtech.it\/es\/prodotto\/zerozzz-kit-travel\/\" class=\"m-auto btn gtag_product_carousel\"  data-id=\"12387\" data-name=\"\" data-price=\"55.80\" data-category=\"\">Comprar ahora<\/a>\n\n                    <\/div>\n\n                    \n                        <img decoding=\"async\" class=\"product_slider_title\" src=\"https:\/\/ultrasoundtech.it\/wp-content\/uploads\/2022\/04\/flexy-title-3.png\" alt=\"flexy-title\" \/>\n\n                    \n                <\/div>\n\n            <\/div>\n\n            \n            <div class=\"col px-side-20\">\n\n                <div class=\"product_img_wrapper\">\n\n                    <div class=\"single_product_img\"><img loading=\"lazy\" decoding=\"async\" width=\"700\" height=\"700\" src=\"https:\/\/ultrasoundtech.it\/wp-content\/uploads\/2024\/06\/ultrasound-zerozzz-kit-estate-1.png\" class=\"attachment-full size-full wp-post-image\" alt=\"\" srcset=\"https:\/\/ultrasoundtech.it\/wp-content\/uploads\/2024\/06\/ultrasound-zerozzz-kit-estate-1.png 700w, https:\/\/ultrasoundtech.it\/wp-content\/uploads\/2024\/06\/ultrasound-zerozzz-kit-estate-1-300x300.png 300w, https:\/\/ultrasoundtech.it\/wp-content\/uploads\/2024\/06\/ultrasound-zerozzz-kit-estate-1-167x167.png 167w, https:\/\/ultrasoundtech.it\/wp-content\/uploads\/2024\/06\/ultrasound-zerozzz-kit-estate-1-60x60.png 60w, https:\/\/ultrasoundtech.it\/wp-content\/uploads\/2024\/06\/ultrasound-zerozzz-kit-estate-1-110x110.png 110w, https:\/\/ultrasoundtech.it\/wp-content\/uploads\/2024\/06\/ultrasound-zerozzz-kit-estate-1-100x100.png 100w\" sizes=\"auto, (max-width: 700px) 100vw, 700px\" \/><\/div>\n\n                    <div class=\"product-slider__body align-items-center d-flex\">\n\n                        <a href=\"https:\/\/ultrasoundtech.it\/es\/prodotto\/zerozzz-kit\/\" class=\"m-auto btn gtag_product_carousel\"  data-id=\"12162\" data-name=\"\" data-price=\"54.80\" data-category=\"\">Comprar ahora<\/a>\n\n                    <\/div>\n\n                    \n                        <img decoding=\"async\" class=\"product_slider_title\" src=\"https:\/\/ultrasoundtech.it\/wp-content\/uploads\/2022\/04\/flexy-title-3.png\" alt=\"flexy-title\" \/>\n\n                    \n                <\/div>\n\n            <\/div>\n\n            \n            <div class=\"col px-side-20\">\n\n                <div class=\"product_img_wrapper\">\n\n                    <div class=\"single_product_img\"><img loading=\"lazy\" decoding=\"async\" width=\"700\" height=\"700\" src=\"https:\/\/ultrasoundtech.it\/wp-content\/uploads\/2022\/04\/ZeroZzz_FLEXY_dettaglio_rosso-1.png\" class=\"attachment-full size-full wp-post-image\" alt=\"ZeroZzz\u2122 FLEXY \u2013 Braccialetto antizanzare - Rosso\" srcset=\"https:\/\/ultrasoundtech.it\/wp-content\/uploads\/2022\/04\/ZeroZzz_FLEXY_dettaglio_rosso-1.png 700w, https:\/\/ultrasoundtech.it\/wp-content\/uploads\/2022\/04\/ZeroZzz_FLEXY_dettaglio_rosso-1-300x300.png 300w, https:\/\/ultrasoundtech.it\/wp-content\/uploads\/2022\/04\/ZeroZzz_FLEXY_dettaglio_rosso-1-167x167.png 167w, https:\/\/ultrasoundtech.it\/wp-content\/uploads\/2022\/04\/ZeroZzz_FLEXY_dettaglio_rosso-1-60x60.png 60w, https:\/\/ultrasoundtech.it\/wp-content\/uploads\/2022\/04\/ZeroZzz_FLEXY_dettaglio_rosso-1-110x110.png 110w, https:\/\/ultrasoundtech.it\/wp-content\/uploads\/2022\/04\/ZeroZzz_FLEXY_dettaglio_rosso-1-100x100.png 100w\" sizes=\"auto, (max-width: 700px) 100vw, 700px\" \/><\/div>\n\n                    <div class=\"product-slider__body align-items-center d-flex\">\n\n                        <a href=\"https:\/\/ultrasoundtech.it\/es\/prodotto\/zerozzz-flexy\/\" class=\"m-auto btn gtag_product_carousel\"  data-id=\"12196\" data-name=\"\" data-price=\"27.90\" data-category=\"\">Comprar ahora<\/a>\n\n                    <\/div>\n\n                    \n                        <img decoding=\"async\" class=\"product_slider_title\" src=\"https:\/\/ultrasoundtech.it\/wp-content\/uploads\/2022\/04\/flexy-title-3.png\" alt=\"flexy-title\" \/>\n\n                    \n                <\/div>\n\n            <\/div>\n\n            \n            <div class=\"col px-side-20\">\n\n                <div class=\"product_img_wrapper\">\n\n                    <div class=\"single_product_img\"><img loading=\"lazy\" decoding=\"async\" width=\"700\" height=\"700\" src=\"https:\/\/ultrasoundtech.it\/wp-content\/uploads\/2022\/04\/ZeroZzz_CLIP_dettaglio_giallo-1.png\" class=\"attachment-full size-full wp-post-image\" alt=\"ZeroZzz\u2122 CLIP \u2013 Antizanzare Portatile - Giallo\" srcset=\"https:\/\/ultrasoundtech.it\/wp-content\/uploads\/2022\/04\/ZeroZzz_CLIP_dettaglio_giallo-1.png 700w, https:\/\/ultrasoundtech.it\/wp-content\/uploads\/2022\/04\/ZeroZzz_CLIP_dettaglio_giallo-1-300x300.png 300w, https:\/\/ultrasoundtech.it\/wp-content\/uploads\/2022\/04\/ZeroZzz_CLIP_dettaglio_giallo-1-167x167.png 167w, https:\/\/ultrasoundtech.it\/wp-content\/uploads\/2022\/04\/ZeroZzz_CLIP_dettaglio_giallo-1-60x60.png 60w, https:\/\/ultrasoundtech.it\/wp-content\/uploads\/2022\/04\/ZeroZzz_CLIP_dettaglio_giallo-1-110x110.png 110w, https:\/\/ultrasoundtech.it\/wp-content\/uploads\/2022\/04\/ZeroZzz_CLIP_dettaglio_giallo-1-100x100.png 100w\" sizes=\"auto, (max-width: 700px) 100vw, 700px\" \/><\/div>\n\n                    <div class=\"product-slider__body align-items-center d-flex\">\n\n                        <a href=\"https:\/\/ultrasoundtech.it\/es\/prodotto\/zerozzz-clip\/\" class=\"m-auto btn gtag_product_carousel\"  data-id=\"12249\" data-name=\"\" data-price=\"27.90\" data-category=\"\">Comprar ahora<\/a>\n\n                    <\/div>\n\n                    \n                        <img decoding=\"async\" class=\"product_slider_title\" src=\"https:\/\/ultrasoundtech.it\/wp-content\/uploads\/2022\/04\/clip-title-1.png\" alt=\"clip-title\" \/>\n\n                    \n                <\/div>\n\n            <\/div>\n\n            \n    \n\n    <\/div>\n\n<\/div>\n\n\n\n\n<\/div><\/div>\n<p><\/p>\n","protected":false},"excerpt":{"rendered":"<p>Misi\u00f3n Llegados a este punto de nuestra historia, todos tenemos que elegir. Creemos que todas las generaciones le deben a las siguientes dejar el mundo y la sociedad mejor de lo que los encontraron, para desencadenar un ciclo virtuoso hacia un modelo social inclusivo, sostenible y sobre todo respetuoso con el capital humano que tenemos. &#8230; <a title=\"Misi\u00f3n\" class=\"read-more\" href=\"https:\/\/ultrasoundtech.it\/es\/mision\/\" aria-label=\"Leer m\u00e1s sobre Misi\u00f3n\">Lee mas<\/a><\/p>\n","protected":false},"author":125,"featured_media":0,"parent":0,"menu_order":0,"comment_status":"closed","ping_status":"closed","template":"","meta":{"_acf_changed":false,"footnotes":""},"class_list":["post-2669","page","type-page","status-publish"],"acf":[],"yoast_head":"<!-- This site is optimized with the Yoast SEO plugin v27.4 - https:\/\/yoast.com\/product\/yoast-seo-wordpress\/ -->\n<title>Mission: an Ecological Alternative to Pesticides - ULTRASOUNDtech\u2122<\/title>\n<meta name=\"description\" content=\"Our commitment and our company arise from the need to find an alternative solution to traditional chemical pesticides. Discover!\" \/>\n<meta name=\"robots\" content=\"index, follow, max-snippet:-1, max-image-preview:large, max-video-preview:-1\" \/>\n<link rel=\"canonical\" href=\"https:\/\/ultrasoundtech.it\/es\/mision\/\" \/>\n<meta property=\"og:locale\" content=\"es_ES\" \/>\n<meta property=\"og:type\" content=\"article\" \/>\n<meta property=\"og:title\" content=\"Mission: an Ecological Alternative to Pesticides - ULTRASOUNDtech\u2122\" \/>\n<meta property=\"og:description\" content=\"Our commitment and our company arise from the need to find an alternative solution to traditional chemical pesticides. Discover!\" \/>\n<meta property=\"og:url\" content=\"https:\/\/ultrasoundtech.it\/es\/mision\/\" \/>\n<meta property=\"og:site_name\" content=\"ULTRASOUNDtech\u2122\" \/>\n<meta property=\"article:publisher\" content=\"https:\/\/www.facebook.com\/ultrasoundtechacarzero\/\" \/>\n<meta property=\"article:modified_time\" content=\"2021-07-29T20:43:35+00:00\" \/>\n<meta property=\"og:image\" content=\"https:\/\/ultrasoundtech.it\/wp-content\/uploads\/2021\/04\/e-sdg-logo-470.jpg\" \/>\n<meta name=\"twitter:card\" content=\"summary_large_image\" \/>\n<meta name=\"twitter:label1\" content=\"Tiempo de lectura\" \/>\n\t<meta name=\"twitter:data1\" content=\"2 minutos\" \/>\n<script type=\"application\/ld+json\" class=\"yoast-schema-graph\">{\"@context\":\"https:\\\/\\\/schema.org\",\"@graph\":[{\"@type\":\"WebPage\",\"@id\":\"https:\\\/\\\/ultrasoundtech.it\\\/es\\\/mision\\\/\",\"url\":\"https:\\\/\\\/ultrasoundtech.it\\\/es\\\/mision\\\/\",\"name\":\"Mission: an Ecological Alternative to Pesticides - ULTRASOUNDtech\u2122\",\"isPartOf\":{\"@id\":\"https:\\\/\\\/ultrasoundtech.it\\\/#website\"},\"primaryImageOfPage\":{\"@id\":\"https:\\\/\\\/ultrasoundtech.it\\\/es\\\/mision\\\/#primaryimage\"},\"image\":{\"@id\":\"https:\\\/\\\/ultrasoundtech.it\\\/es\\\/mision\\\/#primaryimage\"},\"thumbnailUrl\":\"https:\\\/\\\/ultrasoundtech.it\\\/wp-content\\\/uploads\\\/2021\\\/04\\\/e-sdg-logo-470.jpg\",\"datePublished\":\"2021-07-28T13:31:14+00:00\",\"dateModified\":\"2021-07-29T20:43:35+00:00\",\"description\":\"Our commitment and our company arise from the need to find an alternative solution to traditional chemical pesticides. Discover!\",\"breadcrumb\":{\"@id\":\"https:\\\/\\\/ultrasoundtech.it\\\/es\\\/mision\\\/#breadcrumb\"},\"inLanguage\":\"es\",\"potentialAction\":[{\"@type\":\"ReadAction\",\"target\":[\"https:\\\/\\\/ultrasoundtech.it\\\/es\\\/mision\\\/\"]}]},{\"@type\":\"ImageObject\",\"inLanguage\":\"es\",\"@id\":\"https:\\\/\\\/ultrasoundtech.it\\\/es\\\/mision\\\/#primaryimage\",\"url\":\"https:\\\/\\\/ultrasoundtech.it\\\/wp-content\\\/uploads\\\/2021\\\/04\\\/e-sdg-logo-470.jpg\",\"contentUrl\":\"https:\\\/\\\/ultrasoundtech.it\\\/wp-content\\\/uploads\\\/2021\\\/04\\\/e-sdg-logo-470.jpg\"},{\"@type\":\"BreadcrumbList\",\"@id\":\"https:\\\/\\\/ultrasoundtech.it\\\/es\\\/mision\\\/#breadcrumb\",\"itemListElement\":[{\"@type\":\"ListItem\",\"position\":1,\"name\":\"Home\",\"item\":\"https:\\\/\\\/ultrasoundtech.it\\\/es\\\/\"},{\"@type\":\"ListItem\",\"position\":2,\"name\":\"Misi\u00f3n\"}]},{\"@type\":\"WebSite\",\"@id\":\"https:\\\/\\\/ultrasoundtech.it\\\/#website\",\"url\":\"https:\\\/\\\/ultrasoundtech.it\\\/\",\"name\":\"ULTRASOUNDtech\u2122\",\"description\":\"\",\"publisher\":{\"@id\":\"https:\\\/\\\/ultrasoundtech.it\\\/#organization\"},\"potentialAction\":[{\"@type\":\"SearchAction\",\"target\":{\"@type\":\"EntryPoint\",\"urlTemplate\":\"https:\\\/\\\/ultrasoundtech.it\\\/?s={search_term_string}\"},\"query-input\":{\"@type\":\"PropertyValueSpecification\",\"valueRequired\":true,\"valueName\":\"search_term_string\"}}],\"inLanguage\":\"es\"},{\"@type\":\"Organization\",\"@id\":\"https:\\\/\\\/ultrasoundtech.it\\\/#organization\",\"name\":\"ULTRASOUNDtech\u2122\",\"url\":\"https:\\\/\\\/ultrasoundtech.it\\\/\",\"logo\":{\"@type\":\"ImageObject\",\"inLanguage\":\"es\",\"@id\":\"https:\\\/\\\/ultrasoundtech.it\\\/#\\\/schema\\\/logo\\\/image\\\/\",\"url\":\"https:\\\/\\\/ultrasoundtech.it\\\/wp-content\\\/uploads\\\/2021\\\/04\\\/logo@3x.png\",\"contentUrl\":\"https:\\\/\\\/ultrasoundtech.it\\\/wp-content\\\/uploads\\\/2021\\\/04\\\/logo@3x.png\",\"width\":504,\"height\":99,\"caption\":\"ULTRASOUNDtech\u2122\"},\"image\":{\"@id\":\"https:\\\/\\\/ultrasoundtech.it\\\/#\\\/schema\\\/logo\\\/image\\\/\"},\"sameAs\":[\"https:\\\/\\\/www.facebook.com\\\/ultrasoundtechacarzero\\\/\",\"https:\\\/\\\/www.instagram.com\\\/ultrasound__tech\\\/\"]}]}<\/script>\n<!-- \/ Yoast SEO plugin. -->","yoast_head_json":{"title":"Mission: an Ecological Alternative to Pesticides - ULTRASOUNDtech\u2122","description":"Our commitment and our company arise from the need to find an alternative solution to traditional chemical pesticides. Discover!","robots":{"index":"index","follow":"follow","max-snippet":"max-snippet:-1","max-image-preview":"max-image-preview:large","max-video-preview":"max-video-preview:-1"},"canonical":"https:\/\/ultrasoundtech.it\/es\/mision\/","og_locale":"es_ES","og_type":"article","og_title":"Mission: an Ecological Alternative to Pesticides - ULTRASOUNDtech\u2122","og_description":"Our commitment and our company arise from the need to find an alternative solution to traditional chemical pesticides. Discover!","og_url":"https:\/\/ultrasoundtech.it\/es\/mision\/","og_site_name":"ULTRASOUNDtech\u2122","article_publisher":"https:\/\/www.facebook.com\/ultrasoundtechacarzero\/","article_modified_time":"2021-07-29T20:43:35+00:00","og_image":[{"url":"https:\/\/ultrasoundtech.it\/wp-content\/uploads\/2021\/04\/e-sdg-logo-470.jpg","type":"","width":"","height":""}],"twitter_card":"summary_large_image","twitter_misc":{"Tiempo de lectura":"2 minutos"},"schema":{"@context":"https:\/\/schema.org","@graph":[{"@type":"WebPage","@id":"https:\/\/ultrasoundtech.it\/es\/mision\/","url":"https:\/\/ultrasoundtech.it\/es\/mision\/","name":"Mission: an Ecological Alternative to Pesticides - ULTRASOUNDtech\u2122","isPartOf":{"@id":"https:\/\/ultrasoundtech.it\/#website"},"primaryImageOfPage":{"@id":"https:\/\/ultrasoundtech.it\/es\/mision\/#primaryimage"},"image":{"@id":"https:\/\/ultrasoundtech.it\/es\/mision\/#primaryimage"},"thumbnailUrl":"https:\/\/ultrasoundtech.it\/wp-content\/uploads\/2021\/04\/e-sdg-logo-470.jpg","datePublished":"2021-07-28T13:31:14+00:00","dateModified":"2021-07-29T20:43:35+00:00","description":"Our commitment and our company arise from the need to find an alternative solution to traditional chemical pesticides. Discover!","breadcrumb":{"@id":"https:\/\/ultrasoundtech.it\/es\/mision\/#breadcrumb"},"inLanguage":"es","potentialAction":[{"@type":"ReadAction","target":["https:\/\/ultrasoundtech.it\/es\/mision\/"]}]},{"@type":"ImageObject","inLanguage":"es","@id":"https:\/\/ultrasoundtech.it\/es\/mision\/#primaryimage","url":"https:\/\/ultrasoundtech.it\/wp-content\/uploads\/2021\/04\/e-sdg-logo-470.jpg","contentUrl":"https:\/\/ultrasoundtech.it\/wp-content\/uploads\/2021\/04\/e-sdg-logo-470.jpg"},{"@type":"BreadcrumbList","@id":"https:\/\/ultrasoundtech.it\/es\/mision\/#breadcrumb","itemListElement":[{"@type":"ListItem","position":1,"name":"Home","item":"https:\/\/ultrasoundtech.it\/es\/"},{"@type":"ListItem","position":2,"name":"Misi\u00f3n"}]},{"@type":"WebSite","@id":"https:\/\/ultrasoundtech.it\/#website","url":"https:\/\/ultrasoundtech.it\/","name":"ULTRASOUNDtech\u2122","description":"","publisher":{"@id":"https:\/\/ultrasoundtech.it\/#organization"},"potentialAction":[{"@type":"SearchAction","target":{"@type":"EntryPoint","urlTemplate":"https:\/\/ultrasoundtech.it\/?s={search_term_string}"},"query-input":{"@type":"PropertyValueSpecification","valueRequired":true,"valueName":"search_term_string"}}],"inLanguage":"es"},{"@type":"Organization","@id":"https:\/\/ultrasoundtech.it\/#organization","name":"ULTRASOUNDtech\u2122","url":"https:\/\/ultrasoundtech.it\/","logo":{"@type":"ImageObject","inLanguage":"es","@id":"https:\/\/ultrasoundtech.it\/#\/schema\/logo\/image\/","url":"https:\/\/ultrasoundtech.it\/wp-content\/uploads\/2021\/04\/logo@3x.png","contentUrl":"https:\/\/ultrasoundtech.it\/wp-content\/uploads\/2021\/04\/logo@3x.png","width":504,"height":99,"caption":"ULTRASOUNDtech\u2122"},"image":{"@id":"https:\/\/ultrasoundtech.it\/#\/schema\/logo\/image\/"},"sameAs":["https:\/\/www.facebook.com\/ultrasoundtechacarzero\/","https:\/\/www.instagram.com\/ultrasound__tech\/"]}]}},"jetpack_sharing_enabled":true,"_links":{"self":[{"href":"https:\/\/ultrasoundtech.it\/es\/wp-json\/wp\/v2\/pages\/2669","targetHints":{"allow":["GET"]}}],"collection":[{"href":"https:\/\/ultrasoundtech.it\/es\/wp-json\/wp\/v2\/pages"}],"about":[{"href":"https:\/\/ultrasoundtech.it\/es\/wp-json\/wp\/v2\/types\/page"}],"author":[{"embeddable":true,"href":"https:\/\/ultrasoundtech.it\/es\/wp-json\/wp\/v2\/users\/125"}],"replies":[{"embeddable":true,"href":"https:\/\/ultrasoundtech.it\/es\/wp-json\/wp\/v2\/comments?post=2669"}],"version-history":[{"count":5,"href":"https:\/\/ultrasoundtech.it\/es\/wp-json\/wp\/v2\/pages\/2669\/revisions"}],"predecessor-version":[{"id":2968,"href":"https:\/\/ultrasoundtech.it\/es\/wp-json\/wp\/v2\/pages\/2669\/revisions\/2968"}],"wp:attachment":[{"href":"https:\/\/ultrasoundtech.it\/es\/wp-json\/wp\/v2\/media?parent=2669"}],"curies":[{"name":"wp","href":"https:\/\/api.w.org\/{rel}","templated":true}]}}