{"id":2747,"date":"2021-07-28T21:42:37","date_gmt":"2021-07-28T19:42:37","guid":{"rendered":"http:\/\/ultrasoundtech.localhost\/sustentabilidad\/"},"modified":"2021-07-28T21:42:38","modified_gmt":"2021-07-28T19:42:38","slug":"sustentabilidad","status":"publish","type":"page","link":"https:\/\/ultrasoundtech.it\/es\/sustentabilidad\/","title":{"rendered":"Sustentabilidad"},"content":{"rendered":"<div class=\"gb-container gb-container-2c5e7a94\"><div class=\"gb-inside-container\">\n<div class=\"gb-grid-wrapper gb-grid-wrapper-a65b20d1\">\n<div class=\"gb-grid-column gb-grid-column-852dd3e0\"><div class=\"gb-container gb-container-852dd3e0 max-width-560\"><div class=\"gb-inside-container\">\n<h2 class=\"gb-headline gb-headline-65edc6a2 gb-headline-text ultrasound_title\">Sustentabilidad<\/h2>\r\n\n\n\n<p class=\"has-medium-font-size\">Ultrasoundtech\u2122 se adhiere al <strong>Pacto Mundial de las Naciones Unidas<\/strong> &#8211; la iniciativa de ciudadan\u00eda corporativa estrat\u00e9gica m\u00e1s grande del mundo, y est\u00e1 comprometida con el logro de los Objetivos de Desarrollo Sostenible (<em>ODS<\/em>) definidos por el programa de acci\u00f3n.<\/p>\n\n\n<div class=\"gb-button-wrapper gb-button-wrapper-13a1b6e8\">\n\n<a class=\"gb-button gb-button-f7d8cb32\" href=\"#contenuto\"><span class=\"gb-button-text\">Descubra m\u00e1s cosas<\/span><span class=\"gb-icon\"><svg xmlns=\"http:\/\/www.w3.org\/2000\/svg\" viewBox=\"0 0 448 512\" width=\"1em\" height=\"1em\" aria-hidden=\"true\"><path d=\"M207.029 381.476L12.686 187.132c-9.373-9.373-9.373-24.569 0-33.941l22.667-22.667c9.357-9.357 24.522-9.375 33.901-.04L224 284.505l154.745-154.021c9.379-9.335 24.544-9.317 33.901.04l22.667 22.667c9.373 9.373 9.373 24.569 0 33.941L240.971 381.476c-9.373 9.372-24.569 9.372-33.942 0z\" fill=\"currentColor\"><\/path><\/svg><\/span><\/a>\r\n\n<\/div>\n\n\n<\/div><\/div><\/div>\n\n<div class=\"gb-grid-column gb-grid-column-6787fcc2\"><div class=\"gb-container gb-container-6787fcc2\"><div class=\"gb-inside-container\"><\/div><\/div><\/div>\n<\/div>\n<\/div><\/div><div class=\"gb-container gb-container-5f5d85ee\" id=\"contenuto\"><div class=\"gb-inside-container\">\n\n<div class=\"wp-block-image\"><figure class=\"aligncenter size-large\"><img loading=\"lazy\" decoding=\"async\" width=\"752\" height=\"138\" src=\"https:\/\/ultrasoundtech.it\/wp-content\/uploads\/2021\/04\/sost-logo.png\" alt=\"\" class=\"wp-image-2760\" srcset=\"https:\/\/ultrasoundtech.it\/wp-content\/uploads\/2021\/04\/sost-logo.png 752w, https:\/\/ultrasoundtech.it\/wp-content\/uploads\/2021\/04\/sost-logo-300x55.png 300w, https:\/\/ultrasoundtech.it\/wp-content\/uploads\/2021\/04\/sost-logo-600x110.png 600w\" sizes=\"auto, (max-width: 752px) 100vw, 752px\" \/><\/figure><\/div>\n\n\n\n<div style=\"height:50px\" aria-hidden=\"true\" class=\"wp-block-spacer\"><\/div>\n\n\n\n<p class=\"has-text-align-center\">Los <em>ODS<\/em> se\u00f1alan las prioridades globales incluidas en la Agenda 2030, firmada por los 193 Estados miembros de la ONU que han decidido redefinir las opciones estrat\u00e9gicas de sus pol\u00edticas internas e internacionales <strong>en beneficio del planeta y de todas las personas que lo habitan<\/strong>. Los objetivos giran en torno a la inclusi\u00f3n social, el crecimiento econ\u00f3mico y la protecci\u00f3n del medio ambiente, principios que ahora se consideran no negociables o prorrogables para la prosperidad de las generaciones futuras.<\/p>\n\n\n<h2 class=\"gb-headline gb-headline-c8287f97 gb-headline-text ultrasound_title max_width_770\">Innovaci\u00f3n de productos<br>en apoyo de los Objetivos de Desarrollo Sostenible<\/h2>\r\n\n\n\n<p class=\"has-text-align-center\">Estamos llamados a <strong>evolucionar la forma de hacer negocios<\/strong>, integrando elementos virtuosos de eficiencia, liderazgo,<br\/>transparencia y colaboraci\u00f3n en los procesos de producci\u00f3n y consumo.<\/p>\n\n\n\n<p class=\"has-text-align-center\">Somos conscientes del papel que juega toda empresa en la transici\u00f3n hacia una econom\u00eda \u00e9tica, respetuosa con la biodiversidad y que se enfoca en el bienestar de todas las personas, en todas las edades. Por eso, a nuestra peque\u00f1a manera, intentamos provocar el cambio a trav\u00e9s del dise\u00f1o de <strong>productos ecol\u00f3gicos, no t\u00f3xicos y libres de los qu\u00edmicos<\/strong> contenidos en la mayor\u00eda&#13;\nde repelentes del mercado.<\/p>\n\n\n\n<p class=\"has-text-align-center\">Los valores que animan nuestra visi\u00f3n de una econom\u00eda sostenible est\u00e1n vinculados a algunos de los 17 ODS, a los que contribuimos d\u00eda a d\u00eda mediante la aplicaci\u00f3n de un <strong>modelo de negocio responsable, constantemente orientado a la innovaci\u00f3n tecnol\u00f3gica, la lucha contra la contaminaci\u00f3n<\/strong> y el uso visionario de los recursos.<\/p>\n\n<\/div><\/div><div class=\"gb-container gb-container-4906c307\"><div class=\"gb-inside-container\">\n<div class=\"gb-grid-wrapper gb-grid-wrapper-c1d8bfa6\">\n<div class=\"gb-grid-column gb-grid-column-cc3ebf09\"><div class=\"gb-container gb-container-cc3ebf09\"><div class=\"gb-inside-container\">\n\n<div class=\"wp-block-image\"><figure class=\"aligncenter size-large\"><img loading=\"lazy\" decoding=\"async\" width=\"260\" height=\"260\" src=\"https:\/\/ultrasoundtech.it\/wp-content\/uploads\/2021\/04\/e-print-03.jpg\" alt=\"\" class=\"wp-image-2761\" srcset=\"https:\/\/ultrasoundtech.it\/wp-content\/uploads\/2021\/04\/e-print-03.jpg 260w, https:\/\/ultrasoundtech.it\/wp-content\/uploads\/2021\/04\/e-print-03-167x167.jpg 167w, https:\/\/ultrasoundtech.it\/wp-content\/uploads\/2021\/04\/e-print-03-100x100.jpg 100w\" sizes=\"auto, (max-width: 260px) 100vw, 260px\" \/><\/figure><\/div>\n\n<\/div><\/div><\/div>\n\n<div class=\"gb-grid-column gb-grid-column-fce523fa\"><div class=\"gb-container gb-container-fce523fa\"><div class=\"gb-inside-container\">\n<h3 class=\"gb-headline gb-headline-35f5dcda gb-headline-text m-text-center\">Salud y bienestar<\/h3>\r\n\n\n\n<p>todos deben tener acceso a la atenci\u00f3n m\u00e9dica y deben poder vivir en condiciones dignas. Es fundamental que uno de los principales esfuerzos de la sociedad moderna sea reducir el impacto que la actividad humana tiene sobre la salud de los seres humanos. Sin embargo, es a\u00fan m\u00e1s importante concebir la salud y el bienestar f\u00edsico como un bien primario y no como un privilegio.<\/p>\n\n<\/div><\/div><\/div>\n<\/div>\n\n<div class=\"gb-grid-wrapper gb-grid-wrapper-396541bf\">\n<div class=\"gb-grid-column gb-grid-column-37380115\"><div class=\"gb-container gb-container-37380115\"><div class=\"gb-inside-container\">\n\n<div class=\"wp-block-image\"><figure class=\"aligncenter size-large\"><img loading=\"lazy\" decoding=\"async\" width=\"260\" height=\"260\" src=\"https:\/\/ultrasoundtech.it\/wp-content\/uploads\/2021\/04\/e-print-05.jpg\" alt=\"\" class=\"wp-image-2762\" srcset=\"https:\/\/ultrasoundtech.it\/wp-content\/uploads\/2021\/04\/e-print-05.jpg 260w, https:\/\/ultrasoundtech.it\/wp-content\/uploads\/2021\/04\/e-print-05-167x167.jpg 167w, https:\/\/ultrasoundtech.it\/wp-content\/uploads\/2021\/04\/e-print-05-100x100.jpg 100w\" sizes=\"auto, (max-width: 260px) 100vw, 260px\" \/><\/figure><\/div>\n\n<\/div><\/div><\/div>\n\n<div class=\"gb-grid-column gb-grid-column-e2fb5e2c\"><div class=\"gb-container gb-container-e2fb5e2c\"><div class=\"gb-inside-container\">\n<h3 class=\"gb-headline gb-headline-ac3858ab gb-headline-text m-text-center\">Igualdad de g\u00e9nero<\/h3>\r\n\n\n\n<p>todas las personas son iguales. Alcanzar la igualdad de g\u00e9nero es algo a lo que somos muy sensibles.<br\/>La diferencia salarial, el trato demasiado a menudo indecoroso, son problemas que existen pero que muchos todav\u00eda luchan por admitir que existen. Todos necesitamos poder elegir lo que queremos ser, independientemente de las caracter\u00edsticas de g\u00e9nero que encarnamos.<\/p>\n\n<\/div><\/div><\/div>\n<\/div>\n\n<div class=\"gb-grid-wrapper gb-grid-wrapper-239e9400\">\n<div class=\"gb-grid-column gb-grid-column-1b2fef4d\"><div class=\"gb-container gb-container-1b2fef4d\"><div class=\"gb-inside-container\">\n\n<div class=\"wp-block-image\"><figure class=\"aligncenter size-large\"><img loading=\"lazy\" decoding=\"async\" width=\"260\" height=\"260\" src=\"https:\/\/ultrasoundtech.it\/wp-content\/uploads\/2021\/04\/e-print-11.jpg\" alt=\"\" class=\"wp-image-2763\" srcset=\"https:\/\/ultrasoundtech.it\/wp-content\/uploads\/2021\/04\/e-print-11.jpg 260w, https:\/\/ultrasoundtech.it\/wp-content\/uploads\/2021\/04\/e-print-11-167x167.jpg 167w, https:\/\/ultrasoundtech.it\/wp-content\/uploads\/2021\/04\/e-print-11-100x100.jpg 100w\" sizes=\"auto, (max-width: 260px) 100vw, 260px\" \/><\/figure><\/div>\n\n<\/div><\/div><\/div>\n\n<div class=\"gb-grid-column gb-grid-column-beea7a27\"><div class=\"gb-container gb-container-beea7a27\"><div class=\"gb-inside-container\">\n<h3 class=\"gb-headline gb-headline-181187f7 gb-headline-text m-text-center\">Ciudades y comunidades sostenibles<\/h3>\r\n\n\n\n<p>las ciudades y comunidades humanas deben reducir gradualmente su impacto en la naturaleza y el mundo que nos acoge. Este es quiz\u00e1s uno de los objetivos m\u00e1s dif\u00edciles de lograr porque es extremadamente transversal y afecta muchos aspectos de nuestra vida, entre ellos sus comodidades.<\/p>\n\n\n\n<p>Hacer de las comunidades, y de los centros urbanos que habitan, lugares respetuosos con el medio ambiente es una prerrogativa fundamental para la supervivencia de la humanidad y para la conservaci\u00f3n de un ecosistema en extraordinario peligro.<\/p>\n\n<\/div><\/div><\/div>\n<\/div>\n\n<div class=\"gb-grid-wrapper gb-grid-wrapper-3f9fcaec\">\n<div class=\"gb-grid-column gb-grid-column-1a08a92c\"><div class=\"gb-container gb-container-1a08a92c\"><div class=\"gb-inside-container\">\n\n<div class=\"wp-block-image\"><figure class=\"aligncenter size-large\"><img loading=\"lazy\" decoding=\"async\" width=\"261\" height=\"261\" src=\"https:\/\/ultrasoundtech.it\/wp-content\/uploads\/2021\/04\/e-print-13.jpg\" alt=\"\" class=\"wp-image-2764\" srcset=\"https:\/\/ultrasoundtech.it\/wp-content\/uploads\/2021\/04\/e-print-13.jpg 261w, https:\/\/ultrasoundtech.it\/wp-content\/uploads\/2021\/04\/e-print-13-167x167.jpg 167w, https:\/\/ultrasoundtech.it\/wp-content\/uploads\/2021\/04\/e-print-13-100x100.jpg 100w\" sizes=\"auto, (max-width: 261px) 100vw, 261px\" \/><\/figure><\/div>\n\n<\/div><\/div><\/div>\n\n<div class=\"gb-grid-column gb-grid-column-8242bcb7\"><div class=\"gb-container gb-container-8242bcb7\"><div class=\"gb-inside-container\">\n<h3 class=\"gb-headline gb-headline-bba4b889 gb-headline-text m-text-center\">Lucha contra el cambio clim\u00e1tico<\/h3>\r\n\n\n\n<p>actuar con decisi\u00f3n, individualmente o en comunidades para prevenir y combatir el cambio clim\u00e1tico.<br\/>El conjunto de factores que hacen de la Tierra un lugar habitable se ponen a prueba d\u00eda tras d\u00eda.<br\/>Ya no se puede tolerar una indiferencia generalizada hacia fen\u00f3menos como el aumento del nivel del mar o el calentamiento global. Todos los actores de la escena p\u00fablica y pol\u00edtica deben comprometerse a tratar de contener en la mayor medida posible los devastadores da\u00f1os causados \u200b\u200bhasta ahora.<\/p>\n\n<\/div><\/div><\/div>\n<\/div>\n\n<div class=\"gb-grid-wrapper gb-grid-wrapper-fb3a7925\">\n<div class=\"gb-grid-column gb-grid-column-f4ce0baf\"><div class=\"gb-container gb-container-f4ce0baf\"><div class=\"gb-inside-container\">\n\n<div class=\"wp-block-image\"><figure class=\"aligncenter size-large\"><img loading=\"lazy\" decoding=\"async\" width=\"261\" height=\"261\" src=\"https:\/\/ultrasoundtech.it\/wp-content\/uploads\/2021\/04\/e-print-14.jpg\" alt=\"\" class=\"wp-image-2765\" srcset=\"https:\/\/ultrasoundtech.it\/wp-content\/uploads\/2021\/04\/e-print-14.jpg 261w, https:\/\/ultrasoundtech.it\/wp-content\/uploads\/2021\/04\/e-print-14-167x167.jpg 167w, https:\/\/ultrasoundtech.it\/wp-content\/uploads\/2021\/04\/e-print-14-100x100.jpg 100w\" sizes=\"auto, (max-width: 261px) 100vw, 261px\" \/><\/figure><\/div>\n\n<\/div><\/div><\/div>\n\n<div class=\"gb-grid-column gb-grid-column-7f285a22\"><div class=\"gb-container gb-container-7f285a22\"><div class=\"gb-inside-container\">\n<h3 class=\"gb-headline gb-headline-88ffd81b gb-headline-text m-text-center\">Vida bajo el agua<\/h3>\r\n\n\n\n<p>los oc\u00e9anos son un patrimonio invaluable, rico en biodiversidad y lleno de vida. Los residuos ponen a prueba esta belleza y complejidad. Residuos que no podemos eliminar de forma suficientemente ecol\u00f3gica y econ\u00f3mica. Reducir el consumo, ayudar a no dispersar pl\u00e1sticos y embalajes peligrosos, es otro de los elementos que deber\u00e1 servir de faro, en nuestro objetivo, de un ma\u00f1ana mejor.&#13;\n<\/p>\n\n<\/div><\/div><\/div>\n<\/div>\n<\/div><\/div><div class=\"gb-container gb-container-ee8d2b7f\"><div class=\"gb-inside-container\">\n\n<p class=\"has-text-align-center\">Para obtener informaci\u00f3n sobre el Pacto Mundial y los ODS, visite los sitios web<\/p>\n\n\n\n<div style=\"height:30px\" aria-hidden=\"true\" class=\"wp-block-spacer\"><\/div>\n\n\n<div class=\"gb-grid-wrapper gb-grid-wrapper-08748453\">\n<div class=\"gb-grid-column gb-grid-column-d1ebd4f0\"><div class=\"gb-container gb-container-d1ebd4f0\"><div class=\"gb-inside-container\"><\/div><\/div><\/div>\n\n<div class=\"gb-grid-column gb-grid-column-64e80a45\"><div class=\"gb-container gb-container-64e80a45\"><div class=\"gb-inside-container\">\n\n<div class=\"wp-block-image\"><figure class=\"aligncenter size-large\"><a href=\"https:\/\/sdgs.un.org\/\" target=\"_blank\" rel=\"noopener\"><img loading=\"lazy\" decoding=\"async\" width=\"425\" height=\"78\" src=\"https:\/\/ultrasoundtech.it\/wp-content\/uploads\/2021\/04\/e-sdg-logo.png\" alt=\"\" class=\"wp-image-2766\" srcset=\"https:\/\/ultrasoundtech.it\/wp-content\/uploads\/2021\/04\/e-sdg-logo.png 425w, https:\/\/ultrasoundtech.it\/wp-content\/uploads\/2021\/04\/e-sdg-logo-300x55.png 300w\" sizes=\"auto, (max-width: 425px) 100vw, 425px\" \/><\/a><\/figure><\/div>\n\n<\/div><\/div><\/div>\n\n<div class=\"gb-grid-column gb-grid-column-a4549222\"><div class=\"gb-container gb-container-a4549222\"><div class=\"gb-inside-container\"><\/div><\/div><\/div>\n<\/div>\n<\/div><\/div>","protected":false},"excerpt":{"rendered":"<p>Los ODS se\u00f1alan las prioridades globales incluidas en la Agenda 2030, firmada por los 193 Estados miembros de la ONU que han decidido redefinir las opciones estrat\u00e9gicas de sus pol\u00edticas internas e internacionales en beneficio del planeta y de todas las personas que lo habitan. Los objetivos giran en torno a la inclusi\u00f3n social, el &#8230; <a title=\"Sustentabilidad\" class=\"read-more\" href=\"https:\/\/ultrasoundtech.it\/es\/sustentabilidad\/\" aria-label=\"Leer m\u00e1s sobre Sustentabilidad\">Lee mas<\/a><\/p>\n","protected":false},"author":125,"featured_media":0,"parent":0,"menu_order":0,"comment_status":"closed","ping_status":"closed","template":"","meta":{"_acf_changed":false,"footnotes":""},"class_list":["post-2747","page","type-page","status-publish"],"acf":[],"yoast_head":"<!-- This site is optimized with the Yoast SEO plugin v27.4 - https:\/\/yoast.com\/product\/yoast-seo-wordpress\/ -->\n<title>Ultrasuoni: Tecnologia Sostenibile - ULTRASOUNDtech\u2122<\/title>\n<meta name=\"description\" content=\"Ultrasoundtech\u2122 aderisce al Global Compact delle Nazioni Unite e sostiene gli SDGs per un futuro migliore. Scopri di pi\u00f9!\" \/>\n<meta name=\"robots\" content=\"index, follow, max-snippet:-1, max-image-preview:large, max-video-preview:-1\" \/>\n<link rel=\"canonical\" href=\"https:\/\/ultrasoundtech.it\/es\/sustentabilidad\/\" \/>\n<meta property=\"og:locale\" content=\"es_ES\" \/>\n<meta property=\"og:type\" content=\"article\" \/>\n<meta property=\"og:title\" content=\"Ultrasuoni: Tecnologia Sostenibile - ULTRASOUNDtech\u2122\" \/>\n<meta property=\"og:description\" content=\"Ultrasoundtech\u2122 aderisce al Global Compact delle Nazioni Unite e sostiene gli SDGs per un futuro migliore. Scopri di pi\u00f9!\" \/>\n<meta property=\"og:url\" content=\"https:\/\/ultrasoundtech.it\/es\/sustentabilidad\/\" \/>\n<meta property=\"og:site_name\" content=\"ULTRASOUNDtech\u2122\" \/>\n<meta property=\"article:publisher\" content=\"https:\/\/www.facebook.com\/ultrasoundtechacarzero\/\" \/>\n<meta property=\"article:modified_time\" content=\"2021-07-28T19:42:38+00:00\" \/>\n<meta property=\"og:image\" content=\"https:\/\/ultrasoundtech.it\/wp-content\/uploads\/2021\/04\/sost-logo.png\" \/>\n<meta name=\"twitter:card\" content=\"summary_large_image\" \/>\n<meta name=\"twitter:label1\" content=\"Tiempo de lectura\" \/>\n\t<meta name=\"twitter:data1\" content=\"4 minutos\" \/>\n<script type=\"application\/ld+json\" class=\"yoast-schema-graph\">{\"@context\":\"https:\\\/\\\/schema.org\",\"@graph\":[{\"@type\":\"WebPage\",\"@id\":\"https:\\\/\\\/ultrasoundtech.it\\\/es\\\/sustentabilidad\\\/\",\"url\":\"https:\\\/\\\/ultrasoundtech.it\\\/es\\\/sustentabilidad\\\/\",\"name\":\"Ultrasuoni: Tecnologia Sostenibile - ULTRASOUNDtech\u2122\",\"isPartOf\":{\"@id\":\"https:\\\/\\\/ultrasoundtech.it\\\/#website\"},\"primaryImageOfPage\":{\"@id\":\"https:\\\/\\\/ultrasoundtech.it\\\/es\\\/sustentabilidad\\\/#primaryimage\"},\"image\":{\"@id\":\"https:\\\/\\\/ultrasoundtech.it\\\/es\\\/sustentabilidad\\\/#primaryimage\"},\"thumbnailUrl\":\"https:\\\/\\\/ultrasoundtech.it\\\/wp-content\\\/uploads\\\/2021\\\/04\\\/sost-logo.png\",\"datePublished\":\"2021-07-28T19:42:37+00:00\",\"dateModified\":\"2021-07-28T19:42:38+00:00\",\"description\":\"Ultrasoundtech\u2122 aderisce al Global Compact delle Nazioni Unite e sostiene gli SDGs per un futuro migliore. Scopri di pi\u00f9!\",\"breadcrumb\":{\"@id\":\"https:\\\/\\\/ultrasoundtech.it\\\/es\\\/sustentabilidad\\\/#breadcrumb\"},\"inLanguage\":\"es\",\"potentialAction\":[{\"@type\":\"ReadAction\",\"target\":[\"https:\\\/\\\/ultrasoundtech.it\\\/es\\\/sustentabilidad\\\/\"]}]},{\"@type\":\"ImageObject\",\"inLanguage\":\"es\",\"@id\":\"https:\\\/\\\/ultrasoundtech.it\\\/es\\\/sustentabilidad\\\/#primaryimage\",\"url\":\"https:\\\/\\\/ultrasoundtech.it\\\/wp-content\\\/uploads\\\/2021\\\/04\\\/sost-logo.png\",\"contentUrl\":\"https:\\\/\\\/ultrasoundtech.it\\\/wp-content\\\/uploads\\\/2021\\\/04\\\/sost-logo.png\"},{\"@type\":\"BreadcrumbList\",\"@id\":\"https:\\\/\\\/ultrasoundtech.it\\\/es\\\/sustentabilidad\\\/#breadcrumb\",\"itemListElement\":[{\"@type\":\"ListItem\",\"position\":1,\"name\":\"Home\",\"item\":\"https:\\\/\\\/ultrasoundtech.it\\\/es\\\/\"},{\"@type\":\"ListItem\",\"position\":2,\"name\":\"Sustentabilidad\"}]},{\"@type\":\"WebSite\",\"@id\":\"https:\\\/\\\/ultrasoundtech.it\\\/#website\",\"url\":\"https:\\\/\\\/ultrasoundtech.it\\\/\",\"name\":\"ULTRASOUNDtech\u2122\",\"description\":\"\",\"publisher\":{\"@id\":\"https:\\\/\\\/ultrasoundtech.it\\\/#organization\"},\"potentialAction\":[{\"@type\":\"SearchAction\",\"target\":{\"@type\":\"EntryPoint\",\"urlTemplate\":\"https:\\\/\\\/ultrasoundtech.it\\\/?s={search_term_string}\"},\"query-input\":{\"@type\":\"PropertyValueSpecification\",\"valueRequired\":true,\"valueName\":\"search_term_string\"}}],\"inLanguage\":\"es\"},{\"@type\":\"Organization\",\"@id\":\"https:\\\/\\\/ultrasoundtech.it\\\/#organization\",\"name\":\"ULTRASOUNDtech\u2122\",\"url\":\"https:\\\/\\\/ultrasoundtech.it\\\/\",\"logo\":{\"@type\":\"ImageObject\",\"inLanguage\":\"es\",\"@id\":\"https:\\\/\\\/ultrasoundtech.it\\\/#\\\/schema\\\/logo\\\/image\\\/\",\"url\":\"https:\\\/\\\/ultrasoundtech.it\\\/wp-content\\\/uploads\\\/2021\\\/04\\\/logo@3x.png\",\"contentUrl\":\"https:\\\/\\\/ultrasoundtech.it\\\/wp-content\\\/uploads\\\/2021\\\/04\\\/logo@3x.png\",\"width\":504,\"height\":99,\"caption\":\"ULTRASOUNDtech\u2122\"},\"image\":{\"@id\":\"https:\\\/\\\/ultrasoundtech.it\\\/#\\\/schema\\\/logo\\\/image\\\/\"},\"sameAs\":[\"https:\\\/\\\/www.facebook.com\\\/ultrasoundtechacarzero\\\/\",\"https:\\\/\\\/www.instagram.com\\\/ultrasound__tech\\\/\"]}]}<\/script>\n<!-- \/ Yoast SEO plugin. -->","yoast_head_json":{"title":"Ultrasuoni: Tecnologia Sostenibile - ULTRASOUNDtech\u2122","description":"Ultrasoundtech\u2122 aderisce al Global Compact delle Nazioni Unite e sostiene gli SDGs per un futuro migliore. Scopri di pi\u00f9!","robots":{"index":"index","follow":"follow","max-snippet":"max-snippet:-1","max-image-preview":"max-image-preview:large","max-video-preview":"max-video-preview:-1"},"canonical":"https:\/\/ultrasoundtech.it\/es\/sustentabilidad\/","og_locale":"es_ES","og_type":"article","og_title":"Ultrasuoni: Tecnologia Sostenibile - ULTRASOUNDtech\u2122","og_description":"Ultrasoundtech\u2122 aderisce al Global Compact delle Nazioni Unite e sostiene gli SDGs per un futuro migliore. Scopri di pi\u00f9!","og_url":"https:\/\/ultrasoundtech.it\/es\/sustentabilidad\/","og_site_name":"ULTRASOUNDtech\u2122","article_publisher":"https:\/\/www.facebook.com\/ultrasoundtechacarzero\/","article_modified_time":"2021-07-28T19:42:38+00:00","og_image":[{"url":"https:\/\/ultrasoundtech.it\/wp-content\/uploads\/2021\/04\/sost-logo.png","type":"","width":"","height":""}],"twitter_card":"summary_large_image","twitter_misc":{"Tiempo de lectura":"4 minutos"},"schema":{"@context":"https:\/\/schema.org","@graph":[{"@type":"WebPage","@id":"https:\/\/ultrasoundtech.it\/es\/sustentabilidad\/","url":"https:\/\/ultrasoundtech.it\/es\/sustentabilidad\/","name":"Ultrasuoni: Tecnologia Sostenibile - ULTRASOUNDtech\u2122","isPartOf":{"@id":"https:\/\/ultrasoundtech.it\/#website"},"primaryImageOfPage":{"@id":"https:\/\/ultrasoundtech.it\/es\/sustentabilidad\/#primaryimage"},"image":{"@id":"https:\/\/ultrasoundtech.it\/es\/sustentabilidad\/#primaryimage"},"thumbnailUrl":"https:\/\/ultrasoundtech.it\/wp-content\/uploads\/2021\/04\/sost-logo.png","datePublished":"2021-07-28T19:42:37+00:00","dateModified":"2021-07-28T19:42:38+00:00","description":"Ultrasoundtech\u2122 aderisce al Global Compact delle Nazioni Unite e sostiene gli SDGs per un futuro migliore. Scopri di pi\u00f9!","breadcrumb":{"@id":"https:\/\/ultrasoundtech.it\/es\/sustentabilidad\/#breadcrumb"},"inLanguage":"es","potentialAction":[{"@type":"ReadAction","target":["https:\/\/ultrasoundtech.it\/es\/sustentabilidad\/"]}]},{"@type":"ImageObject","inLanguage":"es","@id":"https:\/\/ultrasoundtech.it\/es\/sustentabilidad\/#primaryimage","url":"https:\/\/ultrasoundtech.it\/wp-content\/uploads\/2021\/04\/sost-logo.png","contentUrl":"https:\/\/ultrasoundtech.it\/wp-content\/uploads\/2021\/04\/sost-logo.png"},{"@type":"BreadcrumbList","@id":"https:\/\/ultrasoundtech.it\/es\/sustentabilidad\/#breadcrumb","itemListElement":[{"@type":"ListItem","position":1,"name":"Home","item":"https:\/\/ultrasoundtech.it\/es\/"},{"@type":"ListItem","position":2,"name":"Sustentabilidad"}]},{"@type":"WebSite","@id":"https:\/\/ultrasoundtech.it\/#website","url":"https:\/\/ultrasoundtech.it\/","name":"ULTRASOUNDtech\u2122","description":"","publisher":{"@id":"https:\/\/ultrasoundtech.it\/#organization"},"potentialAction":[{"@type":"SearchAction","target":{"@type":"EntryPoint","urlTemplate":"https:\/\/ultrasoundtech.it\/?s={search_term_string}"},"query-input":{"@type":"PropertyValueSpecification","valueRequired":true,"valueName":"search_term_string"}}],"inLanguage":"es"},{"@type":"Organization","@id":"https:\/\/ultrasoundtech.it\/#organization","name":"ULTRASOUNDtech\u2122","url":"https:\/\/ultrasoundtech.it\/","logo":{"@type":"ImageObject","inLanguage":"es","@id":"https:\/\/ultrasoundtech.it\/#\/schema\/logo\/image\/","url":"https:\/\/ultrasoundtech.it\/wp-content\/uploads\/2021\/04\/logo@3x.png","contentUrl":"https:\/\/ultrasoundtech.it\/wp-content\/uploads\/2021\/04\/logo@3x.png","width":504,"height":99,"caption":"ULTRASOUNDtech\u2122"},"image":{"@id":"https:\/\/ultrasoundtech.it\/#\/schema\/logo\/image\/"},"sameAs":["https:\/\/www.facebook.com\/ultrasoundtechacarzero\/","https:\/\/www.instagram.com\/ultrasound__tech\/"]}]}},"jetpack_sharing_enabled":true,"_links":{"self":[{"href":"https:\/\/ultrasoundtech.it\/es\/wp-json\/wp\/v2\/pages\/2747","targetHints":{"allow":["GET"]}}],"collection":[{"href":"https:\/\/ultrasoundtech.it\/es\/wp-json\/wp\/v2\/pages"}],"about":[{"href":"https:\/\/ultrasoundtech.it\/es\/wp-json\/wp\/v2\/types\/page"}],"author":[{"embeddable":true,"href":"https:\/\/ultrasoundtech.it\/es\/wp-json\/wp\/v2\/users\/125"}],"replies":[{"embeddable":true,"href":"https:\/\/ultrasoundtech.it\/es\/wp-json\/wp\/v2\/comments?post=2747"}],"version-history":[{"count":1,"href":"https:\/\/ultrasoundtech.it\/es\/wp-json\/wp\/v2\/pages\/2747\/revisions"}],"predecessor-version":[{"id":2759,"href":"https:\/\/ultrasoundtech.it\/es\/wp-json\/wp\/v2\/pages\/2747\/revisions\/2759"}],"wp:attachment":[{"href":"https:\/\/ultrasoundtech.it\/es\/wp-json\/wp\/v2\/media?parent=2747"}],"curies":[{"name":"wp","href":"https:\/\/api.w.org\/{rel}","templated":true}]}}