{"id":12162,"date":"2024-06-11T09:53:28","date_gmt":"2024-06-17T13:58:04","guid":{"rendered":"https:\/\/ultrasoundtech.it\/?post_type=product&#038;p=12162"},"modified":"2025-02-19T00:03:12","modified_gmt":"2025-02-18T23:03:12","slug":"zerozzz-kit","status":"publish","type":"product","link":"https:\/\/ultrasoundtech.it\/es\/prodotto\/zerozzz-kit\/","title":{"rendered":"ZeroZzz\u2122 Kit"},"content":{"rendered":"<p><strong>ZeroZzz\u2122 FLEXY \u2013 Pulsera antimosquitos<\/strong><\/p>\n<p>ZeroZzz\u2122 FLEXY es el dispositivo antimosquitos con emisiones s\u00f3nicas, port\u00e1til y seguro para toda la familia. Con un radio de acci\u00f3n de aproximadamente 3 m, ZeroZzz\u2122 FLEXY est\u00e1 programado para emitir el sonido en tres intensidades diferentes. Funciona con una bater\u00eda de litio de larga duraci\u00f3n y reemplazable.<\/p>\n<p>&nbsp;<\/p>\n<p><strong>ZeroZzzTM\u00a0AMBIENT &#8211; Dispositivo s\u00f3nico antimosquitos<\/strong><\/p>\n<p>El dispositivo protector en red est\u00e1 programado para emitir el sonido en tres intensidades diferentes: baja (un parpadeo), media (dos parpadeos) y alta (tres parpadeos). ZeroZzz\u2122 AMBIENT funciona con una tensi\u00f3n de 230 voltios y garantiza un volumen de cobertura de aproximadamente 60\/80 metros c\u00fabicos. ZeroZzz\u2122 AMBIENT no libera ninguna sustancia qu\u00edmica da\u00f1ina en el ambiente y puede ser utilizado de manera segura por personas de cualquier edad en cualquier ocasi\u00f3n y lugar (casa, terraza, jard\u00edn).<\/p>\n","protected":false},"excerpt":{"rendered":"<p><strong>ZeroZzz\u2122 KIT Verano<\/strong>: ZeroZzz\u2122 FLEXY + ZeroZzz\u2122 AMBIENT<\/p>\n<p><strong>ZeroZzz\u2122 FLEXY<\/strong> es un repelente electr\u00f3nico port\u00e1til contra los mosquitos, ideal para actividades al aire libre. Gracias a su dise\u00f1o, puede llevarse f\u00e1cilmente en la mu\u00f1eca, el tobillo o sujetarse a la ropa.<\/p>\n<p><strong>ZeroZzz\u2122AMBIENT<\/strong> ofrece una protecci\u00f3n eficaz y segura contra las infestaciones estacionales de mosquitos comunes y tigre. La emisi\u00f3n de sonidos de baja frecuencia e intensidad variable imita el zumbido de los mosquitos machos y ahuyenta de manera duradera a las hembras de la especie, que son las \u00fanicas que pican para extraer sangre de personas y animales.<\/p>\n","protected":false},"featured_media":12400,"template":"","meta":{"_acf_changed":false},"product_brand":[],"product_cat":[78],"product_tag":[],"class_list":{"0":"post-12162","1":"product","2":"type-product","3":"status-publish","4":"has-post-thumbnail","6":"product_cat-antimosquitos","7":"sales-flash-overlay","8":"woocommerce-text-align-center","9":"woocommerce-image-align-center","10":"do-quantity-buttons","12":"first","13":"instock","14":"taxable","15":"shipping-taxable","16":"purchasable","17":"product-type-variable","18":"has-default-attributes"},"acf":[],"yoast_head":"<!-- This site is optimized with the Yoast SEO plugin v27.4 - https:\/\/yoast.com\/product\/yoast-seo-wordpress\/ -->\n<title>ZeroZzz\u2122 Kit - ULTRASOUNDtech\u2122<\/title>\n<meta name=\"robots\" content=\"index, follow, max-snippet:-1, max-image-preview:large, max-video-preview:-1\" \/>\n<link rel=\"canonical\" href=\"https:\/\/ultrasoundtech.it\/es\/prodotto\/zerozzz-kit\/\" \/>\n<meta property=\"og:locale\" content=\"es_ES\" \/>\n<meta property=\"og:type\" content=\"article\" \/>\n<meta property=\"og:title\" content=\"ZeroZzz\u2122 Kit - ULTRASOUNDtech\u2122\" \/>\n<meta property=\"og:description\" content=\"ZeroZzz\u2122 KIT Verano: ZeroZzz\u2122 FLEXY + ZeroZzz\u2122 AMBIENT  ZeroZzz\u2122 FLEXY es un repelente electr\u00f3nico port\u00e1til contra los mosquitos, ideal para actividades al aire libre. Gracias a su dise\u00f1o, puede llevarse f\u00e1cilmente en la mu\u00f1eca, el tobillo o sujetarse a la ropa.  ZeroZzz\u2122AMBIENT ofrece una protecci\u00f3n eficaz y segura contra las infestaciones estacionales de mosquitos comunes y tigre. La emisi\u00f3n de sonidos de baja frecuencia e intensidad variable imita el zumbido de los mosquitos machos y ahuyenta de manera duradera a las hembras de la especie, que son las \u00fanicas que pican para extraer sangre de personas y animales.\" \/>\n<meta property=\"og:url\" content=\"https:\/\/ultrasoundtech.it\/es\/prodotto\/zerozzz-kit\/\" \/>\n<meta property=\"og:site_name\" content=\"ULTRASOUNDtech\u2122\" \/>\n<meta property=\"article:publisher\" content=\"https:\/\/www.facebook.com\/ultrasoundtechacarzero\/\" \/>\n<meta property=\"article:modified_time\" content=\"2025-02-18T23:03:12+00:00\" \/>\n<meta property=\"og:image\" content=\"https:\/\/ultrasoundtech.it\/wp-content\/uploads\/2024\/06\/ultrasound-zerozzz-kit-estate-1.png\" \/>\n\t<meta property=\"og:image:width\" content=\"700\" \/>\n\t<meta property=\"og:image:height\" content=\"700\" \/>\n\t<meta property=\"og:image:type\" content=\"image\/png\" \/>\n<meta name=\"twitter:card\" content=\"summary_large_image\" \/>\n<meta name=\"twitter:label1\" content=\"Tiempo de lectura\" \/>\n\t<meta name=\"twitter:data1\" content=\"1 minuto\" \/>\n<script type=\"application\/ld+json\" class=\"yoast-schema-graph\">{\"@context\":\"https:\\\/\\\/schema.org\",\"@graph\":[{\"@type\":\"WebPage\",\"@id\":\"https:\\\/\\\/ultrasoundtech.it\\\/es\\\/prodotto\\\/zerozzz-kit\\\/\",\"url\":\"https:\\\/\\\/ultrasoundtech.it\\\/es\\\/prodotto\\\/zerozzz-kit\\\/\",\"name\":\"ZeroZzz\u2122 Kit - ULTRASOUNDtech\u2122\",\"isPartOf\":{\"@id\":\"https:\\\/\\\/ultrasoundtech.it\\\/#website\"},\"primaryImageOfPage\":{\"@id\":\"https:\\\/\\\/ultrasoundtech.it\\\/es\\\/prodotto\\\/zerozzz-kit\\\/#primaryimage\"},\"image\":{\"@id\":\"https:\\\/\\\/ultrasoundtech.it\\\/es\\\/prodotto\\\/zerozzz-kit\\\/#primaryimage\"},\"thumbnailUrl\":\"https:\\\/\\\/ultrasoundtech.it\\\/wp-content\\\/uploads\\\/2024\\\/06\\\/ultrasound-zerozzz-kit-estate-1.png\",\"datePublished\":\"2024-06-17T13:58:04+00:00\",\"dateModified\":\"2025-02-18T23:03:12+00:00\",\"breadcrumb\":{\"@id\":\"https:\\\/\\\/ultrasoundtech.it\\\/es\\\/prodotto\\\/zerozzz-kit\\\/#breadcrumb\"},\"inLanguage\":\"es\",\"potentialAction\":[{\"@type\":\"ReadAction\",\"target\":[\"https:\\\/\\\/ultrasoundtech.it\\\/es\\\/prodotto\\\/zerozzz-kit\\\/\"]}]},{\"@type\":\"ImageObject\",\"inLanguage\":\"es\",\"@id\":\"https:\\\/\\\/ultrasoundtech.it\\\/es\\\/prodotto\\\/zerozzz-kit\\\/#primaryimage\",\"url\":\"https:\\\/\\\/ultrasoundtech.it\\\/wp-content\\\/uploads\\\/2024\\\/06\\\/ultrasound-zerozzz-kit-estate-1.png\",\"contentUrl\":\"https:\\\/\\\/ultrasoundtech.it\\\/wp-content\\\/uploads\\\/2024\\\/06\\\/ultrasound-zerozzz-kit-estate-1.png\",\"width\":700,\"height\":700},{\"@type\":\"BreadcrumbList\",\"@id\":\"https:\\\/\\\/ultrasoundtech.it\\\/es\\\/prodotto\\\/zerozzz-kit\\\/#breadcrumb\",\"itemListElement\":[{\"@type\":\"ListItem\",\"position\":1,\"name\":\"Home\",\"item\":\"https:\\\/\\\/ultrasoundtech.it\\\/es\\\/\"},{\"@type\":\"ListItem\",\"position\":2,\"name\":\"Shop\",\"item\":\"https:\\\/\\\/ultrasoundtech.it\\\/es\\\/shop\\\/\"},{\"@type\":\"ListItem\",\"position\":3,\"name\":\"ZeroZzz\u2122 Kit\"}]},{\"@type\":\"WebSite\",\"@id\":\"https:\\\/\\\/ultrasoundtech.it\\\/#website\",\"url\":\"https:\\\/\\\/ultrasoundtech.it\\\/\",\"name\":\"ULTRASOUNDtech\u2122\",\"description\":\"\",\"publisher\":{\"@id\":\"https:\\\/\\\/ultrasoundtech.it\\\/#organization\"},\"potentialAction\":[{\"@type\":\"SearchAction\",\"target\":{\"@type\":\"EntryPoint\",\"urlTemplate\":\"https:\\\/\\\/ultrasoundtech.it\\\/?s={search_term_string}\"},\"query-input\":{\"@type\":\"PropertyValueSpecification\",\"valueRequired\":true,\"valueName\":\"search_term_string\"}}],\"inLanguage\":\"es\"},{\"@type\":\"Organization\",\"@id\":\"https:\\\/\\\/ultrasoundtech.it\\\/#organization\",\"name\":\"ULTRASOUNDtech\u2122\",\"url\":\"https:\\\/\\\/ultrasoundtech.it\\\/\",\"logo\":{\"@type\":\"ImageObject\",\"inLanguage\":\"es\",\"@id\":\"https:\\\/\\\/ultrasoundtech.it\\\/#\\\/schema\\\/logo\\\/image\\\/\",\"url\":\"https:\\\/\\\/ultrasoundtech.it\\\/wp-content\\\/uploads\\\/2021\\\/04\\\/logo@3x.png\",\"contentUrl\":\"https:\\\/\\\/ultrasoundtech.it\\\/wp-content\\\/uploads\\\/2021\\\/04\\\/logo@3x.png\",\"width\":504,\"height\":99,\"caption\":\"ULTRASOUNDtech\u2122\"},\"image\":{\"@id\":\"https:\\\/\\\/ultrasoundtech.it\\\/#\\\/schema\\\/logo\\\/image\\\/\"},\"sameAs\":[\"https:\\\/\\\/www.facebook.com\\\/ultrasoundtechacarzero\\\/\",\"https:\\\/\\\/www.instagram.com\\\/ultrasound__tech\\\/\"]}]}<\/script>\n<!-- \/ Yoast SEO plugin. -->","yoast_head_json":{"title":"ZeroZzz\u2122 Kit - ULTRASOUNDtech\u2122","robots":{"index":"index","follow":"follow","max-snippet":"max-snippet:-1","max-image-preview":"max-image-preview:large","max-video-preview":"max-video-preview:-1"},"canonical":"https:\/\/ultrasoundtech.it\/es\/prodotto\/zerozzz-kit\/","og_locale":"es_ES","og_type":"article","og_title":"ZeroZzz\u2122 Kit - ULTRASOUNDtech\u2122","og_description":"ZeroZzz\u2122 KIT Verano: ZeroZzz\u2122 FLEXY + ZeroZzz\u2122 AMBIENT  ZeroZzz\u2122 FLEXY es un repelente electr\u00f3nico port\u00e1til contra los mosquitos, ideal para actividades al aire libre. Gracias a su dise\u00f1o, puede llevarse f\u00e1cilmente en la mu\u00f1eca, el tobillo o sujetarse a la ropa.  ZeroZzz\u2122AMBIENT ofrece una protecci\u00f3n eficaz y segura contra las infestaciones estacionales de mosquitos comunes y tigre. La emisi\u00f3n de sonidos de baja frecuencia e intensidad variable imita el zumbido de los mosquitos machos y ahuyenta de manera duradera a las hembras de la especie, que son las \u00fanicas que pican para extraer sangre de personas y animales.","og_url":"https:\/\/ultrasoundtech.it\/es\/prodotto\/zerozzz-kit\/","og_site_name":"ULTRASOUNDtech\u2122","article_publisher":"https:\/\/www.facebook.com\/ultrasoundtechacarzero\/","article_modified_time":"2025-02-18T23:03:12+00:00","og_image":[{"width":700,"height":700,"url":"https:\/\/ultrasoundtech.it\/wp-content\/uploads\/2024\/06\/ultrasound-zerozzz-kit-estate-1.png","type":"image\/png"}],"twitter_card":"summary_large_image","twitter_misc":{"Tiempo de lectura":"1 minuto"},"schema":{"@context":"https:\/\/schema.org","@graph":[{"@type":"WebPage","@id":"https:\/\/ultrasoundtech.it\/es\/prodotto\/zerozzz-kit\/","url":"https:\/\/ultrasoundtech.it\/es\/prodotto\/zerozzz-kit\/","name":"ZeroZzz\u2122 Kit - ULTRASOUNDtech\u2122","isPartOf":{"@id":"https:\/\/ultrasoundtech.it\/#website"},"primaryImageOfPage":{"@id":"https:\/\/ultrasoundtech.it\/es\/prodotto\/zerozzz-kit\/#primaryimage"},"image":{"@id":"https:\/\/ultrasoundtech.it\/es\/prodotto\/zerozzz-kit\/#primaryimage"},"thumbnailUrl":"https:\/\/ultrasoundtech.it\/wp-content\/uploads\/2024\/06\/ultrasound-zerozzz-kit-estate-1.png","datePublished":"2024-06-17T13:58:04+00:00","dateModified":"2025-02-18T23:03:12+00:00","breadcrumb":{"@id":"https:\/\/ultrasoundtech.it\/es\/prodotto\/zerozzz-kit\/#breadcrumb"},"inLanguage":"es","potentialAction":[{"@type":"ReadAction","target":["https:\/\/ultrasoundtech.it\/es\/prodotto\/zerozzz-kit\/"]}]},{"@type":"ImageObject","inLanguage":"es","@id":"https:\/\/ultrasoundtech.it\/es\/prodotto\/zerozzz-kit\/#primaryimage","url":"https:\/\/ultrasoundtech.it\/wp-content\/uploads\/2024\/06\/ultrasound-zerozzz-kit-estate-1.png","contentUrl":"https:\/\/ultrasoundtech.it\/wp-content\/uploads\/2024\/06\/ultrasound-zerozzz-kit-estate-1.png","width":700,"height":700},{"@type":"BreadcrumbList","@id":"https:\/\/ultrasoundtech.it\/es\/prodotto\/zerozzz-kit\/#breadcrumb","itemListElement":[{"@type":"ListItem","position":1,"name":"Home","item":"https:\/\/ultrasoundtech.it\/es\/"},{"@type":"ListItem","position":2,"name":"Shop","item":"https:\/\/ultrasoundtech.it\/es\/shop\/"},{"@type":"ListItem","position":3,"name":"ZeroZzz\u2122 Kit"}]},{"@type":"WebSite","@id":"https:\/\/ultrasoundtech.it\/#website","url":"https:\/\/ultrasoundtech.it\/","name":"ULTRASOUNDtech\u2122","description":"","publisher":{"@id":"https:\/\/ultrasoundtech.it\/#organization"},"potentialAction":[{"@type":"SearchAction","target":{"@type":"EntryPoint","urlTemplate":"https:\/\/ultrasoundtech.it\/?s={search_term_string}"},"query-input":{"@type":"PropertyValueSpecification","valueRequired":true,"valueName":"search_term_string"}}],"inLanguage":"es"},{"@type":"Organization","@id":"https:\/\/ultrasoundtech.it\/#organization","name":"ULTRASOUNDtech\u2122","url":"https:\/\/ultrasoundtech.it\/","logo":{"@type":"ImageObject","inLanguage":"es","@id":"https:\/\/ultrasoundtech.it\/#\/schema\/logo\/image\/","url":"https:\/\/ultrasoundtech.it\/wp-content\/uploads\/2021\/04\/logo@3x.png","contentUrl":"https:\/\/ultrasoundtech.it\/wp-content\/uploads\/2021\/04\/logo@3x.png","width":504,"height":99,"caption":"ULTRASOUNDtech\u2122"},"image":{"@id":"https:\/\/ultrasoundtech.it\/#\/schema\/logo\/image\/"},"sameAs":["https:\/\/www.facebook.com\/ultrasoundtechacarzero\/","https:\/\/www.instagram.com\/ultrasound__tech\/"]}]}},"jetpack_sharing_enabled":true,"_links":{"self":[{"href":"https:\/\/ultrasoundtech.it\/es\/wp-json\/wp\/v2\/product\/12162","targetHints":{"allow":["GET"]}}],"collection":[{"href":"https:\/\/ultrasoundtech.it\/es\/wp-json\/wp\/v2\/product"}],"about":[{"href":"https:\/\/ultrasoundtech.it\/es\/wp-json\/wp\/v2\/types\/product"}],"wp:featuredmedia":[{"embeddable":true,"href":"https:\/\/ultrasoundtech.it\/es\/wp-json\/wp\/v2\/media\/12400"}],"wp:attachment":[{"href":"https:\/\/ultrasoundtech.it\/es\/wp-json\/wp\/v2\/media?parent=12162"}],"wp:term":[{"taxonomy":"product_brand","embeddable":true,"href":"https:\/\/ultrasoundtech.it\/es\/wp-json\/wp\/v2\/product_brand?post=12162"},{"taxonomy":"product_cat","embeddable":true,"href":"https:\/\/ultrasoundtech.it\/es\/wp-json\/wp\/v2\/product_cat?post=12162"},{"taxonomy":"product_tag","embeddable":true,"href":"https:\/\/ultrasoundtech.it\/es\/wp-json\/wp\/v2\/product_tag?post=12162"}],"curies":[{"name":"wp","href":"https:\/\/api.w.org\/{rel}","templated":true}]}}