{"id":12196,"date":"2022-04-04T14:26:18","date_gmt":"2022-04-04T12:26:18","guid":{"rendered":"https:\/\/ultrasoundtech.it\/prodotto\/zerozzz-flexy\/"},"modified":"2024-06-17T14:28:45","modified_gmt":"2024-06-17T12:28:45","slug":"zerozzz-flexy","status":"publish","type":"product","link":"https:\/\/ultrasoundtech.it\/es\/prodotto\/zerozzz-flexy\/","title":{"rendered":"ZeroZzz\u2122 FLEXY  &#8211; Pulsera repelente de mosquitos"},"content":{"rendered":"<p>ZeroZzz\u2122 FLEXY es un dispositivo port\u00e1til y seguro de repelente de mosquitos por sonido para toda la familia. Con un alcance de aproximadamente 3 metros, ZeroZzz\u2122 FLEXY simula el batido de alas del mosquito macho para alejar a la hembra, responsable de las molestas picaduras. Puede llevarse en la mu\u00f1eca, tobillo o adherido a la ropa mediante una pr\u00e1ctica correa flexible. El dispositivo est\u00e1 programado para emitir sonido en tres intensidades diferentes y funciona con una bater\u00eda de litio de larga duraci\u00f3n y reemplazable.<\/p>\n<p>&nbsp;<\/p>\n","protected":false},"excerpt":{"rendered":"<p>ZeroZzz\u2122 FLEXY es un repelente electr\u00f3nico port\u00e1til contra los mosquitos, ideal para las actividades al aire libre. Gracias a su forma, puede ser f\u00e1cilmente llevado en la mu\u00f1eca, el tobillo o sujeto a la ropa.<\/p>\n","protected":false},"featured_media":5170,"template":"","meta":{"_acf_changed":false},"product_brand":[],"product_cat":[78],"product_tag":[],"class_list":{"0":"post-12196","1":"product","2":"type-product","3":"status-publish","4":"has-post-thumbnail","6":"product_cat-antimosquitos","7":"sales-flash-overlay","8":"woocommerce-text-align-center","9":"woocommerce-image-align-center","10":"do-quantity-buttons","12":"first","13":"instock","14":"taxable","15":"shipping-taxable","16":"purchasable","17":"product-type-variable"},"acf":[],"yoast_head":"<!-- This site is optimized with the Yoast SEO plugin v27.4 - https:\/\/yoast.com\/product\/yoast-seo-wordpress\/ -->\n<title>ZeroZzz\u2122 FLEXY - Pulsera repelente de mosquitos - ULTRASOUNDtech\u2122<\/title>\n<meta name=\"description\" content=\"ZeroZzz\u2122 Flexy \u00e8 un repellente elettronico portatile contro le zanzare ideale per le attivit\u00e0 all\u2019aria aperta. Scopri di pi\u00f9!\" \/>\n<meta name=\"robots\" content=\"index, follow, max-snippet:-1, max-image-preview:large, max-video-preview:-1\" \/>\n<link rel=\"canonical\" href=\"https:\/\/ultrasoundtech.it\/es\/prodotto\/zerozzz-flexy\/\" \/>\n<meta property=\"og:locale\" content=\"es_ES\" \/>\n<meta property=\"og:type\" content=\"article\" \/>\n<meta property=\"og:title\" content=\"ZeroZzz\u2122 FLEXY - Pulsera repelente de mosquitos - ULTRASOUNDtech\u2122\" \/>\n<meta property=\"og:description\" content=\"ZeroZzz\u2122 Flexy \u00e8 un repellente elettronico portatile contro le zanzare ideale per le attivit\u00e0 all\u2019aria aperta. Scopri di pi\u00f9!\" \/>\n<meta property=\"og:url\" content=\"https:\/\/ultrasoundtech.it\/es\/prodotto\/zerozzz-flexy\/\" \/>\n<meta property=\"og:site_name\" content=\"ULTRASOUNDtech\u2122\" \/>\n<meta property=\"article:publisher\" content=\"https:\/\/www.facebook.com\/ultrasoundtechacarzero\/\" \/>\n<meta property=\"article:modified_time\" content=\"2024-06-17T12:28:45+00:00\" \/>\n<meta property=\"og:image\" content=\"https:\/\/ultrasoundtech.it\/wp-content\/uploads\/2022\/04\/ZeroZzz_FLEXY_dettaglio_rosso-1.png\" \/>\n\t<meta property=\"og:image:width\" content=\"700\" \/>\n\t<meta property=\"og:image:height\" content=\"700\" \/>\n\t<meta property=\"og:image:type\" content=\"image\/png\" \/>\n<meta name=\"twitter:card\" content=\"summary_large_image\" \/>\n<meta name=\"twitter:label1\" content=\"Tiempo de lectura\" \/>\n\t<meta name=\"twitter:data1\" content=\"1 minuto\" \/>\n<script type=\"application\/ld+json\" class=\"yoast-schema-graph\">{\"@context\":\"https:\\\/\\\/schema.org\",\"@graph\":[{\"@type\":\"WebPage\",\"@id\":\"https:\\\/\\\/ultrasoundtech.it\\\/es\\\/prodotto\\\/zerozzz-flexy\\\/\",\"url\":\"https:\\\/\\\/ultrasoundtech.it\\\/es\\\/prodotto\\\/zerozzz-flexy\\\/\",\"name\":\"ZeroZzz\u2122 FLEXY - Pulsera repelente de mosquitos - ULTRASOUNDtech\u2122\",\"isPartOf\":{\"@id\":\"https:\\\/\\\/ultrasoundtech.it\\\/#website\"},\"primaryImageOfPage\":{\"@id\":\"https:\\\/\\\/ultrasoundtech.it\\\/es\\\/prodotto\\\/zerozzz-flexy\\\/#primaryimage\"},\"image\":{\"@id\":\"https:\\\/\\\/ultrasoundtech.it\\\/es\\\/prodotto\\\/zerozzz-flexy\\\/#primaryimage\"},\"thumbnailUrl\":\"https:\\\/\\\/ultrasoundtech.it\\\/wp-content\\\/uploads\\\/2022\\\/04\\\/ZeroZzz_FLEXY_dettaglio_rosso-1.png\",\"datePublished\":\"2022-04-04T12:26:18+00:00\",\"dateModified\":\"2024-06-17T12:28:45+00:00\",\"description\":\"ZeroZzz\u2122 Flexy \u00e8 un repellente elettronico portatile contro le zanzare ideale per le attivit\u00e0 all\u2019aria aperta. Scopri di pi\u00f9!\",\"breadcrumb\":{\"@id\":\"https:\\\/\\\/ultrasoundtech.it\\\/es\\\/prodotto\\\/zerozzz-flexy\\\/#breadcrumb\"},\"inLanguage\":\"es\",\"potentialAction\":[{\"@type\":\"ReadAction\",\"target\":[\"https:\\\/\\\/ultrasoundtech.it\\\/es\\\/prodotto\\\/zerozzz-flexy\\\/\"]}]},{\"@type\":\"ImageObject\",\"inLanguage\":\"es\",\"@id\":\"https:\\\/\\\/ultrasoundtech.it\\\/es\\\/prodotto\\\/zerozzz-flexy\\\/#primaryimage\",\"url\":\"https:\\\/\\\/ultrasoundtech.it\\\/wp-content\\\/uploads\\\/2022\\\/04\\\/ZeroZzz_FLEXY_dettaglio_rosso-1.png\",\"contentUrl\":\"https:\\\/\\\/ultrasoundtech.it\\\/wp-content\\\/uploads\\\/2022\\\/04\\\/ZeroZzz_FLEXY_dettaglio_rosso-1.png\",\"width\":700,\"height\":700,\"caption\":\"ZeroZzz\u2122 FLEXY \u2013 Braccialetto antizanzare - Rosso\"},{\"@type\":\"BreadcrumbList\",\"@id\":\"https:\\\/\\\/ultrasoundtech.it\\\/es\\\/prodotto\\\/zerozzz-flexy\\\/#breadcrumb\",\"itemListElement\":[{\"@type\":\"ListItem\",\"position\":1,\"name\":\"Home\",\"item\":\"https:\\\/\\\/ultrasoundtech.it\\\/es\\\/\"},{\"@type\":\"ListItem\",\"position\":2,\"name\":\"Shop\",\"item\":\"https:\\\/\\\/ultrasoundtech.it\\\/es\\\/shop\\\/\"},{\"@type\":\"ListItem\",\"position\":3,\"name\":\"ZeroZzz\u2122 FLEXY &#8211; Pulsera repelente de mosquitos\"}]},{\"@type\":\"WebSite\",\"@id\":\"https:\\\/\\\/ultrasoundtech.it\\\/#website\",\"url\":\"https:\\\/\\\/ultrasoundtech.it\\\/\",\"name\":\"ULTRASOUNDtech\u2122\",\"description\":\"\",\"publisher\":{\"@id\":\"https:\\\/\\\/ultrasoundtech.it\\\/#organization\"},\"potentialAction\":[{\"@type\":\"SearchAction\",\"target\":{\"@type\":\"EntryPoint\",\"urlTemplate\":\"https:\\\/\\\/ultrasoundtech.it\\\/?s={search_term_string}\"},\"query-input\":{\"@type\":\"PropertyValueSpecification\",\"valueRequired\":true,\"valueName\":\"search_term_string\"}}],\"inLanguage\":\"es\"},{\"@type\":\"Organization\",\"@id\":\"https:\\\/\\\/ultrasoundtech.it\\\/#organization\",\"name\":\"ULTRASOUNDtech\u2122\",\"url\":\"https:\\\/\\\/ultrasoundtech.it\\\/\",\"logo\":{\"@type\":\"ImageObject\",\"inLanguage\":\"es\",\"@id\":\"https:\\\/\\\/ultrasoundtech.it\\\/#\\\/schema\\\/logo\\\/image\\\/\",\"url\":\"https:\\\/\\\/ultrasoundtech.it\\\/wp-content\\\/uploads\\\/2021\\\/04\\\/logo@3x.png\",\"contentUrl\":\"https:\\\/\\\/ultrasoundtech.it\\\/wp-content\\\/uploads\\\/2021\\\/04\\\/logo@3x.png\",\"width\":504,\"height\":99,\"caption\":\"ULTRASOUNDtech\u2122\"},\"image\":{\"@id\":\"https:\\\/\\\/ultrasoundtech.it\\\/#\\\/schema\\\/logo\\\/image\\\/\"},\"sameAs\":[\"https:\\\/\\\/www.facebook.com\\\/ultrasoundtechacarzero\\\/\",\"https:\\\/\\\/www.instagram.com\\\/ultrasound__tech\\\/\"]}]}<\/script>\n<!-- \/ Yoast SEO plugin. -->","yoast_head_json":{"title":"ZeroZzz\u2122 FLEXY - Pulsera repelente de mosquitos - ULTRASOUNDtech\u2122","description":"ZeroZzz\u2122 Flexy \u00e8 un repellente elettronico portatile contro le zanzare ideale per le attivit\u00e0 all\u2019aria aperta. Scopri di pi\u00f9!","robots":{"index":"index","follow":"follow","max-snippet":"max-snippet:-1","max-image-preview":"max-image-preview:large","max-video-preview":"max-video-preview:-1"},"canonical":"https:\/\/ultrasoundtech.it\/es\/prodotto\/zerozzz-flexy\/","og_locale":"es_ES","og_type":"article","og_title":"ZeroZzz\u2122 FLEXY - Pulsera repelente de mosquitos - ULTRASOUNDtech\u2122","og_description":"ZeroZzz\u2122 Flexy \u00e8 un repellente elettronico portatile contro le zanzare ideale per le attivit\u00e0 all\u2019aria aperta. Scopri di pi\u00f9!","og_url":"https:\/\/ultrasoundtech.it\/es\/prodotto\/zerozzz-flexy\/","og_site_name":"ULTRASOUNDtech\u2122","article_publisher":"https:\/\/www.facebook.com\/ultrasoundtechacarzero\/","article_modified_time":"2024-06-17T12:28:45+00:00","og_image":[{"width":700,"height":700,"url":"https:\/\/ultrasoundtech.it\/wp-content\/uploads\/2022\/04\/ZeroZzz_FLEXY_dettaglio_rosso-1.png","type":"image\/png"}],"twitter_card":"summary_large_image","twitter_misc":{"Tiempo de lectura":"1 minuto"},"schema":{"@context":"https:\/\/schema.org","@graph":[{"@type":"WebPage","@id":"https:\/\/ultrasoundtech.it\/es\/prodotto\/zerozzz-flexy\/","url":"https:\/\/ultrasoundtech.it\/es\/prodotto\/zerozzz-flexy\/","name":"ZeroZzz\u2122 FLEXY - Pulsera repelente de mosquitos - ULTRASOUNDtech\u2122","isPartOf":{"@id":"https:\/\/ultrasoundtech.it\/#website"},"primaryImageOfPage":{"@id":"https:\/\/ultrasoundtech.it\/es\/prodotto\/zerozzz-flexy\/#primaryimage"},"image":{"@id":"https:\/\/ultrasoundtech.it\/es\/prodotto\/zerozzz-flexy\/#primaryimage"},"thumbnailUrl":"https:\/\/ultrasoundtech.it\/wp-content\/uploads\/2022\/04\/ZeroZzz_FLEXY_dettaglio_rosso-1.png","datePublished":"2022-04-04T12:26:18+00:00","dateModified":"2024-06-17T12:28:45+00:00","description":"ZeroZzz\u2122 Flexy \u00e8 un repellente elettronico portatile contro le zanzare ideale per le attivit\u00e0 all\u2019aria aperta. Scopri di pi\u00f9!","breadcrumb":{"@id":"https:\/\/ultrasoundtech.it\/es\/prodotto\/zerozzz-flexy\/#breadcrumb"},"inLanguage":"es","potentialAction":[{"@type":"ReadAction","target":["https:\/\/ultrasoundtech.it\/es\/prodotto\/zerozzz-flexy\/"]}]},{"@type":"ImageObject","inLanguage":"es","@id":"https:\/\/ultrasoundtech.it\/es\/prodotto\/zerozzz-flexy\/#primaryimage","url":"https:\/\/ultrasoundtech.it\/wp-content\/uploads\/2022\/04\/ZeroZzz_FLEXY_dettaglio_rosso-1.png","contentUrl":"https:\/\/ultrasoundtech.it\/wp-content\/uploads\/2022\/04\/ZeroZzz_FLEXY_dettaglio_rosso-1.png","width":700,"height":700,"caption":"ZeroZzz\u2122 FLEXY \u2013 Braccialetto antizanzare - Rosso"},{"@type":"BreadcrumbList","@id":"https:\/\/ultrasoundtech.it\/es\/prodotto\/zerozzz-flexy\/#breadcrumb","itemListElement":[{"@type":"ListItem","position":1,"name":"Home","item":"https:\/\/ultrasoundtech.it\/es\/"},{"@type":"ListItem","position":2,"name":"Shop","item":"https:\/\/ultrasoundtech.it\/es\/shop\/"},{"@type":"ListItem","position":3,"name":"ZeroZzz\u2122 FLEXY &#8211; Pulsera repelente de mosquitos"}]},{"@type":"WebSite","@id":"https:\/\/ultrasoundtech.it\/#website","url":"https:\/\/ultrasoundtech.it\/","name":"ULTRASOUNDtech\u2122","description":"","publisher":{"@id":"https:\/\/ultrasoundtech.it\/#organization"},"potentialAction":[{"@type":"SearchAction","target":{"@type":"EntryPoint","urlTemplate":"https:\/\/ultrasoundtech.it\/?s={search_term_string}"},"query-input":{"@type":"PropertyValueSpecification","valueRequired":true,"valueName":"search_term_string"}}],"inLanguage":"es"},{"@type":"Organization","@id":"https:\/\/ultrasoundtech.it\/#organization","name":"ULTRASOUNDtech\u2122","url":"https:\/\/ultrasoundtech.it\/","logo":{"@type":"ImageObject","inLanguage":"es","@id":"https:\/\/ultrasoundtech.it\/#\/schema\/logo\/image\/","url":"https:\/\/ultrasoundtech.it\/wp-content\/uploads\/2021\/04\/logo@3x.png","contentUrl":"https:\/\/ultrasoundtech.it\/wp-content\/uploads\/2021\/04\/logo@3x.png","width":504,"height":99,"caption":"ULTRASOUNDtech\u2122"},"image":{"@id":"https:\/\/ultrasoundtech.it\/#\/schema\/logo\/image\/"},"sameAs":["https:\/\/www.facebook.com\/ultrasoundtechacarzero\/","https:\/\/www.instagram.com\/ultrasound__tech\/"]}]}},"jetpack_sharing_enabled":true,"_links":{"self":[{"href":"https:\/\/ultrasoundtech.it\/es\/wp-json\/wp\/v2\/product\/12196","targetHints":{"allow":["GET"]}}],"collection":[{"href":"https:\/\/ultrasoundtech.it\/es\/wp-json\/wp\/v2\/product"}],"about":[{"href":"https:\/\/ultrasoundtech.it\/es\/wp-json\/wp\/v2\/types\/product"}],"wp:featuredmedia":[{"embeddable":true,"href":"https:\/\/ultrasoundtech.it\/es\/wp-json\/wp\/v2\/media\/5170"}],"wp:attachment":[{"href":"https:\/\/ultrasoundtech.it\/es\/wp-json\/wp\/v2\/media?parent=12196"}],"wp:term":[{"taxonomy":"product_brand","embeddable":true,"href":"https:\/\/ultrasoundtech.it\/es\/wp-json\/wp\/v2\/product_brand?post=12196"},{"taxonomy":"product_cat","embeddable":true,"href":"https:\/\/ultrasoundtech.it\/es\/wp-json\/wp\/v2\/product_cat?post=12196"},{"taxonomy":"product_tag","embeddable":true,"href":"https:\/\/ultrasoundtech.it\/es\/wp-json\/wp\/v2\/product_tag?post=12196"}],"curies":[{"name":"wp","href":"https:\/\/api.w.org\/{rel}","templated":true}]}}