{"id":12234,"date":"2022-04-04T17:21:17","date_gmt":"2022-04-04T15:21:17","guid":{"rendered":"https:\/\/ultrasoundtech.it\/prodotto\/accessorio-flexy\/"},"modified":"2024-06-17T14:22:57","modified_gmt":"2024-06-17T12:22:57","slug":"accesorio-flexy","status":"publish","type":"product","link":"https:\/\/ultrasoundtech.it\/es\/prodotto\/accesorio-flexy\/","title":{"rendered":"Accesorio Flexy"},"content":{"rendered":"<p>Accessorio per ZeroZzz\u2122 FLEXY, il dispositivo anti-zanzare ad emissioni soniche, portatile e sicuro per tutta la famiglia. Con un raggio d&#8217;azione di circa 3m, ZeroZzz\u2122 FLEXY simula il battito di ali della zanzara maschio allontanando la femmina, responsabile delle fastidiose punture. Pu\u00f2 essere indossato al polso, alla caviglia o affrancato all\u2019abbigliamento, mediante il pratico cinturino flessibile. Il dispositivo \u00e8 programmato per emettere il suono in tre intensit\u00e0 differenti. Funziona con una batteria al litio di lunga durata sostituibile.<\/p>\n","protected":false},"excerpt":{"rendered":"<p>Compra <strong>FLEXY<\/strong>, la funda protectora para tu dispositivo antimosquitos que te permite usarlo en la mu\u00f1eca de manera pr\u00e1ctica y segura.<br \/>\nFabricado con una goma especial para hacerlo lo m\u00e1s c\u00f3modo posible incluso mientras haces deporte, los <strong>ACCESORIOS ZeroZzz FLEXY<\/strong> son la soluci\u00f3n ideal para disfrutar de la naturaleza sin preocuparte por llevar contigo sprays o llaveros. Una vez en tu mu\u00f1eca, te olvidar\u00e1s de que lo llevas puesto y, naturalmente, de los mosquitos. Elige entre 6 variantes de color para combinarlo perfectamente con tu atuendo.<\/p>\n","protected":false},"featured_media":5088,"template":"","meta":{"_acf_changed":false},"product_brand":[],"product_cat":[125],"product_tag":[],"class_list":{"0":"post-12234","1":"product","2":"type-product","3":"status-publish","4":"has-post-thumbnail","6":"product_cat-senza-categoria-es","7":"sales-flash-overlay","8":"woocommerce-text-align-center","9":"woocommerce-image-align-center","10":"do-quantity-buttons","12":"first","13":"instock","14":"taxable","15":"shipping-taxable","16":"purchasable","17":"product-type-variable","18":"has-default-attributes"},"acf":[],"yoast_head":"<!-- This site is optimized with the Yoast SEO plugin v27.4 - https:\/\/yoast.com\/product\/yoast-seo-wordpress\/ -->\n<title>Case Protettiva per ZeroZzz\u2122 FLEXY - ULTRASOUNDtech\u2122<\/title>\n<meta name=\"description\" content=\"FLEXY \u00e8 la case protettiva per il tuo dispositivo antizanzare che ti permette di utilizzarlo al polso in modo pratico e sicuro. Acquista!\" \/>\n<meta name=\"robots\" content=\"index, follow, max-snippet:-1, max-image-preview:large, max-video-preview:-1\" \/>\n<link rel=\"canonical\" href=\"https:\/\/ultrasoundtech.it\/es\/prodotto\/accesorio-flexy\/\" \/>\n<meta property=\"og:locale\" content=\"es_ES\" \/>\n<meta property=\"og:type\" content=\"article\" \/>\n<meta property=\"og:title\" content=\"Case Protettiva per ZeroZzz\u2122 FLEXY - ULTRASOUNDtech\u2122\" \/>\n<meta property=\"og:description\" content=\"FLEXY \u00e8 la case protettiva per il tuo dispositivo antizanzare che ti permette di utilizzarlo al polso in modo pratico e sicuro. Acquista!\" \/>\n<meta property=\"og:url\" content=\"https:\/\/ultrasoundtech.it\/es\/prodotto\/accesorio-flexy\/\" \/>\n<meta property=\"og:site_name\" content=\"ULTRASOUNDtech\u2122\" \/>\n<meta property=\"article:publisher\" content=\"https:\/\/www.facebook.com\/ultrasoundtechacarzero\/\" \/>\n<meta property=\"article:modified_time\" content=\"2024-06-17T12:22:57+00:00\" \/>\n<meta property=\"og:image\" content=\"https:\/\/ultrasoundtech.it\/wp-content\/uploads\/2022\/04\/FLEXY-1.png\" \/>\n\t<meta property=\"og:image:width\" content=\"1200\" \/>\n\t<meta property=\"og:image:height\" content=\"848\" \/>\n\t<meta property=\"og:image:type\" content=\"image\/png\" \/>\n<meta name=\"twitter:card\" content=\"summary_large_image\" \/>\n<meta name=\"twitter:label1\" content=\"Tiempo de lectura\" \/>\n\t<meta name=\"twitter:data1\" content=\"1 minuto\" \/>\n<script type=\"application\/ld+json\" class=\"yoast-schema-graph\">{\"@context\":\"https:\\\/\\\/schema.org\",\"@graph\":[{\"@type\":\"WebPage\",\"@id\":\"https:\\\/\\\/ultrasoundtech.it\\\/es\\\/prodotto\\\/accesorio-flexy\\\/\",\"url\":\"https:\\\/\\\/ultrasoundtech.it\\\/es\\\/prodotto\\\/accesorio-flexy\\\/\",\"name\":\"Case Protettiva per ZeroZzz\u2122 FLEXY - ULTRASOUNDtech\u2122\",\"isPartOf\":{\"@id\":\"https:\\\/\\\/ultrasoundtech.it\\\/#website\"},\"primaryImageOfPage\":{\"@id\":\"https:\\\/\\\/ultrasoundtech.it\\\/es\\\/prodotto\\\/accesorio-flexy\\\/#primaryimage\"},\"image\":{\"@id\":\"https:\\\/\\\/ultrasoundtech.it\\\/es\\\/prodotto\\\/accesorio-flexy\\\/#primaryimage\"},\"thumbnailUrl\":\"https:\\\/\\\/ultrasoundtech.it\\\/wp-content\\\/uploads\\\/2022\\\/04\\\/FLEXY-1.png\",\"datePublished\":\"2022-04-04T15:21:17+00:00\",\"dateModified\":\"2024-06-17T12:22:57+00:00\",\"description\":\"FLEXY \u00e8 la case protettiva per il tuo dispositivo antizanzare che ti permette di utilizzarlo al polso in modo pratico e sicuro. Acquista!\",\"breadcrumb\":{\"@id\":\"https:\\\/\\\/ultrasoundtech.it\\\/es\\\/prodotto\\\/accesorio-flexy\\\/#breadcrumb\"},\"inLanguage\":\"es\",\"potentialAction\":[{\"@type\":\"ReadAction\",\"target\":[\"https:\\\/\\\/ultrasoundtech.it\\\/es\\\/prodotto\\\/accesorio-flexy\\\/\"]}]},{\"@type\":\"ImageObject\",\"inLanguage\":\"es\",\"@id\":\"https:\\\/\\\/ultrasoundtech.it\\\/es\\\/prodotto\\\/accesorio-flexy\\\/#primaryimage\",\"url\":\"https:\\\/\\\/ultrasoundtech.it\\\/wp-content\\\/uploads\\\/2022\\\/04\\\/FLEXY-1.png\",\"contentUrl\":\"https:\\\/\\\/ultrasoundtech.it\\\/wp-content\\\/uploads\\\/2022\\\/04\\\/FLEXY-1.png\",\"width\":1200,\"height\":848,\"caption\":\"ZeroZzz\u2122 Flexy \u2013 Braccialetto antizanzare - Assortimento colori\"},{\"@type\":\"BreadcrumbList\",\"@id\":\"https:\\\/\\\/ultrasoundtech.it\\\/es\\\/prodotto\\\/accesorio-flexy\\\/#breadcrumb\",\"itemListElement\":[{\"@type\":\"ListItem\",\"position\":1,\"name\":\"Home\",\"item\":\"https:\\\/\\\/ultrasoundtech.it\\\/es\\\/\"},{\"@type\":\"ListItem\",\"position\":2,\"name\":\"Shop\",\"item\":\"https:\\\/\\\/ultrasoundtech.it\\\/es\\\/shop\\\/\"},{\"@type\":\"ListItem\",\"position\":3,\"name\":\"Accesorio Flexy\"}]},{\"@type\":\"WebSite\",\"@id\":\"https:\\\/\\\/ultrasoundtech.it\\\/#website\",\"url\":\"https:\\\/\\\/ultrasoundtech.it\\\/\",\"name\":\"ULTRASOUNDtech\u2122\",\"description\":\"\",\"publisher\":{\"@id\":\"https:\\\/\\\/ultrasoundtech.it\\\/#organization\"},\"potentialAction\":[{\"@type\":\"SearchAction\",\"target\":{\"@type\":\"EntryPoint\",\"urlTemplate\":\"https:\\\/\\\/ultrasoundtech.it\\\/?s={search_term_string}\"},\"query-input\":{\"@type\":\"PropertyValueSpecification\",\"valueRequired\":true,\"valueName\":\"search_term_string\"}}],\"inLanguage\":\"es\"},{\"@type\":\"Organization\",\"@id\":\"https:\\\/\\\/ultrasoundtech.it\\\/#organization\",\"name\":\"ULTRASOUNDtech\u2122\",\"url\":\"https:\\\/\\\/ultrasoundtech.it\\\/\",\"logo\":{\"@type\":\"ImageObject\",\"inLanguage\":\"es\",\"@id\":\"https:\\\/\\\/ultrasoundtech.it\\\/#\\\/schema\\\/logo\\\/image\\\/\",\"url\":\"https:\\\/\\\/ultrasoundtech.it\\\/wp-content\\\/uploads\\\/2021\\\/04\\\/logo@3x.png\",\"contentUrl\":\"https:\\\/\\\/ultrasoundtech.it\\\/wp-content\\\/uploads\\\/2021\\\/04\\\/logo@3x.png\",\"width\":504,\"height\":99,\"caption\":\"ULTRASOUNDtech\u2122\"},\"image\":{\"@id\":\"https:\\\/\\\/ultrasoundtech.it\\\/#\\\/schema\\\/logo\\\/image\\\/\"},\"sameAs\":[\"https:\\\/\\\/www.facebook.com\\\/ultrasoundtechacarzero\\\/\",\"https:\\\/\\\/www.instagram.com\\\/ultrasound__tech\\\/\"]}]}<\/script>\n<!-- \/ Yoast SEO plugin. -->","yoast_head_json":{"title":"Case Protettiva per ZeroZzz\u2122 FLEXY - ULTRASOUNDtech\u2122","description":"FLEXY \u00e8 la case protettiva per il tuo dispositivo antizanzare che ti permette di utilizzarlo al polso in modo pratico e sicuro. Acquista!","robots":{"index":"index","follow":"follow","max-snippet":"max-snippet:-1","max-image-preview":"max-image-preview:large","max-video-preview":"max-video-preview:-1"},"canonical":"https:\/\/ultrasoundtech.it\/es\/prodotto\/accesorio-flexy\/","og_locale":"es_ES","og_type":"article","og_title":"Case Protettiva per ZeroZzz\u2122 FLEXY - ULTRASOUNDtech\u2122","og_description":"FLEXY \u00e8 la case protettiva per il tuo dispositivo antizanzare che ti permette di utilizzarlo al polso in modo pratico e sicuro. Acquista!","og_url":"https:\/\/ultrasoundtech.it\/es\/prodotto\/accesorio-flexy\/","og_site_name":"ULTRASOUNDtech\u2122","article_publisher":"https:\/\/www.facebook.com\/ultrasoundtechacarzero\/","article_modified_time":"2024-06-17T12:22:57+00:00","og_image":[{"width":1200,"height":848,"url":"https:\/\/ultrasoundtech.it\/wp-content\/uploads\/2022\/04\/FLEXY-1.png","type":"image\/png"}],"twitter_card":"summary_large_image","twitter_misc":{"Tiempo de lectura":"1 minuto"},"schema":{"@context":"https:\/\/schema.org","@graph":[{"@type":"WebPage","@id":"https:\/\/ultrasoundtech.it\/es\/prodotto\/accesorio-flexy\/","url":"https:\/\/ultrasoundtech.it\/es\/prodotto\/accesorio-flexy\/","name":"Case Protettiva per ZeroZzz\u2122 FLEXY - ULTRASOUNDtech\u2122","isPartOf":{"@id":"https:\/\/ultrasoundtech.it\/#website"},"primaryImageOfPage":{"@id":"https:\/\/ultrasoundtech.it\/es\/prodotto\/accesorio-flexy\/#primaryimage"},"image":{"@id":"https:\/\/ultrasoundtech.it\/es\/prodotto\/accesorio-flexy\/#primaryimage"},"thumbnailUrl":"https:\/\/ultrasoundtech.it\/wp-content\/uploads\/2022\/04\/FLEXY-1.png","datePublished":"2022-04-04T15:21:17+00:00","dateModified":"2024-06-17T12:22:57+00:00","description":"FLEXY \u00e8 la case protettiva per il tuo dispositivo antizanzare che ti permette di utilizzarlo al polso in modo pratico e sicuro. Acquista!","breadcrumb":{"@id":"https:\/\/ultrasoundtech.it\/es\/prodotto\/accesorio-flexy\/#breadcrumb"},"inLanguage":"es","potentialAction":[{"@type":"ReadAction","target":["https:\/\/ultrasoundtech.it\/es\/prodotto\/accesorio-flexy\/"]}]},{"@type":"ImageObject","inLanguage":"es","@id":"https:\/\/ultrasoundtech.it\/es\/prodotto\/accesorio-flexy\/#primaryimage","url":"https:\/\/ultrasoundtech.it\/wp-content\/uploads\/2022\/04\/FLEXY-1.png","contentUrl":"https:\/\/ultrasoundtech.it\/wp-content\/uploads\/2022\/04\/FLEXY-1.png","width":1200,"height":848,"caption":"ZeroZzz\u2122 Flexy \u2013 Braccialetto antizanzare - Assortimento colori"},{"@type":"BreadcrumbList","@id":"https:\/\/ultrasoundtech.it\/es\/prodotto\/accesorio-flexy\/#breadcrumb","itemListElement":[{"@type":"ListItem","position":1,"name":"Home","item":"https:\/\/ultrasoundtech.it\/es\/"},{"@type":"ListItem","position":2,"name":"Shop","item":"https:\/\/ultrasoundtech.it\/es\/shop\/"},{"@type":"ListItem","position":3,"name":"Accesorio Flexy"}]},{"@type":"WebSite","@id":"https:\/\/ultrasoundtech.it\/#website","url":"https:\/\/ultrasoundtech.it\/","name":"ULTRASOUNDtech\u2122","description":"","publisher":{"@id":"https:\/\/ultrasoundtech.it\/#organization"},"potentialAction":[{"@type":"SearchAction","target":{"@type":"EntryPoint","urlTemplate":"https:\/\/ultrasoundtech.it\/?s={search_term_string}"},"query-input":{"@type":"PropertyValueSpecification","valueRequired":true,"valueName":"search_term_string"}}],"inLanguage":"es"},{"@type":"Organization","@id":"https:\/\/ultrasoundtech.it\/#organization","name":"ULTRASOUNDtech\u2122","url":"https:\/\/ultrasoundtech.it\/","logo":{"@type":"ImageObject","inLanguage":"es","@id":"https:\/\/ultrasoundtech.it\/#\/schema\/logo\/image\/","url":"https:\/\/ultrasoundtech.it\/wp-content\/uploads\/2021\/04\/logo@3x.png","contentUrl":"https:\/\/ultrasoundtech.it\/wp-content\/uploads\/2021\/04\/logo@3x.png","width":504,"height":99,"caption":"ULTRASOUNDtech\u2122"},"image":{"@id":"https:\/\/ultrasoundtech.it\/#\/schema\/logo\/image\/"},"sameAs":["https:\/\/www.facebook.com\/ultrasoundtechacarzero\/","https:\/\/www.instagram.com\/ultrasound__tech\/"]}]}},"jetpack_sharing_enabled":true,"_links":{"self":[{"href":"https:\/\/ultrasoundtech.it\/es\/wp-json\/wp\/v2\/product\/12234","targetHints":{"allow":["GET"]}}],"collection":[{"href":"https:\/\/ultrasoundtech.it\/es\/wp-json\/wp\/v2\/product"}],"about":[{"href":"https:\/\/ultrasoundtech.it\/es\/wp-json\/wp\/v2\/types\/product"}],"wp:featuredmedia":[{"embeddable":true,"href":"https:\/\/ultrasoundtech.it\/es\/wp-json\/wp\/v2\/media\/5088"}],"wp:attachment":[{"href":"https:\/\/ultrasoundtech.it\/es\/wp-json\/wp\/v2\/media?parent=12234"}],"wp:term":[{"taxonomy":"product_brand","embeddable":true,"href":"https:\/\/ultrasoundtech.it\/es\/wp-json\/wp\/v2\/product_brand?post=12234"},{"taxonomy":"product_cat","embeddable":true,"href":"https:\/\/ultrasoundtech.it\/es\/wp-json\/wp\/v2\/product_cat?post=12234"},{"taxonomy":"product_tag","embeddable":true,"href":"https:\/\/ultrasoundtech.it\/es\/wp-json\/wp\/v2\/product_tag?post=12234"}],"curies":[{"name":"wp","href":"https:\/\/api.w.org\/{rel}","templated":true}]}}