{"id":12387,"date":"2024-07-03T09:53:36","date_gmt":"2024-07-03T07:53:36","guid":{"rendered":"https:\/\/ultrasoundtech.it\/prodotto\/zerozzz-kit-travel\/"},"modified":"2024-07-25T17:01:34","modified_gmt":"2024-07-25T15:01:34","slug":"zerozzz-kit-travel","status":"publish","type":"product","link":"https:\/\/ultrasoundtech.it\/es\/prodotto\/zerozzz-kit-travel\/","title":{"rendered":"ZeroZzz\u2122 Kit Travel"},"content":{"rendered":"<p><strong>ZeroZzz\u2122 FLEXY \u2013 Pulsera antimosquitos<\/strong><\/p>\n<p>ZeroZzz\u2122 FLEXY es el dispositivo antimosquitos con emisiones s\u00f3nicas, port\u00e1til y seguro para toda la familia. Con un radio de acci\u00f3n de aproximadamente 3 m, ZeroZzz\u2122 FLEXY est\u00e1 programado para emitir el sonido en tres intensidades diferentes. Funciona con una bater\u00eda de litio de larga duraci\u00f3n y reemplazable.<\/p>\n<p>&nbsp;<\/p>\n<p><strong>ZeroZzz\u2122 AIR &#8211; Dispositivo port\u00e1til antimosquitos<\/strong><\/p>\n<p>Para usar al aire libre, dentro y fuera de casa, el dispositivo garantiza una cobertura de aproximadamente 3 metros, alcanzable con el nivel m\u00e1ximo de intensidad. Su acci\u00f3n discreta y su dise\u00f1o incre\u00edblemente innovador lo convierten en el accesorio ideal para disfrutar de los d\u00edas y noches de verano con total tranquilidad. Con ZeroZzz\u2122AIR, ser\u00e1 posible defenderse de zumbidos molestos y picaduras evitando la difusi\u00f3n de olores fuertes y penetrantes como los de sustancias qu\u00edmicas y aceites esenciales contenidos en los aerosoles o pastillas. ZeroZzz\u2122 AIR es un remedio antimosquitos que protege contra las picaduras respetando la naturaleza y sin riesgos para la salud.<\/p>\n","protected":false},"excerpt":{"rendered":"<p><strong>ZeroZzz\u2122 KIT Travel<\/strong>: ZeroZzz\u2122 FLEXY + ZeroZzz\u2122 <span style=\"font-weight: 400;\">AIR<\/span><\/p>\n<p><strong>ZeroZzz\u2122 FLEXY<\/strong> <span style=\"font-weight: 400;\">es un repelente electr\u00f3nico port\u00e1til contra los mosquitos, ideal para actividades al aire libre. Gracias a su dise\u00f1o, puede llevarse f\u00e1cilmente en la mu\u00f1eca, el tobillo o sujetarse a la ropa.<\/span><\/p>\n<p><strong>ZeroZzz\u2122 AIR<\/strong> <span style=\"font-weight: 400;\">es el aliado perfecto para combatir las infestaciones de mosquitos dentro y fuera de casa. La emisi\u00f3n de una frecuencia s\u00f3nica aleatoria hace que ZeroZzz\u2122AIR sea el accesorio ideal para disfrutar de los d\u00edas y las noches de verano con total tranquilidad.<\/span><\/p>\n","protected":false},"featured_media":12397,"template":"","meta":{"_acf_changed":false},"product_brand":[],"product_cat":[78],"product_tag":[],"class_list":{"0":"post-12387","1":"product","2":"type-product","3":"status-publish","4":"has-post-thumbnail","6":"product_cat-antimosquitos","7":"sales-flash-overlay","8":"woocommerce-text-align-center","9":"woocommerce-image-align-center","10":"do-quantity-buttons","12":"first","13":"instock","14":"taxable","15":"shipping-taxable","16":"purchasable","17":"product-type-variable","18":"has-default-attributes"},"acf":[],"yoast_head":"<!-- This site is optimized with the Yoast SEO plugin v27.4 - https:\/\/yoast.com\/product\/yoast-seo-wordpress\/ -->\n<title>ZeroZzz\u2122 Kit Travel - ULTRASOUNDtech\u2122<\/title>\n<meta name=\"description\" content=\"ZeroZzz\u2122 Flexy \u00e8 un repellente elettronico portatile contro le zanzare ideale per le attivit\u00e0 all\u2019aria aperta. Scopri di pi\u00f9!\" \/>\n<meta name=\"robots\" content=\"index, follow, max-snippet:-1, max-image-preview:large, max-video-preview:-1\" \/>\n<link rel=\"canonical\" href=\"https:\/\/ultrasoundtech.it\/es\/prodotto\/zerozzz-kit-travel\/\" \/>\n<meta property=\"og:locale\" content=\"es_ES\" \/>\n<meta property=\"og:type\" content=\"article\" \/>\n<meta property=\"og:title\" content=\"ZeroZzz\u2122 Kit Travel - ULTRASOUNDtech\u2122\" \/>\n<meta property=\"og:description\" content=\"ZeroZzz\u2122 Flexy \u00e8 un repellente elettronico portatile contro le zanzare ideale per le attivit\u00e0 all\u2019aria aperta. Scopri di pi\u00f9!\" \/>\n<meta property=\"og:url\" content=\"https:\/\/ultrasoundtech.it\/es\/prodotto\/zerozzz-kit-travel\/\" \/>\n<meta property=\"og:site_name\" content=\"ULTRASOUNDtech\u2122\" \/>\n<meta property=\"article:publisher\" content=\"https:\/\/www.facebook.com\/ultrasoundtechacarzero\/\" \/>\n<meta property=\"article:modified_time\" content=\"2024-07-25T15:01:34+00:00\" \/>\n<meta property=\"og:image\" content=\"https:\/\/ultrasoundtech.it\/wp-content\/uploads\/2024\/07\/ultrasound-zerozzz-kit-travel-2.png\" \/>\n\t<meta property=\"og:image:width\" content=\"700\" \/>\n\t<meta property=\"og:image:height\" content=\"700\" \/>\n\t<meta property=\"og:image:type\" content=\"image\/png\" \/>\n<meta name=\"twitter:card\" content=\"summary_large_image\" \/>\n<meta name=\"twitter:label1\" content=\"Tiempo de lectura\" \/>\n\t<meta name=\"twitter:data1\" content=\"1 minuto\" \/>\n<script type=\"application\/ld+json\" class=\"yoast-schema-graph\">{\"@context\":\"https:\\\/\\\/schema.org\",\"@graph\":[{\"@type\":\"WebPage\",\"@id\":\"https:\\\/\\\/ultrasoundtech.it\\\/es\\\/prodotto\\\/zerozzz-kit-travel\\\/\",\"url\":\"https:\\\/\\\/ultrasoundtech.it\\\/es\\\/prodotto\\\/zerozzz-kit-travel\\\/\",\"name\":\"ZeroZzz\u2122 Kit Travel - ULTRASOUNDtech\u2122\",\"isPartOf\":{\"@id\":\"https:\\\/\\\/ultrasoundtech.it\\\/#website\"},\"primaryImageOfPage\":{\"@id\":\"https:\\\/\\\/ultrasoundtech.it\\\/es\\\/prodotto\\\/zerozzz-kit-travel\\\/#primaryimage\"},\"image\":{\"@id\":\"https:\\\/\\\/ultrasoundtech.it\\\/es\\\/prodotto\\\/zerozzz-kit-travel\\\/#primaryimage\"},\"thumbnailUrl\":\"https:\\\/\\\/ultrasoundtech.it\\\/wp-content\\\/uploads\\\/2024\\\/07\\\/ultrasound-zerozzz-kit-travel-2.png\",\"datePublished\":\"2024-07-03T07:53:36+00:00\",\"dateModified\":\"2024-07-25T15:01:34+00:00\",\"description\":\"ZeroZzz\u2122 Flexy \u00e8 un repellente elettronico portatile contro le zanzare ideale per le attivit\u00e0 all\u2019aria aperta. Scopri di pi\u00f9!\",\"breadcrumb\":{\"@id\":\"https:\\\/\\\/ultrasoundtech.it\\\/es\\\/prodotto\\\/zerozzz-kit-travel\\\/#breadcrumb\"},\"inLanguage\":\"es\",\"potentialAction\":[{\"@type\":\"ReadAction\",\"target\":[\"https:\\\/\\\/ultrasoundtech.it\\\/es\\\/prodotto\\\/zerozzz-kit-travel\\\/\"]}]},{\"@type\":\"ImageObject\",\"inLanguage\":\"es\",\"@id\":\"https:\\\/\\\/ultrasoundtech.it\\\/es\\\/prodotto\\\/zerozzz-kit-travel\\\/#primaryimage\",\"url\":\"https:\\\/\\\/ultrasoundtech.it\\\/wp-content\\\/uploads\\\/2024\\\/07\\\/ultrasound-zerozzz-kit-travel-2.png\",\"contentUrl\":\"https:\\\/\\\/ultrasoundtech.it\\\/wp-content\\\/uploads\\\/2024\\\/07\\\/ultrasound-zerozzz-kit-travel-2.png\",\"width\":700,\"height\":700},{\"@type\":\"BreadcrumbList\",\"@id\":\"https:\\\/\\\/ultrasoundtech.it\\\/es\\\/prodotto\\\/zerozzz-kit-travel\\\/#breadcrumb\",\"itemListElement\":[{\"@type\":\"ListItem\",\"position\":1,\"name\":\"Home\",\"item\":\"https:\\\/\\\/ultrasoundtech.it\\\/es\\\/\"},{\"@type\":\"ListItem\",\"position\":2,\"name\":\"Shop\",\"item\":\"https:\\\/\\\/ultrasoundtech.it\\\/es\\\/shop\\\/\"},{\"@type\":\"ListItem\",\"position\":3,\"name\":\"ZeroZzz\u2122 Kit Travel\"}]},{\"@type\":\"WebSite\",\"@id\":\"https:\\\/\\\/ultrasoundtech.it\\\/#website\",\"url\":\"https:\\\/\\\/ultrasoundtech.it\\\/\",\"name\":\"ULTRASOUNDtech\u2122\",\"description\":\"\",\"publisher\":{\"@id\":\"https:\\\/\\\/ultrasoundtech.it\\\/#organization\"},\"potentialAction\":[{\"@type\":\"SearchAction\",\"target\":{\"@type\":\"EntryPoint\",\"urlTemplate\":\"https:\\\/\\\/ultrasoundtech.it\\\/?s={search_term_string}\"},\"query-input\":{\"@type\":\"PropertyValueSpecification\",\"valueRequired\":true,\"valueName\":\"search_term_string\"}}],\"inLanguage\":\"es\"},{\"@type\":\"Organization\",\"@id\":\"https:\\\/\\\/ultrasoundtech.it\\\/#organization\",\"name\":\"ULTRASOUNDtech\u2122\",\"url\":\"https:\\\/\\\/ultrasoundtech.it\\\/\",\"logo\":{\"@type\":\"ImageObject\",\"inLanguage\":\"es\",\"@id\":\"https:\\\/\\\/ultrasoundtech.it\\\/#\\\/schema\\\/logo\\\/image\\\/\",\"url\":\"https:\\\/\\\/ultrasoundtech.it\\\/wp-content\\\/uploads\\\/2021\\\/04\\\/logo@3x.png\",\"contentUrl\":\"https:\\\/\\\/ultrasoundtech.it\\\/wp-content\\\/uploads\\\/2021\\\/04\\\/logo@3x.png\",\"width\":504,\"height\":99,\"caption\":\"ULTRASOUNDtech\u2122\"},\"image\":{\"@id\":\"https:\\\/\\\/ultrasoundtech.it\\\/#\\\/schema\\\/logo\\\/image\\\/\"},\"sameAs\":[\"https:\\\/\\\/www.facebook.com\\\/ultrasoundtechacarzero\\\/\",\"https:\\\/\\\/www.instagram.com\\\/ultrasound__tech\\\/\"]}]}<\/script>\n<!-- \/ Yoast SEO plugin. -->","yoast_head_json":{"title":"ZeroZzz\u2122 Kit Travel - ULTRASOUNDtech\u2122","description":"ZeroZzz\u2122 Flexy \u00e8 un repellente elettronico portatile contro le zanzare ideale per le attivit\u00e0 all\u2019aria aperta. Scopri di pi\u00f9!","robots":{"index":"index","follow":"follow","max-snippet":"max-snippet:-1","max-image-preview":"max-image-preview:large","max-video-preview":"max-video-preview:-1"},"canonical":"https:\/\/ultrasoundtech.it\/es\/prodotto\/zerozzz-kit-travel\/","og_locale":"es_ES","og_type":"article","og_title":"ZeroZzz\u2122 Kit Travel - ULTRASOUNDtech\u2122","og_description":"ZeroZzz\u2122 Flexy \u00e8 un repellente elettronico portatile contro le zanzare ideale per le attivit\u00e0 all\u2019aria aperta. Scopri di pi\u00f9!","og_url":"https:\/\/ultrasoundtech.it\/es\/prodotto\/zerozzz-kit-travel\/","og_site_name":"ULTRASOUNDtech\u2122","article_publisher":"https:\/\/www.facebook.com\/ultrasoundtechacarzero\/","article_modified_time":"2024-07-25T15:01:34+00:00","og_image":[{"width":700,"height":700,"url":"https:\/\/ultrasoundtech.it\/wp-content\/uploads\/2024\/07\/ultrasound-zerozzz-kit-travel-2.png","type":"image\/png"}],"twitter_card":"summary_large_image","twitter_misc":{"Tiempo de lectura":"1 minuto"},"schema":{"@context":"https:\/\/schema.org","@graph":[{"@type":"WebPage","@id":"https:\/\/ultrasoundtech.it\/es\/prodotto\/zerozzz-kit-travel\/","url":"https:\/\/ultrasoundtech.it\/es\/prodotto\/zerozzz-kit-travel\/","name":"ZeroZzz\u2122 Kit Travel - ULTRASOUNDtech\u2122","isPartOf":{"@id":"https:\/\/ultrasoundtech.it\/#website"},"primaryImageOfPage":{"@id":"https:\/\/ultrasoundtech.it\/es\/prodotto\/zerozzz-kit-travel\/#primaryimage"},"image":{"@id":"https:\/\/ultrasoundtech.it\/es\/prodotto\/zerozzz-kit-travel\/#primaryimage"},"thumbnailUrl":"https:\/\/ultrasoundtech.it\/wp-content\/uploads\/2024\/07\/ultrasound-zerozzz-kit-travel-2.png","datePublished":"2024-07-03T07:53:36+00:00","dateModified":"2024-07-25T15:01:34+00:00","description":"ZeroZzz\u2122 Flexy \u00e8 un repellente elettronico portatile contro le zanzare ideale per le attivit\u00e0 all\u2019aria aperta. Scopri di pi\u00f9!","breadcrumb":{"@id":"https:\/\/ultrasoundtech.it\/es\/prodotto\/zerozzz-kit-travel\/#breadcrumb"},"inLanguage":"es","potentialAction":[{"@type":"ReadAction","target":["https:\/\/ultrasoundtech.it\/es\/prodotto\/zerozzz-kit-travel\/"]}]},{"@type":"ImageObject","inLanguage":"es","@id":"https:\/\/ultrasoundtech.it\/es\/prodotto\/zerozzz-kit-travel\/#primaryimage","url":"https:\/\/ultrasoundtech.it\/wp-content\/uploads\/2024\/07\/ultrasound-zerozzz-kit-travel-2.png","contentUrl":"https:\/\/ultrasoundtech.it\/wp-content\/uploads\/2024\/07\/ultrasound-zerozzz-kit-travel-2.png","width":700,"height":700},{"@type":"BreadcrumbList","@id":"https:\/\/ultrasoundtech.it\/es\/prodotto\/zerozzz-kit-travel\/#breadcrumb","itemListElement":[{"@type":"ListItem","position":1,"name":"Home","item":"https:\/\/ultrasoundtech.it\/es\/"},{"@type":"ListItem","position":2,"name":"Shop","item":"https:\/\/ultrasoundtech.it\/es\/shop\/"},{"@type":"ListItem","position":3,"name":"ZeroZzz\u2122 Kit Travel"}]},{"@type":"WebSite","@id":"https:\/\/ultrasoundtech.it\/#website","url":"https:\/\/ultrasoundtech.it\/","name":"ULTRASOUNDtech\u2122","description":"","publisher":{"@id":"https:\/\/ultrasoundtech.it\/#organization"},"potentialAction":[{"@type":"SearchAction","target":{"@type":"EntryPoint","urlTemplate":"https:\/\/ultrasoundtech.it\/?s={search_term_string}"},"query-input":{"@type":"PropertyValueSpecification","valueRequired":true,"valueName":"search_term_string"}}],"inLanguage":"es"},{"@type":"Organization","@id":"https:\/\/ultrasoundtech.it\/#organization","name":"ULTRASOUNDtech\u2122","url":"https:\/\/ultrasoundtech.it\/","logo":{"@type":"ImageObject","inLanguage":"es","@id":"https:\/\/ultrasoundtech.it\/#\/schema\/logo\/image\/","url":"https:\/\/ultrasoundtech.it\/wp-content\/uploads\/2021\/04\/logo@3x.png","contentUrl":"https:\/\/ultrasoundtech.it\/wp-content\/uploads\/2021\/04\/logo@3x.png","width":504,"height":99,"caption":"ULTRASOUNDtech\u2122"},"image":{"@id":"https:\/\/ultrasoundtech.it\/#\/schema\/logo\/image\/"},"sameAs":["https:\/\/www.facebook.com\/ultrasoundtechacarzero\/","https:\/\/www.instagram.com\/ultrasound__tech\/"]}]}},"jetpack_sharing_enabled":true,"_links":{"self":[{"href":"https:\/\/ultrasoundtech.it\/es\/wp-json\/wp\/v2\/product\/12387","targetHints":{"allow":["GET"]}}],"collection":[{"href":"https:\/\/ultrasoundtech.it\/es\/wp-json\/wp\/v2\/product"}],"about":[{"href":"https:\/\/ultrasoundtech.it\/es\/wp-json\/wp\/v2\/types\/product"}],"wp:featuredmedia":[{"embeddable":true,"href":"https:\/\/ultrasoundtech.it\/es\/wp-json\/wp\/v2\/media\/12397"}],"wp:attachment":[{"href":"https:\/\/ultrasoundtech.it\/es\/wp-json\/wp\/v2\/media?parent=12387"}],"wp:term":[{"taxonomy":"product_brand","embeddable":true,"href":"https:\/\/ultrasoundtech.it\/es\/wp-json\/wp\/v2\/product_brand?post=12387"},{"taxonomy":"product_cat","embeddable":true,"href":"https:\/\/ultrasoundtech.it\/es\/wp-json\/wp\/v2\/product_cat?post=12387"},{"taxonomy":"product_tag","embeddable":true,"href":"https:\/\/ultrasoundtech.it\/es\/wp-json\/wp\/v2\/product_tag?post=12387"}],"curies":[{"name":"wp","href":"https:\/\/api.w.org\/{rel}","templated":true}]}}