{"id":2787,"date":"2021-04-08T16:50:33","date_gmt":"2021-04-08T14:50:33","guid":{"rendered":"http:\/\/ultrasoundtech.localhost\/prodotto\/acarzero-home-dispositivo-acaricida-ultrasonico\/"},"modified":"2025-08-25T09:18:26","modified_gmt":"2025-08-25T07:18:26","slug":"acarzero-home-dispositivo-acaricida-ultrasonico","status":"publish","type":"product","link":"https:\/\/ultrasoundtech.it\/es\/prodotto\/acarzero-home-dispositivo-acaricida-ultrasonico\/","title":{"rendered":"AcarZero\u2122 HOME &#8211; Dispositivo acaricida ultras\u00f3nico"},"content":{"rendered":"<p>El producto, a prueba de \u00e1caros, <strong>funciona a 220 V<\/strong> y ofrece un volumen de cobertura de unos 60 m<sup>2<\/sup>. La emisi\u00f3n de ondas sonoras de muy alta frecuencia -alrededor de 40.000 Hz y, por tanto, inaudibles para los seres humanos y los animales dom\u00e9sticos- genera una <strong>fuente de perturbaci\u00f3n que altera el ciclo biol\u00f3gico de los \u00e1caros,<\/strong> reduce significativamente su concentraci\u00f3n y proliferaci\u00f3n, lo que provoca a la extinci\u00f3n de la colonia en 90 d\u00edas y, por tanto, a la producci\u00f3n de al\u00e9rgenos nocivos. Recomendamos <strong>el uso continuado del dispositivo de protecci\u00f3n y su instalaci\u00f3n en todas las habitaciones de la casa<\/strong> donde haya tapicer\u00edas u otros posibles recept\u00e1culos de \u00e1caros.<\/p>\n<p>La <strong>discreci\u00f3n<\/strong> y la <strong>practicidad<\/strong> de AcarZero\u2122HOME lo convierten en un accesorio ideal y electivo para la soluci\u00f3n ambiental de los \u00e1caros. El efecto remediador se obtiene progresivamente desde el inicio del uso del producto y <strong>alcanza su m\u00e1xima eficacia en 90 d\u00edas, el ciclo de vida medio los \u00e1caros.<\/strong> Sin embargo, en entornos saludables, el acaricida ayuda a prevenir y contener la proliferaci\u00f3n de \u00e1caros.<\/p>\n<p><a href=\"\/es\/tech\/\"> El remedio anti\u00e1caros por ultrasonidos (AcarZero\u2122 HOME) <\/a><strong>se prueba en el Departamento de Ciencias Biom\u00e9dicas, Quir\u00fargicas y Odontol\u00f3gicas de la Universidad de Mil\u00e1n.<\/strong><\/p>\n","protected":false},"excerpt":{"rendered":"<p>AcarZero\u2122HOME es un aliado indispensable en la lucha contra los \u00e1caros del polvo, responsables de trastornos y enfermedades al\u00e9rgicas. Completamente <strong>at\u00f3xico y ecol\u00f3gico,<\/strong> el repelente combate la presencia de plagas de las camas, sillones y otros espacios dom\u00e9sticos mediante ondas ultras\u00f3nicas, sin utilizar productos qu\u00edmicos perjudiciales para la salud.<\/p>\n","protected":false},"featured_media":4783,"template":"","meta":{"_acf_changed":false},"product_brand":[],"product_cat":[77],"product_tag":[],"class_list":{"0":"post-2787","1":"product","2":"type-product","3":"status-publish","4":"has-post-thumbnail","6":"product_cat-antiacaros","7":"sales-flash-overlay","8":"woocommerce-text-align-center","9":"woocommerce-image-align-center","10":"do-quantity-buttons","12":"first","13":"instock","14":"taxable","15":"shipping-taxable","16":"purchasable","17":"product-type-variable","18":"has-default-attributes"},"acf":[],"yoast_head":"<!-- This site is optimized with the Yoast SEO plugin v27.4 - https:\/\/yoast.com\/product\/yoast-seo-wordpress\/ -->\n<title>Dispositivo Acaricida Ultrasuoni AcarZero\u2122 HOME - ULTRASOUNDtech\u2122<\/title>\n<meta name=\"description\" content=\"AcarZero\u2122 HOME \u00e8 l&#039;innovativo dispositivo acaricida ad ultrasuoni, completamente atossico ed ecologico. Acquistalo subito!\" \/>\n<meta name=\"robots\" content=\"index, follow, max-snippet:-1, max-image-preview:large, max-video-preview:-1\" \/>\n<link rel=\"canonical\" href=\"https:\/\/ultrasoundtech.it\/es\/prodotto\/acarzero-home-dispositivo-acaricida-ultrasonico\/\" \/>\n<meta property=\"og:locale\" content=\"es_ES\" \/>\n<meta property=\"og:type\" content=\"article\" \/>\n<meta property=\"og:title\" content=\"Dispositivo Acaricida Ultrasuoni AcarZero\u2122 HOME - ULTRASOUNDtech\u2122\" \/>\n<meta property=\"og:description\" content=\"AcarZero\u2122 HOME \u00e8 l&#039;innovativo dispositivo acaricida ad ultrasuoni, completamente atossico ed ecologico. Acquistalo subito!\" \/>\n<meta property=\"og:url\" content=\"https:\/\/ultrasoundtech.it\/es\/prodotto\/acarzero-home-dispositivo-acaricida-ultrasonico\/\" \/>\n<meta property=\"og:site_name\" content=\"ULTRASOUNDtech\u2122\" \/>\n<meta property=\"article:publisher\" content=\"https:\/\/www.facebook.com\/ultrasoundtechacarzero\/\" \/>\n<meta property=\"article:modified_time\" content=\"2025-08-25T07:18:26+00:00\" \/>\n<meta property=\"og:image\" content=\"https:\/\/ultrasoundtech.it\/wp-content\/uploads\/2021\/04\/AcarZero_HOME_vista_scorcio-600x644-removebg-preview.png\" \/>\n\t<meta property=\"og:image:width\" content=\"482\" \/>\n\t<meta property=\"og:image:height\" content=\"518\" \/>\n\t<meta property=\"og:image:type\" content=\"image\/png\" \/>\n<meta name=\"twitter:card\" content=\"summary_large_image\" \/>\n<meta name=\"twitter:label1\" content=\"Tiempo de lectura\" \/>\n\t<meta name=\"twitter:data1\" content=\"1 minuto\" \/>\n<script type=\"application\/ld+json\" class=\"yoast-schema-graph\">{\"@context\":\"https:\\\/\\\/schema.org\",\"@graph\":[{\"@type\":\"WebPage\",\"@id\":\"https:\\\/\\\/ultrasoundtech.it\\\/es\\\/prodotto\\\/acarzero-home-dispositivo-acaricida-ultrasonico\\\/\",\"url\":\"https:\\\/\\\/ultrasoundtech.it\\\/es\\\/prodotto\\\/acarzero-home-dispositivo-acaricida-ultrasonico\\\/\",\"name\":\"Dispositivo Acaricida Ultrasuoni AcarZero\u2122 HOME - ULTRASOUNDtech\u2122\",\"isPartOf\":{\"@id\":\"https:\\\/\\\/ultrasoundtech.it\\\/#website\"},\"primaryImageOfPage\":{\"@id\":\"https:\\\/\\\/ultrasoundtech.it\\\/es\\\/prodotto\\\/acarzero-home-dispositivo-acaricida-ultrasonico\\\/#primaryimage\"},\"image\":{\"@id\":\"https:\\\/\\\/ultrasoundtech.it\\\/es\\\/prodotto\\\/acarzero-home-dispositivo-acaricida-ultrasonico\\\/#primaryimage\"},\"thumbnailUrl\":\"https:\\\/\\\/ultrasoundtech.it\\\/wp-content\\\/uploads\\\/2021\\\/04\\\/AcarZero_HOME-1.png\",\"datePublished\":\"2021-04-08T14:50:33+00:00\",\"dateModified\":\"2025-08-25T07:18:26+00:00\",\"description\":\"AcarZero\u2122 HOME \u00e8 l'innovativo dispositivo acaricida ad ultrasuoni, completamente atossico ed ecologico. Acquistalo subito!\",\"breadcrumb\":{\"@id\":\"https:\\\/\\\/ultrasoundtech.it\\\/es\\\/prodotto\\\/acarzero-home-dispositivo-acaricida-ultrasonico\\\/#breadcrumb\"},\"inLanguage\":\"es\",\"potentialAction\":[{\"@type\":\"ReadAction\",\"target\":[\"https:\\\/\\\/ultrasoundtech.it\\\/es\\\/prodotto\\\/acarzero-home-dispositivo-acaricida-ultrasonico\\\/\"]}]},{\"@type\":\"ImageObject\",\"inLanguage\":\"es\",\"@id\":\"https:\\\/\\\/ultrasoundtech.it\\\/es\\\/prodotto\\\/acarzero-home-dispositivo-acaricida-ultrasonico\\\/#primaryimage\",\"url\":\"https:\\\/\\\/ultrasoundtech.it\\\/wp-content\\\/uploads\\\/2021\\\/04\\\/AcarZero_HOME-1.png\",\"contentUrl\":\"https:\\\/\\\/ultrasoundtech.it\\\/wp-content\\\/uploads\\\/2021\\\/04\\\/AcarZero_HOME-1.png\",\"width\":700,\"height\":700,\"caption\":\"Dispositivo acaricida ad ultrasuoni\"},{\"@type\":\"BreadcrumbList\",\"@id\":\"https:\\\/\\\/ultrasoundtech.it\\\/es\\\/prodotto\\\/acarzero-home-dispositivo-acaricida-ultrasonico\\\/#breadcrumb\",\"itemListElement\":[{\"@type\":\"ListItem\",\"position\":1,\"name\":\"Home\",\"item\":\"https:\\\/\\\/ultrasoundtech.it\\\/es\\\/\"},{\"@type\":\"ListItem\",\"position\":2,\"name\":\"Shop\",\"item\":\"https:\\\/\\\/ultrasoundtech.it\\\/es\\\/shop\\\/\"},{\"@type\":\"ListItem\",\"position\":3,\"name\":\"AcarZero\u2122 HOME &#8211; Dispositivo acaricida ultras\u00f3nico\"}]},{\"@type\":\"WebSite\",\"@id\":\"https:\\\/\\\/ultrasoundtech.it\\\/#website\",\"url\":\"https:\\\/\\\/ultrasoundtech.it\\\/\",\"name\":\"ULTRASOUNDtech\u2122\",\"description\":\"\",\"publisher\":{\"@id\":\"https:\\\/\\\/ultrasoundtech.it\\\/#organization\"},\"potentialAction\":[{\"@type\":\"SearchAction\",\"target\":{\"@type\":\"EntryPoint\",\"urlTemplate\":\"https:\\\/\\\/ultrasoundtech.it\\\/?s={search_term_string}\"},\"query-input\":{\"@type\":\"PropertyValueSpecification\",\"valueRequired\":true,\"valueName\":\"search_term_string\"}}],\"inLanguage\":\"es\"},{\"@type\":\"Organization\",\"@id\":\"https:\\\/\\\/ultrasoundtech.it\\\/#organization\",\"name\":\"ULTRASOUNDtech\u2122\",\"url\":\"https:\\\/\\\/ultrasoundtech.it\\\/\",\"logo\":{\"@type\":\"ImageObject\",\"inLanguage\":\"es\",\"@id\":\"https:\\\/\\\/ultrasoundtech.it\\\/#\\\/schema\\\/logo\\\/image\\\/\",\"url\":\"https:\\\/\\\/ultrasoundtech.it\\\/wp-content\\\/uploads\\\/2021\\\/04\\\/logo@3x.png\",\"contentUrl\":\"https:\\\/\\\/ultrasoundtech.it\\\/wp-content\\\/uploads\\\/2021\\\/04\\\/logo@3x.png\",\"width\":504,\"height\":99,\"caption\":\"ULTRASOUNDtech\u2122\"},\"image\":{\"@id\":\"https:\\\/\\\/ultrasoundtech.it\\\/#\\\/schema\\\/logo\\\/image\\\/\"},\"sameAs\":[\"https:\\\/\\\/www.facebook.com\\\/ultrasoundtechacarzero\\\/\",\"https:\\\/\\\/www.instagram.com\\\/ultrasound__tech\\\/\"]}]}<\/script>\n<!-- \/ Yoast SEO plugin. -->","yoast_head_json":{"title":"Dispositivo Acaricida Ultrasuoni AcarZero\u2122 HOME - ULTRASOUNDtech\u2122","description":"AcarZero\u2122 HOME \u00e8 l'innovativo dispositivo acaricida ad ultrasuoni, completamente atossico ed ecologico. Acquistalo subito!","robots":{"index":"index","follow":"follow","max-snippet":"max-snippet:-1","max-image-preview":"max-image-preview:large","max-video-preview":"max-video-preview:-1"},"canonical":"https:\/\/ultrasoundtech.it\/es\/prodotto\/acarzero-home-dispositivo-acaricida-ultrasonico\/","og_locale":"es_ES","og_type":"article","og_title":"Dispositivo Acaricida Ultrasuoni AcarZero\u2122 HOME - ULTRASOUNDtech\u2122","og_description":"AcarZero\u2122 HOME \u00e8 l'innovativo dispositivo acaricida ad ultrasuoni, completamente atossico ed ecologico. Acquistalo subito!","og_url":"https:\/\/ultrasoundtech.it\/es\/prodotto\/acarzero-home-dispositivo-acaricida-ultrasonico\/","og_site_name":"ULTRASOUNDtech\u2122","article_publisher":"https:\/\/www.facebook.com\/ultrasoundtechacarzero\/","article_modified_time":"2025-08-25T07:18:26+00:00","og_image":[{"width":482,"height":518,"url":"https:\/\/ultrasoundtech.it\/wp-content\/uploads\/2021\/04\/AcarZero_HOME_vista_scorcio-600x644-removebg-preview.png","type":"image\/png"}],"twitter_card":"summary_large_image","twitter_misc":{"Tiempo de lectura":"1 minuto"},"schema":{"@context":"https:\/\/schema.org","@graph":[{"@type":"WebPage","@id":"https:\/\/ultrasoundtech.it\/es\/prodotto\/acarzero-home-dispositivo-acaricida-ultrasonico\/","url":"https:\/\/ultrasoundtech.it\/es\/prodotto\/acarzero-home-dispositivo-acaricida-ultrasonico\/","name":"Dispositivo Acaricida Ultrasuoni AcarZero\u2122 HOME - ULTRASOUNDtech\u2122","isPartOf":{"@id":"https:\/\/ultrasoundtech.it\/#website"},"primaryImageOfPage":{"@id":"https:\/\/ultrasoundtech.it\/es\/prodotto\/acarzero-home-dispositivo-acaricida-ultrasonico\/#primaryimage"},"image":{"@id":"https:\/\/ultrasoundtech.it\/es\/prodotto\/acarzero-home-dispositivo-acaricida-ultrasonico\/#primaryimage"},"thumbnailUrl":"https:\/\/ultrasoundtech.it\/wp-content\/uploads\/2021\/04\/AcarZero_HOME-1.png","datePublished":"2021-04-08T14:50:33+00:00","dateModified":"2025-08-25T07:18:26+00:00","description":"AcarZero\u2122 HOME \u00e8 l'innovativo dispositivo acaricida ad ultrasuoni, completamente atossico ed ecologico. Acquistalo subito!","breadcrumb":{"@id":"https:\/\/ultrasoundtech.it\/es\/prodotto\/acarzero-home-dispositivo-acaricida-ultrasonico\/#breadcrumb"},"inLanguage":"es","potentialAction":[{"@type":"ReadAction","target":["https:\/\/ultrasoundtech.it\/es\/prodotto\/acarzero-home-dispositivo-acaricida-ultrasonico\/"]}]},{"@type":"ImageObject","inLanguage":"es","@id":"https:\/\/ultrasoundtech.it\/es\/prodotto\/acarzero-home-dispositivo-acaricida-ultrasonico\/#primaryimage","url":"https:\/\/ultrasoundtech.it\/wp-content\/uploads\/2021\/04\/AcarZero_HOME-1.png","contentUrl":"https:\/\/ultrasoundtech.it\/wp-content\/uploads\/2021\/04\/AcarZero_HOME-1.png","width":700,"height":700,"caption":"Dispositivo acaricida ad ultrasuoni"},{"@type":"BreadcrumbList","@id":"https:\/\/ultrasoundtech.it\/es\/prodotto\/acarzero-home-dispositivo-acaricida-ultrasonico\/#breadcrumb","itemListElement":[{"@type":"ListItem","position":1,"name":"Home","item":"https:\/\/ultrasoundtech.it\/es\/"},{"@type":"ListItem","position":2,"name":"Shop","item":"https:\/\/ultrasoundtech.it\/es\/shop\/"},{"@type":"ListItem","position":3,"name":"AcarZero\u2122 HOME &#8211; Dispositivo acaricida ultras\u00f3nico"}]},{"@type":"WebSite","@id":"https:\/\/ultrasoundtech.it\/#website","url":"https:\/\/ultrasoundtech.it\/","name":"ULTRASOUNDtech\u2122","description":"","publisher":{"@id":"https:\/\/ultrasoundtech.it\/#organization"},"potentialAction":[{"@type":"SearchAction","target":{"@type":"EntryPoint","urlTemplate":"https:\/\/ultrasoundtech.it\/?s={search_term_string}"},"query-input":{"@type":"PropertyValueSpecification","valueRequired":true,"valueName":"search_term_string"}}],"inLanguage":"es"},{"@type":"Organization","@id":"https:\/\/ultrasoundtech.it\/#organization","name":"ULTRASOUNDtech\u2122","url":"https:\/\/ultrasoundtech.it\/","logo":{"@type":"ImageObject","inLanguage":"es","@id":"https:\/\/ultrasoundtech.it\/#\/schema\/logo\/image\/","url":"https:\/\/ultrasoundtech.it\/wp-content\/uploads\/2021\/04\/logo@3x.png","contentUrl":"https:\/\/ultrasoundtech.it\/wp-content\/uploads\/2021\/04\/logo@3x.png","width":504,"height":99,"caption":"ULTRASOUNDtech\u2122"},"image":{"@id":"https:\/\/ultrasoundtech.it\/#\/schema\/logo\/image\/"},"sameAs":["https:\/\/www.facebook.com\/ultrasoundtechacarzero\/","https:\/\/www.instagram.com\/ultrasound__tech\/"]}]}},"jetpack_sharing_enabled":true,"_links":{"self":[{"href":"https:\/\/ultrasoundtech.it\/es\/wp-json\/wp\/v2\/product\/2787","targetHints":{"allow":["GET"]}}],"collection":[{"href":"https:\/\/ultrasoundtech.it\/es\/wp-json\/wp\/v2\/product"}],"about":[{"href":"https:\/\/ultrasoundtech.it\/es\/wp-json\/wp\/v2\/types\/product"}],"wp:featuredmedia":[{"embeddable":true,"href":"https:\/\/ultrasoundtech.it\/es\/wp-json\/wp\/v2\/media\/4783"}],"wp:attachment":[{"href":"https:\/\/ultrasoundtech.it\/es\/wp-json\/wp\/v2\/media?parent=2787"}],"wp:term":[{"taxonomy":"product_brand","embeddable":true,"href":"https:\/\/ultrasoundtech.it\/es\/wp-json\/wp\/v2\/product_brand?post=2787"},{"taxonomy":"product_cat","embeddable":true,"href":"https:\/\/ultrasoundtech.it\/es\/wp-json\/wp\/v2\/product_cat?post=2787"},{"taxonomy":"product_tag","embeddable":true,"href":"https:\/\/ultrasoundtech.it\/es\/wp-json\/wp\/v2\/product_tag?post=2787"}],"curies":[{"name":"wp","href":"https:\/\/api.w.org\/{rel}","templated":true}]}}