{"id":2818,"date":"2021-04-08T17:21:11","date_gmt":"2021-04-08T15:21:11","guid":{"rendered":"http:\/\/ultrasoundtech.localhost\/prodotto\/zerobugs-plus-repelente-ultrasonico-de-pulgas-y-garrapatas-para-personas\/"},"modified":"2021-07-29T11:34:35","modified_gmt":"2021-07-29T09:34:35","slug":"zerobugs-plus-repelente-ultrasonico-de-pulgas-y-garrapatas-para-personas","status":"publish","type":"product","link":"https:\/\/ultrasoundtech.it\/es\/prodotto\/zerobugs-plus-repelente-ultrasonico-de-pulgas-y-garrapatas-para-personas\/","title":{"rendered":"ZeroBugs\u2122 PLUS &#8211; Repelente ultras\u00f3nico de pulgas y garrapatas para personas"},"content":{"rendered":"<p>Ligero y c\u00f3modo de llevar, el dispositivo de protecci\u00f3n contra garrapatas y pulgas ofrece una cobertura de unos 3 metros y es adecuado para todo tipo de cuerpos. Dos emisores de impulsos ultras\u00f3nicos act\u00faan frontalmente a gran distancia y a los lados derecho, izquierdo e inferior para proporcionar un <strong>amplio escudo contra los par\u00e1sitos externos, motivo de infecciones y enfermedades.<\/strong> Las ondas sonoras mec\u00e1nicas tienen un efecto localizado en el sistema nervioso de las garrapatas y las pulgas, y les provocan una fuerte perturbaci\u00f3n que les obliga a abandonar el anfitri\u00f3n y, al mismo tiempo, les impide volver a atacar. La tecnolog\u00eda de ultrasonidos es segura y <strong>no causa da\u00f1os ni molestias a las personas<\/strong> -ni a los ni\u00f1os ni a las personas con marcapasos u otros dispositivos m\u00e9dicos- <strong>ni a las mascotas.<\/strong><\/p>\n<p>Equipado con un interruptor de encendido y apagado, ZeroBugs\u2122 PLUS tambi\u00e9n tiene una funci\u00f3n de ahorro de energ\u00eda que apaga autom\u00e1ticamente el dispositivo despu\u00e9s de 24 horas de inactividad. El producto tiene una vida \u00fatil de aproximadamente 430 d\u00edas (14 meses) dependiendo de la frecuencia de uso.<\/p>\n<p><a href=\"\/es\/tech\/\" target=\"_blank\" rel=\"noopener\">La eficacia de ZeroBugs\u2122 PLUS como repelente de \u00e1caros y pulgas ha sido probada<\/a> en el Departamento de Ciencias Biom\u00e9dicas, Quir\u00fargicas y Dentales de la Universidad de Mil\u00e1n.<\/p>\n","protected":false},"excerpt":{"rendered":"<p>ZeroBugs\u2122 PLUS es la soluci\u00f3n ideal para <strong>mantener a las garrapatas y las pulgas alejadas de los seres humanos durante las actividades f\u00edsicas y deportivas en contacto con la naturaleza.<\/strong> Ecol\u00f3gico y no t\u00f3xico, el dispositivo antipar\u00e1sitos funciona mediante la emisi\u00f3n de ultrasonidos y ofrece una protecci\u00f3n duradera y eficaz, sin contraindicaciones, ya que no utiliza productos qu\u00edmicos potencialmente da\u00f1inos.<\/p>\n","protected":false},"featured_media":4770,"template":"","meta":{"_acf_changed":false},"product_brand":[],"product_cat":[80],"product_tag":[],"class_list":{"0":"post-2818","1":"product","2":"type-product","3":"status-publish","4":"has-post-thumbnail","6":"product_cat-antigarrapatas-y-antipulgas","7":"sales-flash-overlay","8":"woocommerce-text-align-center","9":"woocommerce-image-align-center","10":"do-quantity-buttons","12":"first","13":"instock","14":"taxable","15":"shipping-taxable","16":"purchasable","17":"product-type-variable"},"acf":[],"yoast_head":"<!-- This site is optimized with the Yoast SEO plugin v27.4 - https:\/\/yoast.com\/product\/yoast-seo-wordpress\/ -->\n<title>Antizecche e Antipulci Ultrasuoni ZeroBugs\u2122 PLUS - ULTRASOUNDtech\u2122<\/title>\n<meta name=\"description\" content=\"ZeroBugs\u2122 PLUS allontana zecche e pulci dall\u2019uomo durante le attivit\u00e0 fisiche a contatto con la natura. 100% atossico e sicuro. Acquista ora!\" \/>\n<meta name=\"robots\" content=\"index, follow, max-snippet:-1, max-image-preview:large, max-video-preview:-1\" \/>\n<link rel=\"canonical\" href=\"https:\/\/ultrasoundtech.it\/es\/prodotto\/zerobugs-plus-repelente-ultrasonico-de-pulgas-y-garrapatas-para-personas\/\" \/>\n<meta property=\"og:locale\" content=\"es_ES\" \/>\n<meta property=\"og:type\" content=\"article\" \/>\n<meta property=\"og:title\" content=\"Antizecche e Antipulci Ultrasuoni ZeroBugs\u2122 PLUS - ULTRASOUNDtech\u2122\" \/>\n<meta property=\"og:description\" content=\"ZeroBugs\u2122 PLUS allontana zecche e pulci dall\u2019uomo durante le attivit\u00e0 fisiche a contatto con la natura. 100% atossico e sicuro. Acquista ora!\" \/>\n<meta property=\"og:url\" content=\"https:\/\/ultrasoundtech.it\/es\/prodotto\/zerobugs-plus-repelente-ultrasonico-de-pulgas-y-garrapatas-para-personas\/\" \/>\n<meta property=\"og:site_name\" content=\"ULTRASOUNDtech\u2122\" \/>\n<meta property=\"article:publisher\" content=\"https:\/\/www.facebook.com\/ultrasoundtechacarzero\/\" \/>\n<meta property=\"article:modified_time\" content=\"2021-07-29T09:34:35+00:00\" \/>\n<meta property=\"og:image\" content=\"https:\/\/ultrasoundtech.it\/wp-content\/uploads\/2021\/04\/Stampo-E-Front-Nero-600x644-removebg-preview.png\" \/>\n\t<meta property=\"og:image:width\" content=\"482\" \/>\n\t<meta property=\"og:image:height\" content=\"518\" \/>\n\t<meta property=\"og:image:type\" content=\"image\/png\" \/>\n<meta name=\"twitter:card\" content=\"summary_large_image\" \/>\n<meta name=\"twitter:label1\" content=\"Tiempo de lectura\" \/>\n\t<meta name=\"twitter:data1\" content=\"1 minuto\" \/>\n<script type=\"application\/ld+json\" class=\"yoast-schema-graph\">{\"@context\":\"https:\\\/\\\/schema.org\",\"@graph\":[{\"@type\":\"WebPage\",\"@id\":\"https:\\\/\\\/ultrasoundtech.it\\\/es\\\/prodotto\\\/zerobugs-plus-repelente-ultrasonico-de-pulgas-y-garrapatas-para-personas\\\/\",\"url\":\"https:\\\/\\\/ultrasoundtech.it\\\/es\\\/prodotto\\\/zerobugs-plus-repelente-ultrasonico-de-pulgas-y-garrapatas-para-personas\\\/\",\"name\":\"Antizecche e Antipulci Ultrasuoni ZeroBugs\u2122 PLUS - ULTRASOUNDtech\u2122\",\"isPartOf\":{\"@id\":\"https:\\\/\\\/ultrasoundtech.it\\\/#website\"},\"primaryImageOfPage\":{\"@id\":\"https:\\\/\\\/ultrasoundtech.it\\\/es\\\/prodotto\\\/zerobugs-plus-repelente-ultrasonico-de-pulgas-y-garrapatas-para-personas\\\/#primaryimage\"},\"image\":{\"@id\":\"https:\\\/\\\/ultrasoundtech.it\\\/es\\\/prodotto\\\/zerobugs-plus-repelente-ultrasonico-de-pulgas-y-garrapatas-para-personas\\\/#primaryimage\"},\"thumbnailUrl\":\"https:\\\/\\\/ultrasoundtech.it\\\/wp-content\\\/uploads\\\/2021\\\/04\\\/zerobugs-plus_dettaglio-1.png\",\"datePublished\":\"2021-04-08T15:21:11+00:00\",\"dateModified\":\"2021-07-29T09:34:35+00:00\",\"description\":\"ZeroBugs\u2122 PLUS allontana zecche e pulci dall\u2019uomo durante le attivit\u00e0 fisiche a contatto con la natura. 100% atossico e sicuro. Acquista ora!\",\"breadcrumb\":{\"@id\":\"https:\\\/\\\/ultrasoundtech.it\\\/es\\\/prodotto\\\/zerobugs-plus-repelente-ultrasonico-de-pulgas-y-garrapatas-para-personas\\\/#breadcrumb\"},\"inLanguage\":\"es\",\"potentialAction\":[{\"@type\":\"ReadAction\",\"target\":[\"https:\\\/\\\/ultrasoundtech.it\\\/es\\\/prodotto\\\/zerobugs-plus-repelente-ultrasonico-de-pulgas-y-garrapatas-para-personas\\\/\"]}]},{\"@type\":\"ImageObject\",\"inLanguage\":\"es\",\"@id\":\"https:\\\/\\\/ultrasoundtech.it\\\/es\\\/prodotto\\\/zerobugs-plus-repelente-ultrasonico-de-pulgas-y-garrapatas-para-personas\\\/#primaryimage\",\"url\":\"https:\\\/\\\/ultrasoundtech.it\\\/wp-content\\\/uploads\\\/2021\\\/04\\\/zerobugs-plus_dettaglio-1.png\",\"contentUrl\":\"https:\\\/\\\/ultrasoundtech.it\\\/wp-content\\\/uploads\\\/2021\\\/04\\\/zerobugs-plus_dettaglio-1.png\",\"width\":700,\"height\":700,\"caption\":\"Antizecche e antipulci ad ultrasuoni per persone\"},{\"@type\":\"BreadcrumbList\",\"@id\":\"https:\\\/\\\/ultrasoundtech.it\\\/es\\\/prodotto\\\/zerobugs-plus-repelente-ultrasonico-de-pulgas-y-garrapatas-para-personas\\\/#breadcrumb\",\"itemListElement\":[{\"@type\":\"ListItem\",\"position\":1,\"name\":\"Home\",\"item\":\"https:\\\/\\\/ultrasoundtech.it\\\/es\\\/\"},{\"@type\":\"ListItem\",\"position\":2,\"name\":\"Shop\",\"item\":\"https:\\\/\\\/ultrasoundtech.it\\\/es\\\/shop\\\/\"},{\"@type\":\"ListItem\",\"position\":3,\"name\":\"ZeroBugs\u2122 PLUS &#8211; Repelente ultras\u00f3nico de pulgas y garrapatas para personas\"}]},{\"@type\":\"WebSite\",\"@id\":\"https:\\\/\\\/ultrasoundtech.it\\\/#website\",\"url\":\"https:\\\/\\\/ultrasoundtech.it\\\/\",\"name\":\"ULTRASOUNDtech\u2122\",\"description\":\"\",\"publisher\":{\"@id\":\"https:\\\/\\\/ultrasoundtech.it\\\/#organization\"},\"potentialAction\":[{\"@type\":\"SearchAction\",\"target\":{\"@type\":\"EntryPoint\",\"urlTemplate\":\"https:\\\/\\\/ultrasoundtech.it\\\/?s={search_term_string}\"},\"query-input\":{\"@type\":\"PropertyValueSpecification\",\"valueRequired\":true,\"valueName\":\"search_term_string\"}}],\"inLanguage\":\"es\"},{\"@type\":\"Organization\",\"@id\":\"https:\\\/\\\/ultrasoundtech.it\\\/#organization\",\"name\":\"ULTRASOUNDtech\u2122\",\"url\":\"https:\\\/\\\/ultrasoundtech.it\\\/\",\"logo\":{\"@type\":\"ImageObject\",\"inLanguage\":\"es\",\"@id\":\"https:\\\/\\\/ultrasoundtech.it\\\/#\\\/schema\\\/logo\\\/image\\\/\",\"url\":\"https:\\\/\\\/ultrasoundtech.it\\\/wp-content\\\/uploads\\\/2021\\\/04\\\/logo@3x.png\",\"contentUrl\":\"https:\\\/\\\/ultrasoundtech.it\\\/wp-content\\\/uploads\\\/2021\\\/04\\\/logo@3x.png\",\"width\":504,\"height\":99,\"caption\":\"ULTRASOUNDtech\u2122\"},\"image\":{\"@id\":\"https:\\\/\\\/ultrasoundtech.it\\\/#\\\/schema\\\/logo\\\/image\\\/\"},\"sameAs\":[\"https:\\\/\\\/www.facebook.com\\\/ultrasoundtechacarzero\\\/\",\"https:\\\/\\\/www.instagram.com\\\/ultrasound__tech\\\/\"]}]}<\/script>\n<!-- \/ Yoast SEO plugin. -->","yoast_head_json":{"title":"Antizecche e Antipulci Ultrasuoni ZeroBugs\u2122 PLUS - ULTRASOUNDtech\u2122","description":"ZeroBugs\u2122 PLUS allontana zecche e pulci dall\u2019uomo durante le attivit\u00e0 fisiche a contatto con la natura. 100% atossico e sicuro. Acquista ora!","robots":{"index":"index","follow":"follow","max-snippet":"max-snippet:-1","max-image-preview":"max-image-preview:large","max-video-preview":"max-video-preview:-1"},"canonical":"https:\/\/ultrasoundtech.it\/es\/prodotto\/zerobugs-plus-repelente-ultrasonico-de-pulgas-y-garrapatas-para-personas\/","og_locale":"es_ES","og_type":"article","og_title":"Antizecche e Antipulci Ultrasuoni ZeroBugs\u2122 PLUS - ULTRASOUNDtech\u2122","og_description":"ZeroBugs\u2122 PLUS allontana zecche e pulci dall\u2019uomo durante le attivit\u00e0 fisiche a contatto con la natura. 100% atossico e sicuro. Acquista ora!","og_url":"https:\/\/ultrasoundtech.it\/es\/prodotto\/zerobugs-plus-repelente-ultrasonico-de-pulgas-y-garrapatas-para-personas\/","og_site_name":"ULTRASOUNDtech\u2122","article_publisher":"https:\/\/www.facebook.com\/ultrasoundtechacarzero\/","article_modified_time":"2021-07-29T09:34:35+00:00","og_image":[{"width":482,"height":518,"url":"https:\/\/ultrasoundtech.it\/wp-content\/uploads\/2021\/04\/Stampo-E-Front-Nero-600x644-removebg-preview.png","type":"image\/png"}],"twitter_card":"summary_large_image","twitter_misc":{"Tiempo de lectura":"1 minuto"},"schema":{"@context":"https:\/\/schema.org","@graph":[{"@type":"WebPage","@id":"https:\/\/ultrasoundtech.it\/es\/prodotto\/zerobugs-plus-repelente-ultrasonico-de-pulgas-y-garrapatas-para-personas\/","url":"https:\/\/ultrasoundtech.it\/es\/prodotto\/zerobugs-plus-repelente-ultrasonico-de-pulgas-y-garrapatas-para-personas\/","name":"Antizecche e Antipulci Ultrasuoni ZeroBugs\u2122 PLUS - ULTRASOUNDtech\u2122","isPartOf":{"@id":"https:\/\/ultrasoundtech.it\/#website"},"primaryImageOfPage":{"@id":"https:\/\/ultrasoundtech.it\/es\/prodotto\/zerobugs-plus-repelente-ultrasonico-de-pulgas-y-garrapatas-para-personas\/#primaryimage"},"image":{"@id":"https:\/\/ultrasoundtech.it\/es\/prodotto\/zerobugs-plus-repelente-ultrasonico-de-pulgas-y-garrapatas-para-personas\/#primaryimage"},"thumbnailUrl":"https:\/\/ultrasoundtech.it\/wp-content\/uploads\/2021\/04\/zerobugs-plus_dettaglio-1.png","datePublished":"2021-04-08T15:21:11+00:00","dateModified":"2021-07-29T09:34:35+00:00","description":"ZeroBugs\u2122 PLUS allontana zecche e pulci dall\u2019uomo durante le attivit\u00e0 fisiche a contatto con la natura. 100% atossico e sicuro. Acquista ora!","breadcrumb":{"@id":"https:\/\/ultrasoundtech.it\/es\/prodotto\/zerobugs-plus-repelente-ultrasonico-de-pulgas-y-garrapatas-para-personas\/#breadcrumb"},"inLanguage":"es","potentialAction":[{"@type":"ReadAction","target":["https:\/\/ultrasoundtech.it\/es\/prodotto\/zerobugs-plus-repelente-ultrasonico-de-pulgas-y-garrapatas-para-personas\/"]}]},{"@type":"ImageObject","inLanguage":"es","@id":"https:\/\/ultrasoundtech.it\/es\/prodotto\/zerobugs-plus-repelente-ultrasonico-de-pulgas-y-garrapatas-para-personas\/#primaryimage","url":"https:\/\/ultrasoundtech.it\/wp-content\/uploads\/2021\/04\/zerobugs-plus_dettaglio-1.png","contentUrl":"https:\/\/ultrasoundtech.it\/wp-content\/uploads\/2021\/04\/zerobugs-plus_dettaglio-1.png","width":700,"height":700,"caption":"Antizecche e antipulci ad ultrasuoni per persone"},{"@type":"BreadcrumbList","@id":"https:\/\/ultrasoundtech.it\/es\/prodotto\/zerobugs-plus-repelente-ultrasonico-de-pulgas-y-garrapatas-para-personas\/#breadcrumb","itemListElement":[{"@type":"ListItem","position":1,"name":"Home","item":"https:\/\/ultrasoundtech.it\/es\/"},{"@type":"ListItem","position":2,"name":"Shop","item":"https:\/\/ultrasoundtech.it\/es\/shop\/"},{"@type":"ListItem","position":3,"name":"ZeroBugs\u2122 PLUS &#8211; Repelente ultras\u00f3nico de pulgas y garrapatas para personas"}]},{"@type":"WebSite","@id":"https:\/\/ultrasoundtech.it\/#website","url":"https:\/\/ultrasoundtech.it\/","name":"ULTRASOUNDtech\u2122","description":"","publisher":{"@id":"https:\/\/ultrasoundtech.it\/#organization"},"potentialAction":[{"@type":"SearchAction","target":{"@type":"EntryPoint","urlTemplate":"https:\/\/ultrasoundtech.it\/?s={search_term_string}"},"query-input":{"@type":"PropertyValueSpecification","valueRequired":true,"valueName":"search_term_string"}}],"inLanguage":"es"},{"@type":"Organization","@id":"https:\/\/ultrasoundtech.it\/#organization","name":"ULTRASOUNDtech\u2122","url":"https:\/\/ultrasoundtech.it\/","logo":{"@type":"ImageObject","inLanguage":"es","@id":"https:\/\/ultrasoundtech.it\/#\/schema\/logo\/image\/","url":"https:\/\/ultrasoundtech.it\/wp-content\/uploads\/2021\/04\/logo@3x.png","contentUrl":"https:\/\/ultrasoundtech.it\/wp-content\/uploads\/2021\/04\/logo@3x.png","width":504,"height":99,"caption":"ULTRASOUNDtech\u2122"},"image":{"@id":"https:\/\/ultrasoundtech.it\/#\/schema\/logo\/image\/"},"sameAs":["https:\/\/www.facebook.com\/ultrasoundtechacarzero\/","https:\/\/www.instagram.com\/ultrasound__tech\/"]}]}},"jetpack_sharing_enabled":true,"_links":{"self":[{"href":"https:\/\/ultrasoundtech.it\/es\/wp-json\/wp\/v2\/product\/2818","targetHints":{"allow":["GET"]}}],"collection":[{"href":"https:\/\/ultrasoundtech.it\/es\/wp-json\/wp\/v2\/product"}],"about":[{"href":"https:\/\/ultrasoundtech.it\/es\/wp-json\/wp\/v2\/types\/product"}],"wp:featuredmedia":[{"embeddable":true,"href":"https:\/\/ultrasoundtech.it\/es\/wp-json\/wp\/v2\/media\/4770"}],"wp:attachment":[{"href":"https:\/\/ultrasoundtech.it\/es\/wp-json\/wp\/v2\/media?parent=2818"}],"wp:term":[{"taxonomy":"product_brand","embeddable":true,"href":"https:\/\/ultrasoundtech.it\/es\/wp-json\/wp\/v2\/product_brand?post=2818"},{"taxonomy":"product_cat","embeddable":true,"href":"https:\/\/ultrasoundtech.it\/es\/wp-json\/wp\/v2\/product_cat?post=2818"},{"taxonomy":"product_tag","embeddable":true,"href":"https:\/\/ultrasoundtech.it\/es\/wp-json\/wp\/v2\/product_tag?post=2818"}],"curies":[{"name":"wp","href":"https:\/\/api.w.org\/{rel}","templated":true}]}}