{"id":2844,"date":"2021-04-08T17:13:49","date_gmt":"2021-04-08T15:13:49","guid":{"rendered":"http:\/\/ultrasoundtech.localhost\/prodotto\/zerobugs-pet-repelente-ultrasonico-de-pulgas-y-garrapatas-para-mascotas\/"},"modified":"2025-08-25T09:18:26","modified_gmt":"2025-08-25T07:18:26","slug":"zerobugs-pet-repelente-ultrasonico-de-pulgas-y-garrapatas-para-mascotas","status":"publish","type":"product","link":"https:\/\/ultrasoundtech.it\/es\/prodotto\/zerobugs-pet-repelente-ultrasonico-de-pulgas-y-garrapatas-para-mascotas\/","title":{"rendered":"ZeroBugs\u2122 PET &#8211; Repelente ultras\u00f3nico de pulgas y garrapatas para mascotas"},"content":{"rendered":"<p>Ligero y c\u00f3modo de llevar, el dispositivo de protecci\u00f3n contra garrapatas y pulgas tiene un radio de cobertura de aproximadamente 1,5 metros y es <strong>adecuado para perros y gatos de todos los tama\u00f1os,<\/strong> y de pelo corto y largo. Resistente a las salpicaduras y a la humedad (grado de protecci\u00f3n IP41), el producto ZeroBugs\u2122 PET emite una frecuencia aleatoria de ondas ultras\u00f3nicas -absolutamente inofensivas para los seres humanos y los animales dom\u00e9sticos- que act\u00faan sobre el sistema nervioso de las garrapatas y las pulgas, impidi\u00e9ndoles detectar al posible anfitri\u00f3n y alimentarse. Una vez activado el detector de garrapatas\/hojas, la bater\u00eda interna de litio no sustituible tiene una <strong>duraci\u00f3n de aproximadamente 310 d\u00edas,<\/strong> suficiente para cubrir el periodo cr\u00edtico de proliferaci\u00f3n de plagas. El producto est\u00e1 equipado con un bot\u00f3n y un LED para verificar el funcionamiento.<\/p>\n<p>La acci\u00f3n continua de ZeroBugs\u2122 PET permite <strong>reducir el riesgo de colonizaci\u00f3n por garrapatas y pulgas, vectores de graves enfermedades m\u00e9dicas<\/strong> que afectan a perros, gatos y personas. El repelente ultras\u00f3nico puede utilizarse con seguridad en cachorros, personas mayores y, en general, en animales que entran en contacto con ni\u00f1os.<\/p>\n<p><a href=\"\/es\/tech\/\" target=\"_blank\" rel=\"noopener\">La eficacia y la compatibilidad de ZeroBugs\u2122 PET con animales y personas de todas las edades han sido probadas<\/a> en el Departamento de Ciencias Biom\u00e9dicas, Quir\u00fargicas y Dentales de la Universidad de Mil\u00e1n.<\/p>\n","protected":false},"excerpt":{"rendered":"<p>ZeroBugs\u2122 PET es la soluci\u00f3n ecol\u00f3gica y tecnol\u00f3gica que ayuda a prevenir y combatir las infestaciones de pulgas y garrapatas en tus amigos de cuatro patas. Sin productos qu\u00edmicos potencialmente t\u00f3xicos, el repelente es <strong>una alternativa eficaz y respetuosa con el medio ambiente a los productos antiparasitarios<\/strong> habituales, como los spot-ons, los esprais y los collares de liberaci\u00f3n lenta: ZeroBugs\u2122 PET, de hecho, ahuyenta las garrapatas y las pulgas de forma segura y eficaz, ofreciendo una protecci\u00f3n constante durante todo el periodo de funcionamiento del dispositivo (unos 10 meses).<\/p>\n","protected":false},"featured_media":4777,"template":"","meta":{"_acf_changed":false},"product_brand":[],"product_cat":[80],"product_tag":[],"class_list":{"0":"post-2844","1":"product","2":"type-product","3":"status-publish","4":"has-post-thumbnail","6":"product_cat-antigarrapatas-y-antipulgas","7":"sales-flash-overlay","8":"woocommerce-text-align-center","9":"woocommerce-image-align-center","10":"do-quantity-buttons","11":"wc-has-gallery","13":"first","14":"instock","15":"taxable","16":"shipping-taxable","17":"purchasable","18":"product-type-variable"},"acf":[],"yoast_head":"<!-- This site is optimized with the Yoast SEO plugin v27.4 - https:\/\/yoast.com\/product\/yoast-seo-wordpress\/ -->\n<title>Antizecche e Antipulci Cani Gatti ZeroBugs\u2122 PET - ULTRASOUNDtech\u2122<\/title>\n<meta name=\"description\" content=\"ZeroBugs\u2122 PET \u00e8 la soluzione atossica ed efficace per combattere le infestazioni da pulci e zecche sui tuoi amici a quattro zampe. Acquista!\" \/>\n<meta name=\"robots\" content=\"index, follow, max-snippet:-1, max-image-preview:large, max-video-preview:-1\" \/>\n<link rel=\"canonical\" href=\"https:\/\/ultrasoundtech.it\/es\/prodotto\/zerobugs-pet-repelente-ultrasonico-de-pulgas-y-garrapatas-para-mascotas\/\" \/>\n<meta property=\"og:locale\" content=\"es_ES\" \/>\n<meta property=\"og:type\" content=\"article\" \/>\n<meta property=\"og:title\" content=\"Antizecche e Antipulci Cani Gatti ZeroBugs\u2122 PET - ULTRASOUNDtech\u2122\" \/>\n<meta property=\"og:description\" content=\"ZeroBugs\u2122 PET \u00e8 la soluzione atossica ed efficace per combattere le infestazioni da pulci e zecche sui tuoi amici a quattro zampe. Acquista!\" \/>\n<meta property=\"og:url\" content=\"https:\/\/ultrasoundtech.it\/es\/prodotto\/zerobugs-pet-repelente-ultrasonico-de-pulgas-y-garrapatas-para-mascotas\/\" \/>\n<meta property=\"og:site_name\" content=\"ULTRASOUNDtech\u2122\" \/>\n<meta property=\"article:publisher\" content=\"https:\/\/www.facebook.com\/ultrasoundtechacarzero\/\" \/>\n<meta property=\"article:modified_time\" content=\"2025-08-25T07:18:26+00:00\" \/>\n<meta property=\"og:image\" content=\"https:\/\/ultrasoundtech.it\/wp-content\/uploads\/2021\/04\/stampo-L-Bianco-Frontale-600x644-removebg-preview.png\" \/>\n\t<meta property=\"og:image:width\" content=\"482\" \/>\n\t<meta property=\"og:image:height\" content=\"518\" \/>\n\t<meta property=\"og:image:type\" content=\"image\/png\" \/>\n<meta name=\"twitter:card\" content=\"summary_large_image\" \/>\n<meta name=\"twitter:label1\" content=\"Tiempo de lectura\" \/>\n\t<meta name=\"twitter:data1\" content=\"1 minuto\" \/>\n<script type=\"application\/ld+json\" class=\"yoast-schema-graph\">{\"@context\":\"https:\\\/\\\/schema.org\",\"@graph\":[{\"@type\":\"WebPage\",\"@id\":\"https:\\\/\\\/ultrasoundtech.it\\\/es\\\/prodotto\\\/zerobugs-pet-repelente-ultrasonico-de-pulgas-y-garrapatas-para-mascotas\\\/\",\"url\":\"https:\\\/\\\/ultrasoundtech.it\\\/es\\\/prodotto\\\/zerobugs-pet-repelente-ultrasonico-de-pulgas-y-garrapatas-para-mascotas\\\/\",\"name\":\"Antizecche e Antipulci Cani Gatti ZeroBugs\u2122 PET - ULTRASOUNDtech\u2122\",\"isPartOf\":{\"@id\":\"https:\\\/\\\/ultrasoundtech.it\\\/#website\"},\"primaryImageOfPage\":{\"@id\":\"https:\\\/\\\/ultrasoundtech.it\\\/es\\\/prodotto\\\/zerobugs-pet-repelente-ultrasonico-de-pulgas-y-garrapatas-para-mascotas\\\/#primaryimage\"},\"image\":{\"@id\":\"https:\\\/\\\/ultrasoundtech.it\\\/es\\\/prodotto\\\/zerobugs-pet-repelente-ultrasonico-de-pulgas-y-garrapatas-para-mascotas\\\/#primaryimage\"},\"thumbnailUrl\":\"https:\\\/\\\/ultrasoundtech.it\\\/wp-content\\\/uploads\\\/2021\\\/04\\\/zerobugs-pet_bianco.png\",\"datePublished\":\"2021-04-08T15:13:49+00:00\",\"dateModified\":\"2025-08-25T07:18:26+00:00\",\"description\":\"ZeroBugs\u2122 PET \u00e8 la soluzione atossica ed efficace per combattere le infestazioni da pulci e zecche sui tuoi amici a quattro zampe. Acquista!\",\"breadcrumb\":{\"@id\":\"https:\\\/\\\/ultrasoundtech.it\\\/es\\\/prodotto\\\/zerobugs-pet-repelente-ultrasonico-de-pulgas-y-garrapatas-para-mascotas\\\/#breadcrumb\"},\"inLanguage\":\"es\",\"potentialAction\":[{\"@type\":\"ReadAction\",\"target\":[\"https:\\\/\\\/ultrasoundtech.it\\\/es\\\/prodotto\\\/zerobugs-pet-repelente-ultrasonico-de-pulgas-y-garrapatas-para-mascotas\\\/\"]}]},{\"@type\":\"ImageObject\",\"inLanguage\":\"es\",\"@id\":\"https:\\\/\\\/ultrasoundtech.it\\\/es\\\/prodotto\\\/zerobugs-pet-repelente-ultrasonico-de-pulgas-y-garrapatas-para-mascotas\\\/#primaryimage\",\"url\":\"https:\\\/\\\/ultrasoundtech.it\\\/wp-content\\\/uploads\\\/2021\\\/04\\\/zerobugs-pet_bianco.png\",\"contentUrl\":\"https:\\\/\\\/ultrasoundtech.it\\\/wp-content\\\/uploads\\\/2021\\\/04\\\/zerobugs-pet_bianco.png\",\"width\":700,\"height\":700,\"caption\":\"Antizecche e antipulci ad ultrasuoni per animali domestici\"},{\"@type\":\"BreadcrumbList\",\"@id\":\"https:\\\/\\\/ultrasoundtech.it\\\/es\\\/prodotto\\\/zerobugs-pet-repelente-ultrasonico-de-pulgas-y-garrapatas-para-mascotas\\\/#breadcrumb\",\"itemListElement\":[{\"@type\":\"ListItem\",\"position\":1,\"name\":\"Home\",\"item\":\"https:\\\/\\\/ultrasoundtech.it\\\/es\\\/\"},{\"@type\":\"ListItem\",\"position\":2,\"name\":\"Shop\",\"item\":\"https:\\\/\\\/ultrasoundtech.it\\\/es\\\/shop\\\/\"},{\"@type\":\"ListItem\",\"position\":3,\"name\":\"ZeroBugs\u2122 PET &#8211; Repelente ultras\u00f3nico de pulgas y garrapatas para mascotas\"}]},{\"@type\":\"WebSite\",\"@id\":\"https:\\\/\\\/ultrasoundtech.it\\\/#website\",\"url\":\"https:\\\/\\\/ultrasoundtech.it\\\/\",\"name\":\"ULTRASOUNDtech\u2122\",\"description\":\"\",\"publisher\":{\"@id\":\"https:\\\/\\\/ultrasoundtech.it\\\/#organization\"},\"potentialAction\":[{\"@type\":\"SearchAction\",\"target\":{\"@type\":\"EntryPoint\",\"urlTemplate\":\"https:\\\/\\\/ultrasoundtech.it\\\/?s={search_term_string}\"},\"query-input\":{\"@type\":\"PropertyValueSpecification\",\"valueRequired\":true,\"valueName\":\"search_term_string\"}}],\"inLanguage\":\"es\"},{\"@type\":\"Organization\",\"@id\":\"https:\\\/\\\/ultrasoundtech.it\\\/#organization\",\"name\":\"ULTRASOUNDtech\u2122\",\"url\":\"https:\\\/\\\/ultrasoundtech.it\\\/\",\"logo\":{\"@type\":\"ImageObject\",\"inLanguage\":\"es\",\"@id\":\"https:\\\/\\\/ultrasoundtech.it\\\/#\\\/schema\\\/logo\\\/image\\\/\",\"url\":\"https:\\\/\\\/ultrasoundtech.it\\\/wp-content\\\/uploads\\\/2021\\\/04\\\/logo@3x.png\",\"contentUrl\":\"https:\\\/\\\/ultrasoundtech.it\\\/wp-content\\\/uploads\\\/2021\\\/04\\\/logo@3x.png\",\"width\":504,\"height\":99,\"caption\":\"ULTRASOUNDtech\u2122\"},\"image\":{\"@id\":\"https:\\\/\\\/ultrasoundtech.it\\\/#\\\/schema\\\/logo\\\/image\\\/\"},\"sameAs\":[\"https:\\\/\\\/www.facebook.com\\\/ultrasoundtechacarzero\\\/\",\"https:\\\/\\\/www.instagram.com\\\/ultrasound__tech\\\/\"]}]}<\/script>\n<!-- \/ Yoast SEO plugin. -->","yoast_head_json":{"title":"Antizecche e Antipulci Cani Gatti ZeroBugs\u2122 PET - ULTRASOUNDtech\u2122","description":"ZeroBugs\u2122 PET \u00e8 la soluzione atossica ed efficace per combattere le infestazioni da pulci e zecche sui tuoi amici a quattro zampe. Acquista!","robots":{"index":"index","follow":"follow","max-snippet":"max-snippet:-1","max-image-preview":"max-image-preview:large","max-video-preview":"max-video-preview:-1"},"canonical":"https:\/\/ultrasoundtech.it\/es\/prodotto\/zerobugs-pet-repelente-ultrasonico-de-pulgas-y-garrapatas-para-mascotas\/","og_locale":"es_ES","og_type":"article","og_title":"Antizecche e Antipulci Cani Gatti ZeroBugs\u2122 PET - ULTRASOUNDtech\u2122","og_description":"ZeroBugs\u2122 PET \u00e8 la soluzione atossica ed efficace per combattere le infestazioni da pulci e zecche sui tuoi amici a quattro zampe. Acquista!","og_url":"https:\/\/ultrasoundtech.it\/es\/prodotto\/zerobugs-pet-repelente-ultrasonico-de-pulgas-y-garrapatas-para-mascotas\/","og_site_name":"ULTRASOUNDtech\u2122","article_publisher":"https:\/\/www.facebook.com\/ultrasoundtechacarzero\/","article_modified_time":"2025-08-25T07:18:26+00:00","og_image":[{"width":482,"height":518,"url":"https:\/\/ultrasoundtech.it\/wp-content\/uploads\/2021\/04\/stampo-L-Bianco-Frontale-600x644-removebg-preview.png","type":"image\/png"}],"twitter_card":"summary_large_image","twitter_misc":{"Tiempo de lectura":"1 minuto"},"schema":{"@context":"https:\/\/schema.org","@graph":[{"@type":"WebPage","@id":"https:\/\/ultrasoundtech.it\/es\/prodotto\/zerobugs-pet-repelente-ultrasonico-de-pulgas-y-garrapatas-para-mascotas\/","url":"https:\/\/ultrasoundtech.it\/es\/prodotto\/zerobugs-pet-repelente-ultrasonico-de-pulgas-y-garrapatas-para-mascotas\/","name":"Antizecche e Antipulci Cani Gatti ZeroBugs\u2122 PET - ULTRASOUNDtech\u2122","isPartOf":{"@id":"https:\/\/ultrasoundtech.it\/#website"},"primaryImageOfPage":{"@id":"https:\/\/ultrasoundtech.it\/es\/prodotto\/zerobugs-pet-repelente-ultrasonico-de-pulgas-y-garrapatas-para-mascotas\/#primaryimage"},"image":{"@id":"https:\/\/ultrasoundtech.it\/es\/prodotto\/zerobugs-pet-repelente-ultrasonico-de-pulgas-y-garrapatas-para-mascotas\/#primaryimage"},"thumbnailUrl":"https:\/\/ultrasoundtech.it\/wp-content\/uploads\/2021\/04\/zerobugs-pet_bianco.png","datePublished":"2021-04-08T15:13:49+00:00","dateModified":"2025-08-25T07:18:26+00:00","description":"ZeroBugs\u2122 PET \u00e8 la soluzione atossica ed efficace per combattere le infestazioni da pulci e zecche sui tuoi amici a quattro zampe. Acquista!","breadcrumb":{"@id":"https:\/\/ultrasoundtech.it\/es\/prodotto\/zerobugs-pet-repelente-ultrasonico-de-pulgas-y-garrapatas-para-mascotas\/#breadcrumb"},"inLanguage":"es","potentialAction":[{"@type":"ReadAction","target":["https:\/\/ultrasoundtech.it\/es\/prodotto\/zerobugs-pet-repelente-ultrasonico-de-pulgas-y-garrapatas-para-mascotas\/"]}]},{"@type":"ImageObject","inLanguage":"es","@id":"https:\/\/ultrasoundtech.it\/es\/prodotto\/zerobugs-pet-repelente-ultrasonico-de-pulgas-y-garrapatas-para-mascotas\/#primaryimage","url":"https:\/\/ultrasoundtech.it\/wp-content\/uploads\/2021\/04\/zerobugs-pet_bianco.png","contentUrl":"https:\/\/ultrasoundtech.it\/wp-content\/uploads\/2021\/04\/zerobugs-pet_bianco.png","width":700,"height":700,"caption":"Antizecche e antipulci ad ultrasuoni per animali domestici"},{"@type":"BreadcrumbList","@id":"https:\/\/ultrasoundtech.it\/es\/prodotto\/zerobugs-pet-repelente-ultrasonico-de-pulgas-y-garrapatas-para-mascotas\/#breadcrumb","itemListElement":[{"@type":"ListItem","position":1,"name":"Home","item":"https:\/\/ultrasoundtech.it\/es\/"},{"@type":"ListItem","position":2,"name":"Shop","item":"https:\/\/ultrasoundtech.it\/es\/shop\/"},{"@type":"ListItem","position":3,"name":"ZeroBugs\u2122 PET &#8211; Repelente ultras\u00f3nico de pulgas y garrapatas para mascotas"}]},{"@type":"WebSite","@id":"https:\/\/ultrasoundtech.it\/#website","url":"https:\/\/ultrasoundtech.it\/","name":"ULTRASOUNDtech\u2122","description":"","publisher":{"@id":"https:\/\/ultrasoundtech.it\/#organization"},"potentialAction":[{"@type":"SearchAction","target":{"@type":"EntryPoint","urlTemplate":"https:\/\/ultrasoundtech.it\/?s={search_term_string}"},"query-input":{"@type":"PropertyValueSpecification","valueRequired":true,"valueName":"search_term_string"}}],"inLanguage":"es"},{"@type":"Organization","@id":"https:\/\/ultrasoundtech.it\/#organization","name":"ULTRASOUNDtech\u2122","url":"https:\/\/ultrasoundtech.it\/","logo":{"@type":"ImageObject","inLanguage":"es","@id":"https:\/\/ultrasoundtech.it\/#\/schema\/logo\/image\/","url":"https:\/\/ultrasoundtech.it\/wp-content\/uploads\/2021\/04\/logo@3x.png","contentUrl":"https:\/\/ultrasoundtech.it\/wp-content\/uploads\/2021\/04\/logo@3x.png","width":504,"height":99,"caption":"ULTRASOUNDtech\u2122"},"image":{"@id":"https:\/\/ultrasoundtech.it\/#\/schema\/logo\/image\/"},"sameAs":["https:\/\/www.facebook.com\/ultrasoundtechacarzero\/","https:\/\/www.instagram.com\/ultrasound__tech\/"]}]}},"jetpack_sharing_enabled":true,"_links":{"self":[{"href":"https:\/\/ultrasoundtech.it\/es\/wp-json\/wp\/v2\/product\/2844","targetHints":{"allow":["GET"]}}],"collection":[{"href":"https:\/\/ultrasoundtech.it\/es\/wp-json\/wp\/v2\/product"}],"about":[{"href":"https:\/\/ultrasoundtech.it\/es\/wp-json\/wp\/v2\/types\/product"}],"wp:featuredmedia":[{"embeddable":true,"href":"https:\/\/ultrasoundtech.it\/es\/wp-json\/wp\/v2\/media\/4777"}],"wp:attachment":[{"href":"https:\/\/ultrasoundtech.it\/es\/wp-json\/wp\/v2\/media?parent=2844"}],"wp:term":[{"taxonomy":"product_brand","embeddable":true,"href":"https:\/\/ultrasoundtech.it\/es\/wp-json\/wp\/v2\/product_brand?post=2844"},{"taxonomy":"product_cat","embeddable":true,"href":"https:\/\/ultrasoundtech.it\/es\/wp-json\/wp\/v2\/product_cat?post=2844"},{"taxonomy":"product_tag","embeddable":true,"href":"https:\/\/ultrasoundtech.it\/es\/wp-json\/wp\/v2\/product_tag?post=2844"}],"curies":[{"name":"wp","href":"https:\/\/api.w.org\/{rel}","templated":true}]}}