{"id":2864,"date":"2021-04-08T16:36:54","date_gmt":"2021-04-08T14:36:54","guid":{"rendered":"http:\/\/ultrasoundtech.localhost\/prodotto\/zerobugs-mouse-dispositivo-de-control-de-ratones-por-ultrasonidos\/"},"modified":"2024-01-19T20:03:06","modified_gmt":"2024-01-19T19:03:06","slug":"zerobugs-mouse-dispositivo-de-control-de-ratones-por-ultrasonidos","status":"publish","type":"product","link":"https:\/\/ultrasoundtech.it\/es\/prodotto\/zerobugs-mouse-dispositivo-de-control-de-ratones-por-ultrasonidos\/","title":{"rendered":"ZeroBugs\u2122 MOUSE &#8211; Dispositivo de control de ratones por ultrasonidos"},"content":{"rendered":"<p>F\u00e1cil de manejar, el dispositivo repelente de redes funciona <strong>alimentado a 230 VCA a 50 Hz<\/strong> y garantiza un <strong>volumen de cobertura de unos 90 metros c\u00fabicos.<\/strong><\/p>\n<p>ZeroBugs\u2122 MOUSE ayuda a resolver el problema derivado de la sorprendente resistencia e inmunidad de las plagas de roedores a los principales productos de control de roedores del mercado. Inodoro y no t\u00f3xico, el innovador producto <strong>difunde ultrasonidos de intensidad variable capaces de perturbar el o\u00eddo de los roedores y limitar sus movimientos,<\/strong> oblig\u00e1ndoles a abandonar un entorno que se ha vuelto inh\u00f3spito para ellos. Las suaves ondas mec\u00e1nicas que emite el dispositivo tienen un efecto duradero en varias especies de peque\u00f1os roedores y est\u00e1n dise\u00f1adas para evitar que se acostumbren al ruido.<\/p>\n<p>ZeroBugs\u2122 MOUSE <strong>no libera productos qu\u00edmicos<\/strong> y puede utilizarse cerca de personas de todas las edades y de mascotas como perros y gatos. Para que el dispositivo antirrobo funcione con la m\u00e1xima eficacia, se recomienda utilizarlo de forma continua.<\/p>\n<p><a href=\"\/es\/tech\/\" target=\"_blank\" rel=\"noopener\">El repelente ultras\u00f3nico de ratones se ha <\/a><strong>probado en el Laboratorio de Microbiolog\u00eda M\u00e9dica y Enfermedades Infecciosas de la Facultad de Biociencias y Veterinaria de la Universidad de Camerino.<\/strong><\/p>\n","protected":false},"excerpt":{"rendered":"<p>ZeroBugs\u2122 MOUSE es el aliado silencioso que ayuda a combatir y prevenir las visitas no deseadas de ratones, ratas y lirones. Gracias a la emisi\u00f3n <strong>de ondas ultras\u00f3nicas de frecuencia modulada<\/strong>, el remedio antirratones preserva la higiene y la seguridad de los espacios dom\u00e9sticos, alejando eficazmente estas molestas plagas.<\/p>\n","protected":false},"featured_media":4786,"template":"","meta":{"_acf_changed":false},"product_brand":[],"product_cat":[81],"product_tag":[],"class_list":{"0":"post-2864","1":"product","2":"type-product","3":"status-publish","4":"has-post-thumbnail","6":"product_cat-antirratones","7":"sales-flash-overlay","8":"woocommerce-text-align-center","9":"woocommerce-image-align-center","10":"do-quantity-buttons","12":"first","13":"instock","14":"taxable","15":"shipping-taxable","16":"purchasable","17":"product-type-variable"},"acf":[],"yoast_head":"<!-- This site is optimized with the Yoast SEO plugin v27.4 - https:\/\/yoast.com\/product\/yoast-seo-wordpress\/ -->\n<title>Ultrasuoni Anti Topi e Ratti - ZeroBugs\u2122 MOUSE - ULTRASOUNDtech\u2122<\/title>\n<meta name=\"description\" content=\"ZeroBugs\u2122 MOUSE combatte e previene visite sgradite di topi, ratti e ghiri senza ricorrere a sostanze chimiche. Atossico e sicuro. Acquista!\" \/>\n<meta name=\"robots\" content=\"index, follow, max-snippet:-1, max-image-preview:large, max-video-preview:-1\" \/>\n<link rel=\"canonical\" href=\"https:\/\/ultrasoundtech.it\/es\/prodotto\/zerobugs-mouse-dispositivo-de-control-de-ratones-por-ultrasonidos\/\" \/>\n<meta property=\"og:locale\" content=\"es_ES\" \/>\n<meta property=\"og:type\" content=\"article\" \/>\n<meta property=\"og:title\" content=\"Ultrasuoni Anti Topi e Ratti - ZeroBugs\u2122 MOUSE - ULTRASOUNDtech\u2122\" \/>\n<meta property=\"og:description\" content=\"ZeroBugs\u2122 MOUSE combatte e previene visite sgradite di topi, ratti e ghiri senza ricorrere a sostanze chimiche. Atossico e sicuro. Acquista!\" \/>\n<meta property=\"og:url\" content=\"https:\/\/ultrasoundtech.it\/es\/prodotto\/zerobugs-mouse-dispositivo-de-control-de-ratones-por-ultrasonidos\/\" \/>\n<meta property=\"og:site_name\" content=\"ULTRASOUNDtech\u2122\" \/>\n<meta property=\"article:publisher\" content=\"https:\/\/www.facebook.com\/ultrasoundtechacarzero\/\" \/>\n<meta property=\"article:modified_time\" content=\"2024-01-19T19:03:06+00:00\" \/>\n<meta property=\"og:image\" content=\"https:\/\/ultrasoundtech.it\/wp-content\/uploads\/2021\/04\/MOUSE-CHIUSO-600x644-removebg-preview.png\" \/>\n\t<meta property=\"og:image:width\" content=\"482\" \/>\n\t<meta property=\"og:image:height\" content=\"518\" \/>\n\t<meta property=\"og:image:type\" content=\"image\/png\" \/>\n<meta name=\"twitter:card\" content=\"summary_large_image\" \/>\n<meta name=\"twitter:label1\" content=\"Tiempo de lectura\" \/>\n\t<meta name=\"twitter:data1\" content=\"1 minuto\" \/>\n<script type=\"application\/ld+json\" class=\"yoast-schema-graph\">{\"@context\":\"https:\\\/\\\/schema.org\",\"@graph\":[{\"@type\":\"WebPage\",\"@id\":\"https:\\\/\\\/ultrasoundtech.it\\\/es\\\/prodotto\\\/zerobugs-mouse-dispositivo-de-control-de-ratones-por-ultrasonidos\\\/\",\"url\":\"https:\\\/\\\/ultrasoundtech.it\\\/es\\\/prodotto\\\/zerobugs-mouse-dispositivo-de-control-de-ratones-por-ultrasonidos\\\/\",\"name\":\"Ultrasuoni Anti Topi e Ratti - ZeroBugs\u2122 MOUSE - ULTRASOUNDtech\u2122\",\"isPartOf\":{\"@id\":\"https:\\\/\\\/ultrasoundtech.it\\\/#website\"},\"primaryImageOfPage\":{\"@id\":\"https:\\\/\\\/ultrasoundtech.it\\\/es\\\/prodotto\\\/zerobugs-mouse-dispositivo-de-control-de-ratones-por-ultrasonidos\\\/#primaryimage\"},\"image\":{\"@id\":\"https:\\\/\\\/ultrasoundtech.it\\\/es\\\/prodotto\\\/zerobugs-mouse-dispositivo-de-control-de-ratones-por-ultrasonidos\\\/#primaryimage\"},\"thumbnailUrl\":\"https:\\\/\\\/ultrasoundtech.it\\\/wp-content\\\/uploads\\\/2021\\\/04\\\/zerobugs-mouse_dettaglio-1.png\",\"datePublished\":\"2021-04-08T14:36:54+00:00\",\"dateModified\":\"2024-01-19T19:03:06+00:00\",\"description\":\"ZeroBugs\u2122 MOUSE combatte e previene visite sgradite di topi, ratti e ghiri senza ricorrere a sostanze chimiche. Atossico e sicuro. Acquista!\",\"breadcrumb\":{\"@id\":\"https:\\\/\\\/ultrasoundtech.it\\\/es\\\/prodotto\\\/zerobugs-mouse-dispositivo-de-control-de-ratones-por-ultrasonidos\\\/#breadcrumb\"},\"inLanguage\":\"es\",\"potentialAction\":[{\"@type\":\"ReadAction\",\"target\":[\"https:\\\/\\\/ultrasoundtech.it\\\/es\\\/prodotto\\\/zerobugs-mouse-dispositivo-de-control-de-ratones-por-ultrasonidos\\\/\"]}]},{\"@type\":\"ImageObject\",\"inLanguage\":\"es\",\"@id\":\"https:\\\/\\\/ultrasoundtech.it\\\/es\\\/prodotto\\\/zerobugs-mouse-dispositivo-de-control-de-ratones-por-ultrasonidos\\\/#primaryimage\",\"url\":\"https:\\\/\\\/ultrasoundtech.it\\\/wp-content\\\/uploads\\\/2021\\\/04\\\/zerobugs-mouse_dettaglio-1.png\",\"contentUrl\":\"https:\\\/\\\/ultrasoundtech.it\\\/wp-content\\\/uploads\\\/2021\\\/04\\\/zerobugs-mouse_dettaglio-1.png\",\"width\":700,\"height\":700,\"caption\":\"ZeroBugs Mouse Antitopi\"},{\"@type\":\"BreadcrumbList\",\"@id\":\"https:\\\/\\\/ultrasoundtech.it\\\/es\\\/prodotto\\\/zerobugs-mouse-dispositivo-de-control-de-ratones-por-ultrasonidos\\\/#breadcrumb\",\"itemListElement\":[{\"@type\":\"ListItem\",\"position\":1,\"name\":\"Home\",\"item\":\"https:\\\/\\\/ultrasoundtech.it\\\/es\\\/\"},{\"@type\":\"ListItem\",\"position\":2,\"name\":\"Shop\",\"item\":\"https:\\\/\\\/ultrasoundtech.it\\\/es\\\/shop\\\/\"},{\"@type\":\"ListItem\",\"position\":3,\"name\":\"ZeroBugs\u2122 MOUSE &#8211; Dispositivo de control de ratones por ultrasonidos\"}]},{\"@type\":\"WebSite\",\"@id\":\"https:\\\/\\\/ultrasoundtech.it\\\/#website\",\"url\":\"https:\\\/\\\/ultrasoundtech.it\\\/\",\"name\":\"ULTRASOUNDtech\u2122\",\"description\":\"\",\"publisher\":{\"@id\":\"https:\\\/\\\/ultrasoundtech.it\\\/#organization\"},\"potentialAction\":[{\"@type\":\"SearchAction\",\"target\":{\"@type\":\"EntryPoint\",\"urlTemplate\":\"https:\\\/\\\/ultrasoundtech.it\\\/?s={search_term_string}\"},\"query-input\":{\"@type\":\"PropertyValueSpecification\",\"valueRequired\":true,\"valueName\":\"search_term_string\"}}],\"inLanguage\":\"es\"},{\"@type\":\"Organization\",\"@id\":\"https:\\\/\\\/ultrasoundtech.it\\\/#organization\",\"name\":\"ULTRASOUNDtech\u2122\",\"url\":\"https:\\\/\\\/ultrasoundtech.it\\\/\",\"logo\":{\"@type\":\"ImageObject\",\"inLanguage\":\"es\",\"@id\":\"https:\\\/\\\/ultrasoundtech.it\\\/#\\\/schema\\\/logo\\\/image\\\/\",\"url\":\"https:\\\/\\\/ultrasoundtech.it\\\/wp-content\\\/uploads\\\/2021\\\/04\\\/logo@3x.png\",\"contentUrl\":\"https:\\\/\\\/ultrasoundtech.it\\\/wp-content\\\/uploads\\\/2021\\\/04\\\/logo@3x.png\",\"width\":504,\"height\":99,\"caption\":\"ULTRASOUNDtech\u2122\"},\"image\":{\"@id\":\"https:\\\/\\\/ultrasoundtech.it\\\/#\\\/schema\\\/logo\\\/image\\\/\"},\"sameAs\":[\"https:\\\/\\\/www.facebook.com\\\/ultrasoundtechacarzero\\\/\",\"https:\\\/\\\/www.instagram.com\\\/ultrasound__tech\\\/\"]}]}<\/script>\n<!-- \/ Yoast SEO plugin. -->","yoast_head_json":{"title":"Ultrasuoni Anti Topi e Ratti - ZeroBugs\u2122 MOUSE - ULTRASOUNDtech\u2122","description":"ZeroBugs\u2122 MOUSE combatte e previene visite sgradite di topi, ratti e ghiri senza ricorrere a sostanze chimiche. Atossico e sicuro. Acquista!","robots":{"index":"index","follow":"follow","max-snippet":"max-snippet:-1","max-image-preview":"max-image-preview:large","max-video-preview":"max-video-preview:-1"},"canonical":"https:\/\/ultrasoundtech.it\/es\/prodotto\/zerobugs-mouse-dispositivo-de-control-de-ratones-por-ultrasonidos\/","og_locale":"es_ES","og_type":"article","og_title":"Ultrasuoni Anti Topi e Ratti - ZeroBugs\u2122 MOUSE - ULTRASOUNDtech\u2122","og_description":"ZeroBugs\u2122 MOUSE combatte e previene visite sgradite di topi, ratti e ghiri senza ricorrere a sostanze chimiche. Atossico e sicuro. Acquista!","og_url":"https:\/\/ultrasoundtech.it\/es\/prodotto\/zerobugs-mouse-dispositivo-de-control-de-ratones-por-ultrasonidos\/","og_site_name":"ULTRASOUNDtech\u2122","article_publisher":"https:\/\/www.facebook.com\/ultrasoundtechacarzero\/","article_modified_time":"2024-01-19T19:03:06+00:00","og_image":[{"width":482,"height":518,"url":"https:\/\/ultrasoundtech.it\/wp-content\/uploads\/2021\/04\/MOUSE-CHIUSO-600x644-removebg-preview.png","type":"image\/png"}],"twitter_card":"summary_large_image","twitter_misc":{"Tiempo de lectura":"1 minuto"},"schema":{"@context":"https:\/\/schema.org","@graph":[{"@type":"WebPage","@id":"https:\/\/ultrasoundtech.it\/es\/prodotto\/zerobugs-mouse-dispositivo-de-control-de-ratones-por-ultrasonidos\/","url":"https:\/\/ultrasoundtech.it\/es\/prodotto\/zerobugs-mouse-dispositivo-de-control-de-ratones-por-ultrasonidos\/","name":"Ultrasuoni Anti Topi e Ratti - ZeroBugs\u2122 MOUSE - ULTRASOUNDtech\u2122","isPartOf":{"@id":"https:\/\/ultrasoundtech.it\/#website"},"primaryImageOfPage":{"@id":"https:\/\/ultrasoundtech.it\/es\/prodotto\/zerobugs-mouse-dispositivo-de-control-de-ratones-por-ultrasonidos\/#primaryimage"},"image":{"@id":"https:\/\/ultrasoundtech.it\/es\/prodotto\/zerobugs-mouse-dispositivo-de-control-de-ratones-por-ultrasonidos\/#primaryimage"},"thumbnailUrl":"https:\/\/ultrasoundtech.it\/wp-content\/uploads\/2021\/04\/zerobugs-mouse_dettaglio-1.png","datePublished":"2021-04-08T14:36:54+00:00","dateModified":"2024-01-19T19:03:06+00:00","description":"ZeroBugs\u2122 MOUSE combatte e previene visite sgradite di topi, ratti e ghiri senza ricorrere a sostanze chimiche. Atossico e sicuro. Acquista!","breadcrumb":{"@id":"https:\/\/ultrasoundtech.it\/es\/prodotto\/zerobugs-mouse-dispositivo-de-control-de-ratones-por-ultrasonidos\/#breadcrumb"},"inLanguage":"es","potentialAction":[{"@type":"ReadAction","target":["https:\/\/ultrasoundtech.it\/es\/prodotto\/zerobugs-mouse-dispositivo-de-control-de-ratones-por-ultrasonidos\/"]}]},{"@type":"ImageObject","inLanguage":"es","@id":"https:\/\/ultrasoundtech.it\/es\/prodotto\/zerobugs-mouse-dispositivo-de-control-de-ratones-por-ultrasonidos\/#primaryimage","url":"https:\/\/ultrasoundtech.it\/wp-content\/uploads\/2021\/04\/zerobugs-mouse_dettaglio-1.png","contentUrl":"https:\/\/ultrasoundtech.it\/wp-content\/uploads\/2021\/04\/zerobugs-mouse_dettaglio-1.png","width":700,"height":700,"caption":"ZeroBugs Mouse Antitopi"},{"@type":"BreadcrumbList","@id":"https:\/\/ultrasoundtech.it\/es\/prodotto\/zerobugs-mouse-dispositivo-de-control-de-ratones-por-ultrasonidos\/#breadcrumb","itemListElement":[{"@type":"ListItem","position":1,"name":"Home","item":"https:\/\/ultrasoundtech.it\/es\/"},{"@type":"ListItem","position":2,"name":"Shop","item":"https:\/\/ultrasoundtech.it\/es\/shop\/"},{"@type":"ListItem","position":3,"name":"ZeroBugs\u2122 MOUSE &#8211; Dispositivo de control de ratones por ultrasonidos"}]},{"@type":"WebSite","@id":"https:\/\/ultrasoundtech.it\/#website","url":"https:\/\/ultrasoundtech.it\/","name":"ULTRASOUNDtech\u2122","description":"","publisher":{"@id":"https:\/\/ultrasoundtech.it\/#organization"},"potentialAction":[{"@type":"SearchAction","target":{"@type":"EntryPoint","urlTemplate":"https:\/\/ultrasoundtech.it\/?s={search_term_string}"},"query-input":{"@type":"PropertyValueSpecification","valueRequired":true,"valueName":"search_term_string"}}],"inLanguage":"es"},{"@type":"Organization","@id":"https:\/\/ultrasoundtech.it\/#organization","name":"ULTRASOUNDtech\u2122","url":"https:\/\/ultrasoundtech.it\/","logo":{"@type":"ImageObject","inLanguage":"es","@id":"https:\/\/ultrasoundtech.it\/#\/schema\/logo\/image\/","url":"https:\/\/ultrasoundtech.it\/wp-content\/uploads\/2021\/04\/logo@3x.png","contentUrl":"https:\/\/ultrasoundtech.it\/wp-content\/uploads\/2021\/04\/logo@3x.png","width":504,"height":99,"caption":"ULTRASOUNDtech\u2122"},"image":{"@id":"https:\/\/ultrasoundtech.it\/#\/schema\/logo\/image\/"},"sameAs":["https:\/\/www.facebook.com\/ultrasoundtechacarzero\/","https:\/\/www.instagram.com\/ultrasound__tech\/"]}]}},"jetpack_sharing_enabled":true,"_links":{"self":[{"href":"https:\/\/ultrasoundtech.it\/es\/wp-json\/wp\/v2\/product\/2864","targetHints":{"allow":["GET"]}}],"collection":[{"href":"https:\/\/ultrasoundtech.it\/es\/wp-json\/wp\/v2\/product"}],"about":[{"href":"https:\/\/ultrasoundtech.it\/es\/wp-json\/wp\/v2\/types\/product"}],"wp:featuredmedia":[{"embeddable":true,"href":"https:\/\/ultrasoundtech.it\/es\/wp-json\/wp\/v2\/media\/4786"}],"wp:attachment":[{"href":"https:\/\/ultrasoundtech.it\/es\/wp-json\/wp\/v2\/media?parent=2864"}],"wp:term":[{"taxonomy":"product_brand","embeddable":true,"href":"https:\/\/ultrasoundtech.it\/es\/wp-json\/wp\/v2\/product_brand?post=2864"},{"taxonomy":"product_cat","embeddable":true,"href":"https:\/\/ultrasoundtech.it\/es\/wp-json\/wp\/v2\/product_cat?post=2864"},{"taxonomy":"product_tag","embeddable":true,"href":"https:\/\/ultrasoundtech.it\/es\/wp-json\/wp\/v2\/product_tag?post=2864"}],"curies":[{"name":"wp","href":"https:\/\/api.w.org\/{rel}","templated":true}]}}