{"id":2879,"date":"2021-04-08T16:14:10","date_gmt":"2021-04-08T14:14:10","guid":{"rendered":"http:\/\/ultrasoundtech.localhost\/prodotto\/zerozzzambient-dispositivo-repelente-de-mosquitos-por-ultrasonidos\/"},"modified":"2021-08-01T18:51:25","modified_gmt":"2021-08-01T16:51:25","slug":"zerozzzambient-dispositivo-repelente-de-mosquitos-por-ultrasonidos","status":"publish","type":"product","link":"https:\/\/ultrasoundtech.it\/es\/prodotto\/zerozzzambient-dispositivo-repelente-de-mosquitos-por-ultrasonidos\/","title":{"rendered":"ZeroZzz\u2122AMBIENT &#8211; Dispositivo repelente de mosquitos por ultrasonidos"},"content":{"rendered":"<p>El dispositivo de protecci\u00f3n alimentado por la red est\u00e1 programado para emitir sonido en tres intensidades diferentes: baja (un destello), media (dos destellos) y alta (tres destellos). ZeroZzz\u2122AMBIENT funciona <strong>alimentado a 230 voltios y garantiza un volumen de cobertura de unos 60\/80 metros c\u00fabicos.<\/strong><\/p>\n<p>F\u00e1cil de activar y con una protecci\u00f3n integral, el dispositivo crea al mismo tiempo un entorno inc\u00f3modo para los insectos, devolviendo los espacios a su uso. El repelente de mosquitos ZeroZzz\u2122AIR funciona emitiendo ondas s\u00f3nicas de intensidad modulada que <strong>alejan a los mosquitos hembra responsables de picaduras e irritaciones.<\/strong> El suave sonido producido por el dispositivo electr\u00f3nico tiene un efecto prolongado sobre la mayor\u00eda de las especies de mosquitos y est\u00e1 dise\u00f1ado para evitar que los insectos se habit\u00faen al sonido producido. Completamente at\u00f3xico e inodoro, ZeroZzz\u2122AMBIENT no libera ning\u00fan producto qu\u00edmico nocivo para el medio ambiente y puede ser utilizado con seguridad por personas de todas las edades en cualquier ocasi\u00f3n y entorno (casa, terraza, jard\u00edn).<\/p>\n<p><a href=\"\/es\/tech\/\" target=\"_blank\" rel=\"noopener\">El repelente de mosquitos por ultrasonidos se <\/a><strong>prueba en el Laboratorio de Microbiolog\u00eda M\u00e9dica y Enfermedades Infecciosas de la Facultad de Biociencias y Veterinaria de la Universidad de Camerino.<\/strong><\/p>\n","protected":false},"excerpt":{"rendered":"<p>ZeroZzz\u2122AMBIENT ofrece una protecci\u00f3n eficaz y segura contra las infestaciones estacionales de los mosquitos com\u00fan y tigre. La emisi\u00f3n de sonidos de <strong>baja frecuencia e intensidad variable<\/strong> imita el zumbido de los mosquitos macho y ahuyenta permanentemente a las hembras de la especie, que son las \u00fanicas que pican para extraer sangre de personas y animales.<\/p>\n","protected":false},"featured_media":4789,"template":"","meta":{"_acf_changed":false},"product_brand":[],"product_cat":[78],"product_tag":[],"class_list":{"0":"post-2879","1":"product","2":"type-product","3":"status-publish","4":"has-post-thumbnail","6":"product_cat-antimosquitos","7":"sales-flash-overlay","8":"woocommerce-text-align-center","9":"woocommerce-image-align-center","10":"do-quantity-buttons","12":"first","13":"instock","14":"taxable","15":"shipping-taxable","16":"purchasable","17":"product-type-variable"},"acf":[],"yoast_head":"<!-- This site is optimized with the Yoast SEO plugin v27.4 - https:\/\/yoast.com\/product\/yoast-seo-wordpress\/ -->\n<title>Dispositivo Antizanzare - ZeroZzz\u2122 AMBIENT - ULTRASOUNDtech\u2122<\/title>\n<meta name=\"description\" content=\"ZeroZzz\u2122 AMBIENT allontana le zanzare femmina responsabili delle fastidiose punture. 100% atossico, inodore, Made in Italy. Acquista ora!\" \/>\n<meta name=\"robots\" content=\"index, follow, max-snippet:-1, max-image-preview:large, max-video-preview:-1\" \/>\n<link rel=\"canonical\" href=\"https:\/\/ultrasoundtech.it\/es\/prodotto\/zerozzzambient-dispositivo-repelente-de-mosquitos-por-ultrasonidos\/\" \/>\n<meta property=\"og:locale\" content=\"es_ES\" \/>\n<meta property=\"og:type\" content=\"article\" \/>\n<meta property=\"og:title\" content=\"Dispositivo Antizanzare - ZeroZzz\u2122 AMBIENT - ULTRASOUNDtech\u2122\" \/>\n<meta property=\"og:description\" content=\"ZeroZzz\u2122 AMBIENT allontana le zanzare femmina responsabili delle fastidiose punture. 100% atossico, inodore, Made in Italy. Acquista ora!\" \/>\n<meta property=\"og:url\" content=\"https:\/\/ultrasoundtech.it\/es\/prodotto\/zerozzzambient-dispositivo-repelente-de-mosquitos-por-ultrasonidos\/\" \/>\n<meta property=\"og:site_name\" content=\"ULTRASOUNDtech\u2122\" \/>\n<meta property=\"article:publisher\" content=\"https:\/\/www.facebook.com\/ultrasoundtechacarzero\/\" \/>\n<meta property=\"article:modified_time\" content=\"2021-08-01T16:51:25+00:00\" \/>\n<meta property=\"og:image\" content=\"https:\/\/ultrasoundtech.it\/wp-content\/uploads\/2021\/04\/ZeroZzz_AMBIENT-600x644-removebg-preview-1.png\" \/>\n\t<meta property=\"og:image:width\" content=\"482\" \/>\n\t<meta property=\"og:image:height\" content=\"518\" \/>\n\t<meta property=\"og:image:type\" content=\"image\/png\" \/>\n<meta name=\"twitter:card\" content=\"summary_large_image\" \/>\n<meta name=\"twitter:label1\" content=\"Tiempo de lectura\" \/>\n\t<meta name=\"twitter:data1\" content=\"1 minuto\" \/>\n<script type=\"application\/ld+json\" class=\"yoast-schema-graph\">{\"@context\":\"https:\\\/\\\/schema.org\",\"@graph\":[{\"@type\":\"WebPage\",\"@id\":\"https:\\\/\\\/ultrasoundtech.it\\\/es\\\/prodotto\\\/zerozzzambient-dispositivo-repelente-de-mosquitos-por-ultrasonidos\\\/\",\"url\":\"https:\\\/\\\/ultrasoundtech.it\\\/es\\\/prodotto\\\/zerozzzambient-dispositivo-repelente-de-mosquitos-por-ultrasonidos\\\/\",\"name\":\"Dispositivo Antizanzare - ZeroZzz\u2122 AMBIENT - ULTRASOUNDtech\u2122\",\"isPartOf\":{\"@id\":\"https:\\\/\\\/ultrasoundtech.it\\\/#website\"},\"primaryImageOfPage\":{\"@id\":\"https:\\\/\\\/ultrasoundtech.it\\\/es\\\/prodotto\\\/zerozzzambient-dispositivo-repelente-de-mosquitos-por-ultrasonidos\\\/#primaryimage\"},\"image\":{\"@id\":\"https:\\\/\\\/ultrasoundtech.it\\\/es\\\/prodotto\\\/zerozzzambient-dispositivo-repelente-de-mosquitos-por-ultrasonidos\\\/#primaryimage\"},\"thumbnailUrl\":\"https:\\\/\\\/ultrasoundtech.it\\\/wp-content\\\/uploads\\\/2021\\\/04\\\/ZeroZzz_AMBIENT-1.png\",\"datePublished\":\"2021-04-08T14:14:10+00:00\",\"dateModified\":\"2021-08-01T16:51:25+00:00\",\"description\":\"ZeroZzz\u2122 AMBIENT allontana le zanzare femmina responsabili delle fastidiose punture. 100% atossico, inodore, Made in Italy. Acquista ora!\",\"breadcrumb\":{\"@id\":\"https:\\\/\\\/ultrasoundtech.it\\\/es\\\/prodotto\\\/zerozzzambient-dispositivo-repelente-de-mosquitos-por-ultrasonidos\\\/#breadcrumb\"},\"inLanguage\":\"es\",\"potentialAction\":[{\"@type\":\"ReadAction\",\"target\":[\"https:\\\/\\\/ultrasoundtech.it\\\/es\\\/prodotto\\\/zerozzzambient-dispositivo-repelente-de-mosquitos-por-ultrasonidos\\\/\"]}]},{\"@type\":\"ImageObject\",\"inLanguage\":\"es\",\"@id\":\"https:\\\/\\\/ultrasoundtech.it\\\/es\\\/prodotto\\\/zerozzzambient-dispositivo-repelente-de-mosquitos-por-ultrasonidos\\\/#primaryimage\",\"url\":\"https:\\\/\\\/ultrasoundtech.it\\\/wp-content\\\/uploads\\\/2021\\\/04\\\/ZeroZzz_AMBIENT-1.png\",\"contentUrl\":\"https:\\\/\\\/ultrasoundtech.it\\\/wp-content\\\/uploads\\\/2021\\\/04\\\/ZeroZzz_AMBIENT-1.png\",\"width\":700,\"height\":700,\"caption\":\"ZeroZzz Ambient\"},{\"@type\":\"BreadcrumbList\",\"@id\":\"https:\\\/\\\/ultrasoundtech.it\\\/es\\\/prodotto\\\/zerozzzambient-dispositivo-repelente-de-mosquitos-por-ultrasonidos\\\/#breadcrumb\",\"itemListElement\":[{\"@type\":\"ListItem\",\"position\":1,\"name\":\"Home\",\"item\":\"https:\\\/\\\/ultrasoundtech.it\\\/es\\\/\"},{\"@type\":\"ListItem\",\"position\":2,\"name\":\"Shop\",\"item\":\"https:\\\/\\\/ultrasoundtech.it\\\/es\\\/shop\\\/\"},{\"@type\":\"ListItem\",\"position\":3,\"name\":\"ZeroZzz\u2122AMBIENT &#8211; Dispositivo repelente de mosquitos por ultrasonidos\"}]},{\"@type\":\"WebSite\",\"@id\":\"https:\\\/\\\/ultrasoundtech.it\\\/#website\",\"url\":\"https:\\\/\\\/ultrasoundtech.it\\\/\",\"name\":\"ULTRASOUNDtech\u2122\",\"description\":\"\",\"publisher\":{\"@id\":\"https:\\\/\\\/ultrasoundtech.it\\\/#organization\"},\"potentialAction\":[{\"@type\":\"SearchAction\",\"target\":{\"@type\":\"EntryPoint\",\"urlTemplate\":\"https:\\\/\\\/ultrasoundtech.it\\\/?s={search_term_string}\"},\"query-input\":{\"@type\":\"PropertyValueSpecification\",\"valueRequired\":true,\"valueName\":\"search_term_string\"}}],\"inLanguage\":\"es\"},{\"@type\":\"Organization\",\"@id\":\"https:\\\/\\\/ultrasoundtech.it\\\/#organization\",\"name\":\"ULTRASOUNDtech\u2122\",\"url\":\"https:\\\/\\\/ultrasoundtech.it\\\/\",\"logo\":{\"@type\":\"ImageObject\",\"inLanguage\":\"es\",\"@id\":\"https:\\\/\\\/ultrasoundtech.it\\\/#\\\/schema\\\/logo\\\/image\\\/\",\"url\":\"https:\\\/\\\/ultrasoundtech.it\\\/wp-content\\\/uploads\\\/2021\\\/04\\\/logo@3x.png\",\"contentUrl\":\"https:\\\/\\\/ultrasoundtech.it\\\/wp-content\\\/uploads\\\/2021\\\/04\\\/logo@3x.png\",\"width\":504,\"height\":99,\"caption\":\"ULTRASOUNDtech\u2122\"},\"image\":{\"@id\":\"https:\\\/\\\/ultrasoundtech.it\\\/#\\\/schema\\\/logo\\\/image\\\/\"},\"sameAs\":[\"https:\\\/\\\/www.facebook.com\\\/ultrasoundtechacarzero\\\/\",\"https:\\\/\\\/www.instagram.com\\\/ultrasound__tech\\\/\"]}]}<\/script>\n<!-- \/ Yoast SEO plugin. -->","yoast_head_json":{"title":"Dispositivo Antizanzare - ZeroZzz\u2122 AMBIENT - ULTRASOUNDtech\u2122","description":"ZeroZzz\u2122 AMBIENT allontana le zanzare femmina responsabili delle fastidiose punture. 100% atossico, inodore, Made in Italy. Acquista ora!","robots":{"index":"index","follow":"follow","max-snippet":"max-snippet:-1","max-image-preview":"max-image-preview:large","max-video-preview":"max-video-preview:-1"},"canonical":"https:\/\/ultrasoundtech.it\/es\/prodotto\/zerozzzambient-dispositivo-repelente-de-mosquitos-por-ultrasonidos\/","og_locale":"es_ES","og_type":"article","og_title":"Dispositivo Antizanzare - ZeroZzz\u2122 AMBIENT - ULTRASOUNDtech\u2122","og_description":"ZeroZzz\u2122 AMBIENT allontana le zanzare femmina responsabili delle fastidiose punture. 100% atossico, inodore, Made in Italy. Acquista ora!","og_url":"https:\/\/ultrasoundtech.it\/es\/prodotto\/zerozzzambient-dispositivo-repelente-de-mosquitos-por-ultrasonidos\/","og_site_name":"ULTRASOUNDtech\u2122","article_publisher":"https:\/\/www.facebook.com\/ultrasoundtechacarzero\/","article_modified_time":"2021-08-01T16:51:25+00:00","og_image":[{"width":482,"height":518,"url":"https:\/\/ultrasoundtech.it\/wp-content\/uploads\/2021\/04\/ZeroZzz_AMBIENT-600x644-removebg-preview-1.png","type":"image\/png"}],"twitter_card":"summary_large_image","twitter_misc":{"Tiempo de lectura":"1 minuto"},"schema":{"@context":"https:\/\/schema.org","@graph":[{"@type":"WebPage","@id":"https:\/\/ultrasoundtech.it\/es\/prodotto\/zerozzzambient-dispositivo-repelente-de-mosquitos-por-ultrasonidos\/","url":"https:\/\/ultrasoundtech.it\/es\/prodotto\/zerozzzambient-dispositivo-repelente-de-mosquitos-por-ultrasonidos\/","name":"Dispositivo Antizanzare - ZeroZzz\u2122 AMBIENT - ULTRASOUNDtech\u2122","isPartOf":{"@id":"https:\/\/ultrasoundtech.it\/#website"},"primaryImageOfPage":{"@id":"https:\/\/ultrasoundtech.it\/es\/prodotto\/zerozzzambient-dispositivo-repelente-de-mosquitos-por-ultrasonidos\/#primaryimage"},"image":{"@id":"https:\/\/ultrasoundtech.it\/es\/prodotto\/zerozzzambient-dispositivo-repelente-de-mosquitos-por-ultrasonidos\/#primaryimage"},"thumbnailUrl":"https:\/\/ultrasoundtech.it\/wp-content\/uploads\/2021\/04\/ZeroZzz_AMBIENT-1.png","datePublished":"2021-04-08T14:14:10+00:00","dateModified":"2021-08-01T16:51:25+00:00","description":"ZeroZzz\u2122 AMBIENT allontana le zanzare femmina responsabili delle fastidiose punture. 100% atossico, inodore, Made in Italy. Acquista ora!","breadcrumb":{"@id":"https:\/\/ultrasoundtech.it\/es\/prodotto\/zerozzzambient-dispositivo-repelente-de-mosquitos-por-ultrasonidos\/#breadcrumb"},"inLanguage":"es","potentialAction":[{"@type":"ReadAction","target":["https:\/\/ultrasoundtech.it\/es\/prodotto\/zerozzzambient-dispositivo-repelente-de-mosquitos-por-ultrasonidos\/"]}]},{"@type":"ImageObject","inLanguage":"es","@id":"https:\/\/ultrasoundtech.it\/es\/prodotto\/zerozzzambient-dispositivo-repelente-de-mosquitos-por-ultrasonidos\/#primaryimage","url":"https:\/\/ultrasoundtech.it\/wp-content\/uploads\/2021\/04\/ZeroZzz_AMBIENT-1.png","contentUrl":"https:\/\/ultrasoundtech.it\/wp-content\/uploads\/2021\/04\/ZeroZzz_AMBIENT-1.png","width":700,"height":700,"caption":"ZeroZzz Ambient"},{"@type":"BreadcrumbList","@id":"https:\/\/ultrasoundtech.it\/es\/prodotto\/zerozzzambient-dispositivo-repelente-de-mosquitos-por-ultrasonidos\/#breadcrumb","itemListElement":[{"@type":"ListItem","position":1,"name":"Home","item":"https:\/\/ultrasoundtech.it\/es\/"},{"@type":"ListItem","position":2,"name":"Shop","item":"https:\/\/ultrasoundtech.it\/es\/shop\/"},{"@type":"ListItem","position":3,"name":"ZeroZzz\u2122AMBIENT &#8211; Dispositivo repelente de mosquitos por ultrasonidos"}]},{"@type":"WebSite","@id":"https:\/\/ultrasoundtech.it\/#website","url":"https:\/\/ultrasoundtech.it\/","name":"ULTRASOUNDtech\u2122","description":"","publisher":{"@id":"https:\/\/ultrasoundtech.it\/#organization"},"potentialAction":[{"@type":"SearchAction","target":{"@type":"EntryPoint","urlTemplate":"https:\/\/ultrasoundtech.it\/?s={search_term_string}"},"query-input":{"@type":"PropertyValueSpecification","valueRequired":true,"valueName":"search_term_string"}}],"inLanguage":"es"},{"@type":"Organization","@id":"https:\/\/ultrasoundtech.it\/#organization","name":"ULTRASOUNDtech\u2122","url":"https:\/\/ultrasoundtech.it\/","logo":{"@type":"ImageObject","inLanguage":"es","@id":"https:\/\/ultrasoundtech.it\/#\/schema\/logo\/image\/","url":"https:\/\/ultrasoundtech.it\/wp-content\/uploads\/2021\/04\/logo@3x.png","contentUrl":"https:\/\/ultrasoundtech.it\/wp-content\/uploads\/2021\/04\/logo@3x.png","width":504,"height":99,"caption":"ULTRASOUNDtech\u2122"},"image":{"@id":"https:\/\/ultrasoundtech.it\/#\/schema\/logo\/image\/"},"sameAs":["https:\/\/www.facebook.com\/ultrasoundtechacarzero\/","https:\/\/www.instagram.com\/ultrasound__tech\/"]}]}},"jetpack_sharing_enabled":true,"_links":{"self":[{"href":"https:\/\/ultrasoundtech.it\/es\/wp-json\/wp\/v2\/product\/2879","targetHints":{"allow":["GET"]}}],"collection":[{"href":"https:\/\/ultrasoundtech.it\/es\/wp-json\/wp\/v2\/product"}],"about":[{"href":"https:\/\/ultrasoundtech.it\/es\/wp-json\/wp\/v2\/types\/product"}],"wp:featuredmedia":[{"embeddable":true,"href":"https:\/\/ultrasoundtech.it\/es\/wp-json\/wp\/v2\/media\/4789"}],"wp:attachment":[{"href":"https:\/\/ultrasoundtech.it\/es\/wp-json\/wp\/v2\/media?parent=2879"}],"wp:term":[{"taxonomy":"product_brand","embeddable":true,"href":"https:\/\/ultrasoundtech.it\/es\/wp-json\/wp\/v2\/product_brand?post=2879"},{"taxonomy":"product_cat","embeddable":true,"href":"https:\/\/ultrasoundtech.it\/es\/wp-json\/wp\/v2\/product_cat?post=2879"},{"taxonomy":"product_tag","embeddable":true,"href":"https:\/\/ultrasoundtech.it\/es\/wp-json\/wp\/v2\/product_tag?post=2879"}],"curies":[{"name":"wp","href":"https:\/\/api.w.org\/{rel}","templated":true}]}}