{"id":2900,"date":"2021-03-05T13:04:07","date_gmt":"2021-03-05T12:04:07","guid":{"rendered":"http:\/\/ultrasoundtech.localhost\/prodotto\/zerozzzair-dispositivo-repelente-de-mosquitos-por-ultrasonidos\/"},"modified":"2025-08-25T09:18:26","modified_gmt":"2025-08-25T07:18:26","slug":"zerozzzair-dispositivo-repelente-de-mosquitos-por-ultrasonidos","status":"publish","type":"product","link":"https:\/\/ultrasoundtech.it\/es\/prodotto\/zerozzzair-dispositivo-repelente-de-mosquitos-por-ultrasonidos\/","title":{"rendered":"ZeroZzz\u2122AIR &#8211; Dispositivo repelente de mosquitos por ultrasonidos"},"content":{"rendered":"<p>Dise\u00f1ado para actuar con tres niveles diferentes de intensidad, el ZeroZZZ\u2122AIR ofrece una protecci\u00f3n localizada pero suficiente -cuando se usa- para cubrir toda la figura humana. <strong>Para ser utilizado al aire libre, en el interior y en el exterior de la casa,<\/strong> el dispositivo garantiza una <strong>cobertura de unos 3 metros,<\/strong> alcanzable con el m\u00e1ximo nivel de intensidad.<\/p>\n<p>Su <strong>acci\u00f3n discreta<\/strong> y su <strong>dise\u00f1o incre\u00edblemente innovador<\/strong> lo convierten en el accesorio ideal para disfrutar de los d\u00edas y las noches de verano con total serenidad. Con ZeroZZZ\u2122AIR, podr\u00e1 defenderse de los molestos zumbidos y picaduras evitando la propagaci\u00f3n de olores fuertes y penetrantes como los de los productos qu\u00edmicos y aceites esenciales contenidos en los aerosoles o plaquetas.<\/p>\n<p>ZeroZzz\u2122 AIR es un remedio antimosquitos que <strong>protege contra las picaduras de mosquitos respetando la naturaleza y sin riesgos para la salud.<\/strong> La emisi\u00f3n aleatoria de sonidos de baja frecuencia -ligeramente audibles incluso para los humanos- no s\u00f3lo molesta a los mosquitos, sino que tambi\u00e9n impide que los insectos se acostumbren al sonido producido. <a href=\"\/es\/tech\/\" target=\"_blank\" rel=\"noopener\">La tecnolog\u00eda de ultrasonidos de ZeroZzz\u2122 AIR se prueba<\/a> en el <strong>Laboratorio de Microbiolog\u00eda M\u00e9dica y Enfermedades Infecciosas de la Facultad de Biociencias y Veterinaria de la Universidad de Camerino.<\/strong><\/p>\n","protected":false},"excerpt":{"rendered":"<p>ZeroZzz\u2122AIR es el aliado perfecto para combatir las infestaciones de mosquitos al aire libre. Al emitir una <strong>frecuencia s\u00f3nica<\/strong> aleatoria que simula el batir de las alas de los mosquitos macho, el producto repelente de mosquitos ZeroZzz\u2122AIR ahuyenta a los mosquitos hembra, responsables de las molestas picaduras.<\/p>\n","protected":false},"featured_media":4792,"template":"","meta":{"_acf_changed":false},"product_brand":[],"product_cat":[78],"product_tag":[],"class_list":{"0":"post-2900","1":"product","2":"type-product","3":"status-publish","4":"has-post-thumbnail","6":"product_cat-antimosquitos","7":"sales-flash-overlay","8":"woocommerce-text-align-center","9":"woocommerce-image-align-center","10":"do-quantity-buttons","12":"first","13":"instock","14":"taxable","15":"shipping-taxable","16":"purchasable","17":"product-type-variable"},"acf":[],"yoast_head":"<!-- This site is optimized with the Yoast SEO plugin v27.4 - https:\/\/yoast.com\/product\/yoast-seo-wordpress\/ -->\n<title>Dispositivo Antizanzare Ultrasuoni - ZeroZzz\u2122 AIR - ULTRASOUNDtech\u2122<\/title>\n<meta name=\"description\" content=\"ZeroZzz\u2122 AIR combatte in modo efficace la presenza di zanzare dentro e fuori casa. Sicuro per la salute, atossico e inodore. Acquista subito!\" \/>\n<meta name=\"robots\" content=\"index, follow, max-snippet:-1, max-image-preview:large, max-video-preview:-1\" \/>\n<link rel=\"canonical\" href=\"https:\/\/ultrasoundtech.it\/es\/prodotto\/zerozzzair-dispositivo-repelente-de-mosquitos-por-ultrasonidos\/\" \/>\n<meta property=\"og:locale\" content=\"es_ES\" \/>\n<meta property=\"og:type\" content=\"article\" \/>\n<meta property=\"og:title\" content=\"Dispositivo Antizanzare Ultrasuoni - ZeroZzz\u2122 AIR - ULTRASOUNDtech\u2122\" \/>\n<meta property=\"og:description\" content=\"ZeroZzz\u2122 AIR combatte in modo efficace la presenza di zanzare dentro e fuori casa. Sicuro per la salute, atossico e inodore. Acquista subito!\" \/>\n<meta property=\"og:url\" content=\"https:\/\/ultrasoundtech.it\/es\/prodotto\/zerozzzair-dispositivo-repelente-de-mosquitos-por-ultrasonidos\/\" \/>\n<meta property=\"og:site_name\" content=\"ULTRASOUNDtech\u2122\" \/>\n<meta property=\"article:publisher\" content=\"https:\/\/www.facebook.com\/ultrasoundtechacarzero\/\" \/>\n<meta property=\"article:modified_time\" content=\"2025-08-25T07:18:26+00:00\" \/>\n<meta property=\"og:image\" content=\"https:\/\/ultrasoundtech.it\/wp-content\/uploads\/2021\/03\/3-4_White-copia-2-600x644-removebg-preview.png\" \/>\n\t<meta property=\"og:image:width\" content=\"482\" \/>\n\t<meta property=\"og:image:height\" content=\"518\" \/>\n\t<meta property=\"og:image:type\" content=\"image\/png\" \/>\n<meta name=\"twitter:card\" content=\"summary_large_image\" \/>\n<meta name=\"twitter:label1\" content=\"Tiempo de lectura\" \/>\n\t<meta name=\"twitter:data1\" content=\"1 minuto\" \/>\n<script type=\"application\/ld+json\" class=\"yoast-schema-graph\">{\"@context\":\"https:\\\/\\\/schema.org\",\"@graph\":[{\"@type\":\"WebPage\",\"@id\":\"https:\\\/\\\/ultrasoundtech.it\\\/es\\\/prodotto\\\/zerozzzair-dispositivo-repelente-de-mosquitos-por-ultrasonidos\\\/\",\"url\":\"https:\\\/\\\/ultrasoundtech.it\\\/es\\\/prodotto\\\/zerozzzair-dispositivo-repelente-de-mosquitos-por-ultrasonidos\\\/\",\"name\":\"Dispositivo Antizanzare Ultrasuoni - ZeroZzz\u2122 AIR - ULTRASOUNDtech\u2122\",\"isPartOf\":{\"@id\":\"https:\\\/\\\/ultrasoundtech.it\\\/#website\"},\"primaryImageOfPage\":{\"@id\":\"https:\\\/\\\/ultrasoundtech.it\\\/es\\\/prodotto\\\/zerozzzair-dispositivo-repelente-de-mosquitos-por-ultrasonidos\\\/#primaryimage\"},\"image\":{\"@id\":\"https:\\\/\\\/ultrasoundtech.it\\\/es\\\/prodotto\\\/zerozzzair-dispositivo-repelente-de-mosquitos-por-ultrasonidos\\\/#primaryimage\"},\"thumbnailUrl\":\"https:\\\/\\\/ultrasoundtech.it\\\/wp-content\\\/uploads\\\/2021\\\/03\\\/Zerozzzair_dettaglio-1.png\",\"datePublished\":\"2021-03-05T12:04:07+00:00\",\"dateModified\":\"2025-08-25T07:18:26+00:00\",\"description\":\"ZeroZzz\u2122 AIR combatte in modo efficace la presenza di zanzare dentro e fuori casa. Sicuro per la salute, atossico e inodore. Acquista subito!\",\"breadcrumb\":{\"@id\":\"https:\\\/\\\/ultrasoundtech.it\\\/es\\\/prodotto\\\/zerozzzair-dispositivo-repelente-de-mosquitos-por-ultrasonidos\\\/#breadcrumb\"},\"inLanguage\":\"es\",\"potentialAction\":[{\"@type\":\"ReadAction\",\"target\":[\"https:\\\/\\\/ultrasoundtech.it\\\/es\\\/prodotto\\\/zerozzzair-dispositivo-repelente-de-mosquitos-por-ultrasonidos\\\/\"]}]},{\"@type\":\"ImageObject\",\"inLanguage\":\"es\",\"@id\":\"https:\\\/\\\/ultrasoundtech.it\\\/es\\\/prodotto\\\/zerozzzair-dispositivo-repelente-de-mosquitos-por-ultrasonidos\\\/#primaryimage\",\"url\":\"https:\\\/\\\/ultrasoundtech.it\\\/wp-content\\\/uploads\\\/2021\\\/03\\\/Zerozzzair_dettaglio-1.png\",\"contentUrl\":\"https:\\\/\\\/ultrasoundtech.it\\\/wp-content\\\/uploads\\\/2021\\\/03\\\/Zerozzzair_dettaglio-1.png\",\"width\":700,\"height\":700,\"caption\":\"ZeroZzz\u2122AIR - Dispositivo antizanzare ad ultrasuoni\"},{\"@type\":\"BreadcrumbList\",\"@id\":\"https:\\\/\\\/ultrasoundtech.it\\\/es\\\/prodotto\\\/zerozzzair-dispositivo-repelente-de-mosquitos-por-ultrasonidos\\\/#breadcrumb\",\"itemListElement\":[{\"@type\":\"ListItem\",\"position\":1,\"name\":\"Home\",\"item\":\"https:\\\/\\\/ultrasoundtech.it\\\/es\\\/\"},{\"@type\":\"ListItem\",\"position\":2,\"name\":\"Shop\",\"item\":\"https:\\\/\\\/ultrasoundtech.it\\\/es\\\/shop\\\/\"},{\"@type\":\"ListItem\",\"position\":3,\"name\":\"ZeroZzz\u2122AIR &#8211; Dispositivo repelente de mosquitos por ultrasonidos\"}]},{\"@type\":\"WebSite\",\"@id\":\"https:\\\/\\\/ultrasoundtech.it\\\/#website\",\"url\":\"https:\\\/\\\/ultrasoundtech.it\\\/\",\"name\":\"ULTRASOUNDtech\u2122\",\"description\":\"\",\"publisher\":{\"@id\":\"https:\\\/\\\/ultrasoundtech.it\\\/#organization\"},\"potentialAction\":[{\"@type\":\"SearchAction\",\"target\":{\"@type\":\"EntryPoint\",\"urlTemplate\":\"https:\\\/\\\/ultrasoundtech.it\\\/?s={search_term_string}\"},\"query-input\":{\"@type\":\"PropertyValueSpecification\",\"valueRequired\":true,\"valueName\":\"search_term_string\"}}],\"inLanguage\":\"es\"},{\"@type\":\"Organization\",\"@id\":\"https:\\\/\\\/ultrasoundtech.it\\\/#organization\",\"name\":\"ULTRASOUNDtech\u2122\",\"url\":\"https:\\\/\\\/ultrasoundtech.it\\\/\",\"logo\":{\"@type\":\"ImageObject\",\"inLanguage\":\"es\",\"@id\":\"https:\\\/\\\/ultrasoundtech.it\\\/#\\\/schema\\\/logo\\\/image\\\/\",\"url\":\"https:\\\/\\\/ultrasoundtech.it\\\/wp-content\\\/uploads\\\/2021\\\/04\\\/logo@3x.png\",\"contentUrl\":\"https:\\\/\\\/ultrasoundtech.it\\\/wp-content\\\/uploads\\\/2021\\\/04\\\/logo@3x.png\",\"width\":504,\"height\":99,\"caption\":\"ULTRASOUNDtech\u2122\"},\"image\":{\"@id\":\"https:\\\/\\\/ultrasoundtech.it\\\/#\\\/schema\\\/logo\\\/image\\\/\"},\"sameAs\":[\"https:\\\/\\\/www.facebook.com\\\/ultrasoundtechacarzero\\\/\",\"https:\\\/\\\/www.instagram.com\\\/ultrasound__tech\\\/\"]}]}<\/script>\n<!-- \/ Yoast SEO plugin. -->","yoast_head_json":{"title":"Dispositivo Antizanzare Ultrasuoni - ZeroZzz\u2122 AIR - ULTRASOUNDtech\u2122","description":"ZeroZzz\u2122 AIR combatte in modo efficace la presenza di zanzare dentro e fuori casa. Sicuro per la salute, atossico e inodore. Acquista subito!","robots":{"index":"index","follow":"follow","max-snippet":"max-snippet:-1","max-image-preview":"max-image-preview:large","max-video-preview":"max-video-preview:-1"},"canonical":"https:\/\/ultrasoundtech.it\/es\/prodotto\/zerozzzair-dispositivo-repelente-de-mosquitos-por-ultrasonidos\/","og_locale":"es_ES","og_type":"article","og_title":"Dispositivo Antizanzare Ultrasuoni - ZeroZzz\u2122 AIR - ULTRASOUNDtech\u2122","og_description":"ZeroZzz\u2122 AIR combatte in modo efficace la presenza di zanzare dentro e fuori casa. Sicuro per la salute, atossico e inodore. Acquista subito!","og_url":"https:\/\/ultrasoundtech.it\/es\/prodotto\/zerozzzair-dispositivo-repelente-de-mosquitos-por-ultrasonidos\/","og_site_name":"ULTRASOUNDtech\u2122","article_publisher":"https:\/\/www.facebook.com\/ultrasoundtechacarzero\/","article_modified_time":"2025-08-25T07:18:26+00:00","og_image":[{"width":482,"height":518,"url":"https:\/\/ultrasoundtech.it\/wp-content\/uploads\/2021\/03\/3-4_White-copia-2-600x644-removebg-preview.png","type":"image\/png"}],"twitter_card":"summary_large_image","twitter_misc":{"Tiempo de lectura":"1 minuto"},"schema":{"@context":"https:\/\/schema.org","@graph":[{"@type":"WebPage","@id":"https:\/\/ultrasoundtech.it\/es\/prodotto\/zerozzzair-dispositivo-repelente-de-mosquitos-por-ultrasonidos\/","url":"https:\/\/ultrasoundtech.it\/es\/prodotto\/zerozzzair-dispositivo-repelente-de-mosquitos-por-ultrasonidos\/","name":"Dispositivo Antizanzare Ultrasuoni - ZeroZzz\u2122 AIR - ULTRASOUNDtech\u2122","isPartOf":{"@id":"https:\/\/ultrasoundtech.it\/#website"},"primaryImageOfPage":{"@id":"https:\/\/ultrasoundtech.it\/es\/prodotto\/zerozzzair-dispositivo-repelente-de-mosquitos-por-ultrasonidos\/#primaryimage"},"image":{"@id":"https:\/\/ultrasoundtech.it\/es\/prodotto\/zerozzzair-dispositivo-repelente-de-mosquitos-por-ultrasonidos\/#primaryimage"},"thumbnailUrl":"https:\/\/ultrasoundtech.it\/wp-content\/uploads\/2021\/03\/Zerozzzair_dettaglio-1.png","datePublished":"2021-03-05T12:04:07+00:00","dateModified":"2025-08-25T07:18:26+00:00","description":"ZeroZzz\u2122 AIR combatte in modo efficace la presenza di zanzare dentro e fuori casa. Sicuro per la salute, atossico e inodore. Acquista subito!","breadcrumb":{"@id":"https:\/\/ultrasoundtech.it\/es\/prodotto\/zerozzzair-dispositivo-repelente-de-mosquitos-por-ultrasonidos\/#breadcrumb"},"inLanguage":"es","potentialAction":[{"@type":"ReadAction","target":["https:\/\/ultrasoundtech.it\/es\/prodotto\/zerozzzair-dispositivo-repelente-de-mosquitos-por-ultrasonidos\/"]}]},{"@type":"ImageObject","inLanguage":"es","@id":"https:\/\/ultrasoundtech.it\/es\/prodotto\/zerozzzair-dispositivo-repelente-de-mosquitos-por-ultrasonidos\/#primaryimage","url":"https:\/\/ultrasoundtech.it\/wp-content\/uploads\/2021\/03\/Zerozzzair_dettaglio-1.png","contentUrl":"https:\/\/ultrasoundtech.it\/wp-content\/uploads\/2021\/03\/Zerozzzair_dettaglio-1.png","width":700,"height":700,"caption":"ZeroZzz\u2122AIR - Dispositivo antizanzare ad ultrasuoni"},{"@type":"BreadcrumbList","@id":"https:\/\/ultrasoundtech.it\/es\/prodotto\/zerozzzair-dispositivo-repelente-de-mosquitos-por-ultrasonidos\/#breadcrumb","itemListElement":[{"@type":"ListItem","position":1,"name":"Home","item":"https:\/\/ultrasoundtech.it\/es\/"},{"@type":"ListItem","position":2,"name":"Shop","item":"https:\/\/ultrasoundtech.it\/es\/shop\/"},{"@type":"ListItem","position":3,"name":"ZeroZzz\u2122AIR &#8211; Dispositivo repelente de mosquitos por ultrasonidos"}]},{"@type":"WebSite","@id":"https:\/\/ultrasoundtech.it\/#website","url":"https:\/\/ultrasoundtech.it\/","name":"ULTRASOUNDtech\u2122","description":"","publisher":{"@id":"https:\/\/ultrasoundtech.it\/#organization"},"potentialAction":[{"@type":"SearchAction","target":{"@type":"EntryPoint","urlTemplate":"https:\/\/ultrasoundtech.it\/?s={search_term_string}"},"query-input":{"@type":"PropertyValueSpecification","valueRequired":true,"valueName":"search_term_string"}}],"inLanguage":"es"},{"@type":"Organization","@id":"https:\/\/ultrasoundtech.it\/#organization","name":"ULTRASOUNDtech\u2122","url":"https:\/\/ultrasoundtech.it\/","logo":{"@type":"ImageObject","inLanguage":"es","@id":"https:\/\/ultrasoundtech.it\/#\/schema\/logo\/image\/","url":"https:\/\/ultrasoundtech.it\/wp-content\/uploads\/2021\/04\/logo@3x.png","contentUrl":"https:\/\/ultrasoundtech.it\/wp-content\/uploads\/2021\/04\/logo@3x.png","width":504,"height":99,"caption":"ULTRASOUNDtech\u2122"},"image":{"@id":"https:\/\/ultrasoundtech.it\/#\/schema\/logo\/image\/"},"sameAs":["https:\/\/www.facebook.com\/ultrasoundtechacarzero\/","https:\/\/www.instagram.com\/ultrasound__tech\/"]}]}},"jetpack_sharing_enabled":true,"_links":{"self":[{"href":"https:\/\/ultrasoundtech.it\/es\/wp-json\/wp\/v2\/product\/2900","targetHints":{"allow":["GET"]}}],"collection":[{"href":"https:\/\/ultrasoundtech.it\/es\/wp-json\/wp\/v2\/product"}],"about":[{"href":"https:\/\/ultrasoundtech.it\/es\/wp-json\/wp\/v2\/types\/product"}],"wp:featuredmedia":[{"embeddable":true,"href":"https:\/\/ultrasoundtech.it\/es\/wp-json\/wp\/v2\/media\/4792"}],"wp:attachment":[{"href":"https:\/\/ultrasoundtech.it\/es\/wp-json\/wp\/v2\/media?parent=2900"}],"wp:term":[{"taxonomy":"product_brand","embeddable":true,"href":"https:\/\/ultrasoundtech.it\/es\/wp-json\/wp\/v2\/product_brand?post=2900"},{"taxonomy":"product_cat","embeddable":true,"href":"https:\/\/ultrasoundtech.it\/es\/wp-json\/wp\/v2\/product_cat?post=2900"},{"taxonomy":"product_tag","embeddable":true,"href":"https:\/\/ultrasoundtech.it\/es\/wp-json\/wp\/v2\/product_tag?post=2900"}],"curies":[{"name":"wp","href":"https:\/\/api.w.org\/{rel}","templated":true}]}}